{"id":9437,"date":"2023-06-08T08:45:51","date_gmt":"2023-06-08T08:45:51","guid":{"rendered":"https:\/\/coinedexai.com\/podminky-pouzivani\/"},"modified":"2023-09-07T07:41:18","modified_gmt":"2023-09-07T07:41:18","slug":"podminky-pouzivani","status":"publish","type":"page","link":"https:\/\/coinedexai.com\/cs\/podminky-pouzivani\/","title":{"rendered":"Podm\u00ednky pou\u017e\u00edv\u00e1n\u00ed"},"content":{"rendered":"<?xml encoding=\"UTF-8\"><div class=\"gb-container gb-container-4741bdba\">\n<div class=\"gb-container gb-container-56cd92c2\">\n\n<h1 class=\"gb-headline gb-headline-9ccd8424 gb-headline-text\"><strong>Podm&iacute;nky pou&#382;&iacute;v&aacute;n&iacute;<\/strong><\/h1>\n\n<\/div>\n<\/div><div class=\"gb-container gb-container-697c0dfe\">\n<div class=\"gb-container gb-container-cd3685e5\">\n\n<p>Posledn&iacute; aktualizace: &#269;erven 2023<\/p>\n\n\n\n<p>P&#345;ed pou&#382;it&iacute;m na&scaron;&iacute; slu&#382;by si pros&iacute;m pe&#269;liv&#283; p&#345;e&#269;t&#283;te tyto podm&iacute;nky.<\/p>\n\n\n\n<figure class=\"gb-block-image gb-block-image-42ea4797\"><img loading=\"lazy\" decoding=\"async\" width=\"300\" height=\"109\" class=\"gb-image gb-image-42ea4797\" src=\"https:\/\/coinedexai.com\/wp-content\/uploads\/2023\/07\/Coin-Edex-Ai-black-logo-300x109.png\" alt=\"Mince Edex Ai &#269;ern&eacute; logo\" title=\"Mince Edex Ai &#269;ern&eacute; logo\" srcset=\"https:\/\/coinedexai.com\/wp-content\/uploads\/2023\/07\/Coin-Edex-Ai-black-logo-300x109.png 300w, https:\/\/coinedexai.com\/wp-content\/uploads\/2023\/07\/Coin-Edex-Ai-black-logo-1024x370.png 1024w, https:\/\/coinedexai.com\/wp-content\/uploads\/2023\/07\/Coin-Edex-Ai-black-logo-768x278.png 768w, https:\/\/coinedexai.com\/wp-content\/uploads\/2023\/07\/Coin-Edex-Ai-black-logo-1536x556.png 1536w, https:\/\/coinedexai.com\/wp-content\/uploads\/2023\/07\/Coin-Edex-Ai-black-logo-2048x741.png 2048w\" sizes=\"auto, (max-width: 300px) 100vw, 300px\"><\/figure>\n\n\n\n<h2 class=\"wp-block-heading\">V&yacute;klad a definice<\/h2>\n\n\n\n<h3 class=\"wp-block-heading\">V&yacute;klad<\/h3>\n\n\n\n<p>Slova, jejich&#382; po&#269;&aacute;te&#269;n&iacute; p&iacute;smeno je velk&eacute;, maj&iacute; v&yacute;znam definovan&yacute; za n&aacute;sleduj&iacute;c&iacute;ch podm&iacute;nek. N&aacute;sleduj&iacute;c&iacute; definice maj&iacute; stejn&yacute; v&yacute;znam bez ohledu na to, zda jsou uvedeny v jednotn&eacute;m nebo mno&#382;n&eacute;m &#269;&iacute;sle.<\/p>\n\n\n\n<h3 class=\"wp-block-heading\">Definice<\/h3>\n\n\n\n<p>Pro &uacute;&#269;ely t&#283;chto smluvn&iacute;ch podm&iacute;nek:<\/p>\n\n\n\n<ul class=\"wp-block-list\">\n<li><strong>P&#345;idru&#382;en&yacute;m subjektem<\/strong> se rozum&iacute; subjekt, kter&yacute; stranu ovl&aacute;d&aacute;, je j&iacute; ovl&aacute;d&aacute;n nebo je s n&iacute; pod spole&#269;nou kontrolou, p&#345;i&#269;em&#382; &bdquo;kontrolou&ldquo; se rozum&iacute; vlastnictv&iacute; 50 % nebo v&iacute;ce akci&iacute;, majetkov&yacute;ch pod&iacute;l&#367; nebo jin&yacute;ch cenn&yacute;ch pap&iacute;r&#367;, kter&eacute; oprav&#328;uj&iacute; k hlasov&aacute;n&iacute; p&#345;i volb&#283; &#345;editel&#367; nebo jin&yacute;ch &#345;&iacute;d&iacute;c&iacute;ch org&aacute;n&#367;.<\/li>\n\n\n\n<li><strong>Zem&#283;<\/strong> se t&yacute;k&aacute;: Spojen&eacute; kr&aacute;lovstv&iacute;<\/li>\n\n\n\n<li><strong>Spole&#269;nost<\/strong> (v t&eacute;to smlouv&#283; ozna&#269;ovan&aacute; jako &bdquo;spole&#269;nost&ldquo;, &bdquo;my&ldquo;, &bdquo;n&aacute;s&ldquo; nebo &bdquo;na&scaron;e&ldquo;) se vztahuje na spole&#269;nost Coin Edex Ai.<\/li>\n\n\n\n<li><strong>Za&#345;&iacute;zen&iacute;m<\/strong> se rozum&iacute; jak&eacute;koliv za&#345;&iacute;zen&iacute;, kter&eacute; m&aacute; p&#345;&iacute;stup ke slu&#382;b&#283;, nap&#345;&iacute;klad po&#269;&iacute;ta&#269;, mobiln&iacute; telefon nebo digit&aacute;ln&iacute; tablet.<\/li>\n\n\n\n<li><strong>Slu&#382;ba<\/strong> se vztahuje na Webov&eacute; str&aacute;nky.<\/li>\n\n\n\n<li><strong>Podm&iacute;nky<\/strong> (d&aacute;le tak&eacute; &bdquo;Podm&iacute;nky&ldquo;) znamenaj&iacute; tyto Podm&iacute;nky, kter&eacute; tvo&#345;&iacute; &uacute;plnou dohodu mezi v&aacute;mi a Spole&#269;nost&iacute; ohledn&#283; pou&#382;&iacute;v&aacute;n&iacute; Slu&#382;by.<\/li>\n\n\n\n<li><strong>Slu&#382;bou soci&aacute;ln&iacute;ch m&eacute;di&iacute; t&#345;et&iacute; strany<\/strong> se rozum&iacute; jak&eacute;koli slu&#382;by nebo obsah (v&#269;etn&#283; dat, informac&iacute;, produkt&#367; nebo slu&#382;eb) poskytovan&eacute; t&#345;et&iacute; stranou, kter&eacute; mohou b&yacute;t zobrazeny, zahrnuty nebo zp&#345;&iacute;stupn&#283;ny prost&#345;ednictv&iacute;m Slu&#382;by.<\/li>\n\n\n\n<li><strong>Webov&eacute; str&aacute;nky<\/strong> odkazuj&iacute; na Coin Edex Ai, p&#345;&iacute;stupn&eacute; z webu <a href=\"http:\/\/coinedexai.com\/\" data-type=\"page\" data-id=\"3554\">coinedexai.com<\/a>.<\/li>\n\n\n\n<li><strong>Vy<\/strong> znamen&aacute; fyzickou osobu, kter&aacute; p&#345;istupuje ke Slu&#382;b&#283; nebo ji pou&#382;&iacute;v&aacute;, p&#345;&iacute;padn&#283; spole&#269;nost nebo jinou pr&aacute;vnickou osobu, jej&iacute;m&#382; jm&eacute;nem tato osoba p&#345;istupuje ke Slu&#382;b&#283; nebo ji pou&#382;&iacute;v&aacute;.<\/li>\n<\/ul>\n\n\n\n<h2 class=\"wp-block-heading\">Pod&#283;kov&aacute;n&iacute;<\/h2>\n\n\n\n<p>Toto jsou podm&iacute;nky, kter&yacute;mi se &#345;&iacute;d&iacute; pou&#382;&iacute;v&aacute;n&iacute; t&eacute;to slu&#382;by, a smlouva, kter&aacute; plat&iacute; mezi v&aacute;mi a spole&#269;nost&iacute;. Tyto podm&iacute;nky stanovuj&iacute; pr&aacute;va a povinnosti v&scaron;ech u&#382;ivatel&#367; t&yacute;kaj&iacute;c&iacute; se pou&#382;&iacute;v&aacute;n&iacute; slu&#382;by.<\/p>\n\n\n\n<p>V&aacute;&scaron; p&#345;&iacute;stup ke slu&#382;b&#283; a jej&iacute; pou&#382;&iacute;v&aacute;n&iacute; je podm&iacute;n&#283;no p&#345;ijet&iacute;m a dodr&#382;ov&aacute;n&iacute;m t&#283;chto smluvn&iacute;ch podm&iacute;nek. Tyto podm&iacute;nky se vztahuj&iacute; na v&scaron;echny n&aacute;v&scaron;t&#283;vn&iacute;ky, u&#382;ivatele a dal&scaron;&iacute; osoby, kter&eacute; p&#345;istupuj&iacute; ke slu&#382;b&#283; nebo ji pou&#382;&iacute;vaj&iacute;.<\/p>\n\n\n\n<p>P&#345;&iacute;stupem ke slu&#382;b&#283; nebo jej&iacute;m pou&#382;&iacute;v&aacute;n&iacute;m souhlas&iacute;te s t&#283;mito podm&iacute;nkami. Pokud nesouhlas&iacute;te s jakoukoli &#269;&aacute;st&iacute; t&#283;chto smluvn&iacute;ch podm&iacute;nek, nesm&iacute;te ke slu&#382;b&#283; p&#345;istupovat.<\/p>\n\n\n\n<p>Prohla&scaron;ujete, &#382;e jste star&scaron;&iacute; 18 let. Spole&#269;nost nedovoluje osob&aacute;m mlad&scaron;&iacute;m 18 let pou&#382;&iacute;vat slu&#382;bu.<\/p>\n\n\n\n<p>V&aacute;&scaron; p&#345;&iacute;stup ke Slu&#382;b&#283; a jej&iacute; pou&#382;&iacute;v&aacute;n&iacute; je rovn&#283;&#382; podm&iacute;n&#283;no Va&scaron;&iacute;m souhlasem se Z&aacute;sadami ochrany osobn&iacute;ch &uacute;daj&#367; Spole&#269;nosti a jejich dodr&#382;ov&aacute;n&iacute;m. Na&scaron;e z&aacute;sady ochrany osobn&iacute;ch &uacute;daj&#367; popisuj&iacute; na&scaron;e z&aacute;sady a postupy t&yacute;kaj&iacute;c&iacute; se shroma&#382;&#271;ov&aacute;n&iacute;, pou&#382;&iacute;v&aacute;n&iacute; a zve&#345;ej&#328;ov&aacute;n&iacute; va&scaron;ich osobn&iacute;ch &uacute;daj&#367; p&#345;i pou&#382;&iacute;v&aacute;n&iacute; Aplikace nebo Webov&yacute;ch str&aacute;nek a informuj&iacute; v&aacute;s o va&scaron;ich pr&aacute;vech na ochranu osobn&iacute;ch &uacute;daj&#367; a o tom, jak v&aacute;s chr&aacute;n&iacute; z&aacute;kon. P&#345;ed pou&#382;it&iacute;m na&scaron;&iacute; slu&#382;by si pros&iacute;m pe&#269;liv&#283; p&#345;e&#269;t&#283;te na&scaron;e z&aacute;sady ochrany osobn&iacute;ch &uacute;daj&#367;.<\/p>\n\n\n\n<h2 class=\"wp-block-heading\">Odkazy na dal&scaron;&iacute; webov&eacute; str&aacute;nky<\/h2>\n\n\n\n<p>Na&scaron;e slu&#382;ba m&#367;&#382;e obsahovat odkazy na webov&eacute; str&aacute;nky nebo slu&#382;by t&#345;et&iacute;ch stran, kter&eacute; spole&#269;nost nevlastn&iacute; ani nekontroluje.<\/p>\n\n\n\n<p>Spole&#269;nost nem&aacute; &#382;&aacute;dnou kontrolu nad obsahem, z&aacute;sadami ochrany osobn&iacute;ch &uacute;daj&#367; nebo postupy jak&yacute;chkoli webov&yacute;ch str&aacute;nek nebo slu&#382;eb t&#345;et&iacute;ch stran a nenese za n&#283; &#382;&aacute;dnou odpov&#283;dnost. D&aacute;le berete na v&#283;dom&iacute; a souhlas&iacute;te s t&iacute;m, &#382;e spole&#269;nost nenese p&#345;&iacute;mou ani nep&#345;&iacute;mou odpov&#283;dnost za jak&eacute;koli &scaron;kody nebo ztr&aacute;ty zp&#367;soben&eacute; nebo &uacute;dajn&#283; zp&#367;soben&eacute; pou&#382;&iacute;v&aacute;n&iacute;m nebo spol&eacute;h&aacute;n&iacute;m se na takov&yacute; obsah, zbo&#382;&iacute; nebo slu&#382;by dostupn&eacute; na takov&yacute;ch webov&yacute;ch str&aacute;nk&aacute;ch nebo slu&#382;b&aacute;ch nebo jejich prost&#345;ednictv&iacute;m.<\/p>\n\n\n\n<p>D&#367;razn&#283; v&aacute;m doporu&#269;ujeme, abyste si p&#345;e&#269;etli podm&iacute;nky a z&aacute;sady ochrany osobn&iacute;ch &uacute;daj&#367; v&scaron;ech webov&yacute;ch str&aacute;nek nebo slu&#382;eb t&#345;et&iacute;ch stran, kter&eacute; nav&scaron;t&iacute;v&iacute;te.<\/p>\n\n\n\n<h2 class=\"wp-block-heading\">Ukon&#269;en&iacute;<\/h2>\n\n\n\n<p>V&aacute;&scaron; p&#345;&iacute;stup m&#367;&#382;eme okam&#382;it&#283; ukon&#269;it nebo pozastavit, a to bez p&#345;edchoz&iacute;ho upozorn&#283;n&iacute; nebo odpov&#283;dnosti, z jak&eacute;hokoli d&#367;vodu, mimo jin&eacute; i v p&#345;&iacute;pad&#283;, &#382;e poru&scaron;&iacute;te tyto podm&iacute;nky.<\/p>\n\n\n\n<p>Po ukon&#269;en&iacute; smlouvy va&scaron;e pr&aacute;vo na pou&#382;&iacute;v&aacute;n&iacute; slu&#382;by okam&#382;it&#283; zanik&aacute;.<\/p>\n\n\n\n<h2 class=\"wp-block-heading\">Omezen&iacute; odpov&#283;dnosti<\/h2>\n\n\n\n<p>Bez ohledu na jak&eacute;koli &scaron;kody, kter&eacute; by v&aacute;m mohly vzniknout, je ve&scaron;ker&aacute; odpov&#283;dnost spole&#269;nosti a jak&eacute;hokoli jej&iacute;ho dodavatele podle jak&eacute;hokoli ustanoven&iacute; t&#283;chto podm&iacute;nek a v&aacute;&scaron; v&yacute;hradn&iacute; opravn&yacute; prost&#345;edek pro v&scaron;echny v&yacute;&scaron;e uveden&eacute; p&#345;&iacute;pady omezen na &#269;&aacute;stku, kterou jste skute&#269;n&#283; zaplatili prost&#345;ednictv&iacute;m slu&#382;by, nebo na 100 USD, pokud jste si prost&#345;ednictv&iacute;m slu&#382;by nic nezakoupili.<\/p>\n\n\n\n<p>V maxim&aacute;ln&iacute;m rozsahu povolen&eacute;m platn&yacute;mi pr&aacute;vn&iacute;mi p&#345;edpisy nenese spole&#269;nost ani jej&iacute; dodavatel&eacute; v &#382;&aacute;dn&eacute;m p&#345;&iacute;pad&#283; odpov&#283;dnost za jak&eacute;koli zvl&aacute;&scaron;tn&iacute;, n&aacute;hodn&eacute;, nep&#345;&iacute;m&eacute; nebo n&aacute;sledn&eacute; &scaron;kody (mimo jin&eacute; v&#269;etn&#283; &scaron;kod za ztr&aacute;tu zisku, ztr&aacute;tu dat nebo jin&yacute;ch informac&iacute;, za p&#345;eru&scaron;en&iacute; provozu, za &uacute;jmu na zdrav&iacute;, ztr&aacute;ty soukrom&iacute;, kter&eacute; vznikly v d&#367;sledku nebo v jak&eacute;koliv souvislosti s pou&#382;&iacute;v&aacute;n&iacute;m nebo nemo&#382;nost&iacute; pou&#382;&iacute;vat Slu&#382;bu, software t&#345;et&iacute;ch stran a\/nebo hardware t&#345;et&iacute;ch stran pou&#382;&iacute;van&yacute; se Slu&#382;bou nebo jinak v souvislosti s jak&yacute;mkoliv ustanoven&iacute;m t&#283;chto Podm&iacute;nek), a to i v p&#345;&iacute;pad&#283;, &#382;e Spole&#269;nost nebo jak&yacute;koliv dodavatel byli na mo&#382;nost takov&yacute;ch &scaron;kod upozorn&#283;ni, a i v p&#345;&iacute;pad&#283;, &#382;e n&aacute;pravn&eacute; opat&#345;en&iacute; nespln&iacute; sv&#367;j z&aacute;kladn&iacute; &uacute;&#269;el.<\/p>\n\n\n\n<p>N&#283;kter&eacute; st&aacute;ty neumo&#382;&#328;uj&iacute; vylou&#269;en&iacute; p&#345;edpokl&aacute;dan&yacute;ch z&aacute;ruk nebo omezen&iacute; odpov&#283;dnosti za n&aacute;hodn&eacute; nebo n&aacute;sledn&eacute; &scaron;kody, co&#382; znamen&aacute;, &#382;e n&#283;kter&aacute; z v&yacute;&scaron;e uveden&yacute;ch omezen&iacute; nemus&iacute; platit. V t&#283;chto st&aacute;tech bude odpov&#283;dnost ka&#382;d&eacute; strany omezena na nejvy&scaron;&scaron;&iacute; m&iacute;ru povolenou z&aacute;konem.<\/p>\n\n\n\n<h2 class=\"wp-block-heading\">Z&#345;eknut&iacute; se odpov&#283;dnosti &bdquo;JAK JE&ldquo; a &bdquo;JAK JE K DISPOZICI&ldquo;<\/h2>\n\n\n\n<p>Slu&#382;ba je v&aacute;m poskytov&aacute;na &bdquo;TAK, JAK JE&ldquo; a &bdquo;TAK, JAK JE DOSTUPN&Aacute;&ldquo; a se v&scaron;emi vadami a nedostatky bez jak&eacute;koliv z&aacute;ruky. V maxim&aacute;ln&iacute;m rozsahu povolen&eacute;m platn&yacute;mi pr&aacute;vn&iacute;mi p&#345;edpisy se spole&#269;nost sv&yacute;m jm&eacute;nem a jm&eacute;nem sv&yacute;ch p&#345;idru&#382;en&yacute;ch spole&#269;nost&iacute; a sv&yacute;ch a jejich p&#345;&iacute;slu&scaron;n&yacute;ch poskytovatel&#367; licenc&iacute; a slu&#382;eb v&yacute;slovn&#283; z&#345;&iacute;k&aacute; v&scaron;ech z&aacute;ruk, a&#357; u&#382; v&yacute;slovn&yacute;ch, p&#345;edpokl&aacute;dan&yacute;ch, z&aacute;konn&yacute;ch nebo jin&yacute;ch, t&yacute;kaj&iacute;c&iacute;ch se slu&#382;by, v&#269;etn&#283; v&scaron;ech p&#345;edpokl&aacute;dan&yacute;ch z&aacute;ruk prodejnosti, vhodnosti pro ur&#269;it&yacute; &uacute;&#269;el, vlastnictv&iacute; a neporu&scaron;ov&aacute;n&iacute; pr&aacute;v, a z&aacute;ruk, kter&eacute; mohou vypl&yacute;vat z pr&#367;b&#283;hu obchodov&aacute;n&iacute;, zp&#367;sobu pln&#283;n&iacute;, zvyklost&iacute; nebo obchodn&iacute; praxe. Bez omezen&iacute; v&yacute;&scaron;e uveden&eacute;ho spole&#269;nost neposkytuje &#382;&aacute;dnou z&aacute;ruku ani z&aacute;vazek a neprohla&scaron;uje, &#382;e slu&#382;ba bude spl&#328;ovat va&scaron;e po&#382;adavky, dosahovat zam&yacute;&scaron;len&yacute;ch v&yacute;sledk&#367;, bude kompatibiln&iacute; nebo bude fungovat s jin&yacute;m softwarem, aplikacemi, syst&eacute;my nebo slu&#382;bami, bude fungovat bez p&#345;eru&scaron;en&iacute;, bude spl&#328;ovat jak&eacute;koli standardy v&yacute;konu nebo spolehlivosti nebo bude bezchybn&aacute;, nebo &#382;e jak&eacute;koli chyby nebo nedostatky mohou b&yacute;t nebo budou opraveny.<\/p>\n\n\n\n<p>Ani&#382; by t&iacute;m bylo omezeno v&yacute;&scaron;e uveden&eacute;, spole&#269;nost ani &#382;&aacute;dn&yacute; z jej&iacute;ch poskytovatel&#367; neposkytuje &#382;&aacute;dn&eacute; prohl&aacute;&scaron;en&iacute; ani z&aacute;ruku jak&eacute;hokoli druhu, v&yacute;slovnou ani p&#345;edpokl&aacute;danou: (i) pokud jde o provoz nebo dostupnost Slu&#382;by nebo informac&iacute;, obsahu a materi&aacute;l&#367; &#269;i produkt&#367; v n&iacute; obsa&#382;en&yacute;ch; (ii) &#382;e Slu&#382;ba bude nep&#345;etr&#382;it&aacute; nebo bezchybn&aacute;; (iii) pokud jde o p&#345;esnost, spolehlivost nebo aktu&aacute;lnost jak&yacute;chkoli informac&iacute; nebo obsahu poskytovan&eacute;ho prost&#345;ednictv&iacute;m Slu&#382;by; nebo (iv) &#382;e Slu&#382;ba, jej&iacute; servery, obsah nebo e-maily odeslan&eacute; ze Spole&#269;nosti nebo jej&iacute;m jm&eacute;nem neobsahuj&iacute; viry, skripty, trojsk&eacute; kon&#283;, &#269;ervy, malware, &#269;asovan&eacute; bomby nebo jin&eacute; &scaron;kodliv&eacute; komponenty.<\/p>\n\n\n\n<p>N&#283;kter&eacute; jurisdikce neumo&#382;&#328;uj&iacute; vylou&#269;en&iacute; ur&#269;it&yacute;ch typ&#367; z&aacute;ruk nebo omezen&iacute; p&#345;&iacute;slu&scaron;n&yacute;ch z&aacute;konn&yacute;ch pr&aacute;v spot&#345;ebitele, tak&#382;e se na v&aacute;s n&#283;kter&eacute; nebo v&scaron;echny v&yacute;&scaron;e uveden&eacute; v&yacute;jimky a omezen&iacute; nemus&iacute; vztahovat. V takov&eacute;m p&#345;&iacute;pad&#283; se v&scaron;ak uplatn&iacute; v&yacute;luky a omezen&iacute; uveden&eacute; v tomto odd&iacute;le v nej&scaron;ir&scaron;&iacute;m rozsahu, kter&yacute; je vymahateln&yacute; podle platn&yacute;ch pr&aacute;vn&iacute;ch p&#345;edpis&#367;.<\/p>\n\n\n\n<h2 class=\"wp-block-heading\">Rozhodn&eacute; pr&aacute;vo<\/h2>\n\n\n\n<p>Tyto Podm&iacute;nky a va&scaron;e pou&#382;&iacute;v&aacute;n&iacute; Slu&#382;by se &#345;&iacute;d&iacute; z&aacute;kony zem&#283;, s v&yacute;jimkou kolizn&iacute;ch norem. Na va&scaron;e pou&#382;&iacute;v&aacute;n&iacute; Aplikace se mohou vztahovat i dal&scaron;&iacute; m&iacute;stn&iacute;, st&aacute;tn&iacute;, n&aacute;rodn&iacute; nebo mezin&aacute;rodn&iacute; z&aacute;kony.<\/p>\n\n\n\n<h2 class=\"wp-block-heading\">&#344;e&scaron;en&iacute; spor&#367;<\/h2>\n\n\n\n<p>Pokud m&aacute;te jak&eacute;koli obavy nebo spor ohledn&#283; Slu&#382;by, souhlas&iacute;te s t&iacute;m, &#382;e se nejprve pokus&iacute;te spor vy&#345;e&scaron;it neform&aacute;ln&#283; kontaktov&aacute;n&iacute;m Spole&#269;nosti.<\/p>\n\n\n\n<h2 class=\"wp-block-heading\">Pro u&#382;ivatele z Evropsk&eacute; unie (EU)<\/h2>\n\n\n\n<p>Jste-li spot&#345;ebitelem Evropsk&eacute; unie, budou se na v&aacute;s vztahovat v&scaron;echna z&aacute;vazn&aacute; ustanoven&iacute; pr&aacute;vn&iacute;ch p&#345;edpis&#367; zem&#283;, ve kter&eacute; m&aacute;te bydli&scaron;t&#283;.<\/p>\n\n\n\n<h2 class=\"wp-block-heading\">Dodr&#382;ov&aacute;n&iacute; pr&aacute;vn&iacute;ch p&#345;edpis&#367; ve Spojen&yacute;ch st&aacute;tech<\/h2>\n\n\n\n<p>Prohla&scaron;ujete a zaru&#269;ujete, &#382;e (i) nenach&aacute;z&iacute;te se v zemi, na kterou vl&aacute;da Spojen&yacute;ch st&aacute;t&#367; americk&yacute;ch uvalila embargo nebo kter&aacute; byla vl&aacute;dou Spojen&yacute;ch st&aacute;t&#367; americk&yacute;ch ozna&#269;ena za zemi podporuj&iacute;c&iacute; terorismus, a (ii) nejste uvedeni na &#382;&aacute;dn&eacute;m seznamu zak&aacute;zan&yacute;ch nebo omezen&yacute;ch stran vl&aacute;dy Spojen&yacute;ch st&aacute;t&#367;.<\/p>\n\n\n\n<h2 class=\"wp-block-heading\">Odd&#283;litelnost a vzd&aacute;n&iacute; se pr&aacute;va<\/h2>\n\n\n\n<h3 class=\"wp-block-heading\">Odd&#283;litelnost<\/h3>\n\n\n\n<p>Pokud bude n&#283;kter&eacute; ustanoven&iacute; t&#283;chto Podm&iacute;nek shled&aacute;no nevymahateln&yacute;m nebo neplatn&yacute;m, bude takov&eacute; ustanoven&iacute; zm&#283;n&#283;no a vylo&#382;eno tak, aby bylo dosa&#382;eno c&iacute;l&#367; takov&eacute;ho ustanoven&iacute; v co nejv&#283;t&scaron;&iacute;m mo&#382;n&eacute;m rozsahu podle platn&yacute;ch pr&aacute;vn&iacute;ch p&#345;edpis&#367;, a ostatn&iacute; ustanoven&iacute; z&#367;stanou v pln&eacute; platnosti a &uacute;&#269;innosti.<\/p>\n\n\n\n<h3 class=\"wp-block-heading\">Z&#345;eknut&iacute; se pr&aacute;va<\/h3>\n\n\n\n<p>S v&yacute;jimkou p&#345;&iacute;pad&#367; uveden&yacute;ch v t&#283;chto Podm&iacute;nk&aacute;ch plat&iacute;, &#382;e neuplatn&#283;n&iacute; pr&aacute;va nebo nevy&#382;adov&aacute;n&iacute; pln&#283;n&iacute; povinnosti podle t&#283;chto Podm&iacute;nek nem&aacute; vliv na mo&#382;nost strany uplatnit takov&eacute; pr&aacute;vo nebo vy&#382;adovat takov&eacute; pln&#283;n&iacute; kdykoli pozd&#283;ji, ani z&#345;eknut&iacute; se poru&scaron;en&iacute; nep&#345;edstavuje z&#345;eknut&iacute; se jak&eacute;hokoli n&aacute;sledn&eacute;ho poru&scaron;en&iacute;.<\/p>\n\n\n\n<h2 class=\"wp-block-heading\">P&#345;eklad Tlumo&#269;en&iacute;<\/h2>\n\n\n\n<p>Tyto podm&iacute;nky mohou b&yacute;t p&#345;elo&#382;eny, pokud jsme v&aacute;m je zp&#345;&iacute;stupnili v na&scaron;&iacute; slu&#382;b&#283;. Souhlas&iacute;te s t&iacute;m, &#382;e v p&#345;&iacute;pad&#283; sporu je rozhoduj&iacute;c&iacute; p&#367;vodn&iacute; anglick&yacute; text.<\/p>\n\n\n\n<h2 class=\"wp-block-heading\">Zm&#283;ny t&#283;chto smluvn&iacute;ch podm&iacute;nek<\/h2>\n\n\n\n<p>Vyhrazujeme si pr&aacute;vo tyto podm&iacute;nky kdykoli upravit nebo nahradit podle vlastn&iacute;ho uv&aacute;&#382;en&iacute;. Pokud je zm&#283;na podstatn&aacute;, vynalo&#382;&iacute;me p&#345;im&#283;&#345;en&eacute; &uacute;sil&iacute;, abychom v&aacute;s o n&iacute; informovali alespo&#328; 30 dn&iacute; p&#345;edt&iacute;m, ne&#382; nov&eacute; podm&iacute;nky vstoup&iacute; v platnost. O tom, co se pova&#382;uje za podstatnou zm&#283;nu, rozhodneme podle na&scaron;eho uv&aacute;&#382;en&iacute;.<\/p>\n\n\n\n<p>Pokra&#269;ov&aacute;n&iacute;m v p&#345;&iacute;stupu k na&scaron;&iacute; slu&#382;b&#283; nebo jej&iacute;m pou&#382;&iacute;v&aacute;n&iacute;m po nabyt&iacute; &uacute;&#269;innosti t&#283;chto zm&#283;n souhlas&iacute;te s t&iacute;m, &#382;e se budete &#345;&iacute;dit upraven&yacute;mi podm&iacute;nkami. Pokud s nov&yacute;mi podm&iacute;nkami zcela nebo z&#269;&aacute;sti nesouhlas&iacute;te, p&#345;esta&#328;te pros&iacute;m webov&eacute; str&aacute;nky a slu&#382;bu pou&#382;&iacute;vat.<\/p>\n\n\n\n<h2 class=\"wp-block-heading\">Kontaktujte n&aacute;s<\/h2>\n\n\n\n<p>M&aacute;te-li jak&eacute;koli dotazy t&yacute;kaj&iacute;c&iacute; se t&#283;chto smluvn&iacute;ch podm&iacute;nek, m&#367;&#382;ete n&aacute;s kontaktovat:<\/p>\n\n\n\n<ul class=\"wp-block-list\">\n<li>E-mailem: info@coinedexai.com<\/li>\n\n\n\n<li>Nav&scaron;t&iacute;ven&iacute;m t&eacute;to str&aacute;nky na na&scaron;ich webov&yacute;ch str&aacute;nk&aacute;ch: <a href=\"http:\/\/coinedexai.com\/contact\/\">http:\/\/coinedexai.com\/contact\/<\/a><\/li>\n<\/ul>\n\n<\/div>\n<\/div>\n","protected":false},"excerpt":{"rendered":"<p>Podm&iacute;nky pou&#382;&iacute;v&aacute;n&iacute; Posledn&iacute; aktualizace: &#269;erven 2023 P&#345;ed pou&#382;it&iacute;m na&scaron;&iacute; slu&#382;by si pros&iacute;m pe&#269;liv&#283; p&#345;e&#269;t&#283;te tyto podm&iacute;nky. V&yacute;klad a definice V&yacute;klad Slova, jejich&#382; po&#269;&aacute;te&#269;n&iacute; p&iacute;smeno je velk&eacute;, maj&iacute; v&yacute;znam definovan&yacute; za n&aacute;sleduj&iacute;c&iacute;ch podm&iacute;nek. N&aacute;sleduj&iacute;c&iacute; definice maj&iacute; stejn&yacute; v&yacute;znam bez ohledu na to, zda jsou uvedeny v jednotn&eacute;m nebo mno&#382;n&eacute;m &#269;&iacute;sle. Definice Pro &uacute;&#269;ely t&#283;chto smluvn&iacute;ch podm&iacute;nek: &#8230; <a title=\"Podm\u00ednky pou\u017e\u00edv\u00e1n\u00ed\" class=\"read-more\" href=\"https:\/\/coinedexai.com\/cs\/podminky-pouzivani\/\" aria-label=\"\u010c\u00edst v\u00edce o Podm\u00ednky pou\u017e\u00edv\u00e1n\u00ed\">Read more<\/a><\/p>\n","protected":false},"author":3,"featured_media":0,"parent":0,"menu_order":0,"comment_status":"closed","ping_status":"closed","template":"","meta":{"footnotes":""},"class_list":["post-9437","page","type-page","status-publish"],"_links":{"self":[{"href":"https:\/\/coinedexai.com\/cs\/wp-json\/wp\/v2\/pages\/9437","targetHints":{"allow":["GET"]}}],"collection":[{"href":"https:\/\/coinedexai.com\/cs\/wp-json\/wp\/v2\/pages"}],"about":[{"href":"https:\/\/coinedexai.com\/cs\/wp-json\/wp\/v2\/types\/page"}],"author":[{"embeddable":true,"href":"https:\/\/coinedexai.com\/cs\/wp-json\/wp\/v2\/users\/3"}],"replies":[{"embeddable":true,"href":"https:\/\/coinedexai.com\/cs\/wp-json\/wp\/v2\/comments?post=9437"}],"version-history":[{"count":2,"href":"https:\/\/coinedexai.com\/cs\/wp-json\/wp\/v2\/pages\/9437\/revisions"}],"predecessor-version":[{"id":10222,"href":"https:\/\/coinedexai.com\/cs\/wp-json\/wp\/v2\/pages\/9437\/revisions\/10222"}],"wp:attachment":[{"href":"https:\/\/coinedexai.com\/cs\/wp-json\/wp\/v2\/media?parent=9437"}],"curies":[{"name":"wp","href":"https:\/\/api.w.org\/{rel}","templated":true}]}}