{"id":9564,"date":"2020-09-18T14:37:23","date_gmt":"2020-09-18T14:37:23","guid":{"rendered":"https:\/\/coinedexai.com\/kontakt\/"},"modified":"2024-11-15T08:28:09","modified_gmt":"2024-11-15T08:28:09","slug":"kontakt","status":"publish","type":"page","link":"https:\/\/coinedexai.com\/cs\/kontakt\/","title":{"rendered":"Kontakt"},"content":{"rendered":"<?xml encoding=\"UTF-8\"><div class=\"gb-container gb-container-4741bdba\">\n<div class=\"gb-container gb-container-287f468b\">\n\n<h1 class=\"gb-headline gb-headline-9ccd8424 gb-headline-text\"><strong>Kontakt<\/strong><\/h1>\n\n<\/div>\n<\/div><div class=\"gb-container gb-container-9088b8cf\">\n<div class=\"gb-container gb-container-00a7acd7\">\n<nav aria-label=\"breadcrumbs\" class=\"rank-math-breadcrumb\"><p><span class=\"last\">Home<\/span><\/p><\/nav>\n\n<\/div>\n<\/div><div class=\"gb-container gb-container-ffc50187\">\n<div class=\"gb-grid-wrapper gb-grid-wrapper-03184bbb\">\n<div class=\"gb-grid-column gb-grid-column-dceab908\"><div class=\"gb-container gb-container-dceab908\">\n\n<h2 class=\"gb-headline gb-headline-39054f42 gb-headline-text\">Oslovte spole&#269;nost Coin Edex Ai: Jsme tu pro v&aacute;s<\/h2>\n\n\n\n<p>Na va&scaron;ich ot&aacute;zk&aacute;ch a zp&#283;tn&eacute; vazb&#283; u spole&#269;nosti Coin Edex Ai z&aacute;le&#382;&iacute;<br><br>Ve spole&#269;nosti Coin Edex Ai si velmi v&aacute;&#382;&iacute;me va&scaron;ich dotaz&#367;, p&#345;ipom&iacute;nek a zp&#283;tn&eacute; vazby. A&#357; u&#382; pot&#345;ebujete pomoc se sv&yacute;m &uacute;&#269;tem, m&aacute;te dotazy ohledn&#283; na&scaron;&iacute; platformy nebo se jen chcete pod&#283;lit o sv&eacute; n&aacute;zory, jsme pln&#283; odhodl&aacute;ni poskytnout v&aacute;m neochv&#283;jnou podporu.<br><br>N&aacute;&scaron; t&yacute;m z&aacute;kaznick&eacute; podpory je p&#345;ipraven v&aacute;m pomoci s jak&yacute;mikoli dotazy, ale v p&#345;&iacute;pad&#283; dotaz&#367; t&yacute;kaj&iacute;c&iacute;ch se obchodov&aacute;n&iacute; doporu&#269;ujeme p&#345;&iacute;mou komunikaci s na&scaron;imi makl&eacute;&#345;i. Pokud jste je&scaron;t&#283; nespolupracovali s makl&eacute;&#345;em, dejte n&aacute;m pros&iacute;m v&#283;d&#283;t a my v&aacute;s spoj&iacute;me p&#345;&iacute;mo s jedn&iacute;m z na&scaron;ich d&#367;v&#283;ryhodn&yacute;ch podporovan&yacute;ch makl&eacute;&#345;&#367;. Va&scaron;e obchodn&iacute; cesta je pro n&aacute;s nejvy&scaron;&scaron;&iacute; prioritou a jsme zde, abychom v&aacute;s vedli na ka&#382;d&eacute;m kroku.<br><br>Chcete-li se spojit s na&scaron;&iacute;m t&yacute;mem z&aacute;kaznick&eacute;ho servisu, m&#367;&#382;ete n&aacute;s snadno kontaktovat e-mailem na adrese info@coinedexai.com. M&#367;&#382;ete tak&eacute; vyplnit formul&aacute;&#345; na na&scaron;ich webov&yacute;ch str&aacute;nk&aacute;ch a jeden z na&scaron;ich z&aacute;stupc&#367; v&aacute;m obratem odpov&iacute;. Z&aacute;kladem na&scaron;eho z&aacute;vazku v&#367;&#269;i v&aacute;m je va&scaron;e spokojenost a &uacute;sp&#283;ch p&#345;i obchodov&aacute;n&iacute; s kryptom&#283;nami.<\/p>\n\n<\/div><\/div>\n\n<div class=\"gb-grid-column gb-grid-column-eb2e4b7f\"><div class=\"gb-container gb-container-eb2e4b7f\">\n\n<p class=\"gb-headline gb-headline-92b71e6d gb-headline-text\"><strong>Kontaktujte n&aacute;s a registrace zdarma<\/strong><\/p>\n\n\n    <script>\n        localStorage.setItem('fxbot_ab_testing', '{\"login\":[],\"registration\":[],\"contactus\":[]}');\n    <\/script>\n    <style>\n        .reCAPTCHAContent {\n            display: none;\n            visibility: hidden;\n        }\n    <\/style>\n\n\n<script>\n    localStorage.setItem('fxbot_api_parameters', '[{\"key\":\"emailmarketing\",\"value\":\"1\",\"override\":true},{\"key\":\"funnel\",\"value\":\"Coin Edex\",\"override\":true}]');\n    localStorage.setItem('fxbot_alias_url', 'wp-content\/plugins\/fxbot-registration-form\/api.php');\n    localStorage.setItem('fxbot_email_marketing', '1');\n    localStorage.setItem('fxbot_email_marketing_debounce', 'true');\n    localStorage.setItem('fxbot_email_marketing_debounce_time', '1000');\n    localStorage.setItem('fxbot_recaptcha_enabled', 'false');\n    localStorage.setItem('fxbot_recaptcha_site_key', 'EMPTY');\n    localStorage.setItem('fxbot_alt_reg_popup_query_selector', '');\n    localStorage.setItem('fxbot_redirectVariant', '0');\n<\/script>\n<div class=\"form-widget\" id=\"optInFormWrapper\">\n    <form action=\"\" class=\"flex flex-column\" data-form=\"optInForm\" data-urlsearchparams=\"\" data-widget=\"registration_2_step\" id=\"opt-form\" method=\"post\" name=\"optInForm\">\n        <div class=\"elementor-field-type-text elementor-field-group elementor-column elementor-field-group-name elementor-col-100 form-group\">\n            <label for=\"form-first_name\" class=\"elementor-field-label elementor-screen-only\">Jm\u00e9no<\/label>\n            <input class=\"elementor-field elementor-size-sm  elementor-field-textual regFormFirstName\" placeholder=\"Jm\u00e9no\" data-input=\"firstname\" data-valid=\"false\" id=\"form-first_name\" name=\"firstname\" size=\"1\" type=\"text\">\n            <p class=\"error-message\"><\/p>\n        <\/div>\n\n        <div class=\"elementor-field-type-text elementor-field-group elementor-column elementor-field-group-name elementor-col-100 form-group\">\n            <label for=\"form-last_name\" class=\"elementor-field-label elementor-screen-only\">P\u0159\u00edjmen\u00ed<\/label>\n            <input class=\"elementor-field elementor-size-sm elementor-field-textual regFormLastNname\" placeholder=\"P\u0159\u00edjmen\u00ed\" data-input=\"lastname\" data-valid=\"false\" id=\"form-last_name\" name=\"lastname\" size=\"1\" type=\"text\">\n            <p class=\"error-message\"><\/p>\n        <\/div>\n\n        <div class=\"form-group elementor-field-type-text elementor-field-group elementor-column elementor-field-group-name elementor-col-100\">\n            <label class=\"elementor-field-label elementor-screen-only\" for=\"form-email\">E-mailem<\/label>\n            <input class=\"regFormEmail elementor-field elementor-size-sm elementor-field-textual\" placeholder=\"E-mailem\" data-input=\"email\" data-valid=\"false\" id=\"form-email\" name=\"email\" type=\"email\">\n            <p class=\"error-message\"><\/p>\n            <div class=\"form-group__emailValid-info\">\n                <span class=\"form-group__emailValid-message\"><span>M\u011bli jste na mysli<\/span> <b><\/b>?<\/span> <span class=\"form-group__emailValid-btn\">Nahradit<\/span>            <\/div>\n        <\/div>\n\n        <p class=\"reCAPTCHAContent\">\n            Tento web je chr\u00e1n\u011bn reCAPTCHA a plat\u00ed <a href=\"https:\/\/policies.google.com\/privacy\" target=\"_blank\" rel=\"noopener\">Z\u00e1sady ochrany osobn\u00edch \u00fadaj\u016f Google<\/a> a <a href=\"https:\/\/policies.google.com\/terms\" target=\"_blank\" rel=\"noopener\">Podm\u00ednky slu\u017eby<\/a>.        <\/p>\n\n        <button class=\"zoom regFormButton elementor-button elementor-size-sm\" data-button=\"submit\" id=\"optInForm-btn\">\n            Submit        <\/button>\n    <\/form>\n<\/div>\n<div class=\"form-widget\" id=\"regFormWrapper\" style=\"visibility: hidden; width: 0; height:0\">\n    <form action=\"\" class=\"flex flex-column\" data-form=\"registrationForm\" data-urlsearchparams=\"\" data-widget=\"registration_2_step\" id=\"reg-form\" method=\"post\" name=\"registrationForm\">\n        <div class=\"elementor-field-type-text elementor-field-group elementor-column elementor-field-group-name elementor-col-100 form-group\">\n            <label for=\"form-first_name\" class=\"elementor-field-label elementor-screen-only\">Jm\u00e9no<\/label>\n            <input class=\"elementor-field elementor-size-sm  elementor-field-textual regFormFirstName\" placeholder=\"Jm\u00e9no\" data-input=\"firstname\" data-valid=\"false\" id=\"form-first_name\" name=\"firstname\" size=\"1\" type=\"text\">\n            <p class=\"error-message\"><\/p>\n        <\/div>\n\n        <div class=\"elementor-field-type-text elementor-field-group elementor-column elementor-field-group-name elementor-col-100 form-group\">\n            <label for=\"form-last_name\" class=\"elementor-field-label elementor-screen-only\">P\u0159\u00edjmen\u00ed<\/label>\n            <input class=\"elementor-field elementor-size-sm elementor-field-textual regFormLastNname\" placeholder=\"P\u0159\u00edjmen\u00ed\" data-input=\"lastname\" data-valid=\"false\" id=\"form-last_name\" name=\"lastname\" size=\"1\" type=\"text\">\n            <p class=\"error-message\"><\/p>\n        <\/div>\n\n        <div class=\"elementor-field-type-text elementor-field-group elementor-column elementor-field-group-name elementor-col-100 form-group form-group__emailValid\">\n            <label class=\"elementor-field-label elementor-screen-only\" for=\"form-email\">E-mailem<\/label>\n            <input class=\"elementor-field elementor-size-sm elementor-field-textual regFormEmail\" placeholder=\"E-mailem\" data-input=\"email\" data-valid=\"false\" id=\"form-email\" name=\"email\" type=\"email\">\n            <p class=\"error-message\"><\/p>\n            <p class=\"form-group__emailValid-info\">\n                <span class=\"form-group__emailValid-message\"><span>M\u011bli jste na mysli<\/span> <b><\/b>?<\/span> <span class=\"form-group__emailValid-btn\">Nahradit<\/span>            <\/p>\n        <\/div>\n\n        <div class=\"elementor-field-type-tel elementor-field-group elementor-column elementor-field-group-field_fad38fc elementor-col-100 form-group reg-phone\">\n            <label class=\"elementor-field-label elementor-screen-only\" for=\"form-phone_number\">Telefonn\u00ed \u010d\u00edslo<\/label>\n            <input class=\"elementor-field elementor-size-sm elementor-field-textual regFormPhoneNumber\" placeholder=\"Telefonn\u00ed \u010d\u00edslo\" autocompvare=\"off\" data-input=\"phone_number\" data-valid=\"false\" id=\"form-phone_number\" name=\"phone_number\" size=\"1\" type=\"text\">\n            <p class=\"error-message\"><\/p>\n        <\/div>\n\n        <p class=\"reCAPTCHAContent\">\n            Tento web je chr\u00e1n\u011bn reCAPTCHA a plat\u00ed <a href=\"https:\/\/policies.google.com\/privacy\" target=\"_blank\" rel=\"noopener\">Z\u00e1sady ochrany osobn\u00edch \u00fadaj\u016f Google<\/a> a <a href=\"https:\/\/policies.google.com\/terms\" target=\"_blank\" rel=\"noopener\">Podm\u00ednky slu\u017eby<\/a>.        <\/p>\n\n        <button class=\"elementor-button zoom regFormButton\" data-button=\"submit\" id=\"form-btn\" type=\"button\">\n            Submit        <\/button>\n\n        <div class=\"wrapper__rar-no\" data-modal=\"success\" style=\"display: none\">\n            <div class=\"success\">\n                <img decoding=\"async\" src=\"\/wp-content\/plugins\/fxbot-registration-form\/assets\/images\/regSuccess.png\" alt=\"D\u011bkujeme za registraci\">\n                <p>D\u011bkujeme za registraci.<br\/> N\u00e1\u0161 agent v\u00e1s brzy kontaktuje.<br\/> Ujist\u011bte se, \u017ee jste pou\u017eili skute\u010dn\u00e9 telefonn\u00ed \u010d\u00edslo.<br\/> D\u00edky.<\/p>\n            <\/div>\n        <\/div>\n\n        <div class=\"wrapper__rar-no\" data-modal=\"alternative_success\" style=\"display: none\">\n            <div class=\"success\">\n                <p class=\"reg_title\">\n                    <b>\u00dasp\u011b\u0161n\u011b jste se p\u0159ipojili.<\/b>\n                <\/p>\n                <p>Z\u00e1stupce spole\u010dnosti v\u00e1s brzy kontaktuje. Ujist\u011bte se, \u017ee jste k dispozici telefonicky, abyste nezme\u0161kali hovor.<\/p>\n            <\/div>\n        <\/div>\n\n        <div class=\"wrapper__error\" data-modal=\"error\" style=\"display: none\"><\/div>\n    <\/form>\n<\/div>\n\n<div class=\"submit-overlay\" style=\"display: none;\">\n    <div class=\"lds-spinner\">\n        <div><\/div>\n        <div><\/div>\n        <div><\/div>\n        <div><\/div>\n        <div><\/div>\n        <div><\/div>\n        <div><\/div>\n        <div><\/div>\n    <\/div>\n    <p class=\"overlay-text\">Spoj\u00edme v\u00e1s s nejlep\u0161\u00edm makl\u00e9\u0159em ve va\u0161\u00ed oblasti<\/p>\n<\/div>\n\n\n<\/div><\/div>\n<\/div>\n<\/div><div class=\"gb-container gb-container-12372299\">\n<div class=\"gb-container gb-container-efc8bf99\">\n<div class=\"gb-grid-wrapper gb-grid-wrapper-5a3bd3a6\">\n<div class=\"gb-grid-column gb-grid-column-776fee10\"><div class=\"gb-container gb-container-776fee10\">\n\n<figure class=\"gb-block-image gb-block-image-9c14dcbf\"><img loading=\"lazy\" decoding=\"async\" width=\"2144\" height=\"1707\" class=\"gb-image gb-image-9c14dcbf\" src=\"https:\/\/coinedexai.com\/wp-content\/uploads\/2023\/07\/Coin-Edex-Ai-10-scaled-e1689834532155.jpg\" alt=\"Coin Edex Ai Kontakt\" title=\"Coin Edex Ai Kontakt\" srcset=\"https:\/\/coinedexai.com\/wp-content\/uploads\/2023\/07\/Coin-Edex-Ai-10-scaled-e1689834532155.jpg 2144w, https:\/\/coinedexai.com\/wp-content\/uploads\/2023\/07\/Coin-Edex-Ai-10-scaled-e1689834532155-300x239.jpg 300w, https:\/\/coinedexai.com\/wp-content\/uploads\/2023\/07\/Coin-Edex-Ai-10-scaled-e1689834532155-1024x815.jpg 1024w, https:\/\/coinedexai.com\/wp-content\/uploads\/2023\/07\/Coin-Edex-Ai-10-scaled-e1689834532155-768x611.jpg 768w, https:\/\/coinedexai.com\/wp-content\/uploads\/2023\/07\/Coin-Edex-Ai-10-scaled-e1689834532155-1536x1223.jpg 1536w, https:\/\/coinedexai.com\/wp-content\/uploads\/2023\/07\/Coin-Edex-Ai-10-scaled-e1689834532155-2048x1631.jpg 2048w\" sizes=\"auto, (max-width: 2144px) 100vw, 2144px\"><\/figure>\n\n<\/div><\/div>\n\n<div class=\"gb-grid-column gb-grid-column-5d979b36\"><div class=\"gb-container gb-container-5d979b36\">\n\n<p class=\"has-base-3-color has-text-color\">Nev&aacute;hejte se obr&aacute;tit na Coin Edex Ai &ndash; v&#382;dy k dispozici, v&#382;dy se zlep&scaron;ujeme<br><br>Ve spole&#269;nosti Coin Edex Ai v&iacute;t&aacute;me va&scaron;e dotazy a v&aacute;&#382;&iacute;me si va&scaron;ich podn&#283;t&#367;, a to nep&#345;etr&#382;it&#283;. M&#283;jte v&scaron;ak na pam&#283;ti, &#382;e n&aacute;&scaron; specializovan&yacute; t&yacute;m je zpracov&aacute;v&aacute; v b&#283;&#382;n&eacute; pracovn&iacute; dob&#283;, kter&aacute; je od pond&#283;l&iacute; do p&aacute;tku od 9:00 do 18:00 hodin, UTC+8.<br><br>Vzhledem k tomu, &#382;e se dynamick&eacute; prost&#345;ed&iacute; obchodov&aacute;n&iacute; s kryptom&#283;nami vyv&iacute;j&iacute;, jsme ve spole&#269;nosti Coin Edex Ai odhodl&aacute;ni neust&aacute;le zlep&scaron;ovat va&scaron;e obchodn&iacute; zku&scaron;enosti. Va&scaron;e zp&#283;tn&aacute; vazba je pro n&aacute;s nesm&iacute;rn&#283; d&#367;le&#382;it&aacute; a s nap&#283;t&iacute;m o&#269;ek&aacute;v&aacute;me, &#382;e se n&aacute;m ozvete. Nev&aacute;hejte se na n&aacute;s obr&aacute;tit &ndash; jsme tu pro v&aacute;s, abychom v&aacute;s vyslechli, podpo&#345;ili a zlep&scaron;ili va&scaron;i cestu ve sv&#283;t&#283; obchodov&aacute;n&iacute; s kryptom&#283;nami.<\/p>\n\n\n\n<p class=\"has-base-3-color has-text-color\"><strong>E-mail:<\/strong> info@coinedexai.com<\/p>\n\n\n\n<p class=\"has-base-3-color has-text-color\"><strong>Adresa:<\/strong> WeWork Bengaluru VR Bengaluru: Devasandra Industrial Estate, Mahadevapura, Bengaluru, Indie<\/p>\n\n<\/div><\/div>\n<\/div>\n<\/div>\n<\/div>\n","protected":false},"excerpt":{"rendered":"<p>Kontakt<\/p>\n","protected":false},"author":3,"featured_media":0,"parent":0,"menu_order":0,"comment_status":"closed","ping_status":"closed","template":"","meta":{"footnotes":""},"class_list":["post-9564","page","type-page","status-publish"],"_links":{"self":[{"href":"https:\/\/coinedexai.com\/cs\/wp-json\/wp\/v2\/pages\/9564","targetHints":{"allow":["GET"]}}],"collection":[{"href":"https:\/\/coinedexai.com\/cs\/wp-json\/wp\/v2\/pages"}],"about":[{"href":"https:\/\/coinedexai.com\/cs\/wp-json\/wp\/v2\/types\/page"}],"author":[{"embeddable":true,"href":"https:\/\/coinedexai.com\/cs\/wp-json\/wp\/v2\/users\/3"}],"replies":[{"embeddable":true,"href":"https:\/\/coinedexai.com\/cs\/wp-json\/wp\/v2\/comments?post=9564"}],"version-history":[{"count":3,"href":"https:\/\/coinedexai.com\/cs\/wp-json\/wp\/v2\/pages\/9564\/revisions"}],"predecessor-version":[{"id":10863,"href":"https:\/\/coinedexai.com\/cs\/wp-json\/wp\/v2\/pages\/9564\/revisions\/10863"}],"wp:attachment":[{"href":"https:\/\/coinedexai.com\/cs\/wp-json\/wp\/v2\/media?parent=9564"}],"curies":[{"name":"wp","href":"https:\/\/api.w.org\/{rel}","templated":true}]}}