{"id":9606,"date":"2023-06-08T08:42:05","date_gmt":"2023-06-08T08:42:05","guid":{"rendered":"https:\/\/coinedexai.com\/prihlaseni\/"},"modified":"2024-11-15T08:21:06","modified_gmt":"2024-11-15T08:21:06","slug":"prihlaseni","status":"publish","type":"page","link":"https:\/\/coinedexai.com\/cs\/prihlaseni\/","title":{"rendered":"P\u0159ihl\u00e1\u0161en\u00ed"},"content":{"rendered":"<?xml encoding=\"UTF-8\"><div class=\"gb-container gb-container-8eb7588d alignfull\" id=\"registretion\">\n<div class=\"gb-container gb-container-d6fede86\">\n\n<h1 class=\"gb-headline gb-headline-3e2c9df7 gb-headline-text\"><strong><strong>P&#345;ihl&aacute;&scaron;en&iacute;<\/strong><\/strong><\/h1>\n\n<\/div>\n<\/div><div class=\"gb-container gb-container-9088b8cf\">\n<div class=\"gb-container gb-container-00a7acd7\">\n<nav aria-label=\"breadcrumbs\" class=\"rank-math-breadcrumb\"><p><span class=\"last\">Home<\/span><\/p><\/nav>\n\n<\/div>\n<\/div><div class=\"gb-container gb-container-a2e46bfa alignfull\">\n<div class=\"gb-container gb-container-9ecb7959\">\n<div class=\"gb-grid-wrapper gb-grid-wrapper-69d3e7f6\">\n<div class=\"gb-grid-column gb-grid-column-f3a9faac\"><div class=\"gb-container gb-container-f3a9faac\">\n\n<h2 class=\"gb-headline gb-headline-39054f42 gb-headline-text\">V&iacute;tejte na Coin Edex Ai &ndash; Bezpe&#269;n&aacute; a dynamick&aacute; obchodn&iacute; platforma<\/h2>\n\n\n\n<p style=\"font-size:19px\">P&#345;ihlaste se je&scaron;t&#283; dnes do Coin Edex Ai a bez n&aacute;mahy z&iacute;skejte p&#345;&iacute;stup ke sv&eacute;mu &uacute;&#269;tu a za&#269;n&#283;te obchodovat. Na&scaron;e neochv&#283;jn&aacute; podpora v&aacute;s bude prov&aacute;zet po celou dobu va&scaron;&iacute; finan&#269;n&iacute; cesty a zajist&iacute;, &#382;e va&scaron;e p&#345;&aacute;n&iacute; budou spln&#283;na na ka&#382;d&eacute;m kroku.<\/p>\n\n<\/div><\/div>\n\n<div class=\"gb-grid-column gb-grid-column-8e185986\"><div class=\"gb-container gb-container-8e185986\">\n<div class=\"gb-container gb-container-eb2e4b7f\">\n\n<p class=\"gb-headline gb-headline-e7a333ba gb-headline-text\"><strong>Zaregistrujte se zdarma nebo se p&#345;ihlaste<\/strong><\/p>\n\n\n    <script>\n        localStorage.setItem('fxbot_ab_testing', '{\"login\":[],\"registration\":[],\"contactus\":[]}');\n    <\/script>\n    <style>\n        .reCAPTCHAContent {\n            display: none;\n            visibility: hidden;\n        }\n    <\/style>\n\n\n<script>\n    localStorage.setItem('fxbot_api_parameters', '[{\"key\":\"emailmarketing\",\"value\":\"1\",\"override\":true},{\"key\":\"funnel\",\"value\":\"Coin Edex\",\"override\":true}]');\n    localStorage.setItem('fxbot_alias_url', 'wp-content\/plugins\/fxbot-registration-form\/api.php');\n    localStorage.setItem('fxbot_email_marketing', '1');\n    localStorage.setItem('fxbot_email_marketing_debounce', 'true');\n    localStorage.setItem('fxbot_email_marketing_debounce_time', '1000');\n    localStorage.setItem('fxbot_recaptcha_enabled', 'false');\n    localStorage.setItem('fxbot_recaptcha_site_key', 'EMPTY');\n    localStorage.setItem('fxbot_alt_reg_popup_query_selector', '');\n    localStorage.setItem('fxbot_redirectVariant', '0');\n<\/script>\n<div class=\"form-widget\" id=\"optInFormWrapper\">\n    <form action=\"\" class=\"flex flex-column\" data-form=\"optInForm\" data-urlsearchparams=\"\" data-widget=\"registration_2_step\" id=\"opt-form\" method=\"post\" name=\"optInForm\">\n        <div class=\"elementor-field-type-text elementor-field-group elementor-column elementor-field-group-name elementor-col-100 form-group\">\n            <label for=\"form-first_name\" class=\"elementor-field-label elementor-screen-only\">Jm\u00e9no<\/label>\n            <input class=\"elementor-field elementor-size-sm  elementor-field-textual regFormFirstName\" placeholder=\"Jm\u00e9no\" data-input=\"firstname\" data-valid=\"false\" id=\"form-first_name\" name=\"firstname\" size=\"1\" type=\"text\">\n            <p class=\"error-message\"><\/p>\n        <\/div>\n\n        <div class=\"elementor-field-type-text elementor-field-group elementor-column elementor-field-group-name elementor-col-100 form-group\">\n            <label for=\"form-last_name\" class=\"elementor-field-label elementor-screen-only\">P\u0159\u00edjmen\u00ed<\/label>\n            <input class=\"elementor-field elementor-size-sm elementor-field-textual regFormLastNname\" placeholder=\"P\u0159\u00edjmen\u00ed\" data-input=\"lastname\" data-valid=\"false\" id=\"form-last_name\" name=\"lastname\" size=\"1\" type=\"text\">\n            <p class=\"error-message\"><\/p>\n        <\/div>\n\n        <div class=\"form-group elementor-field-type-text elementor-field-group elementor-column elementor-field-group-name elementor-col-100\">\n            <label class=\"elementor-field-label elementor-screen-only\" for=\"form-email\">E-mailem<\/label>\n            <input class=\"regFormEmail elementor-field elementor-size-sm elementor-field-textual\" placeholder=\"E-mailem\" data-input=\"email\" data-valid=\"false\" id=\"form-email\" name=\"email\" type=\"email\">\n            <p class=\"error-message\"><\/p>\n            <div class=\"form-group__emailValid-info\">\n                <span class=\"form-group__emailValid-message\"><span>M\u011bli jste na mysli<\/span> <b><\/b>?<\/span> <span class=\"form-group__emailValid-btn\">Nahradit<\/span>            <\/div>\n        <\/div>\n\n        <p class=\"reCAPTCHAContent\">\n            Tento web je chr\u00e1n\u011bn reCAPTCHA a plat\u00ed <a href=\"https:\/\/policies.google.com\/privacy\" target=\"_blank\" rel=\"noopener\">Z\u00e1sady ochrany osobn\u00edch \u00fadaj\u016f Google<\/a> a <a href=\"https:\/\/policies.google.com\/terms\" target=\"_blank\" rel=\"noopener\">Podm\u00ednky slu\u017eby<\/a>.        <\/p>\n\n        <button class=\"zoom regFormButton elementor-button elementor-size-sm\" data-button=\"submit\" id=\"optInForm-btn\">\n            Zaregistrujte se        <\/button>\n    <\/form>\n<\/div>\n<div class=\"form-widget\" id=\"regFormWrapper\" style=\"visibility: hidden; width: 0; height:0\">\n    <form action=\"\" class=\"flex flex-column\" data-form=\"registrationForm\" data-urlsearchparams=\"\" data-widget=\"registration_2_step\" id=\"reg-form\" method=\"post\" name=\"registrationForm\">\n        <div class=\"elementor-field-type-text elementor-field-group elementor-column elementor-field-group-name elementor-col-100 form-group\">\n            <label for=\"form-first_name\" class=\"elementor-field-label elementor-screen-only\">Jm\u00e9no<\/label>\n            <input class=\"elementor-field elementor-size-sm  elementor-field-textual regFormFirstName\" placeholder=\"Jm\u00e9no\" data-input=\"firstname\" data-valid=\"false\" id=\"form-first_name\" name=\"firstname\" size=\"1\" type=\"text\">\n            <p class=\"error-message\"><\/p>\n        <\/div>\n\n        <div class=\"elementor-field-type-text elementor-field-group elementor-column elementor-field-group-name elementor-col-100 form-group\">\n            <label for=\"form-last_name\" class=\"elementor-field-label elementor-screen-only\">P\u0159\u00edjmen\u00ed<\/label>\n            <input class=\"elementor-field elementor-size-sm elementor-field-textual regFormLastNname\" placeholder=\"P\u0159\u00edjmen\u00ed\" data-input=\"lastname\" data-valid=\"false\" id=\"form-last_name\" name=\"lastname\" size=\"1\" type=\"text\">\n            <p class=\"error-message\"><\/p>\n        <\/div>\n\n        <div class=\"elementor-field-type-text elementor-field-group elementor-column elementor-field-group-name elementor-col-100 form-group form-group__emailValid\">\n            <label class=\"elementor-field-label elementor-screen-only\" for=\"form-email\">E-mailem<\/label>\n            <input class=\"elementor-field elementor-size-sm elementor-field-textual regFormEmail\" placeholder=\"E-mailem\" data-input=\"email\" data-valid=\"false\" id=\"form-email\" name=\"email\" type=\"email\">\n            <p class=\"error-message\"><\/p>\n            <p class=\"form-group__emailValid-info\">\n                <span class=\"form-group__emailValid-message\"><span>M\u011bli jste na mysli<\/span> <b><\/b>?<\/span> <span class=\"form-group__emailValid-btn\">Nahradit<\/span>            <\/p>\n        <\/div>\n\n        <div class=\"elementor-field-type-tel elementor-field-group elementor-column elementor-field-group-field_fad38fc elementor-col-100 form-group reg-phone\">\n            <label class=\"elementor-field-label elementor-screen-only\" for=\"form-phone_number\">Telefonn\u00ed \u010d\u00edslo<\/label>\n            <input class=\"elementor-field elementor-size-sm elementor-field-textual regFormPhoneNumber\" placeholder=\"Telefonn\u00ed \u010d\u00edslo\" autocompvare=\"off\" data-input=\"phone_number\" data-valid=\"false\" id=\"form-phone_number\" name=\"phone_number\" size=\"1\" type=\"text\">\n            <p class=\"error-message\"><\/p>\n        <\/div>\n\n        <p class=\"reCAPTCHAContent\">\n            Tento web je chr\u00e1n\u011bn reCAPTCHA a plat\u00ed <a href=\"https:\/\/policies.google.com\/privacy\" target=\"_blank\" rel=\"noopener\">Z\u00e1sady ochrany osobn\u00edch \u00fadaj\u016f Google<\/a> a <a href=\"https:\/\/policies.google.com\/terms\" target=\"_blank\" rel=\"noopener\">Podm\u00ednky slu\u017eby<\/a>.        <\/p>\n\n        <button class=\"elementor-button zoom regFormButton\" data-button=\"submit\" id=\"form-btn\" type=\"button\">\n            Zaregistrujte se        <\/button>\n\n        <div class=\"wrapper__rar-no\" data-modal=\"success\" style=\"display: none\">\n            <div class=\"success\">\n                <img decoding=\"async\" src=\"\/wp-content\/plugins\/fxbot-registration-form\/assets\/images\/regSuccess.png\" alt=\"D\u011bkujeme za registraci\">\n                <p>D\u011bkujeme za registraci.<br\/> N\u00e1\u0161 agent v\u00e1s brzy kontaktuje.<br\/> Ujist\u011bte se, \u017ee jste pou\u017eili skute\u010dn\u00e9 telefonn\u00ed \u010d\u00edslo.<br\/> D\u00edky.<\/p>\n            <\/div>\n        <\/div>\n\n        <div class=\"wrapper__rar-no\" data-modal=\"alternative_success\" style=\"display: none\">\n            <div class=\"success\">\n                <p class=\"reg_title\">\n                    <b>\u00dasp\u011b\u0161n\u011b jste se p\u0159ipojili.<\/b>\n                <\/p>\n                <p>Z\u00e1stupce spole\u010dnosti v\u00e1s brzy kontaktuje. Ujist\u011bte se, \u017ee jste k dispozici telefonicky, abyste nezme\u0161kali hovor.<\/p>\n            <\/div>\n        <\/div>\n\n        <div class=\"wrapper__error\" data-modal=\"error\" style=\"display: none\"><\/div>\n    <\/form>\n<\/div>\n\n<div class=\"submit-overlay\" style=\"display: none;\">\n    <div class=\"lds-spinner\">\n        <div><\/div>\n        <div><\/div>\n        <div><\/div>\n        <div><\/div>\n        <div><\/div>\n        <div><\/div>\n        <div><\/div>\n        <div><\/div>\n    <\/div>\n    <p class=\"overlay-text\">Spoj\u00edme v\u00e1s s nejlep\u0161\u00edm makl\u00e9\u0159em ve va\u0161\u00ed oblasti<\/p>\n<\/div>\n\n\n<\/div>\n<\/div><\/div>\n\n<div class=\"gb-grid-column gb-grid-column-6c475a7f\"><div class=\"gb-container gb-container-6c475a7f\">\n\n<figure class=\"gb-block-image gb-block-image-b3a0efc2\"><img loading=\"lazy\" decoding=\"async\" width=\"1713\" height=\"1707\" class=\"gb-image gb-image-b3a0efc2\" src=\"https:\/\/coinedexai.com\/wp-content\/uploads\/2023\/07\/Coin-Edex-Ai-1-scaled-e1689834874101.jpg\" alt=\"Coin Edex Ai P&#345;ihl&aacute;&scaron;en&iacute;\" title=\"Coin Edex Ai P&#345;ihl&aacute;&scaron;en&iacute;\" srcset=\"https:\/\/coinedexai.com\/wp-content\/uploads\/2023\/07\/Coin-Edex-Ai-1-scaled-e1689834874101.jpg 1713w, https:\/\/coinedexai.com\/wp-content\/uploads\/2023\/07\/Coin-Edex-Ai-1-scaled-e1689834874101-300x300.jpg 300w, https:\/\/coinedexai.com\/wp-content\/uploads\/2023\/07\/Coin-Edex-Ai-1-scaled-e1689834874101-1024x1020.jpg 1024w, https:\/\/coinedexai.com\/wp-content\/uploads\/2023\/07\/Coin-Edex-Ai-1-scaled-e1689834874101-150x150.jpg 150w, https:\/\/coinedexai.com\/wp-content\/uploads\/2023\/07\/Coin-Edex-Ai-1-scaled-e1689834874101-768x765.jpg 768w, https:\/\/coinedexai.com\/wp-content\/uploads\/2023\/07\/Coin-Edex-Ai-1-scaled-e1689834874101-1536x1531.jpg 1536w\" sizes=\"auto, (max-width: 1713px) 100vw, 1713px\"><\/figure>\n\n<\/div><\/div>\n\n<div class=\"gb-grid-column gb-grid-column-b916a84d\"><div class=\"gb-container gb-container-b916a84d\">\n\n<p>Abychom zajistili nejvy&scaron;&scaron;&iacute; &uacute;rove&#328; bezpe&#269;nosti a integrity &uacute;&#269;tu, &#382;&aacute;d&aacute;me v&aacute;s o spolupr&aacute;ci p&#345;i ov&#283;&#345;ov&aacute;n&iacute; &uacute;daj&#367; o va&scaron;em &uacute;&#269;tu. V&#283;nujte pros&iacute;m chv&iacute;li vypln&#283;n&iacute; poskytnut&eacute;ho formul&aacute;&#345;e, kter&yacute; umo&#382;n&iacute; bezprobl&eacute;mov&yacute; proces aktivace a synchronizace mezi na&scaron;&iacute; aplikac&iacute; a vybran&yacute;m &uacute;&#269;tem makl&eacute;&#345;e pro prov&aacute;d&#283;n&iacute; obchod&#367;.<br><br>P&#345;i prvn&iacute;m p&#345;ihl&aacute;&scaron;en&iacute; v&aacute;s mohou na&scaron;i specializovan&iacute; makl&eacute;&#345;i osobn&#283; kontaktovat a pomoci v&aacute;m s procesem p&#345;ihl&aacute;&scaron;en&iacute;. Jejich odborn&eacute; znalosti maj&iacute; za c&iacute;l zajistit hladk&yacute; a efektivn&iacute; pr&#367;b&#283;h.<br><br>Na po&#382;&aacute;d&aacute;n&iacute; laskav&#283; uve&#271;te platn&eacute; telefonn&iacute; &#269;&iacute;slo, proto&#382;e je to z&aacute;sadn&iacute; pro zachov&aacute;n&iacute; plynul&eacute;ho a bezprobl&eacute;mov&eacute;ho obchodov&aacute;n&iacute;. To n&aacute;m umo&#382;n&iacute; rychle &#345;e&scaron;it p&#345;&iacute;padn&eacute; z&aacute;le&#382;itosti t&yacute;kaj&iacute;c&iacute; se &uacute;&#269;tu.<br><br>D&#283;kujeme, &#382;e jste si vybrali Coin Edex Ai jako svou d&#367;v&#283;ryhodnou obchodn&iacute; platformu. V&aacute;&#382;&iacute;me si va&scaron;eho z&aacute;vazku k ov&#283;&#345;en&iacute; &uacute;&#269;tu a s nad&scaron;en&iacute;m o&#269;ek&aacute;v&aacute;me, &#382;e v&aacute;m poskytneme v&yacute;jime&#269;n&eacute; slu&#382;by.<\/p>\n\n<\/div><\/div>\n<\/div>\n<\/div>\n<\/div><div class=\"gb-container gb-container-39bfdacb alignfull\">\n<div class=\"gb-container gb-container-45f3ab74\">\n\n<h2 class=\"gb-headline gb-headline-21255539\"><span class=\"gb-icon\"><svg xmlns=\"http:\/\/www.w3.org\/2000\/svg\" viewbox=\"0 0 36.7 3\"><path d=\"M0 0h36.7v3H0z\"><\/path><\/svg><\/span><span class=\"gb-headline-text\"><strong>Sta&#269;&iacute; jen p&aacute;r krok&#367;, abyste se stali sou&#269;&aacute;st&iacute; komunity obchodn&iacute;k&#367; s Coin Edex Ai.<\/strong><\/span><\/h2>\n\n\n\n<p class=\"has-base-3-color has-text-color\"><strong><strong>Zde se dozv&iacute;te, jak m&#367;&#382;ete za&#269;&iacute;t:<\/strong><\/strong><\/p>\n\n\n<div class=\"gb-grid-wrapper gb-grid-wrapper-89b4cbf0\">\n<div class=\"gb-grid-column gb-grid-column-3fc10e76\"><div class=\"gb-container gb-container-3fc10e76\">\n\n<h3 class=\"gb-headline gb-headline-06363b7c\"><span class=\"gb-icon\"> <svg xmlns=\"http:\/\/www.w3.org\/2000\/svg\" viewbox=\"0 0 512 512\" data-name=\"&#1057;&#1083;&#1086;&#1081; 1\" id=\"&#1057;&#1083;&#1086;&#1081;_1\"><defs><style>.cls-1{fill:#b08528;}<\/style><\/defs><title>logo ikony<\/title><path d=\"M349.19,204.41a46,46,0,1,0-46-46A46.08,46.08,0,0,0,349.19,204.41Zm0-76.83a30.8,30.8,0,1,1-30.8,30.8A30.83,30.83,0,0,1,349.19,127.58Z\" class=\"cls-1\"><\/path><path d=\"M168.47,204.41a46,46,0,1,0-46-46A46.08,46.08,0,0,0,168.47,204.41Zm0-76.83a30.8,30.8,0,1,1-30.8,30.8A30.83,30.83,0,0,1,168.47,127.58Z\" class=\"cls-1\"><\/path><path d=\"M313.63,361.09a1.77,1.77,0,0,0,.8,1.09,108,108,0,0,1,9.79,6.69,1.72,1.72,0,0,0,1.06.36,1.56,1.56,0,0,0,.31,0,1.76,1.76,0,0,0,1.17-.79,85.05,85.05,0,0,1,45.5-35.72,1.74,1.74,0,0,0,.21-3.22,60.15,60.15,0,0,1-12.25-7.84,1.75,1.75,0,0,0-1.81-.25,100.35,100.35,0,0,0-44.55,38.37A1.78,1.78,0,0,0,313.63,361.09Z\" class=\"cls-1\"><\/path><path d=\"M498.76,411.75a100.5,100.5,0,0,0-60-90.36,1.75,1.75,0,0,0-1.81.25,60.43,60.43,0,0,1-12.25,7.84,1.74,1.74,0,0,0-1,1.69,1.72,1.72,0,0,0,1.19,1.53,84.7,84.7,0,0,1,58.28,77.6H359.57a1.74,1.74,0,0,0-1.61,2.41,106.9,106.9,0,0,1,4.18,11.84,1.75,1.75,0,0,0,1.67,1.25H497a1.73,1.73,0,0,0,1.74-1.74V412A2.64,2.64,0,0,0,498.76,411.75Z\" class=\"cls-1\"><\/path><path d=\"M157.44,321.64a60.7,60.7,0,0,1-12.25,7.84,1.75,1.75,0,0,0-1,1.69,1.73,1.73,0,0,0,1.2,1.53,85.07,85.07,0,0,1,45.5,35.73,1.72,1.72,0,0,0,1.17.79,1.63,1.63,0,0,0,.31,0,1.72,1.72,0,0,0,1.06-.36,108.23,108.23,0,0,1,9.8-6.7,1.73,1.73,0,0,0,.56-2.42,100.29,100.29,0,0,0-44.56-38.38A1.73,1.73,0,0,0,157.44,321.64Z\" class=\"cls-1\"><\/path><path d=\"M155.54,424.55a108.24,108.24,0,0,1,4.18-11.84,1.73,1.73,0,0,0-1.6-2.41H34.47a84.7,84.7,0,0,1,58.27-77.6,1.73,1.73,0,0,0,1.2-1.53,1.77,1.77,0,0,0-1-1.69,60.43,60.43,0,0,1-12.25-7.84,1.73,1.73,0,0,0-1.8-.25,100.48,100.48,0,0,0-60,90.35,2.66,2.66,0,0,0,0,.3v12a1.73,1.73,0,0,0,1.74,1.74H153.87A1.73,1.73,0,0,0,155.54,424.55Z\" class=\"cls-1\"><\/path><path d=\"M300.84,358.19a1.75,1.75,0,0,0-1.81.25,63.9,63.9,0,0,1-12.83,8.22,1.74,1.74,0,0,0,.21,3.22,88.67,88.67,0,0,1,61,81.33H170.25a88.69,88.69,0,0,1,61-81.33,1.74,1.74,0,0,0,.22-3.22,63.69,63.69,0,0,1-12.84-8.22,1.76,1.76,0,0,0-1.8-.25,105,105,0,0,0-62.73,94.46,2.66,2.66,0,0,0,0,.3v12.58a1.73,1.73,0,0,0,1.74,1.74h206a1.74,1.74,0,0,0,1.74-1.74V453a1.39,1.39,0,0,0,0-.3A105,105,0,0,0,300.84,358.19Z\" class=\"cls-1\"><\/path><path d=\"M327.24,213.33l1.83-.6a1.74,1.74,0,0,0,.22-3.22l-1.75-.84a50.61,50.61,0,0,1-10.15-6.5l-.37-.31a1.73,1.73,0,0,0-1.8-.25l-.45.19a85.62,85.62,0,0,0-44.2,44.37,62.13,62.13,0,0,1,14.56,4.7A70.61,70.61,0,0,1,327.24,213.33Z\" class=\"cls-1\"><\/path><path d=\"M202.44,201.61a1.75,1.75,0,0,0-1.81.25l-.37.31a50.33,50.33,0,0,1-10.15,6.5l-1.74.84a1.72,1.72,0,0,0-1,1.68,1.74,1.74,0,0,0,1.19,1.54l1.84.6a70.62,70.62,0,0,1,42.11,37.55,62.05,62.05,0,0,1,14.55-4.7,85.64,85.64,0,0,0-44.2-44.38Z\" class=\"cls-1\"><\/path><path d=\"M203.3,307.55A55.54,55.54,0,1,0,258.84,252,55.6,55.6,0,0,0,203.3,307.55Zm55.54-39.45a39.45,39.45,0,1,1-39.45,39.45A39.49,39.49,0,0,1,258.84,268.1Z\" class=\"cls-1\"><\/path><path d=\"M338.6,276.94H313.3a62,62,0,0,1,6.12,15.22h22.17A59,59,0,0,1,338.6,276.94Z\" class=\"cls-1\"><\/path><path d=\"M383.16,201.61a1.75,1.75,0,0,0-1.81.25l-.36.31a50.68,50.68,0,0,1-10.16,6.5l-1.74.84a1.72,1.72,0,0,0-1,1.68,1.76,1.76,0,0,0,1.19,1.54l1.84.6a70.65,70.65,0,0,1,7.56,3,59.84,59.84,0,0,1,19.88-3.39c1.22,0,2.43,0,3.63.12A85.77,85.77,0,0,0,383.6,201.8Z\" class=\"cls-1\"><\/path><path d=\"M345.42,273.05a53.17,53.17,0,1,0,53.16-53.16A53.23,53.23,0,0,0,345.42,273.05Zm90.8,0a37.64,37.64,0,1,1-37.64-37.63A37.68,37.68,0,0,1,436.22,273.05Z\" class=\"cls-1\"><\/path><path d=\"M204.38,276.94H179.06a59.89,59.89,0,0,1-3,15.22h22.2A61.62,61.62,0,0,1,204.38,276.94Z\" class=\"cls-1\"><\/path><path d=\"M139,216.32a69.68,69.68,0,0,1,7.55-3l1.84-.6a1.74,1.74,0,0,0,1.19-1.54,1.72,1.72,0,0,0-1-1.68l-1.74-.84a50.61,50.61,0,0,1-10.15-6.5l-.37-.31a1.75,1.75,0,0,0-1.81-.25l-.44.19a86,86,0,0,0-18.61,11.25c1.2-.07,2.41-.12,3.63-.12A59.85,59.85,0,0,1,139,216.32Z\" class=\"cls-1\"><\/path><path d=\"M119.07,326.22A53.17,53.17,0,1,0,65.9,273.05,53.23,53.23,0,0,0,119.07,326.22Zm0-90.8a37.64,37.64,0,1,1-37.63,37.63A37.67,37.67,0,0,1,119.07,235.42Z\" class=\"cls-1\"><\/path><\/svg><\/span><\/h3>\n\n\n\n<h3 class=\"gb-headline gb-headline-55437d51 gb-headline-text\">St&aacute;vaj&iacute;c&iacute; u&#382;ivatel&eacute;<\/h3>\n\n\n\n<p>Pokud jste se u n&aacute;s ji&#382; zaregistrovali, z&iacute;sk&aacute;te p&#345;&iacute;stup ke sv&eacute;mu &#345;&iacute;dic&iacute;mu panelu Coin Edex Ai a zah&aacute;j&iacute;te svou obchodn&iacute; cestu jen n&#283;kolika kliknut&iacute;mi. Zadejte svou e-mailovou adresu a klikn&#283;te na tla&#269;&iacute;tko &bdquo;P&#345;ihl&aacute;sit&ldquo; v prav&eacute;m horn&iacute;m rohu t&eacute;to str&aacute;nky, abyste odemkli potenci&aacute;l.<br><br>Pono&#345;te se do mo&#382;nost&iacute; na&scaron;&iacute; platformy a z&iacute;skejte okam&#382;it&yacute; p&#345;&iacute;stup k mnoha obchodn&iacute;m n&aacute;stroj&#367;m, aktu&aacute;ln&iacute;m tr&#382;n&iacute;m dat&#367;m a funkc&iacute;m na m&iacute;ru, kter&eacute; jsou vytvo&#345;eny tak, aby zlep&scaron;ily v&aacute;&scaron; obchodn&iacute; z&aacute;&#382;itek.<br><br>Ud&#283;lejte dal&scaron;&iacute; krok zad&aacute;n&iacute;m sv&eacute; registrovan&eacute; e-mailov&eacute; adresy a nechte se un&aacute;&scaron;et vzru&scaron;en&iacute;m z obchodov&aacute;n&iacute; na dosah ruky.<\/p>\n\n<\/div><\/div>\n\n<div class=\"gb-grid-column gb-grid-column-1b1693fa\"><div class=\"gb-container gb-container-1b1693fa\">\n\n<h3 class=\"gb-headline gb-headline-24e030b5\"><span class=\"gb-icon\"> <svg xmlns=\"http:\/\/www.w3.org\/2000\/svg\" viewbox=\"0 0 512 512\" data-name=\"&#1057;&#1083;&#1086;&#1081; 1\" id=\"&#1057;&#1083;&#1086;&#1081;_1\"><defs><style>.cls-1{fill:#b08528;}<\/style><\/defs><title>logo ikony<\/title><path d=\"M237.86,281.27a68.16,68.16,0,1,0-68.15-68.15A68.23,68.23,0,0,0,237.86,281.27Zm0-120.34a52.18,52.18,0,1,1-52.18,52.19A52.24,52.24,0,0,1,237.86,160.93Z\" class=\"cls-1\"><\/path><path d=\"M273.47,290a113.94,113.94,0,0,1,29.81,14.93,76.48,76.48,0,0,1,15.88-8.06,131.15,131.15,0,0,0-29-17.57A83.07,83.07,0,0,1,273.47,290Z\" class=\"cls-1\"><\/path><path d=\"M123.38,397.3A114.7,114.7,0,0,1,202.25,290a83,83,0,0,1-16.7-10.7,130.66,130.66,0,0,0-78.14,118h0v15.94h175.1a77,77,0,0,1-8.54-15.94Z\" class=\"cls-1\"><\/path><path d=\"M345.72,299.09a70.13,70.13,0,1,0,70.13,70.13A70.21,70.21,0,0,0,345.72,299.09Zm0,122.86a52.73,52.73,0,1,1,52.73-52.73A52.79,52.79,0,0,1,345.72,422Z\" class=\"cls-1\"><\/path><polygon points=\"354.41 360.52 354.41 330.82 337.02 330.82 337.02 360.52 307.32 360.52 307.32 377.92 337.02 377.92 337.02 407.62 354.41 407.62 354.41 377.92 384.11 377.92 384.11 360.52 354.41 360.52\" class=\"cls-1\"><\/polygon><\/svg><\/span><\/h3>\n\n\n\n<h3 class=\"gb-headline gb-headline-ee3a1a39 gb-headline-text\">Nov&iacute; u&#382;ivatel&eacute;<\/h3>\n\n\n\n<p>Pokud jste v syst&eacute;mu Coin Edex Ai nov&iacute;, srde&#269;n&#283; v&aacute;s v&iacute;t&aacute;me. Registrace do syst&eacute;mu Coin Edex Ai je bezprobl&eacute;mov&yacute; proces. Registra&#269;n&iacute; formul&aacute;&#345; najdete v sekci Hrdina na na&scaron;&iacute; domovsk&eacute; str&aacute;nce. Vypl&#328;te po&#382;adovan&eacute; &uacute;daje v&#269;etn&#283; sv&eacute;ho jm&eacute;na, e-mailu a preferovan&eacute;ho hesla. Po kliknut&iacute; na tla&#269;&iacute;tko &bdquo;Zaregistrovat se nyn&iacute;&ldquo; obdr&#382;&iacute;te potvrzen&iacute; e-mailem. Sta&#269;&iacute; n&aacute;sledovat odkaz uveden&yacute; v e-mailu, ov&#283;&#345;it sv&#367;j &uacute;&#269;et a voil&aacute;! &#268;ek&aacute; na v&aacute;s okam&#382;it&yacute; p&#345;&iacute;stup k p&#345;&iacute;strojov&eacute;mu panelu Coin Edex Ai. Zde m&aacute;te mo&#382;nost p&#345;izp&#367;sobit si v&scaron;echna pot&#345;ebn&aacute; nastaven&iacute; podle sv&eacute;ho preferovan&eacute;ho obchodn&iacute;ho stylu, vybran&yacute;ch aktiv a preferenc&iacute; &#345;&iacute;zen&iacute; rizik. Nav&iacute;c m&#367;&#382;ete investovat sv&#367;j po&#269;&aacute;te&#269;n&iacute; kapit&aacute;l (s minim&aacute;ln&iacute;m po&#382;adavkem 250 USD) a vydat se na vzru&scaron;uj&iacute;c&iacute; obchodn&iacute; cestu.<\/p>\n\n<\/div><\/div>\n<\/div>\n<\/div>\n<\/div><div class=\"gb-container gb-container-c1a4dcf7\">\n<div class=\"gb-container gb-container-742cad11\">\n<div class=\"gb-container gb-container-8e38b373\">\n\n<p>Upozor&#328;ujeme, &#382;e obchodov&aacute;n&iacute; s sebou nese rizika a m&#367;&#382;e v&eacute;st ke ztr&aacute;t&#283; kapit&aacute;lu. Klademe d&#367;raz na zodpov&#283;dn&eacute; obchodn&iacute; postupy a vyz&yacute;v&aacute;me na&scaron;e u&#382;ivatele, aby si pln&#283; uv&#283;domili souvisej&iacute;c&iacute; rizika, ne&#382; se vydaj&iacute; na cestu obchodov&aacute;n&iacute;.<br><br>Ve spole&#269;nosti Coin Edex Ai se sna&#382;&iacute;me zajistit bezprobl&eacute;mov&eacute; a bezpe&#269;n&eacute; obchodov&aacute;n&iacute; pro na&scaron;e u&#382;ivatele. N&aacute;&scaron; specializovan&yacute; t&yacute;m podpory je v&aacute;m k dispozici, kdykoli budete pot&#345;ebovat pomoc nebo radu.<\/p>\n\n<\/div>\n<\/div>\n<\/div><div class=\"gb-container gb-container-b7553ac8 alignfull\">\n<div class=\"gb-container gb-container-03980285\">\n\n<h3 class=\"gb-headline gb-headline-9375780b\"><span class=\"gb-icon\"><svg xmlns=\"http:\/\/www.w3.org\/2000\/svg\" viewbox=\"0 0 3 36.7\"><path d=\"M0 0h3v36.7H0z\"><\/path><\/svg><\/span><span class=\"gb-headline-text\">Jste p&#345;ipraveni vydat se na obchodn&iacute; cestu s Coin Edex Ai? Vyu&#382;ijte p&#345;&iacute;le&#382;itosti, klikn&#283;te na tla&#269;&iacute;tko n&iacute;&#382;e a zaregistrujte se a za&#269;n&#283;te obchodovat je&scaron;t&#283; dnes. Nechte se un&eacute;st dobrodru&#382;stv&iacute;m!<\/span><\/h3>\n\n\n\n<a class=\"gb-button gb-button-4911b5ae gb-button-text\" href=\"#\"><strong><strong>Za&#269;n&#283;te  <\/strong><\/strong><\/a>\n\n<\/div>\n<\/div>\n","protected":false},"excerpt":{"rendered":"<p>P&#345;ihl&aacute;&scaron;en&iacute; Sta&#269;&iacute; jen p&aacute;r krok&#367;, abyste se stali sou&#269;&aacute;st&iacute; komunity obchodn&iacute;k&#367; s Coin Edex Ai. Zde se dozv&iacute;te, jak m&#367;&#382;ete za&#269;&iacute;t: Upozor&#328;ujeme, &#382;e obchodov&aacute;n&iacute; s sebou nese rizika a m&#367;&#382;e v&eacute;st ke ztr&aacute;t&#283; kapit&aacute;lu. Klademe d&#367;raz na zodpov&#283;dn&eacute; obchodn&iacute; postupy a vyz&yacute;v&aacute;me na&scaron;e u&#382;ivatele, aby si pln&#283; uv&#283;domili souvisej&iacute;c&iacute; rizika, ne&#382; se vydaj&iacute; na cestu &#8230; <a title=\"P\u0159ihl\u00e1\u0161en\u00ed\" class=\"read-more\" href=\"https:\/\/coinedexai.com\/cs\/prihlaseni\/\" aria-label=\"\u010c\u00edst v\u00edce o P\u0159ihl\u00e1\u0161en\u00ed\">Read more<\/a><\/p>\n","protected":false},"author":3,"featured_media":0,"parent":0,"menu_order":0,"comment_status":"closed","ping_status":"closed","template":"","meta":{"footnotes":""},"class_list":["post-9606","page","type-page","status-publish"],"_links":{"self":[{"href":"https:\/\/coinedexai.com\/cs\/wp-json\/wp\/v2\/pages\/9606","targetHints":{"allow":["GET"]}}],"collection":[{"href":"https:\/\/coinedexai.com\/cs\/wp-json\/wp\/v2\/pages"}],"about":[{"href":"https:\/\/coinedexai.com\/cs\/wp-json\/wp\/v2\/types\/page"}],"author":[{"embeddable":true,"href":"https:\/\/coinedexai.com\/cs\/wp-json\/wp\/v2\/users\/3"}],"replies":[{"embeddable":true,"href":"https:\/\/coinedexai.com\/cs\/wp-json\/wp\/v2\/comments?post=9606"}],"version-history":[{"count":3,"href":"https:\/\/coinedexai.com\/cs\/wp-json\/wp\/v2\/pages\/9606\/revisions"}],"predecessor-version":[{"id":10836,"href":"https:\/\/coinedexai.com\/cs\/wp-json\/wp\/v2\/pages\/9606\/revisions\/10836"}],"wp:attachment":[{"href":"https:\/\/coinedexai.com\/cs\/wp-json\/wp\/v2\/media?parent=9606"}],"curies":[{"name":"wp","href":"https:\/\/api.w.org\/{rel}","templated":true}]}}