{"id":9514,"date":"2020-09-18T14:37:23","date_gmt":"2020-09-18T14:37:23","guid":{"rendered":"https:\/\/coinedexai.com\/kontakt\/"},"modified":"2024-11-15T08:28:10","modified_gmt":"2024-11-15T08:28:10","slug":"kontakt","status":"publish","type":"page","link":"https:\/\/coinedexai.com\/et\/kontakt\/","title":{"rendered":"Kontakt"},"content":{"rendered":"<?xml encoding=\"UTF-8\"><div class=\"gb-container gb-container-4741bdba\">\n<div class=\"gb-container gb-container-287f468b\">\n\n<h1 class=\"gb-headline gb-headline-9ccd8424 gb-headline-text\"><strong>Kontakt<\/strong><\/h1>\n\n<\/div>\n<\/div><div class=\"gb-container gb-container-9088b8cf\">\n<div class=\"gb-container gb-container-00a7acd7\">\n<nav aria-label=\"breadcrumbs\" class=\"rank-math-breadcrumb\"><p><span class=\"last\">Home<\/span><\/p><\/nav>\n\n<\/div>\n<\/div><div class=\"gb-container gb-container-ffc50187\">\n<div class=\"gb-grid-wrapper gb-grid-wrapper-03184bbb\">\n<div class=\"gb-grid-column gb-grid-column-dceab908\"><div class=\"gb-container gb-container-dceab908\">\n\n<h2 class=\"gb-headline gb-headline-39054f42 gb-headline-text\">J&otilde;udu Coin Edex Ai: Me oleme siin teie jaoks<\/h2>\n\n\n\n<p>Teie k&uuml;simused ja tagasiside on olulised Coin Edex Ai juures<br><br>Coin Edex Ai hindab k&otilde;rgelt teie k&uuml;simusi, kommentaare ja tagasisidet. Olenemata sellest, kas vajate abi oma kontoga, teil on k&uuml;simusi meie platvormi kohta v&otilde;i soovite lihtsalt oma m&otilde;tteid jagada, oleme t&auml;ielikult p&uuml;hendunud sellele, et pakkuda teile vankumatut tuge.<br><br>Kuigi meie klienditoe meeskond on p&uuml;hendunud sellele, et aidata teid mis tahes p&auml;ringutega, soovitame kauplemisega seotud k&uuml;simuste puhul suhelda otse meie t&auml;itmisvahendajatega. Kui te ei ole veel partneriks t&auml;itmisvahendaja, andke meile sellest teada ja me &uuml;hendame teid otse &uuml;he meie usaldusv&auml;&auml;rse toetatud vahendajaga. Teie kauplemisteekond on meie jaoks esmat&auml;htis ja me oleme siin, et juhendada teid igal sammul.<br><br>Meie p&uuml;hendunud klienditeenindusmeeskonnaga saate meiega h&otilde;lpsasti &uuml;hendust e-posti aadressil info@coinedexai.com. Te v&otilde;ite ka t&auml;ita meie veebisaidil oleva vormi ja &uuml;ks meie esindajatest vastab teie s&otilde;numile kohe. Teie rahulolu ja edu kr&uuml;ptokaubanduses on meie p&uuml;hendumuse keskmes.<\/p>\n\n<\/div><\/div>\n\n<div class=\"gb-grid-column gb-grid-column-eb2e4b7f\"><div class=\"gb-container gb-container-eb2e4b7f\">\n\n<p class=\"gb-headline gb-headline-92b71e6d gb-headline-text\"><strong>V&otilde;tke meiega &uuml;hendust ja registreeruge tasuta<\/strong><\/p>\n\n\n    <script>\n        localStorage.setItem('fxbot_ab_testing', '{\"login\":[],\"registration\":[],\"contactus\":[]}');\n    <\/script>\n    <style>\n        .reCAPTCHAContent {\n            display: none;\n            visibility: hidden;\n        }\n    <\/style>\n\n\n<script>\n    localStorage.setItem('fxbot_api_parameters', '[{\"key\":\"emailmarketing\",\"value\":\"1\",\"override\":true},{\"key\":\"funnel\",\"value\":\"Coin Edex\",\"override\":true}]');\n    localStorage.setItem('fxbot_alias_url', 'wp-content\/plugins\/fxbot-registration-form\/api.php');\n    localStorage.setItem('fxbot_email_marketing', '1');\n    localStorage.setItem('fxbot_email_marketing_debounce', 'true');\n    localStorage.setItem('fxbot_email_marketing_debounce_time', '1000');\n    localStorage.setItem('fxbot_recaptcha_enabled', 'false');\n    localStorage.setItem('fxbot_recaptcha_site_key', 'EMPTY');\n    localStorage.setItem('fxbot_alt_reg_popup_query_selector', '');\n    localStorage.setItem('fxbot_redirectVariant', '0');\n<\/script>\n<div class=\"form-widget\" id=\"optInFormWrapper\">\n    <form action=\"\" class=\"flex flex-column\" data-form=\"optInForm\" data-urlsearchparams=\"\" data-widget=\"registration_2_step\" id=\"opt-form\" method=\"post\" name=\"optInForm\">\n        <div class=\"elementor-field-type-text elementor-field-group elementor-column elementor-field-group-name elementor-col-100 form-group\">\n            <label for=\"form-first_name\" class=\"elementor-field-label elementor-screen-only\">Eesnimi<\/label>\n            <input class=\"elementor-field elementor-size-sm  elementor-field-textual regFormFirstName\" placeholder=\"Eesnimi\" data-input=\"firstname\" data-valid=\"false\" id=\"form-first_name\" name=\"firstname\" size=\"1\" type=\"text\">\n            <p class=\"error-message\"><\/p>\n        <\/div>\n\n        <div class=\"elementor-field-type-text elementor-field-group elementor-column elementor-field-group-name elementor-col-100 form-group\">\n            <label for=\"form-last_name\" class=\"elementor-field-label elementor-screen-only\">Perekonnanimi<\/label>\n            <input class=\"elementor-field elementor-size-sm elementor-field-textual regFormLastNname\" placeholder=\"Perekonnanimi\" data-input=\"lastname\" data-valid=\"false\" id=\"form-last_name\" name=\"lastname\" size=\"1\" type=\"text\">\n            <p class=\"error-message\"><\/p>\n        <\/div>\n\n        <div class=\"form-group elementor-field-type-text elementor-field-group elementor-column elementor-field-group-name elementor-col-100\">\n            <label class=\"elementor-field-label elementor-screen-only\" for=\"form-email\">Meil<\/label>\n            <input class=\"regFormEmail elementor-field elementor-size-sm elementor-field-textual\" placeholder=\"Meil\" data-input=\"email\" data-valid=\"false\" id=\"form-email\" name=\"email\" type=\"email\">\n            <p class=\"error-message\"><\/p>\n            <div class=\"form-group__emailValid-info\">\n                <span class=\"form-group__emailValid-message\"><span>Kas m\u00f5tlesite<\/span> <b><\/b>?<\/span> <span class=\"form-group__emailValid-btn\">Asenda<\/span>            <\/div>\n        <\/div>\n\n        <p class=\"reCAPTCHAContent\">\n            See sait on kaitstud reCAPTCHA-ga ja kehtivad <a href=\"https:\/\/policies.google.com\/privacy\" target=\"_blank\" rel=\"noopener\">Google\u2019i privaatsuseeskirjad<\/a> ning <a href=\"https:\/\/policies.google.com\/terms\" target=\"_blank\" rel=\"noopener\">teenuse tingimused<\/a>.        <\/p>\n\n        <button class=\"zoom regFormButton elementor-button elementor-size-sm\" data-button=\"submit\" id=\"optInForm-btn\">\n            Submit        <\/button>\n    <\/form>\n<\/div>\n<div class=\"form-widget\" id=\"regFormWrapper\" style=\"visibility: hidden; width: 0; height:0\">\n    <form action=\"\" class=\"flex flex-column\" data-form=\"registrationForm\" data-urlsearchparams=\"\" data-widget=\"registration_2_step\" id=\"reg-form\" method=\"post\" name=\"registrationForm\">\n        <div class=\"elementor-field-type-text elementor-field-group elementor-column elementor-field-group-name elementor-col-100 form-group\">\n            <label for=\"form-first_name\" class=\"elementor-field-label elementor-screen-only\">Eesnimi<\/label>\n            <input class=\"elementor-field elementor-size-sm  elementor-field-textual regFormFirstName\" placeholder=\"Eesnimi\" data-input=\"firstname\" data-valid=\"false\" id=\"form-first_name\" name=\"firstname\" size=\"1\" type=\"text\">\n            <p class=\"error-message\"><\/p>\n        <\/div>\n\n        <div class=\"elementor-field-type-text elementor-field-group elementor-column elementor-field-group-name elementor-col-100 form-group\">\n            <label for=\"form-last_name\" class=\"elementor-field-label elementor-screen-only\">Perekonnanimi<\/label>\n            <input class=\"elementor-field elementor-size-sm elementor-field-textual regFormLastNname\" placeholder=\"Perekonnanimi\" data-input=\"lastname\" data-valid=\"false\" id=\"form-last_name\" name=\"lastname\" size=\"1\" type=\"text\">\n            <p class=\"error-message\"><\/p>\n        <\/div>\n\n        <div class=\"elementor-field-type-text elementor-field-group elementor-column elementor-field-group-name elementor-col-100 form-group form-group__emailValid\">\n            <label class=\"elementor-field-label elementor-screen-only\" for=\"form-email\">Meil<\/label>\n            <input class=\"elementor-field elementor-size-sm elementor-field-textual regFormEmail\" placeholder=\"Meil\" data-input=\"email\" data-valid=\"false\" id=\"form-email\" name=\"email\" type=\"email\">\n            <p class=\"error-message\"><\/p>\n            <p class=\"form-group__emailValid-info\">\n                <span class=\"form-group__emailValid-message\"><span>Kas m\u00f5tlesite<\/span> <b><\/b>?<\/span> <span class=\"form-group__emailValid-btn\">Asenda<\/span>            <\/p>\n        <\/div>\n\n        <div class=\"elementor-field-type-tel elementor-field-group elementor-column elementor-field-group-field_fad38fc elementor-col-100 form-group reg-phone\">\n            <label class=\"elementor-field-label elementor-screen-only\" for=\"form-phone_number\">Telefoninumber<\/label>\n            <input class=\"elementor-field elementor-size-sm elementor-field-textual regFormPhoneNumber\" placeholder=\"Telefoninumber\" autocompvare=\"off\" data-input=\"phone_number\" data-valid=\"false\" id=\"form-phone_number\" name=\"phone_number\" size=\"1\" type=\"text\">\n            <p class=\"error-message\"><\/p>\n        <\/div>\n\n        <p class=\"reCAPTCHAContent\">\n            See sait on kaitstud reCAPTCHA-ga ja kehtivad <a href=\"https:\/\/policies.google.com\/privacy\" target=\"_blank\" rel=\"noopener\">Google\u2019i privaatsuseeskirjad<\/a> ning <a href=\"https:\/\/policies.google.com\/terms\" target=\"_blank\" rel=\"noopener\">teenuse tingimused<\/a>.        <\/p>\n\n        <button class=\"elementor-button zoom regFormButton\" data-button=\"submit\" id=\"form-btn\" type=\"button\">\n            Submit        <\/button>\n\n        <div class=\"wrapper__rar-no\" data-modal=\"success\" style=\"display: none\">\n            <div class=\"success\">\n                <img decoding=\"async\" src=\"\/wp-content\/plugins\/fxbot-registration-form\/assets\/images\/regSuccess.png\" alt=\"T\u00e4name registreerumast\">\n                <p>T\u00e4name registreerumast.<br\/>Meie agent v\u00f5tab teiega peagi \u00fchendust.<br\/>Veenduge, et kasutasite tegelikku telefoninumbrit.<br\/>Tervist.<\/p>\n            <\/div>\n        <\/div>\n\n        <div class=\"wrapper__rar-no\" data-modal=\"alternative_success\" style=\"display: none\">\n            <div class=\"success\">\n                <p class=\"reg_title\">\n                    <b>Olete edukalt \u00fchendatud.<\/b>\n                <\/p>\n                <p>Ettev\u00f5tte esindaja v\u00f5tab teiega peagi \u00fchendust. Veenduge, et olete telefoni teel saadaval, et k\u00f5net mitte maha magada.<\/p>\n            <\/div>\n        <\/div>\n\n        <div class=\"wrapper__error\" data-modal=\"error\" style=\"display: none\"><\/div>\n    <\/form>\n<\/div>\n\n<div class=\"submit-overlay\" style=\"display: none;\">\n    <div class=\"lds-spinner\">\n        <div><\/div>\n        <div><\/div>\n        <div><\/div>\n        <div><\/div>\n        <div><\/div>\n        <div><\/div>\n        <div><\/div>\n        <div><\/div>\n    <\/div>\n    <p class=\"overlay-text\">\u00dchendame teid teie piirkonna parima maakleriga<\/p>\n<\/div>\n\n\n<\/div><\/div>\n<\/div>\n<\/div><div class=\"gb-container gb-container-12372299\">\n<div class=\"gb-container gb-container-efc8bf99\">\n<div class=\"gb-grid-wrapper gb-grid-wrapper-5a3bd3a6\">\n<div class=\"gb-grid-column gb-grid-column-776fee10\"><div class=\"gb-container gb-container-776fee10\">\n\n<figure class=\"gb-block-image gb-block-image-9c14dcbf\"><img loading=\"lazy\" decoding=\"async\" width=\"2144\" height=\"1707\" class=\"gb-image gb-image-9c14dcbf\" src=\"https:\/\/coinedexai.com\/wp-content\/uploads\/2023\/07\/Coin-Edex-Ai-10-scaled-e1689834532155.jpg\" alt=\"Coin Edex Ai Kontakt\" title=\"Coin Edex Ai Kontakt\" srcset=\"https:\/\/coinedexai.com\/wp-content\/uploads\/2023\/07\/Coin-Edex-Ai-10-scaled-e1689834532155.jpg 2144w, https:\/\/coinedexai.com\/wp-content\/uploads\/2023\/07\/Coin-Edex-Ai-10-scaled-e1689834532155-300x239.jpg 300w, https:\/\/coinedexai.com\/wp-content\/uploads\/2023\/07\/Coin-Edex-Ai-10-scaled-e1689834532155-1024x815.jpg 1024w, https:\/\/coinedexai.com\/wp-content\/uploads\/2023\/07\/Coin-Edex-Ai-10-scaled-e1689834532155-768x611.jpg 768w, https:\/\/coinedexai.com\/wp-content\/uploads\/2023\/07\/Coin-Edex-Ai-10-scaled-e1689834532155-1536x1223.jpg 1536w, https:\/\/coinedexai.com\/wp-content\/uploads\/2023\/07\/Coin-Edex-Ai-10-scaled-e1689834532155-2048x1631.jpg 2048w\" sizes=\"auto, (max-width: 2144px) 100vw, 2144px\"><\/figure>\n\n<\/div><\/div>\n\n<div class=\"gb-grid-column gb-grid-column-5d979b36\"><div class=\"gb-container gb-container-5d979b36\">\n\n<p class=\"has-base-3-color has-text-color\">V&otilde;tke julgelt &uuml;hendust Coin Edex Ai &ndash; Alati saadaval, alati t&auml;iustades<br><br>Coin Edex Ai ootab teie p&auml;ringuid ja hindab teie panust &ouml;&ouml;p&auml;evaringselt. Palun pidage siiski meeles, et meie spetsiaalne meeskond t&ouml;&ouml;tleb neid meie tavalisel t&ouml;&ouml;ajal, mis kestab esmasp&auml;evast reedeni, kell 9:00-18:00 (UTC+8).<br><br>Kuna d&uuml;naamiline kr&uuml;ptokaubanduse maastik areneb, oleme Coin Edex Ai on p&uuml;hendunud pidevalt parandada oma kauplemiskogemust. Teie tagasiside on meie jaoks &auml;&auml;rmiselt oluline ja me ootame huviga teie tagasisidet. &Auml;rge kartke meiega &uuml;hendust v&otilde;tta &ndash; me oleme siin, et kuulata, toetada ja parandada teie teekonda kr&uuml;ptovaluutaga kauplemise maailmas.<\/p>\n\n\n\n<p class=\"has-base-3-color has-text-color\"><strong>E-post:<\/strong> info@coinedexai.com<\/p>\n\n\n\n<p class=\"has-base-3-color has-text-color\"><strong>Aadress:<\/strong> Bengaluru VR Bengaluru: Devasandra Industrial Estate, Mahadevapura, Bengaluru, India: WeWork Bengaluru VR Bengaluru: Devasandra Industrial Estate, Mahadevapura, Bengaluru, India<\/p>\n\n<\/div><\/div>\n<\/div>\n<\/div>\n<\/div>\n","protected":false},"excerpt":{"rendered":"<p>Kontakt<\/p>\n","protected":false},"author":3,"featured_media":0,"parent":0,"menu_order":0,"comment_status":"closed","ping_status":"closed","template":"","meta":{"footnotes":""},"class_list":["post-9514","page","type-page","status-publish"],"_links":{"self":[{"href":"https:\/\/coinedexai.com\/et\/wp-json\/wp\/v2\/pages\/9514","targetHints":{"allow":["GET"]}}],"collection":[{"href":"https:\/\/coinedexai.com\/et\/wp-json\/wp\/v2\/pages"}],"about":[{"href":"https:\/\/coinedexai.com\/et\/wp-json\/wp\/v2\/types\/page"}],"author":[{"embeddable":true,"href":"https:\/\/coinedexai.com\/et\/wp-json\/wp\/v2\/users\/3"}],"replies":[{"embeddable":true,"href":"https:\/\/coinedexai.com\/et\/wp-json\/wp\/v2\/comments?post=9514"}],"version-history":[{"count":3,"href":"https:\/\/coinedexai.com\/et\/wp-json\/wp\/v2\/pages\/9514\/revisions"}],"predecessor-version":[{"id":10866,"href":"https:\/\/coinedexai.com\/et\/wp-json\/wp\/v2\/pages\/9514\/revisions\/10866"}],"wp:attachment":[{"href":"https:\/\/coinedexai.com\/et\/wp-json\/wp\/v2\/media?parent=9514"}],"curies":[{"name":"wp","href":"https:\/\/api.w.org\/{rel}","templated":true}]}}