{"id":9379,"date":"2023-06-08T08:45:51","date_gmt":"2023-06-08T08:45:51","guid":{"rendered":"https:\/\/coinedexai.com\/kayttoehdot\/"},"modified":"2023-09-07T07:48:32","modified_gmt":"2023-09-07T07:48:32","slug":"kayttoehdot","status":"publish","type":"page","link":"https:\/\/coinedexai.com\/fi\/kayttoehdot\/","title":{"rendered":"K\u00e4ytt\u00f6ehdot"},"content":{"rendered":"<?xml encoding=\"UTF-8\"><div class=\"gb-container gb-container-4741bdba\">\n<div class=\"gb-container gb-container-56cd92c2\">\n\n<h1 class=\"gb-headline gb-headline-9ccd8424 gb-headline-text\"><strong>K&auml;ytt&ouml;ehdot<\/strong><\/h1>\n\n<\/div>\n<\/div><div class=\"gb-container gb-container-697c0dfe\">\n<div class=\"gb-container gb-container-cd3685e5\">\n\n<p>Viimeksi p&auml;ivitetty: Kes&auml;kuu 13, 2023<\/p>\n\n\n\n<p>Lue n&auml;m&auml; ehdot huolellisesti ennen palvelumme k&auml;ytt&auml;mist&auml;.<\/p>\n\n\n\n<figure class=\"gb-block-image gb-block-image-42ea4797\"><img loading=\"lazy\" decoding=\"async\" width=\"300\" height=\"109\" class=\"gb-image gb-image-42ea4797\" src=\"https:\/\/coinedexai.com\/wp-content\/uploads\/2023\/07\/Coin-Edex-Ai-black-logo-300x109.png\" alt=\"Kolikko Edex Ai musta logo\" title=\"Kolikko Edex Ai musta logo\" srcset=\"https:\/\/coinedexai.com\/wp-content\/uploads\/2023\/07\/Coin-Edex-Ai-black-logo-300x109.png 300w, https:\/\/coinedexai.com\/wp-content\/uploads\/2023\/07\/Coin-Edex-Ai-black-logo-1024x370.png 1024w, https:\/\/coinedexai.com\/wp-content\/uploads\/2023\/07\/Coin-Edex-Ai-black-logo-768x278.png 768w, https:\/\/coinedexai.com\/wp-content\/uploads\/2023\/07\/Coin-Edex-Ai-black-logo-1536x556.png 1536w, https:\/\/coinedexai.com\/wp-content\/uploads\/2023\/07\/Coin-Edex-Ai-black-logo-2048x741.png 2048w\" sizes=\"auto, (max-width: 300px) 100vw, 300px\"><\/figure>\n\n\n\n<h2 class=\"wp-block-heading\">Tulkinta ja m&auml;&auml;ritelm&auml;t<\/h2>\n\n\n\n<h3 class=\"wp-block-heading\">Tulkinta<\/h3>\n\n\n\n<p>Sanoilla, joiden alkukirjain on kirjoitettu isolla alkukirjaimella, on seuraavin edellytyksin m&auml;&auml;ritelty merkitys. Seuraavilla m&auml;&auml;ritelmill&auml; on sama merkitys riippumatta siit&auml;, esiintyv&auml;tk&ouml; ne yksik&ouml;ss&auml; vai monikossa.<\/p>\n\n\n\n<h3 class=\"wp-block-heading\">M&auml;&auml;ritelm&auml;t<\/h3>\n\n\n\n<p>N&auml;iss&auml; ehdoissa tarkoitetaan:<\/p>\n\n\n\n<ul class=\"wp-block-list\">\n<li><strong>Sidosyksik&ouml;ll&auml;<\/strong> tarkoitetaan yhteis&ouml;&auml;, jolla on m&auml;&auml;r&auml;ysvalta, joka on osapuolen m&auml;&auml;r&auml;ysvallassa tai joka on sen kanssa yhteisess&auml; m&auml;&auml;r&auml;ysvallassa, kun &rdquo;m&auml;&auml;r&auml;ysvallalla&rdquo; tarkoitetaan v&auml;hint&auml;&auml;n 50 prosentin omistusosuutta osakkeista, osuuksista tai muista arvopapereista, jotka oikeuttavat &auml;&auml;nest&auml;m&auml;&auml;n hallituksen j&auml;senten valinnassa tai muussa johtavassa asemassa.<\/li>\n\n\n\n<li><strong>Maa<\/strong> viittaa: Yhdistynyt kuningaskunta<\/li>\n\n\n\n<li><strong>Yritys<\/strong> (j&auml;ljemp&auml;n&auml; t&auml;ss&auml; sopimuksessa joko &rdquo;yritys&rdquo;, &rdquo;me&rdquo;, &rdquo;meit&auml;&rdquo; tai &rdquo;meid&auml;n&rdquo;) tarkoittaa Coin Edex Ai.<\/li>\n\n\n\n<li><strong>Laitteella<\/strong> tarkoitetaan mit&auml; tahansa laitetta, jolla palvelua voidaan k&auml;ytt&auml;&auml;, kuten tietokonetta, matkapuhelinta tai digitaalista tablettia.<\/li>\n\n\n\n<li><strong>Palvelu<\/strong> tarkoittaa verkkosivustoa.<\/li>\n\n\n\n<li><strong>Ehdot<\/strong> (my&ouml;s &rdquo;Ehdot&rdquo;) tarkoittavat n&auml;it&auml; ehtoja, jotka muodostavat koko sopimuksen sinun ja Yhti&ouml;n v&auml;lill&auml; Palvelun k&auml;yt&ouml;st&auml;.<\/li>\n\n\n\n<li><strong>Kolmannen osapuolen sosiaalisen median palvelu<\/strong> tarkoittaa kolmannen osapuolen tarjoamia palveluja tai sis&auml;lt&ouml;&auml; (mukaan lukien tiedot, informaatio, tuotteet tai palvelut), jotka voidaan n&auml;ytt&auml;&auml;, sis&auml;llytt&auml;&auml; tai asettaa saataville palvelussa.<\/li>\n\n\n\n<li><strong>Verkkosivusto<\/strong> viittaa Coin Edex Ai -verkkosivustoon, johon p&auml;&auml;see osoitteesta <a href=\"http:\/\/coinedexai.com\/\" data-type=\"page\" data-id=\"3554\">coinedexai.<\/a>com.<\/li>\n\n\n\n<li><strong>Sin&auml;<\/strong> tarkoitat palvelua k&auml;ytt&auml;v&auml;&auml; tai k&auml;ytt&auml;v&auml;&auml; henkil&ouml;&auml; tai yrityst&auml; tai muuta oikeushenkil&ouml;&auml;, jonka puolesta kyseinen henkil&ouml; k&auml;ytt&auml;&auml; tai k&auml;ytt&auml;&auml; palvelua, soveltuvin osin.<\/li>\n<\/ul>\n\n\n\n<h2 class=\"wp-block-heading\">Kuittaus<\/h2>\n\n\n\n<p>N&auml;m&auml; ovat t&auml;m&auml;n palvelun k&auml;ytt&ouml;&auml; koskevat ehdot ja sopimus, joka on voimassa sinun ja yhti&ouml;n v&auml;lill&auml;. N&auml;iss&auml; k&auml;ytt&ouml;ehdoissa m&auml;&auml;ritell&auml;&auml;n kaikkien k&auml;ytt&auml;jien oikeudet ja velvollisuudet Palvelun k&auml;yt&ouml;ss&auml;.<\/p>\n\n\n\n<p>Palvelun k&auml;ytt&ouml;oikeus ja k&auml;ytt&ouml; edellytt&auml;&auml;, ett&auml; hyv&auml;ksyt ja noudatat n&auml;it&auml; k&auml;ytt&ouml;ehtoja. N&auml;it&auml; k&auml;ytt&ouml;ehtoja sovelletaan kaikkiin k&auml;vij&ouml;ihin, k&auml;ytt&auml;jiin ja muihin henkil&ouml;ihin, jotka k&auml;ytt&auml;v&auml;t palvelua.<\/p>\n\n\n\n<p>K&auml;ytt&auml;m&auml;ll&auml; palvelua tai k&auml;ytt&auml;m&auml;ll&auml; palvelua hyv&auml;ksyt, ett&auml; n&auml;m&auml; k&auml;ytt&ouml;ehdot sitovat sinua. Jos olet eri mielt&auml; n&auml;iden k&auml;ytt&ouml;ehtojen jostakin osasta, et saa k&auml;ytt&auml;&auml; Palvelua.<\/p>\n\n\n\n<p>Vakuutat olevasi yli 18-vuotias. Yhti&ouml; ei salli alle 18-vuotiaiden k&auml;ytt&auml;&auml; Palvelua.<\/p>\n\n\n\n<p>Palvelun k&auml;ytt&ouml; edellytt&auml;&auml; my&ouml;s, ett&auml; hyv&auml;ksyt ja noudatat Yhti&ouml;n tietosuojak&auml;yt&auml;nt&ouml;&auml;. Tietosuojak&auml;yt&auml;nt&ouml;mme kuvaa k&auml;yt&auml;nt&ouml;j&auml;mme ja menettelyj&auml;mme, jotka koskevat henkil&ouml;tietojesi ker&auml;&auml;mist&auml;, k&auml;ytt&ouml;&auml; ja luovuttamista, kun k&auml;yt&auml;t Sovellusta tai Verkkosivustoa, ja kertoo sinulle tietosuojaoikeuksistasi ja siit&auml;, miten laki suojaa sinua. Lue tietosuojak&auml;yt&auml;nt&ouml;mme huolellisesti ennen palvelumme k&auml;ytt&auml;mist&auml;.<\/p>\n\n\n\n<h2 class=\"wp-block-heading\">Linkit muille verkkosivustoille<\/h2>\n\n\n\n<p>Palvelumme voi sis&auml;lt&auml;&auml; linkkej&auml; kolmansien osapuolten verkkosivustoille tai palveluihin, jotka eiv&auml;t ole Yhti&ouml;n omistuksessa tai valvonnassa.<\/p>\n\n\n\n<p>Yhti&ouml;ll&auml; ei ole m&auml;&auml;r&auml;ysvaltaa eik&auml; se ota vastuuta kolmansien osapuolten verkkosivustojen tai palveluiden sis&auml;ll&ouml;st&auml;, tietosuojak&auml;yt&auml;nn&ouml;ist&auml; tai k&auml;yt&auml;nn&ouml;ist&auml;. Lis&auml;ksi k&auml;ytt&auml;j&auml; ymm&auml;rt&auml;&auml; ja hyv&auml;ksyy, ett&auml; yritys ei ole vastuussa suoraan tai v&auml;lillisesti mist&auml;&auml;n vahingoista tai menetyksist&auml;, jotka aiheutuvat tai joiden v&auml;itet&auml;&auml;n aiheutuneen tai jotka liittyv&auml;t t&auml;llaisten verkkosivustojen tai palvelujen k&auml;yt&ouml;st&auml; tai niihin luottamisesta tai jotka ovat saatavilla t&auml;llaisilla verkkosivustoilla tai palvelujen kautta.<\/p>\n\n\n\n<p>Suosittelemme, ett&auml; luet kaikkien vieraillessasi k&auml;ytt&auml;miesi kolmansien osapuolten verkkosivustojen tai palveluiden k&auml;ytt&ouml;ehdot ja tietosuojak&auml;yt&auml;nn&ouml;t.<\/p>\n\n\n\n<h2 class=\"wp-block-heading\">Lopetus<\/h2>\n\n\n\n<p>Voimme lopettaa tai keskeytt&auml;&auml; k&auml;ytt&ouml;oikeutesi v&auml;litt&ouml;m&auml;sti ilman ennakkoilmoitusta tai vastuuta mist&auml; tahansa syyst&auml;, mukaan lukien rajoituksetta, jos rikot n&auml;it&auml; k&auml;ytt&ouml;ehtoja.<\/p>\n\n\n\n<p>Irtisanomisen j&auml;lkeen oikeutesi k&auml;ytt&auml;&auml; Palvelua lakkaa v&auml;litt&ouml;m&auml;sti.<\/p>\n\n\n\n<h2 class=\"wp-block-heading\">Vastuun rajoittaminen<\/h2>\n\n\n\n<p>Riippumatta mist&auml;&auml;n sinulle mahdollisesti aiheutuvista vahingoista, Yhti&ouml;n ja sen toimittajien kokonaisvastuu n&auml;iden ehtojen mink&auml; tahansa m&auml;&auml;r&auml;yksen nojalla ja sinun yksinomainen oikeussuojakeinosi kaikkien edell&auml; mainittujen seikkojen osalta rajoittuu summaan, jonka olet tosiasiallisesti maksanut Palvelun kautta, tai 100 Yhdysvaltain dollariin, jos et ole ostanut mit&auml;&auml;n Palvelun kautta.<\/p>\n\n\n\n<p>Sovellettavan lain sallimissa rajoissa Yhti&ouml; tai sen toimittajat eiv&auml;t miss&auml;&auml;n tapauksessa ole vastuussa mist&auml;&auml;n erityisist&auml;, satunnaisista, ep&auml;suorista tai v&auml;lillisist&auml; vahingoista (mukaan lukien, mutta ei rajoittuen, vahingot, jotka aiheutuvat voiton menetyksest&auml;, tietojen tai muiden tietojen menetyksest&auml;, liiketoiminnan keskeytymisest&auml;, henkil&ouml;vahingoista, yksityisyyden menetyksest&auml;, jotka johtuvat tai liittyv&auml;t mill&auml;&auml;n tavalla Palvelun k&auml;ytt&ouml;&ouml;n tai kyvytt&ouml;myyteen k&auml;ytt&auml;&auml; Palvelua, kolmannen osapuolen ohjelmistoja ja\/tai kolmannen osapuolen laitteistoja, joita k&auml;ytet&auml;&auml;n Palvelun kanssa, tai jotka muuten liittyv&auml;t n&auml;ihin Ehtoihin), vaikka Yhti&ouml;t&auml; tai sen toimittajaa olisi neuvottu t&auml;llaisten vahinkojen mahdollisuudesta ja vaikka korjaustoimenpide ei t&auml;ytt&auml;isi olennaista tarkoitustaan.<\/p>\n\n\n\n<p>Joissakin osavaltioissa ei sallita implisiittisten takuiden poissulkemista tai satunnaisten tai v&auml;lillisten vahinkojen korvausvastuun rajoittamista, mik&auml; tarkoittaa, ett&auml; jotkin edell&auml; mainituista rajoituksista eiv&auml;t v&auml;ltt&auml;m&auml;tt&auml; p&auml;de. N&auml;iss&auml; osavaltioissa kummankin osapuolen vastuu on rajoitettu lain sallimassa laajuudessa.<\/p>\n\n\n\n<h2 class=\"wp-block-heading\">&rdquo;AS IS&rdquo; ja &rdquo;AS AVAILABLE&rdquo; Vastuuvapauslauseke<\/h2>\n\n\n\n<p>Palvelu tarjotaan sinulle &rdquo;sellaisena kuin se on&rdquo; ja &rdquo;sellaisena kuin se on saatavilla&rdquo; ja kaikkine vikoineen ja puutteineen ilman mink&auml;&auml;nlaista takuuta. Sovellettavan lain sallimissa rajoissa Yhti&ouml; omasta ja tyt&auml;ryhti&ouml;idens&auml; sek&auml; lisenssinantajiensa ja palveluntarjoajiensa puolesta kielt&auml;ytyy nimenomaisesti kaikista Palveluun liittyvist&auml; takuista, olivatpa ne sitten nimenomaisia, ep&auml;suoria, lakis&auml;&auml;teisi&auml; tai muita, mukaan lukien kaikki implisiittiset takuut, jotka koskevat myyntikelpoisuutta, soveltuvuutta tiettyyn tarkoitukseen, omistusoikeutta ja oikeuksien loukkaamattomuutta, sek&auml; takuut, jotka voivat johtua kaupank&auml;ynnin kulusta, suorituksen kulusta, k&auml;yt&auml;nn&ouml;st&auml; tai kaupallisesta k&auml;yt&auml;nn&ouml;st&auml;. Rajoittamatta edell&auml; mainittua, Yhti&ouml; ei anna mit&auml;&auml;n takuuta tai sitoumusta eik&auml; esit&auml; mink&auml;&auml;nlaista vakuutusta siit&auml;, ett&auml; Palvelu vastaa vaatimuksiasi, saavuttaa aiotut tulokset, on yhteensopiva tai toimii muiden ohjelmistojen, sovellusten, j&auml;rjestelmien tai palveluiden kanssa, toimii keskeytyksett&auml;, t&auml;ytt&auml;&auml; suorituskyky- tai luotettavuusstandardit tai on virheet&ouml;n tai ett&auml; mahdolliset virheet tai puutteet voidaan korjata tai ett&auml; ne korjataan.<\/p>\n\n\n\n<p>Rajoittamatta edell&auml; mainittua, yhti&ouml; tai mik&auml;&auml;n yhti&ouml;n palveluntarjoaja ei anna mink&auml;&auml;nlaista nimenomaista tai ep&auml;suoraa vakuutusta tai takuuta: (i) Palvelun tai siihen sis&auml;ltyvien tietojen, sis&auml;ll&ouml;n, materiaalien tai tuotteiden toiminnan tai saatavuuden osalta; (ii) ett&auml; palvelu on keskeytym&auml;t&ouml;n tai virheet&ouml;n; (iii) Palvelun kautta tarjottujen tietojen tai sis&auml;ll&ouml;n tarkkuudesta, luotettavuudesta tai ajantasaisuudesta; tai (iv) ett&auml; Palvelu, sen palvelimet, sis&auml;lt&ouml; tai Yhti&ouml;n l&auml;hett&auml;m&auml;t tai sen puolesta l&auml;hetetyt s&auml;hk&ouml;postit eiv&auml;t sis&auml;ll&auml; viruksia, skriptej&auml;, troijalaisia, matoja, haittaohjelmia, aikapommeja tai muita haitallisia komponentteja.<\/p>\n\n\n\n<p>Joillakin laink&auml;ytt&ouml;alueilla ei sallita tietyntyyppisten takuiden poissulkemista tai kuluttajan lakis&auml;&auml;teisten oikeuksien rajoittamista, joten jotkin tai kaikki edell&auml; mainitut poissulkemiset ja rajoitukset eiv&auml;t v&auml;ltt&auml;m&auml;tt&auml; koske sinua. T&auml;llaisessa tapauksessa sovelletaan kuitenkin t&auml;ss&auml; jaksossa esitettyj&auml; poissulkemisia ja rajoituksia siin&auml; laajuudessa kuin se on sovellettavan lain mukaan mahdollista.<\/p>\n\n\n\n<h2 class=\"wp-block-heading\">Sovellettava laki<\/h2>\n\n\n\n<p>N&auml;ihin ehtoihin ja Palvelun k&auml;ytt&ouml;&ouml;n sovelletaan maan lakeja, lukuun ottamatta sen lainvalintas&auml;&auml;nt&ouml;j&auml;. Sovelluksen k&auml;ytt&ouml;si voi olla my&ouml;s muiden paikallisten, osavaltioiden, kansallisten tai kansainv&auml;listen lakien alaista.<\/p>\n\n\n\n<h2 class=\"wp-block-heading\">Riitojen ratkaiseminen<\/h2>\n\n\n\n<p>Jos sinulla on huolenaiheita tai riitoja Palvelusta, suostut siihen, ett&auml; yrit&auml;t ensin ratkaista riidan ep&auml;virallisesti ottamalla yhteytt&auml; Yhti&ouml;&ouml;n.<\/p>\n\n\n\n<h2 class=\"wp-block-heading\">Euroopan unionin (EU) k&auml;ytt&auml;jille<\/h2>\n\n\n\n<p>Jos olet Euroopan unionin kuluttaja, voit hy&ouml;ty&auml; kaikista sen maan lains&auml;&auml;d&auml;nn&ouml;n pakottavista s&auml;&auml;nn&ouml;ksist&auml;, jossa asut.<\/p>\n\n\n\n<h2 class=\"wp-block-heading\">Yhdysvallat Lains&auml;&auml;d&auml;nn&ouml;n noudattaminen<\/h2>\n\n\n\n<p>Vakuutat ja takaat, ett&auml; (i) et sijaitse maassa, johon Yhdysvaltojen hallitus on asettanut kauppasaarron tai jonka Yhdysvaltojen hallitus on nimennyt &rdquo;terrorismia tukevaksi&rdquo; maaksi, ja (ii) Et ole miss&auml;&auml;n Yhdysvaltojen hallituksen luettelossa kielletyist&auml; tai rajoitetuista osapuolista.<\/p>\n\n\n\n<h2 class=\"wp-block-heading\">Irrotettavuus ja luopuminen<\/h2>\n\n\n\n<h3 class=\"wp-block-heading\">Irrotettavuus<\/h3>\n\n\n\n<p>Jos jokin n&auml;iden ehtojen m&auml;&auml;r&auml;ys katsotaan t&auml;yt&auml;nt&ouml;&ouml;npanokelvottomaksi tai p&auml;tem&auml;tt&ouml;m&auml;ksi, kyseist&auml; m&auml;&auml;r&auml;yst&auml; muutetaan ja tulkitaan siten, ett&auml; sen tavoitteet saavutetaan mahdollisimman hyvin sovellettavan lain mukaan, ja muut m&auml;&auml;r&auml;ykset pysyv&auml;t t&auml;ysin voimassa.<\/p>\n\n\n\n<h3 class=\"wp-block-heading\">Luopuminen<\/h3>\n\n\n\n<p>Jollei n&auml;iss&auml; ehdoissa toisin m&auml;&auml;r&auml;t&auml;, n&auml;iden ehtojen mukaisen oikeuden k&auml;ytt&auml;m&auml;tt&auml; j&auml;tt&auml;minen tai velvoitteen t&auml;ytt&auml;misen vaatimatta j&auml;tt&auml;minen ei vaikuta osapuolen mahdollisuuteen k&auml;ytt&auml;&auml; kyseist&auml; oikeutta tai vaatia kyseisen velvoitteen t&auml;ytt&auml;mist&auml; milloin tahansa my&ouml;hemmin, eik&auml; rikkomisesta luopuminen merkitse luopumista my&ouml;hemm&auml;st&auml; rikkomisesta.<\/p>\n\n\n\n<h2 class=\"wp-block-heading\">K&auml;&auml;nn&ouml;s Tulkkaus<\/h2>\n\n\n\n<p>N&auml;m&auml; k&auml;ytt&ouml;ehdot on saatettu k&auml;&auml;nt&auml;&auml;, jos olemme asettaneet ne saatavillesi palvelussamme. Suostut siihen, ett&auml; alkuper&auml;ist&auml; englanninkielist&auml; teksti&auml; sovelletaan riitatapauksissa.<\/p>\n\n\n\n<h2 class=\"wp-block-heading\">Muutokset n&auml;ihin ehtoihin ja edellytyksiin<\/h2>\n\n\n\n<p>Pid&auml;t&auml;mme oikeuden oman harkintamme mukaan muuttaa tai korvata n&auml;m&auml; ehdot milloin tahansa. Jos muutos on olennainen, pyrimme kohtuullisesti ilmoittamaan siit&auml; v&auml;hint&auml;&auml;n 30 p&auml;iv&auml;&auml; ennen uusien ehtojen voimaantuloa. Se, mik&auml; on olennainen muutos, m&auml;&auml;ritet&auml;&auml;n oman harkintamme mukaan.<\/p>\n\n\n\n<p>Jatkamalla Palvelumme k&auml;ytt&auml;mist&auml; n&auml;iden tarkistusten voimaantulon j&auml;lkeen hyv&auml;ksyt, ett&auml; tarkistetut ehdot sitovat sinua. Jos et hyv&auml;ksy uusia ehtoja kokonaan tai osittain, lopeta verkkosivuston ja Palvelun k&auml;ytt&ouml;.<\/p>\n\n\n\n<h2 class=\"wp-block-heading\">Ota yhteytt&auml;<\/h2>\n\n\n\n<p>Jos sinulla on kysytt&auml;v&auml;&auml; n&auml;ist&auml; k&auml;ytt&ouml;ehdoista, voit ottaa meihin yhteytt&auml;:<\/p>\n\n\n\n<ul class=\"wp-block-list\">\n<li>S&auml;hk&ouml;postitse: info@coinedexai.com<\/li>\n\n\n\n<li>Vierailemalla t&auml;ll&auml; sivulla verkkosivuillamme: <a href=\"http:\/\/coinedexai.com\/contact\/\">http:\/\/coinedexai.com\/contact\/<\/a><\/li>\n<\/ul>\n\n<\/div>\n<\/div>\n","protected":false},"excerpt":{"rendered":"<p>K&auml;ytt&ouml;ehdot Viimeksi p&auml;ivitetty: Kes&auml;kuu 13, 2023 Lue n&auml;m&auml; ehdot huolellisesti ennen palvelumme k&auml;ytt&auml;mist&auml;. Tulkinta ja m&auml;&auml;ritelm&auml;t Tulkinta Sanoilla, joiden alkukirjain on kirjoitettu isolla alkukirjaimella, on seuraavin edellytyksin m&auml;&auml;ritelty merkitys. Seuraavilla m&auml;&auml;ritelmill&auml; on sama merkitys riippumatta siit&auml;, esiintyv&auml;tk&ouml; ne yksik&ouml;ss&auml; vai monikossa. M&auml;&auml;ritelm&auml;t N&auml;iss&auml; ehdoissa tarkoitetaan: Kuittaus N&auml;m&auml; ovat t&auml;m&auml;n palvelun k&auml;ytt&ouml;&auml; koskevat ehdot ja sopimus, &#8230; <a title=\"K\u00e4ytt\u00f6ehdot\" class=\"read-more\" href=\"https:\/\/coinedexai.com\/fi\/kayttoehdot\/\" aria-label=\"Lue lis\u00e4\u00e4 aiheesta K\u00e4ytt\u00f6ehdot\">Lue lis\u00e4\u00e4<\/a><\/p>\n","protected":false},"author":3,"featured_media":0,"parent":0,"menu_order":0,"comment_status":"closed","ping_status":"closed","template":"","meta":{"footnotes":""},"class_list":["post-9379","page","type-page","status-publish"],"_links":{"self":[{"href":"https:\/\/coinedexai.com\/fi\/wp-json\/wp\/v2\/pages\/9379","targetHints":{"allow":["GET"]}}],"collection":[{"href":"https:\/\/coinedexai.com\/fi\/wp-json\/wp\/v2\/pages"}],"about":[{"href":"https:\/\/coinedexai.com\/fi\/wp-json\/wp\/v2\/types\/page"}],"author":[{"embeddable":true,"href":"https:\/\/coinedexai.com\/fi\/wp-json\/wp\/v2\/users\/3"}],"replies":[{"embeddable":true,"href":"https:\/\/coinedexai.com\/fi\/wp-json\/wp\/v2\/comments?post=9379"}],"version-history":[{"count":1,"href":"https:\/\/coinedexai.com\/fi\/wp-json\/wp\/v2\/pages\/9379\/revisions"}],"predecessor-version":[{"id":9382,"href":"https:\/\/coinedexai.com\/fi\/wp-json\/wp\/v2\/pages\/9379\/revisions\/9382"}],"wp:attachment":[{"href":"https:\/\/coinedexai.com\/fi\/wp-json\/wp\/v2\/media?parent=9379"}],"curies":[{"name":"wp","href":"https:\/\/api.w.org\/{rel}","templated":true}]}}