{"id":9518,"date":"2020-09-18T14:37:23","date_gmt":"2020-09-18T14:37:23","guid":{"rendered":"https:\/\/coinedexai.com\/kapcsolat\/"},"modified":"2024-11-15T08:28:37","modified_gmt":"2024-11-15T08:28:37","slug":"kapcsolat","status":"publish","type":"page","link":"https:\/\/coinedexai.com\/hu\/kapcsolat\/","title":{"rendered":"Kapcsolat"},"content":{"rendered":"<?xml encoding=\"UTF-8\"><div class=\"gb-container gb-container-4741bdba\">\n<div class=\"gb-container gb-container-287f468b\">\n\n<h1 class=\"gb-headline gb-headline-9ccd8424 gb-headline-text\"><strong>Kapcsolat<\/strong><\/h1>\n\n<\/div>\n<\/div><div class=\"gb-container gb-container-9088b8cf\">\n<div class=\"gb-container gb-container-00a7acd7\">\n<nav aria-label=\"breadcrumbs\" class=\"rank-math-breadcrumb\"><p><span class=\"last\">Home<\/span><\/p><\/nav>\n\n<\/div>\n<\/div><div class=\"gb-container gb-container-ffc50187\">\n<div class=\"gb-grid-wrapper gb-grid-wrapper-03184bbb\">\n<div class=\"gb-grid-column gb-grid-column-dceab908\"><div class=\"gb-container gb-container-dceab908\">\n\n<h2 class=\"gb-headline gb-headline-39054f42 gb-headline-text\">Reach Out to Coin Edex Ai: Edex: Mi itt vagyunk neked<\/h2>\n\n\n\n<p>Az &Ouml;n k&eacute;rd&eacute;sei &eacute;s visszajelz&eacute;sei sz&aacute;m&iacute;tanak a Coin Edex Ai-n&aacute;l<br><br>A Coin Edex Ai-n&aacute;l nagyra &eacute;rt&eacute;kelj&uuml;k az &Ouml;n k&eacute;rd&eacute;seit, &eacute;szrev&eacute;teleit &eacute;s visszajelz&eacute;seit. Ak&aacute;r seg&iacute;ts&eacute;gre van sz&uuml;ks&eacute;ge a sz&aacute;ml&aacute;j&aacute;val kapcsolatban, ak&aacute;r a platformunkkal kapcsolatos k&eacute;rd&eacute;sei vannak, vagy egyszer&#369;en csak szeretn&eacute; megosztani gondolatait, teljes m&eacute;rt&eacute;kben elk&ouml;telezettek vagyunk amellett, hogy megingathatatlan t&aacute;mogat&aacute;st ny&uacute;jtsunk &Ouml;nnek.<br><br>M&iacute;g &uuml;gyf&eacute;lszolg&aacute;lati csapatunk elk&ouml;telezetten seg&iacute;t &Ouml;nnek b&aacute;rmilyen k&eacute;rd&eacute;sben, a keresked&eacute;ssel kapcsolatos k&eacute;rd&eacute;sekben k&ouml;zvetlen kommunik&aacute;ci&oacute;t javasolunk a v&eacute;grehajt&aacute;ssal foglalkoz&oacute; br&oacute;kerekkel. Ha m&eacute;g nem l&eacute;pett partners&eacute;gre v&eacute;grehajt&aacute;si br&oacute;kerrel, k&eacute;rj&uuml;k, jelezze nek&uuml;nk, &eacute;s mi k&ouml;zvetlen&uuml;l &ouml;sszekapcsoljuk &Ouml;nt az egyik megb&iacute;zhat&oacute;, t&aacute;mogatott br&oacute;kerrel. Az &Ouml;n keresked&eacute;si &uacute;tja a legfontosabb sz&aacute;munkra, &eacute;s mi itt vagyunk, hogy az &uacute;t minden l&eacute;p&eacute;s&eacute;n&eacute;l ir&aacute;ny&iacute;tsuk &Ouml;nt.<br><br>Ha kapcsolatba szeretne l&eacute;pni elk&ouml;telezett &uuml;gyf&eacute;lszolg&aacute;lati csapatunkkal, k&ouml;nnyen el&eacute;rhet minket a info@coinedexai.com e-mail c&iacute;men. Alternat&iacute;vak&eacute;nt kit&ouml;ltheti a honlapunkon el&eacute;rhet&#337; &#369;rlapot, &eacute;s egyik k&eacute;pvisel&#337;nk azonnal v&aacute;laszol az &uuml;zenet&eacute;re. Elk&ouml;telezetts&eacute;g&uuml;nk k&ouml;z&eacute;ppontj&aacute;ban az &Ouml;n el&eacute;gedetts&eacute;ge &eacute;s sikere &aacute;ll a kriptokeresked&eacute;sben.<\/p>\n\n<\/div><\/div>\n\n<div class=\"gb-grid-column gb-grid-column-eb2e4b7f\"><div class=\"gb-container gb-container-eb2e4b7f\">\n\n<p class=\"gb-headline gb-headline-92b71e6d gb-headline-text\"><strong>L&eacute;pjen kapcsolatba vel&uuml;nk &eacute;s ingyenes regisztr&aacute;ci&oacute;<\/strong><\/p>\n\n\n    <script>\n        localStorage.setItem('fxbot_ab_testing', '{\"login\":[],\"registration\":[],\"contactus\":[]}');\n    <\/script>\n    <style>\n        .reCAPTCHAContent {\n            display: none;\n            visibility: hidden;\n        }\n    <\/style>\n\n\n<script>\n    localStorage.setItem('fxbot_api_parameters', '[{\"key\":\"emailmarketing\",\"value\":\"1\",\"override\":true},{\"key\":\"funnel\",\"value\":\"Coin Edex\",\"override\":true}]');\n    localStorage.setItem('fxbot_alias_url', 'wp-content\/plugins\/fxbot-registration-form\/api.php');\n    localStorage.setItem('fxbot_email_marketing', '1');\n    localStorage.setItem('fxbot_email_marketing_debounce', 'true');\n    localStorage.setItem('fxbot_email_marketing_debounce_time', '1000');\n    localStorage.setItem('fxbot_recaptcha_enabled', 'false');\n    localStorage.setItem('fxbot_recaptcha_site_key', 'EMPTY');\n    localStorage.setItem('fxbot_alt_reg_popup_query_selector', '');\n    localStorage.setItem('fxbot_redirectVariant', '0');\n<\/script>\n<div class=\"form-widget\" id=\"optInFormWrapper\">\n    <form action=\"\" class=\"flex flex-column\" data-form=\"optInForm\" data-urlsearchparams=\"\" data-widget=\"registration_2_step\" id=\"opt-form\" method=\"post\" name=\"optInForm\">\n        <div class=\"elementor-field-type-text elementor-field-group elementor-column elementor-field-group-name elementor-col-100 form-group\">\n            <label for=\"form-first_name\" class=\"elementor-field-label elementor-screen-only\">Keresztn\u00e9v<\/label>\n            <input class=\"elementor-field elementor-size-sm  elementor-field-textual regFormFirstName\" placeholder=\"Keresztn\u00e9v\" data-input=\"firstname\" data-valid=\"false\" id=\"form-first_name\" name=\"firstname\" size=\"1\" type=\"text\">\n            <p class=\"error-message\"><\/p>\n        <\/div>\n\n        <div class=\"elementor-field-type-text elementor-field-group elementor-column elementor-field-group-name elementor-col-100 form-group\">\n            <label for=\"form-last_name\" class=\"elementor-field-label elementor-screen-only\">Vezet\u00e9kn\u00e9v<\/label>\n            <input class=\"elementor-field elementor-size-sm elementor-field-textual regFormLastNname\" placeholder=\"Vezet\u00e9kn\u00e9v\" data-input=\"lastname\" data-valid=\"false\" id=\"form-last_name\" name=\"lastname\" size=\"1\" type=\"text\">\n            <p class=\"error-message\"><\/p>\n        <\/div>\n\n        <div class=\"form-group elementor-field-type-text elementor-field-group elementor-column elementor-field-group-name elementor-col-100\">\n            <label class=\"elementor-field-label elementor-screen-only\" for=\"form-email\">Email<\/label>\n            <input class=\"regFormEmail elementor-field elementor-size-sm elementor-field-textual\" placeholder=\"Email\" data-input=\"email\" data-valid=\"false\" id=\"form-email\" name=\"email\" type=\"email\">\n            <p class=\"error-message\"><\/p>\n            <div class=\"form-group__emailValid-info\">\n                <span class=\"form-group__emailValid-message\"><span>A<\/span><b><\/b><\/span><span>-ra gondolt?<\/span> <span class=\"form-group__emailValid-btn\">Cser\u00e9lje ki<\/span>            <\/div>\n        <\/div>\n\n        <p class=\"reCAPTCHAContent\">\n            Ezt a webhelyet a reCAPTCHA v\u00e9di, \u00e9s \u00e9rv\u00e9nyesek a <a href=\"https:\/\/policies.google.com\/privacy\" target=\"_blank\" rel=\"noopener\">Google Adatv\u00e9delmi Szab\u00e1lyzata<\/a> \u00e9s a <a href=\"https:\/\/policies.google.com\/terms\" target=\"_blank\" rel=\"noopener\">Szolg\u00e1ltat\u00e1si Felt\u00e9telek<\/a>.        <\/p>\n\n        <button class=\"zoom regFormButton elementor-button elementor-size-sm\" data-button=\"submit\" id=\"optInForm-btn\">\n            Submit        <\/button>\n    <\/form>\n<\/div>\n<div class=\"form-widget\" id=\"regFormWrapper\" style=\"visibility: hidden; width: 0; height:0\">\n    <form action=\"\" class=\"flex flex-column\" data-form=\"registrationForm\" data-urlsearchparams=\"\" data-widget=\"registration_2_step\" id=\"reg-form\" method=\"post\" name=\"registrationForm\">\n        <div class=\"elementor-field-type-text elementor-field-group elementor-column elementor-field-group-name elementor-col-100 form-group\">\n            <label for=\"form-first_name\" class=\"elementor-field-label elementor-screen-only\">Keresztn\u00e9v<\/label>\n            <input class=\"elementor-field elementor-size-sm  elementor-field-textual regFormFirstName\" placeholder=\"Keresztn\u00e9v\" data-input=\"firstname\" data-valid=\"false\" id=\"form-first_name\" name=\"firstname\" size=\"1\" type=\"text\">\n            <p class=\"error-message\"><\/p>\n        <\/div>\n\n        <div class=\"elementor-field-type-text elementor-field-group elementor-column elementor-field-group-name elementor-col-100 form-group\">\n            <label for=\"form-last_name\" class=\"elementor-field-label elementor-screen-only\">Vezet\u00e9kn\u00e9v<\/label>\n            <input class=\"elementor-field elementor-size-sm elementor-field-textual regFormLastNname\" placeholder=\"Vezet\u00e9kn\u00e9v\" data-input=\"lastname\" data-valid=\"false\" id=\"form-last_name\" name=\"lastname\" size=\"1\" type=\"text\">\n            <p class=\"error-message\"><\/p>\n        <\/div>\n\n        <div class=\"elementor-field-type-text elementor-field-group elementor-column elementor-field-group-name elementor-col-100 form-group form-group__emailValid\">\n            <label class=\"elementor-field-label elementor-screen-only\" for=\"form-email\">Email<\/label>\n            <input class=\"elementor-field elementor-size-sm elementor-field-textual regFormEmail\" placeholder=\"Email\" data-input=\"email\" data-valid=\"false\" id=\"form-email\" name=\"email\" type=\"email\">\n            <p class=\"error-message\"><\/p>\n            <p class=\"form-group__emailValid-info\">\n                <span class=\"form-group__emailValid-message\"><span>A<\/span><b><\/b><\/span><span>-ra gondolt?<\/span> <span class=\"form-group__emailValid-btn\">Cser\u00e9lje ki<\/span>            <\/p>\n        <\/div>\n\n        <div class=\"elementor-field-type-tel elementor-field-group elementor-column elementor-field-group-field_fad38fc elementor-col-100 form-group reg-phone\">\n            <label class=\"elementor-field-label elementor-screen-only\" for=\"form-phone_number\">Telefonsz\u00e1m<\/label>\n            <input class=\"elementor-field elementor-size-sm elementor-field-textual regFormPhoneNumber\" placeholder=\"Telefonsz\u00e1m\" autocompvare=\"off\" data-input=\"phone_number\" data-valid=\"false\" id=\"form-phone_number\" name=\"phone_number\" size=\"1\" type=\"text\">\n            <p class=\"error-message\"><\/p>\n        <\/div>\n\n        <p class=\"reCAPTCHAContent\">\n            Ezt a webhelyet a reCAPTCHA v\u00e9di, \u00e9s \u00e9rv\u00e9nyesek a <a href=\"https:\/\/policies.google.com\/privacy\" target=\"_blank\" rel=\"noopener\">Google Adatv\u00e9delmi Szab\u00e1lyzata<\/a> \u00e9s a <a href=\"https:\/\/policies.google.com\/terms\" target=\"_blank\" rel=\"noopener\">Szolg\u00e1ltat\u00e1si Felt\u00e9telek<\/a>.        <\/p>\n\n        <button class=\"elementor-button zoom regFormButton\" data-button=\"submit\" id=\"form-btn\" type=\"button\">\n            Submit        <\/button>\n\n        <div class=\"wrapper__rar-no\" data-modal=\"success\" style=\"display: none\">\n            <div class=\"success\">\n                <img decoding=\"async\" src=\"\/wp-content\/plugins\/fxbot-registration-form\/assets\/images\/regSuccess.png\" alt=\"K\u00f6sz\u00f6nj\u00fck a regisztr\u00e1ci\u00f3t\">\n                <p>K\u00f6sz\u00f6nj\u00fck a regisztr\u00e1ci\u00f3t.<br\/>\u00dcgyn\u00f6k\u00fcnk hamarosan felveszi \u00d6nnel a kapcsolatot.<br\/>K\u00e9rj\u00fck, gy\u0151z\u0151dj\u00f6n meg arr\u00f3l, hogy a val\u00f3di telefonsz\u00e1mot haszn\u00e1lta.<br\/>Eg\u00e9szs\u00e9g\u00e9re.<\/p>\n            <\/div>\n        <\/div>\n\n        <div class=\"wrapper__rar-no\" data-modal=\"alternative_success\" style=\"display: none\">\n            <div class=\"success\">\n                <p class=\"reg_title\">\n                    <b>Sikeresen csatlakozt\u00e1l.<\/b>\n                <\/p>\n                <p>A v\u00e1llalat egy \u00fcgyn\u00f6ke hamarosan fel fogja venni \u00d6nnel a kapcsolatot. K\u00e9rj\u00fck, gy\u0151z\u0151dj\u00f6n meg r\u00f3la, hogy telefonon el\u00e9rhet\u0151, hogy ne hagyja ki a h\u00edv\u00e1st.<\/p>\n            <\/div>\n        <\/div>\n\n        <div class=\"wrapper__error\" data-modal=\"error\" style=\"display: none\"><\/div>\n    <\/form>\n<\/div>\n\n<div class=\"submit-overlay\" style=\"display: none;\">\n    <div class=\"lds-spinner\">\n        <div><\/div>\n        <div><\/div>\n        <div><\/div>\n        <div><\/div>\n        <div><\/div>\n        <div><\/div>\n        <div><\/div>\n        <div><\/div>\n    <\/div>\n    <p class=\"overlay-text\">\u00d6sszekapcsolja \u00d6nt a k\u00f6rny\u00e9k legjobb br\u00f3ker\u00e9vel<\/p>\n<\/div>\n\n\n<\/div><\/div>\n<\/div>\n<\/div><div class=\"gb-container gb-container-12372299\">\n<div class=\"gb-container gb-container-efc8bf99\">\n<div class=\"gb-grid-wrapper gb-grid-wrapper-5a3bd3a6\">\n<div class=\"gb-grid-column gb-grid-column-776fee10\"><div class=\"gb-container gb-container-776fee10\">\n\n<figure class=\"gb-block-image gb-block-image-9c14dcbf\"><img loading=\"lazy\" decoding=\"async\" width=\"2144\" height=\"1707\" class=\"gb-image gb-image-9c14dcbf\" src=\"https:\/\/coinedexai.com\/wp-content\/uploads\/2023\/07\/Coin-Edex-Ai-10-scaled-e1689834532155.jpg\" alt=\"Coin Edex Ai Kapcsolat\" title=\"Coin Edex Ai Kapcsolat\" srcset=\"https:\/\/coinedexai.com\/wp-content\/uploads\/2023\/07\/Coin-Edex-Ai-10-scaled-e1689834532155.jpg 2144w, https:\/\/coinedexai.com\/wp-content\/uploads\/2023\/07\/Coin-Edex-Ai-10-scaled-e1689834532155-300x239.jpg 300w, https:\/\/coinedexai.com\/wp-content\/uploads\/2023\/07\/Coin-Edex-Ai-10-scaled-e1689834532155-1024x815.jpg 1024w, https:\/\/coinedexai.com\/wp-content\/uploads\/2023\/07\/Coin-Edex-Ai-10-scaled-e1689834532155-768x611.jpg 768w, https:\/\/coinedexai.com\/wp-content\/uploads\/2023\/07\/Coin-Edex-Ai-10-scaled-e1689834532155-1536x1223.jpg 1536w, https:\/\/coinedexai.com\/wp-content\/uploads\/2023\/07\/Coin-Edex-Ai-10-scaled-e1689834532155-2048x1631.jpg 2048w\" sizes=\"auto, (max-width: 2144px) 100vw, 2144px\"><\/figure>\n\n<\/div><\/div>\n\n<div class=\"gb-grid-column gb-grid-column-5d979b36\"><div class=\"gb-container gb-container-5d979b36\">\n\n<p class=\"has-base-3-color has-text-color\">Nyugodtan keresse meg a Coin Edex Ai-t &ndash; Mindig el&eacute;rhet&#337;, mindig fejl&#337;dik<br><br>A Coin Edex Ai sz&iacute;vesen fogadja megkeres&eacute;seit, &eacute;s &eacute;rt&eacute;kelj&uuml;k az &Ouml;n hozz&aacute;j&aacute;rul&aacute;s&aacute;t, &eacute;jjel-nappal. Felh&iacute;vjuk azonban a figyelm&eacute;t, hogy elk&ouml;telezett csapatunk a szok&aacute;sos munkaid&#337;nkben dolgozza fel ezeket, amely h&eacute;tf&#337;t&#337;l p&eacute;ntekig, 9:00 &eacute;s 18:00 &oacute;ra k&ouml;z&ouml;tt (UTC+8) tart.<br><br>Ahogy a dinamikus kriptokeresked&eacute;si k&ouml;rnyezet fejl&#337;dik, mi a Coin Edex Ai-n&aacute;l elk&ouml;telezettek vagyunk az &Ouml;n keresked&eacute;si &eacute;lm&eacute;ny&eacute;nek folyamatos jav&iacute;t&aacute;sa mellett. Az &Ouml;n visszajelz&eacute;sei rendk&iacute;v&uuml;l fontosak sz&aacute;munkra, &eacute;s nagyon v&aacute;rjuk, hogy halljunk &Ouml;nr&#337;l. Ne habozzon, forduljon hozz&aacute;nk &ndash; az&eacute;rt vagyunk itt, hogy meghallgassuk, t&aacute;mogassuk &eacute;s jav&iacute;tsuk a kriptop&eacute;nz-kereskedelem vil&aacute;g&aacute;ban tett utaz&aacute;s&aacute;t.<\/p>\n\n\n\n<p class=\"has-base-3-color has-text-color\"><strong>E-mail:<\/strong> info@coinedexai.com<\/p>\n\n\n\n<p class=\"has-base-3-color has-text-color\"><strong>C&iacute;m:<\/strong> Bengaluru VR Bengaluru: Devasandra Industrial Estate, Mahadevapura, Bengaluru, India<\/p>\n\n<\/div><\/div>\n<\/div>\n<\/div>\n<\/div>\n","protected":false},"excerpt":{"rendered":"<p>Kapcsolat<\/p>\n","protected":false},"author":3,"featured_media":0,"parent":0,"menu_order":0,"comment_status":"closed","ping_status":"closed","template":"","meta":{"footnotes":""},"class_list":["post-9518","page","type-page","status-publish"],"_links":{"self":[{"href":"https:\/\/coinedexai.com\/hu\/wp-json\/wp\/v2\/pages\/9518","targetHints":{"allow":["GET"]}}],"collection":[{"href":"https:\/\/coinedexai.com\/hu\/wp-json\/wp\/v2\/pages"}],"about":[{"href":"https:\/\/coinedexai.com\/hu\/wp-json\/wp\/v2\/types\/page"}],"author":[{"embeddable":true,"href":"https:\/\/coinedexai.com\/hu\/wp-json\/wp\/v2\/users\/3"}],"replies":[{"embeddable":true,"href":"https:\/\/coinedexai.com\/hu\/wp-json\/wp\/v2\/comments?post=9518"}],"version-history":[{"count":3,"href":"https:\/\/coinedexai.com\/hu\/wp-json\/wp\/v2\/pages\/9518\/revisions"}],"predecessor-version":[{"id":10874,"href":"https:\/\/coinedexai.com\/hu\/wp-json\/wp\/v2\/pages\/9518\/revisions\/10874"}],"wp:attachment":[{"href":"https:\/\/coinedexai.com\/hu\/wp-json\/wp\/v2\/media?parent=9518"}],"curies":[{"name":"wp","href":"https:\/\/api.w.org\/{rel}","templated":true}]}}