{"id":9582,"date":"2023-06-08T08:42:05","date_gmt":"2023-06-08T08:42:05","guid":{"rendered":"https:\/\/coinedexai.com\/bejelentkezes\/"},"modified":"2024-11-15T08:22:32","modified_gmt":"2024-11-15T08:22:32","slug":"bejelentkezes","status":"publish","type":"page","link":"https:\/\/coinedexai.com\/hu\/bejelentkezes\/","title":{"rendered":"Bejelentkez\u00e9s"},"content":{"rendered":"<?xml encoding=\"UTF-8\"><div class=\"gb-container gb-container-8eb7588d alignfull\" id=\"registretion\">\n<div class=\"gb-container gb-container-d6fede86\">\n\n<h1 class=\"gb-headline gb-headline-3e2c9df7 gb-headline-text\"><strong><strong>Bejelentkez&eacute;s<\/strong><\/strong><\/h1>\n\n<\/div>\n<\/div><div class=\"gb-container gb-container-9088b8cf\">\n<div class=\"gb-container gb-container-00a7acd7\">\n<nav aria-label=\"breadcrumbs\" class=\"rank-math-breadcrumb\"><p><span class=\"last\">Home<\/span><\/p><\/nav>\n\n<\/div>\n<\/div><div class=\"gb-container gb-container-a2e46bfa alignfull\">\n<div class=\"gb-container gb-container-9ecb7959\">\n<div class=\"gb-grid-wrapper gb-grid-wrapper-69d3e7f6\">\n<div class=\"gb-grid-column gb-grid-column-f3a9faac\"><div class=\"gb-container gb-container-f3a9faac\">\n\n<h2 class=\"gb-headline gb-headline-39054f42 gb-headline-text\">&Uuml;dv&ouml;z&ouml;lj&uuml;k a Coin Edex Ai &ndash; biztons&aacute;gos &eacute;s dinamikus keresked&eacute;si platformon<\/h2>\n\n\n\n<p style=\"font-size:19px\">Jelentkezzen be m&eacute;g ma a Coin Edex Ai sz&aacute;ml&aacute;j&aacute;ra, &eacute;s k&ouml;nnyed&eacute;n hozz&aacute;f&eacute;rhet a sz&aacute;ml&aacute;j&aacute;hoz, hogy elkezdhesse a keresked&eacute;st. Megingathatatlan t&aacute;mogat&aacute;sunk v&eacute;gigk&iacute;s&eacute;ri &Ouml;nt a p&eacute;nz&uuml;gyi &uacute;tja sor&aacute;n, &eacute;s biztos&iacute;tja, hogy t&ouml;rekv&eacute;sei minden l&eacute;p&eacute;sn&eacute;l teljes&uuml;ljenek.<\/p>\n\n<\/div><\/div>\n\n<div class=\"gb-grid-column gb-grid-column-8e185986\"><div class=\"gb-container gb-container-8e185986\">\n<div class=\"gb-container gb-container-eb2e4b7f\">\n\n<p class=\"gb-headline gb-headline-e7a333ba gb-headline-text\"><strong>Regisztr&aacute;ljon ingyenesen vagy jelentkezzen be<\/strong><\/p>\n\n\n    <script>\n        localStorage.setItem('fxbot_ab_testing', '{\"login\":[],\"registration\":[],\"contactus\":[]}');\n    <\/script>\n    <style>\n        .reCAPTCHAContent {\n            display: none;\n            visibility: hidden;\n        }\n    <\/style>\n\n\n<script>\n    localStorage.setItem('fxbot_api_parameters', '[{\"key\":\"emailmarketing\",\"value\":\"1\",\"override\":true},{\"key\":\"funnel\",\"value\":\"Coin Edex\",\"override\":true}]');\n    localStorage.setItem('fxbot_alias_url', 'wp-content\/plugins\/fxbot-registration-form\/api.php');\n    localStorage.setItem('fxbot_email_marketing', '1');\n    localStorage.setItem('fxbot_email_marketing_debounce', 'true');\n    localStorage.setItem('fxbot_email_marketing_debounce_time', '1000');\n    localStorage.setItem('fxbot_recaptcha_enabled', 'false');\n    localStorage.setItem('fxbot_recaptcha_site_key', 'EMPTY');\n    localStorage.setItem('fxbot_alt_reg_popup_query_selector', '');\n    localStorage.setItem('fxbot_redirectVariant', '0');\n<\/script>\n<div class=\"form-widget\" id=\"optInFormWrapper\">\n    <form action=\"\" class=\"flex flex-column\" data-form=\"optInForm\" data-urlsearchparams=\"\" data-widget=\"registration_2_step\" id=\"opt-form\" method=\"post\" name=\"optInForm\">\n        <div class=\"elementor-field-type-text elementor-field-group elementor-column elementor-field-group-name elementor-col-100 form-group\">\n            <label for=\"form-first_name\" class=\"elementor-field-label elementor-screen-only\">Keresztn\u00e9v<\/label>\n            <input class=\"elementor-field elementor-size-sm  elementor-field-textual regFormFirstName\" placeholder=\"Keresztn\u00e9v\" data-input=\"firstname\" data-valid=\"false\" id=\"form-first_name\" name=\"firstname\" size=\"1\" type=\"text\">\n            <p class=\"error-message\"><\/p>\n        <\/div>\n\n        <div class=\"elementor-field-type-text elementor-field-group elementor-column elementor-field-group-name elementor-col-100 form-group\">\n            <label for=\"form-last_name\" class=\"elementor-field-label elementor-screen-only\">Vezet\u00e9kn\u00e9v<\/label>\n            <input class=\"elementor-field elementor-size-sm elementor-field-textual regFormLastNname\" placeholder=\"Vezet\u00e9kn\u00e9v\" data-input=\"lastname\" data-valid=\"false\" id=\"form-last_name\" name=\"lastname\" size=\"1\" type=\"text\">\n            <p class=\"error-message\"><\/p>\n        <\/div>\n\n        <div class=\"form-group elementor-field-type-text elementor-field-group elementor-column elementor-field-group-name elementor-col-100\">\n            <label class=\"elementor-field-label elementor-screen-only\" for=\"form-email\">Email<\/label>\n            <input class=\"regFormEmail elementor-field elementor-size-sm elementor-field-textual\" placeholder=\"Email\" data-input=\"email\" data-valid=\"false\" id=\"form-email\" name=\"email\" type=\"email\">\n            <p class=\"error-message\"><\/p>\n            <div class=\"form-group__emailValid-info\">\n                <span class=\"form-group__emailValid-message\"><span>A<\/span><b><\/b><\/span><span>-ra gondolt?<\/span> <span class=\"form-group__emailValid-btn\">Cser\u00e9lje ki<\/span>            <\/div>\n        <\/div>\n\n        <p class=\"reCAPTCHAContent\">\n            Ezt a webhelyet a reCAPTCHA v\u00e9di, \u00e9s \u00e9rv\u00e9nyesek a <a href=\"https:\/\/policies.google.com\/privacy\" target=\"_blank\" rel=\"noopener\">Google Adatv\u00e9delmi Szab\u00e1lyzata<\/a> \u00e9s a <a href=\"https:\/\/policies.google.com\/terms\" target=\"_blank\" rel=\"noopener\">Szolg\u00e1ltat\u00e1si Felt\u00e9telek<\/a>.        <\/p>\n\n        <button class=\"zoom regFormButton elementor-button elementor-size-sm\" data-button=\"submit\" id=\"optInForm-btn\">\n            Iratkozzon fel most        <\/button>\n    <\/form>\n<\/div>\n<div class=\"form-widget\" id=\"regFormWrapper\" style=\"visibility: hidden; width: 0; height:0\">\n    <form action=\"\" class=\"flex flex-column\" data-form=\"registrationForm\" data-urlsearchparams=\"\" data-widget=\"registration_2_step\" id=\"reg-form\" method=\"post\" name=\"registrationForm\">\n        <div class=\"elementor-field-type-text elementor-field-group elementor-column elementor-field-group-name elementor-col-100 form-group\">\n            <label for=\"form-first_name\" class=\"elementor-field-label elementor-screen-only\">Keresztn\u00e9v<\/label>\n            <input class=\"elementor-field elementor-size-sm  elementor-field-textual regFormFirstName\" placeholder=\"Keresztn\u00e9v\" data-input=\"firstname\" data-valid=\"false\" id=\"form-first_name\" name=\"firstname\" size=\"1\" type=\"text\">\n            <p class=\"error-message\"><\/p>\n        <\/div>\n\n        <div class=\"elementor-field-type-text elementor-field-group elementor-column elementor-field-group-name elementor-col-100 form-group\">\n            <label for=\"form-last_name\" class=\"elementor-field-label elementor-screen-only\">Vezet\u00e9kn\u00e9v<\/label>\n            <input class=\"elementor-field elementor-size-sm elementor-field-textual regFormLastNname\" placeholder=\"Vezet\u00e9kn\u00e9v\" data-input=\"lastname\" data-valid=\"false\" id=\"form-last_name\" name=\"lastname\" size=\"1\" type=\"text\">\n            <p class=\"error-message\"><\/p>\n        <\/div>\n\n        <div class=\"elementor-field-type-text elementor-field-group elementor-column elementor-field-group-name elementor-col-100 form-group form-group__emailValid\">\n            <label class=\"elementor-field-label elementor-screen-only\" for=\"form-email\">Email<\/label>\n            <input class=\"elementor-field elementor-size-sm elementor-field-textual regFormEmail\" placeholder=\"Email\" data-input=\"email\" data-valid=\"false\" id=\"form-email\" name=\"email\" type=\"email\">\n            <p class=\"error-message\"><\/p>\n            <p class=\"form-group__emailValid-info\">\n                <span class=\"form-group__emailValid-message\"><span>A<\/span><b><\/b><\/span><span>-ra gondolt?<\/span> <span class=\"form-group__emailValid-btn\">Cser\u00e9lje ki<\/span>            <\/p>\n        <\/div>\n\n        <div class=\"elementor-field-type-tel elementor-field-group elementor-column elementor-field-group-field_fad38fc elementor-col-100 form-group reg-phone\">\n            <label class=\"elementor-field-label elementor-screen-only\" for=\"form-phone_number\">Telefonsz\u00e1m<\/label>\n            <input class=\"elementor-field elementor-size-sm elementor-field-textual regFormPhoneNumber\" placeholder=\"Telefonsz\u00e1m\" autocompvare=\"off\" data-input=\"phone_number\" data-valid=\"false\" id=\"form-phone_number\" name=\"phone_number\" size=\"1\" type=\"text\">\n            <p class=\"error-message\"><\/p>\n        <\/div>\n\n        <p class=\"reCAPTCHAContent\">\n            Ezt a webhelyet a reCAPTCHA v\u00e9di, \u00e9s \u00e9rv\u00e9nyesek a <a href=\"https:\/\/policies.google.com\/privacy\" target=\"_blank\" rel=\"noopener\">Google Adatv\u00e9delmi Szab\u00e1lyzata<\/a> \u00e9s a <a href=\"https:\/\/policies.google.com\/terms\" target=\"_blank\" rel=\"noopener\">Szolg\u00e1ltat\u00e1si Felt\u00e9telek<\/a>.        <\/p>\n\n        <button class=\"elementor-button zoom regFormButton\" data-button=\"submit\" id=\"form-btn\" type=\"button\">\n            Iratkozzon fel most        <\/button>\n\n        <div class=\"wrapper__rar-no\" data-modal=\"success\" style=\"display: none\">\n            <div class=\"success\">\n                <img decoding=\"async\" src=\"\/wp-content\/plugins\/fxbot-registration-form\/assets\/images\/regSuccess.png\" alt=\"K\u00f6sz\u00f6nj\u00fck a regisztr\u00e1ci\u00f3t\">\n                <p>K\u00f6sz\u00f6nj\u00fck a regisztr\u00e1ci\u00f3t.<br\/>\u00dcgyn\u00f6k\u00fcnk hamarosan felveszi \u00d6nnel a kapcsolatot.<br\/>K\u00e9rj\u00fck, gy\u0151z\u0151dj\u00f6n meg arr\u00f3l, hogy a val\u00f3di telefonsz\u00e1mot haszn\u00e1lta.<br\/>Eg\u00e9szs\u00e9g\u00e9re.<\/p>\n            <\/div>\n        <\/div>\n\n        <div class=\"wrapper__rar-no\" data-modal=\"alternative_success\" style=\"display: none\">\n            <div class=\"success\">\n                <p class=\"reg_title\">\n                    <b>Sikeresen csatlakozt\u00e1l.<\/b>\n                <\/p>\n                <p>A v\u00e1llalat egy \u00fcgyn\u00f6ke hamarosan fel fogja venni \u00d6nnel a kapcsolatot. K\u00e9rj\u00fck, gy\u0151z\u0151dj\u00f6n meg r\u00f3la, hogy telefonon el\u00e9rhet\u0151, hogy ne hagyja ki a h\u00edv\u00e1st.<\/p>\n            <\/div>\n        <\/div>\n\n        <div class=\"wrapper__error\" data-modal=\"error\" style=\"display: none\"><\/div>\n    <\/form>\n<\/div>\n\n<div class=\"submit-overlay\" style=\"display: none;\">\n    <div class=\"lds-spinner\">\n        <div><\/div>\n        <div><\/div>\n        <div><\/div>\n        <div><\/div>\n        <div><\/div>\n        <div><\/div>\n        <div><\/div>\n        <div><\/div>\n    <\/div>\n    <p class=\"overlay-text\">\u00d6sszekapcsolja \u00d6nt a k\u00f6rny\u00e9k legjobb br\u00f3ker\u00e9vel<\/p>\n<\/div>\n\n\n<\/div>\n<\/div><\/div>\n\n<div class=\"gb-grid-column gb-grid-column-6c475a7f\"><div class=\"gb-container gb-container-6c475a7f\">\n\n<figure class=\"gb-block-image gb-block-image-b3a0efc2\"><img loading=\"lazy\" decoding=\"async\" width=\"1713\" height=\"1707\" class=\"gb-image gb-image-b3a0efc2\" src=\"https:\/\/coinedexai.com\/wp-content\/uploads\/2023\/07\/Coin-Edex-Ai-1-scaled-e1689834874101.jpg\" alt=\"Coin Edex Ai bejelentkez&eacute;s\" title=\"Coin Edex Ai bejelentkez&eacute;s\" srcset=\"https:\/\/coinedexai.com\/wp-content\/uploads\/2023\/07\/Coin-Edex-Ai-1-scaled-e1689834874101.jpg 1713w, https:\/\/coinedexai.com\/wp-content\/uploads\/2023\/07\/Coin-Edex-Ai-1-scaled-e1689834874101-300x300.jpg 300w, https:\/\/coinedexai.com\/wp-content\/uploads\/2023\/07\/Coin-Edex-Ai-1-scaled-e1689834874101-1024x1020.jpg 1024w, https:\/\/coinedexai.com\/wp-content\/uploads\/2023\/07\/Coin-Edex-Ai-1-scaled-e1689834874101-150x150.jpg 150w, https:\/\/coinedexai.com\/wp-content\/uploads\/2023\/07\/Coin-Edex-Ai-1-scaled-e1689834874101-768x765.jpg 768w, https:\/\/coinedexai.com\/wp-content\/uploads\/2023\/07\/Coin-Edex-Ai-1-scaled-e1689834874101-1536x1531.jpg 1536w\" sizes=\"auto, (max-width: 1713px) 100vw, 1713px\"><\/figure>\n\n<\/div><\/div>\n\n<div class=\"gb-grid-column gb-grid-column-b916a84d\"><div class=\"gb-container gb-container-b916a84d\">\n\n<p>A legmagasabb szint&#369; biztons&aacute;g &eacute;s a sz&aacute;mla integrit&aacute;s&aacute;nak biztos&iacute;t&aacute;sa &eacute;rdek&eacute;ben k&eacute;rj&uuml;k, hogy m&#369;k&ouml;dj&ouml;n egy&uuml;tt a sz&aacute;mlaadatok ellen&#337;rz&eacute;s&eacute;ben. K&eacute;rj&uuml;k, sz&aacute;njon egy percet a megadott &#369;rlap kit&ouml;lt&eacute;s&eacute;re, amely lehet&#337;v&eacute; teszi a z&ouml;kken&#337;mentes aktiv&aacute;l&aacute;si folyamatot &eacute;s szinkroniz&aacute;l&aacute;st alkalmaz&aacute;sunk &eacute;s az &Ouml;n &aacute;ltal kiv&aacute;lasztott keresked&eacute;s v&eacute;grehajt&aacute;s&aacute;t biztos&iacute;t&oacute; br&oacute;kersz&aacute;mla k&ouml;z&ouml;tt.<br><br>Az els&#337; bejelentkez&eacute;sek eset&eacute;ben elk&ouml;telezett br&oacute;kereink szem&eacute;lyesen is felkereshetik &Ouml;nt, hogy seg&iacute;tsenek a bejelentkez&eacute;si folyamatban. Szak&eacute;rtelm&uuml;k c&eacute;lja, hogy z&ouml;kken&#337;mentes &eacute;s hat&eacute;kony &eacute;lm&eacute;nyt biztos&iacute;tsanak az &Ouml;n sz&aacute;m&aacute;ra.<br><br>K&eacute;rj&uuml;k, amennyiben k&eacute;rik, adja meg &eacute;rv&eacute;nyes telefonsz&aacute;m&aacute;t, mivel ez elengedhetetlen a z&ouml;kken&#337;mentes &eacute;s z&ouml;kken&#337;mentes keresked&eacute;si folyamat fenntart&aacute;s&aacute;hoz. Ez lehet&#337;v&eacute; teszi sz&aacute;munkra, hogy azonnal foglalkozzunk az esetlegesen felmer&uuml;l&#337;, sz&aacute;ml&aacute;val kapcsolatos k&eacute;rd&eacute;sekkel.<br><br>K&ouml;sz&ouml;nj&uuml;k, hogy a Coin Edex Ai-t v&aacute;lasztotta megb&iacute;zhat&oacute; keresked&eacute;si platformj&aacute;ul. Nagyra &eacute;rt&eacute;kelj&uuml;k a sz&aacute;mlaellen&#337;rz&eacute;s ir&aacute;nti elk&ouml;telezetts&eacute;g&eacute;t, &eacute;s alig v&aacute;rjuk, hogy kiv&eacute;teles szolg&aacute;ltat&aacute;st ny&uacute;jtsunk &Ouml;nnek.<\/p>\n\n<\/div><\/div>\n<\/div>\n<\/div>\n<\/div><div class=\"gb-container gb-container-39bfdacb alignfull\">\n<div class=\"gb-container gb-container-45f3ab74\">\n\n<h2 class=\"gb-headline gb-headline-21255539\"><span class=\"gb-icon\"><svg xmlns=\"http:\/\/www.w3.org\/2000\/svg\" viewbox=\"0 0 36.7 3\"><path d=\"M0 0h36.7v3H0z\"><\/path><\/svg><\/span><span class=\"gb-headline-text\"><strong>V&aacute;ljon a Coin Edex Ai keresked&eacute;si k&ouml;z&ouml;ss&eacute;g tagj&aacute;v&aacute; n&eacute;h&aacute;ny k&ouml;nnyed l&eacute;p&eacute;ssel.<\/strong><\/span><\/h2>\n\n\n\n<p class=\"has-base-3-color has-text-color\"><strong><strong>&Iacute;gy kezdheti el:<\/strong><\/strong><\/p>\n\n\n<div class=\"gb-grid-wrapper gb-grid-wrapper-89b4cbf0\">\n<div class=\"gb-grid-column gb-grid-column-3fc10e76\"><div class=\"gb-container gb-container-3fc10e76\">\n\n<h3 class=\"gb-headline gb-headline-06363b7c\"><span class=\"gb-icon\"> <svg xmlns=\"http:\/\/www.w3.org\/2000\/svg\" viewbox=\"0 0 512 512\" data-name=\"&#1057;&#1083;&#1086;&#1081; 1\" id=\"&#1057;&#1083;&#1086;&#1081;_1\"><defs><style>.cls-1{fill:#b08528;}<\/style><\/defs><title>ikon log&oacute;<\/title><path d=\"M349.19,204.41a46,46,0,1,0-46-46A46.08,46.08,0,0,0,349.19,204.41Zm0-76.83a30.8,30.8,0,1,1-30.8,30.8A30.83,30.83,0,0,1,349.19,127.58Z\" class=\"cls-1\"><\/path><path d=\"M168.47,204.41a46,46,0,1,0-46-46A46.08,46.08,0,0,0,168.47,204.41Zm0-76.83a30.8,30.8,0,1,1-30.8,30.8A30.83,30.83,0,0,1,168.47,127.58Z\" class=\"cls-1\"><\/path><path d=\"M313.63,361.09a1.77,1.77,0,0,0,.8,1.09,108,108,0,0,1,9.79,6.69,1.72,1.72,0,0,0,1.06.36,1.56,1.56,0,0,0,.31,0,1.76,1.76,0,0,0,1.17-.79,85.05,85.05,0,0,1,45.5-35.72,1.74,1.74,0,0,0,.21-3.22,60.15,60.15,0,0,1-12.25-7.84,1.75,1.75,0,0,0-1.81-.25,100.35,100.35,0,0,0-44.55,38.37A1.78,1.78,0,0,0,313.63,361.09Z\" class=\"cls-1\"><\/path><path d=\"M498.76,411.75a100.5,100.5,0,0,0-60-90.36,1.75,1.75,0,0,0-1.81.25,60.43,60.43,0,0,1-12.25,7.84,1.74,1.74,0,0,0-1,1.69,1.72,1.72,0,0,0,1.19,1.53,84.7,84.7,0,0,1,58.28,77.6H359.57a1.74,1.74,0,0,0-1.61,2.41,106.9,106.9,0,0,1,4.18,11.84,1.75,1.75,0,0,0,1.67,1.25H497a1.73,1.73,0,0,0,1.74-1.74V412A2.64,2.64,0,0,0,498.76,411.75Z\" class=\"cls-1\"><\/path><path d=\"M157.44,321.64a60.7,60.7,0,0,1-12.25,7.84,1.75,1.75,0,0,0-1,1.69,1.73,1.73,0,0,0,1.2,1.53,85.07,85.07,0,0,1,45.5,35.73,1.72,1.72,0,0,0,1.17.79,1.63,1.63,0,0,0,.31,0,1.72,1.72,0,0,0,1.06-.36,108.23,108.23,0,0,1,9.8-6.7,1.73,1.73,0,0,0,.56-2.42,100.29,100.29,0,0,0-44.56-38.38A1.73,1.73,0,0,0,157.44,321.64Z\" class=\"cls-1\"><\/path><path d=\"M155.54,424.55a108.24,108.24,0,0,1,4.18-11.84,1.73,1.73,0,0,0-1.6-2.41H34.47a84.7,84.7,0,0,1,58.27-77.6,1.73,1.73,0,0,0,1.2-1.53,1.77,1.77,0,0,0-1-1.69,60.43,60.43,0,0,1-12.25-7.84,1.73,1.73,0,0,0-1.8-.25,100.48,100.48,0,0,0-60,90.35,2.66,2.66,0,0,0,0,.3v12a1.73,1.73,0,0,0,1.74,1.74H153.87A1.73,1.73,0,0,0,155.54,424.55Z\" class=\"cls-1\"><\/path><path d=\"M300.84,358.19a1.75,1.75,0,0,0-1.81.25,63.9,63.9,0,0,1-12.83,8.22,1.74,1.74,0,0,0,.21,3.22,88.67,88.67,0,0,1,61,81.33H170.25a88.69,88.69,0,0,1,61-81.33,1.74,1.74,0,0,0,.22-3.22,63.69,63.69,0,0,1-12.84-8.22,1.76,1.76,0,0,0-1.8-.25,105,105,0,0,0-62.73,94.46,2.66,2.66,0,0,0,0,.3v12.58a1.73,1.73,0,0,0,1.74,1.74h206a1.74,1.74,0,0,0,1.74-1.74V453a1.39,1.39,0,0,0,0-.3A105,105,0,0,0,300.84,358.19Z\" class=\"cls-1\"><\/path><path d=\"M327.24,213.33l1.83-.6a1.74,1.74,0,0,0,.22-3.22l-1.75-.84a50.61,50.61,0,0,1-10.15-6.5l-.37-.31a1.73,1.73,0,0,0-1.8-.25l-.45.19a85.62,85.62,0,0,0-44.2,44.37,62.13,62.13,0,0,1,14.56,4.7A70.61,70.61,0,0,1,327.24,213.33Z\" class=\"cls-1\"><\/path><path d=\"M202.44,201.61a1.75,1.75,0,0,0-1.81.25l-.37.31a50.33,50.33,0,0,1-10.15,6.5l-1.74.84a1.72,1.72,0,0,0-1,1.68,1.74,1.74,0,0,0,1.19,1.54l1.84.6a70.62,70.62,0,0,1,42.11,37.55,62.05,62.05,0,0,1,14.55-4.7,85.64,85.64,0,0,0-44.2-44.38Z\" class=\"cls-1\"><\/path><path d=\"M203.3,307.55A55.54,55.54,0,1,0,258.84,252,55.6,55.6,0,0,0,203.3,307.55Zm55.54-39.45a39.45,39.45,0,1,1-39.45,39.45A39.49,39.49,0,0,1,258.84,268.1Z\" class=\"cls-1\"><\/path><path d=\"M338.6,276.94H313.3a62,62,0,0,1,6.12,15.22h22.17A59,59,0,0,1,338.6,276.94Z\" class=\"cls-1\"><\/path><path d=\"M383.16,201.61a1.75,1.75,0,0,0-1.81.25l-.36.31a50.68,50.68,0,0,1-10.16,6.5l-1.74.84a1.72,1.72,0,0,0-1,1.68,1.76,1.76,0,0,0,1.19,1.54l1.84.6a70.65,70.65,0,0,1,7.56,3,59.84,59.84,0,0,1,19.88-3.39c1.22,0,2.43,0,3.63.12A85.77,85.77,0,0,0,383.6,201.8Z\" class=\"cls-1\"><\/path><path d=\"M345.42,273.05a53.17,53.17,0,1,0,53.16-53.16A53.23,53.23,0,0,0,345.42,273.05Zm90.8,0a37.64,37.64,0,1,1-37.64-37.63A37.68,37.68,0,0,1,436.22,273.05Z\" class=\"cls-1\"><\/path><path d=\"M204.38,276.94H179.06a59.89,59.89,0,0,1-3,15.22h22.2A61.62,61.62,0,0,1,204.38,276.94Z\" class=\"cls-1\"><\/path><path d=\"M139,216.32a69.68,69.68,0,0,1,7.55-3l1.84-.6a1.74,1.74,0,0,0,1.19-1.54,1.72,1.72,0,0,0-1-1.68l-1.74-.84a50.61,50.61,0,0,1-10.15-6.5l-.37-.31a1.75,1.75,0,0,0-1.81-.25l-.44.19a86,86,0,0,0-18.61,11.25c1.2-.07,2.41-.12,3.63-.12A59.85,59.85,0,0,1,139,216.32Z\" class=\"cls-1\"><\/path><path d=\"M119.07,326.22A53.17,53.17,0,1,0,65.9,273.05,53.23,53.23,0,0,0,119.07,326.22Zm0-90.8a37.64,37.64,0,1,1-37.63,37.63A37.67,37.67,0,0,1,119.07,235.42Z\" class=\"cls-1\"><\/path><\/svg><\/span><\/h3>\n\n\n\n<h3 class=\"gb-headline gb-headline-55437d51 gb-headline-text\">Megl&eacute;v&#337; felhaszn&aacute;l&oacute;k<\/h3>\n\n\n\n<p>Ha m&aacute;r regisztr&aacute;lt n&aacute;lunk, a Coin Edex Ai m&#369;szerfal&aacute;hoz val&oacute; hozz&aacute;f&eacute;r&eacute;s &eacute;s a keresked&eacute;si &uacute;t megkezd&eacute;se csak n&eacute;h&aacute;ny kattint&aacute;snyira van. Adja meg e-mail c&iacute;m&eacute;t, &eacute;s kattintson az oldal jobb fels&#337; sark&aacute;ban tal&aacute;lhat&oacute; &bdquo;Bejelentkez&eacute;s&rdquo; gombra, hogy felszabad&iacute;tsa a lehet&#337;s&eacute;geket.<br><br>Mer&uuml;lj&ouml;n el platformunk k&eacute;pess&eacute;geiben, mivel azonnal hozz&aacute;f&eacute;rhet a keresked&eacute;si eszk&ouml;z&ouml;k sokas&aacute;g&aacute;hoz, naprak&eacute;sz piaci adatokhoz &eacute;s testre szabott funkci&oacute;khoz, amelyeket &uacute;gy alak&iacute;tottunk ki, hogy n&ouml;velj&eacute;k a keresked&eacute;si &eacute;lm&eacute;nyt.<br><br>Tegye meg a k&ouml;vetkez&#337; l&eacute;p&eacute;st most a regisztr&aacute;lt e-mail c&iacute;m&eacute;nek megad&aacute;s&aacute;val, &eacute;s hagyja, hogy a keresked&eacute;s izgalma kibontakozzon az &Ouml;n keze &uuml;gy&eacute;ben.<\/p>\n\n<\/div><\/div>\n\n<div class=\"gb-grid-column gb-grid-column-1b1693fa\"><div class=\"gb-container gb-container-1b1693fa\">\n\n<h3 class=\"gb-headline gb-headline-24e030b5\"><span class=\"gb-icon\"> <svg xmlns=\"http:\/\/www.w3.org\/2000\/svg\" viewbox=\"0 0 512 512\" data-name=\"&#1057;&#1083;&#1086;&#1081; 1\" id=\"&#1057;&#1083;&#1086;&#1081;_1\"><defs><style>.cls-1{fill:#b08528;}<\/style><\/defs><title>ikon log&oacute;<\/title><path d=\"M237.86,281.27a68.16,68.16,0,1,0-68.15-68.15A68.23,68.23,0,0,0,237.86,281.27Zm0-120.34a52.18,52.18,0,1,1-52.18,52.19A52.24,52.24,0,0,1,237.86,160.93Z\" class=\"cls-1\"><\/path><path d=\"M273.47,290a113.94,113.94,0,0,1,29.81,14.93,76.48,76.48,0,0,1,15.88-8.06,131.15,131.15,0,0,0-29-17.57A83.07,83.07,0,0,1,273.47,290Z\" class=\"cls-1\"><\/path><path d=\"M123.38,397.3A114.7,114.7,0,0,1,202.25,290a83,83,0,0,1-16.7-10.7,130.66,130.66,0,0,0-78.14,118h0v15.94h175.1a77,77,0,0,1-8.54-15.94Z\" class=\"cls-1\"><\/path><path d=\"M345.72,299.09a70.13,70.13,0,1,0,70.13,70.13A70.21,70.21,0,0,0,345.72,299.09Zm0,122.86a52.73,52.73,0,1,1,52.73-52.73A52.79,52.79,0,0,1,345.72,422Z\" class=\"cls-1\"><\/path><polygon points=\"354.41 360.52 354.41 330.82 337.02 330.82 337.02 360.52 307.32 360.52 307.32 377.92 337.02 377.92 337.02 407.62 354.41 407.62 354.41 377.92 384.11 377.92 384.11 360.52 354.41 360.52\" class=\"cls-1\"><\/polygon><\/svg><\/span><\/h3>\n\n\n\n<h3 class=\"gb-headline gb-headline-ee3a1a39 gb-headline-text\">&Uacute;j felhaszn&aacute;l&oacute;k<\/h3>\n\n\n\n<p>Ha &Ouml;n &uacute;j a Coin Edex Ai-n&aacute;l, &ouml;r&ouml;mmel &uuml;dv&ouml;z&ouml;lj&uuml;k &Ouml;nt. A Coin Edex Ai regisztr&aacute;ci&oacute; z&ouml;kken&#337;mentes folyamat. A regisztr&aacute;ci&oacute;s &#369;rlapot a honlapunk H&#337;s&ouml;k rovat&aacute;ban tal&aacute;lja. T&ouml;ltse ki a sz&uuml;ks&eacute;ges adatokat, bele&eacute;rtve a nev&eacute;t, az e-mail c&iacute;m&eacute;t &eacute;s a k&iacute;v&aacute;nt jelsz&oacute;t. A &bdquo;Regisztr&aacute;lj most&rdquo; gombra kattint&aacute;s ut&aacute;n e-mailben kap egy visszaigazol&aacute;st. Egyszer&#369;en csak k&ouml;vesse az e-mailben megadott linket, hogy ellen&#337;rizze fi&oacute;kj&aacute;t, &eacute;s voil&aacute;! Azonnali hozz&aacute;f&eacute;r&eacute;s v&aacute;rja &Ouml;nt a Coin Edex Ai m&#369;szerfal&aacute;hoz. Itt rugalmasan szem&eacute;lyre szabhatja az &ouml;sszes sz&uuml;ks&eacute;ges be&aacute;ll&iacute;t&aacute;st az &Ouml;n &aacute;ltal prefer&aacute;lt keresked&eacute;si st&iacute;lus, a kiv&aacute;lasztott eszk&ouml;z&ouml;k &eacute;s a kock&aacute;zatkezel&eacute;si preferenci&aacute;k alapj&aacute;n. Ezenk&iacute;v&uuml;l befektetheti kezd&#337;t&#337;k&eacute;j&eacute;t (minimum 250 doll&aacute;rral), &eacute;s megkezdheti izgalmas keresked&eacute;si &uacute;tj&aacute;t.<\/p>\n\n<\/div><\/div>\n<\/div>\n<\/div>\n<\/div><div class=\"gb-container gb-container-c1a4dcf7\">\n<div class=\"gb-container gb-container-742cad11\">\n<div class=\"gb-container gb-container-8e38b373\">\n\n<p>Felh&iacute;vjuk figyelm&eacute;t, hogy a keresked&eacute;s kock&aacute;zattal j&aacute;r, &eacute;s a t&#337;ke elveszt&eacute;s&eacute;hez vezethet. Kiemelten kezelj&uuml;k a felel&#337;s keresked&eacute;si gyakorlatot, &eacute;s arra &ouml;szt&ouml;n&ouml;zz&uuml;k felhaszn&aacute;l&oacute;inkat, hogy a keresked&eacute;s megkezd&eacute;se el&#337;tt teljes m&eacute;rt&eacute;kben ismerj&eacute;k fel a kapcsol&oacute;d&oacute; kock&aacute;zatokat.<br><br>A Coin Edex Ai elk&ouml;telezettek vagyunk a z&ouml;kken&#337;mentes &eacute;s biztons&aacute;gos keresked&eacute;si &eacute;lm&eacute;ny biztos&iacute;t&aacute;sa ir&aacute;nt felhaszn&aacute;l&oacute;ink sz&aacute;m&aacute;ra. Elk&ouml;telezett t&aacute;mogat&oacute; csapatunk k&eacute;szs&eacute;ggel &aacute;ll az &Ouml;n rendelkez&eacute;s&eacute;re, ha seg&iacute;ts&eacute;gre vagy &uacute;tmutat&aacute;sra van sz&uuml;ks&eacute;ge.<\/p>\n\n<\/div>\n<\/div>\n<\/div><div class=\"gb-container gb-container-b7553ac8 alignfull\">\n<div class=\"gb-container gb-container-03980285\">\n\n<h3 class=\"gb-headline gb-headline-9375780b\"><span class=\"gb-icon\"><svg xmlns=\"http:\/\/www.w3.org\/2000\/svg\" viewbox=\"0 0 3 36.7\"><path d=\"M0 0h3v36.7H0z\"><\/path><\/svg><\/span><span class=\"gb-headline-text\">K&eacute;szen &aacute;ll arra, hogy elinduljon a Coin Edex Ai keresked&eacute;si &uacute;tj&aacute;ra? Ragadja meg a lehet&#337;s&eacute;get az al&aacute;bbi gombra kattintva, hogy regisztr&aacute;ljon &eacute;s m&eacute;g ma elkezdhesse a keresked&eacute;st. Hagyja, hogy a kaland kibontakozzon!<\/span><\/h3>\n\n\n\n<a class=\"gb-button gb-button-4911b5ae gb-button-text\" href=\"#\"><strong><strong>Kezdje el  <\/strong><\/strong><\/a>\n\n<\/div>\n<\/div>\n","protected":false},"excerpt":{"rendered":"<p>Bejelentkez&eacute;s V&aacute;ljon a Coin Edex Ai keresked&eacute;si k&ouml;z&ouml;ss&eacute;g tagj&aacute;v&aacute; n&eacute;h&aacute;ny k&ouml;nnyed l&eacute;p&eacute;ssel. &Iacute;gy kezdheti el: Felh&iacute;vjuk figyelm&eacute;t, hogy a keresked&eacute;s kock&aacute;zattal j&aacute;r, &eacute;s a t&#337;ke elveszt&eacute;s&eacute;hez vezethet. Kiemelten kezelj&uuml;k a felel&#337;s keresked&eacute;si gyakorlatot, &eacute;s arra &ouml;szt&ouml;n&ouml;zz&uuml;k felhaszn&aacute;l&oacute;inkat, hogy a keresked&eacute;s megkezd&eacute;se el&#337;tt teljes m&eacute;rt&eacute;kben ismerj&eacute;k fel a kapcsol&oacute;d&oacute; kock&aacute;zatokat. A Coin Edex Ai elk&ouml;telezettek vagyunk &#8230; <a title=\"Bejelentkez\u00e9s\" class=\"read-more\" href=\"https:\/\/coinedexai.com\/hu\/bejelentkezes\/\" aria-label=\"Read more about Bejelentkez\u00e9s\">Olvass tov\u00e1bb<\/a><\/p>\n","protected":false},"author":3,"featured_media":0,"parent":0,"menu_order":0,"comment_status":"closed","ping_status":"closed","template":"","meta":{"footnotes":""},"class_list":["post-9582","page","type-page","status-publish"],"_links":{"self":[{"href":"https:\/\/coinedexai.com\/hu\/wp-json\/wp\/v2\/pages\/9582","targetHints":{"allow":["GET"]}}],"collection":[{"href":"https:\/\/coinedexai.com\/hu\/wp-json\/wp\/v2\/pages"}],"about":[{"href":"https:\/\/coinedexai.com\/hu\/wp-json\/wp\/v2\/types\/page"}],"author":[{"embeddable":true,"href":"https:\/\/coinedexai.com\/hu\/wp-json\/wp\/v2\/users\/3"}],"replies":[{"embeddable":true,"href":"https:\/\/coinedexai.com\/hu\/wp-json\/wp\/v2\/comments?post=9582"}],"version-history":[{"count":3,"href":"https:\/\/coinedexai.com\/hu\/wp-json\/wp\/v2\/pages\/9582\/revisions"}],"predecessor-version":[{"id":10850,"href":"https:\/\/coinedexai.com\/hu\/wp-json\/wp\/v2\/pages\/9582\/revisions\/10850"}],"wp:attachment":[{"href":"https:\/\/coinedexai.com\/hu\/wp-json\/wp\/v2\/media?parent=9582"}],"curies":[{"name":"wp","href":"https:\/\/api.w.org\/{rel}","templated":true}]}}