{"id":9530,"date":"2020-09-18T14:37:23","date_gmt":"2020-09-18T14:37:23","guid":{"rendered":"https:\/\/coinedexai.com\/hafdu-samband\/"},"modified":"2024-11-15T08:28:37","modified_gmt":"2024-11-15T08:28:37","slug":"hafdu-samband","status":"publish","type":"page","link":"https:\/\/coinedexai.com\/is\/hafdu-samband\/","title":{"rendered":"Haf\u00f0u samband"},"content":{"rendered":"<?xml encoding=\"UTF-8\"><div class=\"gb-container gb-container-4741bdba\">\n<div class=\"gb-container gb-container-287f468b\">\n\n<h1 class=\"gb-headline gb-headline-9ccd8424 gb-headline-text\"><strong>Haf&eth;u samband<\/strong><\/h1>\n\n<\/div>\n<\/div><div class=\"gb-container gb-container-9088b8cf\">\n<div class=\"gb-container gb-container-00a7acd7\">\n<nav aria-label=\"breadcrumbs\" class=\"rank-math-breadcrumb\"><p><span class=\"last\">Home<\/span><\/p><\/nav>\n\n<\/div>\n<\/div><div class=\"gb-container gb-container-ffc50187\">\n<div class=\"gb-grid-wrapper gb-grid-wrapper-03184bbb\">\n<div class=\"gb-grid-column gb-grid-column-dceab908\"><div class=\"gb-container gb-container-dceab908\">\n\n<h2 class=\"gb-headline gb-headline-39054f42 gb-headline-text\">N&aacute;&eth;u til Coin Edex Ai: Vi&eth; erum h&eacute;r fyrir &thorn;ig<\/h2>\n\n\n\n<p>Spurningar &thorn;&iacute;nar og endurgj&ouml;f skipta m&aacute;li hj&aacute; Coin Edex Ai<br><br>Vi&eth; hj&aacute; Coin Edex Ai metum mj&ouml;g spurningar &thorn;&iacute;nar, athugasemdir og endurgj&ouml;f. Hvort sem &thorn;&uacute; &thorn;arft a&eth;sto&eth; vi&eth; reikninginn &thorn;inn, hefur fyrirspurnir um vettvang okkar e&eth;a vilt einfaldlega deila hugsunum &thorn;&iacute;num, &thorn;&aacute; erum vi&eth; fullkomlega sta&eth;r&aacute;&eth;in &iacute; a&eth; veita &thorn;&eacute;r &oacute;bilandi stu&eth;ning.<br><br>&THORN;&oacute; a&eth; &thorn;j&oacute;nustudeild okkar s&eacute; hollur til a&eth; a&eth;sto&eth;a &thorn;ig vi&eth; allar fyrirspurnir, hvetjum vi&eth; til bein samskipti vi&eth; framkv&aelig;mdami&eth;lara okkar vegna vi&eth;skiptatengdra spurninga. Ef &thorn;&uacute; hefur ekki enn veri&eth; &iacute; samstarfi vi&eth; framkv&aelig;mdami&eth;lara, vinsamlegast l&aacute;ttu okkur vita og vi&eth; munum tengja &thorn;ig beint vi&eth; einn af traustum studdum mi&eth;larum okkar. Vi&eth;skiptafer&eth;in &thorn;&iacute;n er forgangsverkefni okkar og vi&eth; erum h&eacute;r til a&eth; lei&eth;beina &thorn;&eacute;r hvert skref &aacute; lei&eth;inni.<br><br>Til a&eth; komast &iacute; samband vi&eth; s&eacute;rstaka &thorn;j&oacute;nustudeild okkar getur&eth;u au&eth;veldlega n&aacute;&eth; &iacute; okkur me&eth; t&ouml;lvup&oacute;sti &aacute; info@coinedexai.com . A&eth; &ouml;&eth;rum kosti getur&eth;u fyllt &uacute;t ey&eth;ubla&eth;i&eth; sem er a&eth;gengilegt &aacute; vefs&iacute;&eth;u okkar og einn af fulltr&uacute;a okkar mun svara skilabo&eth;um &thorn;&iacute;num tafarlaust. &Aacute;n&aelig;gja &thorn;&iacute;n og &aacute;rangur &iacute; dulritunarvi&eth;skiptum eru kjarninn &iacute; skuldbindingu okkar vi&eth; &thorn;ig.<\/p>\n\n<\/div><\/div>\n\n<div class=\"gb-grid-column gb-grid-column-eb2e4b7f\"><div class=\"gb-container gb-container-eb2e4b7f\">\n\n<p class=\"gb-headline gb-headline-92b71e6d gb-headline-text\"><strong>Haf&eth;u samband og &oacute;keypis skr&aacute;ning<\/strong><\/p>\n\n\n    <script>\n        localStorage.setItem('fxbot_ab_testing', '{\"login\":[],\"registration\":[],\"contactus\":[]}');\n    <\/script>\n    <style>\n        .reCAPTCHAContent {\n            display: none;\n            visibility: hidden;\n        }\n    <\/style>\n\n\n<script>\n    localStorage.setItem('fxbot_api_parameters', '[{\"key\":\"emailmarketing\",\"value\":\"1\",\"override\":true},{\"key\":\"funnel\",\"value\":\"Coin Edex\",\"override\":true}]');\n    localStorage.setItem('fxbot_alias_url', 'wp-content\/plugins\/fxbot-registration-form\/api.php');\n    localStorage.setItem('fxbot_email_marketing', '1');\n    localStorage.setItem('fxbot_email_marketing_debounce', 'true');\n    localStorage.setItem('fxbot_email_marketing_debounce_time', '1000');\n    localStorage.setItem('fxbot_recaptcha_enabled', 'false');\n    localStorage.setItem('fxbot_recaptcha_site_key', 'EMPTY');\n    localStorage.setItem('fxbot_alt_reg_popup_query_selector', '');\n    localStorage.setItem('fxbot_redirectVariant', '0');\n<\/script>\n<div class=\"form-widget\" id=\"optInFormWrapper\">\n    <form action=\"\" class=\"flex flex-column\" data-form=\"optInForm\" data-urlsearchparams=\"\" data-widget=\"registration_2_step\" id=\"opt-form\" method=\"post\" name=\"optInForm\">\n        <div class=\"elementor-field-type-text elementor-field-group elementor-column elementor-field-group-name elementor-col-100 form-group\">\n            <label for=\"form-first_name\" class=\"elementor-field-label elementor-screen-only\">Fyrsta nafn<\/label>\n            <input class=\"elementor-field elementor-size-sm  elementor-field-textual regFormFirstName\" placeholder=\"Fyrsta nafn\" data-input=\"firstname\" data-valid=\"false\" id=\"form-first_name\" name=\"firstname\" size=\"1\" type=\"text\">\n            <p class=\"error-message\"><\/p>\n        <\/div>\n\n        <div class=\"elementor-field-type-text elementor-field-group elementor-column elementor-field-group-name elementor-col-100 form-group\">\n            <label for=\"form-last_name\" class=\"elementor-field-label elementor-screen-only\">Eftirnafn<\/label>\n            <input class=\"elementor-field elementor-size-sm elementor-field-textual regFormLastNname\" placeholder=\"Eftirnafn\" data-input=\"lastname\" data-valid=\"false\" id=\"form-last_name\" name=\"lastname\" size=\"1\" type=\"text\">\n            <p class=\"error-message\"><\/p>\n        <\/div>\n\n        <div class=\"form-group elementor-field-type-text elementor-field-group elementor-column elementor-field-group-name elementor-col-100\">\n            <label class=\"elementor-field-label elementor-screen-only\" for=\"form-email\">T\u00f6lvup\u00f3stur<\/label>\n            <input class=\"regFormEmail elementor-field elementor-size-sm elementor-field-textual\" placeholder=\"T\u00f6lvup\u00f3stur\" data-input=\"email\" data-valid=\"false\" id=\"form-email\" name=\"email\" type=\"email\">\n            <p class=\"error-message\"><\/p>\n            <div class=\"form-group__emailValid-info\">\n                <span class=\"form-group__emailValid-message\"><span>\u00c1ttir\u00f0u vi\u00f0<\/span> <b><\/b>?<\/span> <span class=\"form-group__emailValid-btn\">Skipta um<\/span>            <\/div>\n        <\/div>\n\n        <p class=\"reCAPTCHAContent\">\n            \u00deessi vefs\u00ed\u00f0a er verndu\u00f0 me\u00f0 reCAPTCHA og <a href=\"https:\/\/policies.google.com\/privacy\" target=\"_blank\" rel=\"noopener\">Pers\u00f3nuverndarstefnu Google<\/a> og <a href=\"https:\/\/policies.google.com\/terms\" target=\"_blank\" rel=\"noopener\">\u00dej\u00f3nustuskilm\u00e1lum<\/a> gilda.        <\/p>\n\n        <button class=\"zoom regFormButton elementor-button elementor-size-sm\" data-button=\"submit\" id=\"optInForm-btn\">\n            Submit        <\/button>\n    <\/form>\n<\/div>\n<div class=\"form-widget\" id=\"regFormWrapper\" style=\"visibility: hidden; width: 0; height:0\">\n    <form action=\"\" class=\"flex flex-column\" data-form=\"registrationForm\" data-urlsearchparams=\"\" data-widget=\"registration_2_step\" id=\"reg-form\" method=\"post\" name=\"registrationForm\">\n        <div class=\"elementor-field-type-text elementor-field-group elementor-column elementor-field-group-name elementor-col-100 form-group\">\n            <label for=\"form-first_name\" class=\"elementor-field-label elementor-screen-only\">Fyrsta nafn<\/label>\n            <input class=\"elementor-field elementor-size-sm  elementor-field-textual regFormFirstName\" placeholder=\"Fyrsta nafn\" data-input=\"firstname\" data-valid=\"false\" id=\"form-first_name\" name=\"firstname\" size=\"1\" type=\"text\">\n            <p class=\"error-message\"><\/p>\n        <\/div>\n\n        <div class=\"elementor-field-type-text elementor-field-group elementor-column elementor-field-group-name elementor-col-100 form-group\">\n            <label for=\"form-last_name\" class=\"elementor-field-label elementor-screen-only\">Eftirnafn<\/label>\n            <input class=\"elementor-field elementor-size-sm elementor-field-textual regFormLastNname\" placeholder=\"Eftirnafn\" data-input=\"lastname\" data-valid=\"false\" id=\"form-last_name\" name=\"lastname\" size=\"1\" type=\"text\">\n            <p class=\"error-message\"><\/p>\n        <\/div>\n\n        <div class=\"elementor-field-type-text elementor-field-group elementor-column elementor-field-group-name elementor-col-100 form-group form-group__emailValid\">\n            <label class=\"elementor-field-label elementor-screen-only\" for=\"form-email\">T\u00f6lvup\u00f3stur<\/label>\n            <input class=\"elementor-field elementor-size-sm elementor-field-textual regFormEmail\" placeholder=\"T\u00f6lvup\u00f3stur\" data-input=\"email\" data-valid=\"false\" id=\"form-email\" name=\"email\" type=\"email\">\n            <p class=\"error-message\"><\/p>\n            <p class=\"form-group__emailValid-info\">\n                <span class=\"form-group__emailValid-message\"><span>\u00c1ttir\u00f0u vi\u00f0<\/span> <b><\/b>?<\/span> <span class=\"form-group__emailValid-btn\">Skipta um<\/span>            <\/p>\n        <\/div>\n\n        <div class=\"elementor-field-type-tel elementor-field-group elementor-column elementor-field-group-field_fad38fc elementor-col-100 form-group reg-phone\">\n            <label class=\"elementor-field-label elementor-screen-only\" for=\"form-phone_number\">S\u00edman\u00famer<\/label>\n            <input class=\"elementor-field elementor-size-sm elementor-field-textual regFormPhoneNumber\" placeholder=\"S\u00edman\u00famer\" autocompvare=\"off\" data-input=\"phone_number\" data-valid=\"false\" id=\"form-phone_number\" name=\"phone_number\" size=\"1\" type=\"text\">\n            <p class=\"error-message\"><\/p>\n        <\/div>\n\n        <p class=\"reCAPTCHAContent\">\n            \u00deessi vefs\u00ed\u00f0a er verndu\u00f0 me\u00f0 reCAPTCHA og <a href=\"https:\/\/policies.google.com\/privacy\" target=\"_blank\" rel=\"noopener\">Pers\u00f3nuverndarstefnu Google<\/a> og <a href=\"https:\/\/policies.google.com\/terms\" target=\"_blank\" rel=\"noopener\">\u00dej\u00f3nustuskilm\u00e1lum<\/a> gilda.        <\/p>\n\n        <button class=\"elementor-button zoom regFormButton\" data-button=\"submit\" id=\"form-btn\" type=\"button\">\n            Submit        <\/button>\n\n        <div class=\"wrapper__rar-no\" data-modal=\"success\" style=\"display: none\">\n            <div class=\"success\">\n                <img decoding=\"async\" src=\"\/wp-content\/plugins\/fxbot-registration-form\/assets\/images\/regSuccess.png\" alt=\"\u00deakka \u00fe\u00e9r fyrir skr\u00e1ninguna\">\n                <p>\u00deakka \u00fe\u00e9r fyrir skr\u00e1ninguna.<br\/>Umbo\u00f0sma\u00f0ur okkar mun hafa samband vi\u00f0 \u00feig innan skamms.<br\/>Gakktu \u00far skugga um a\u00f0 \u00fe\u00fa hafir nota\u00f0 raunverulegt s\u00edman\u00famer.<br\/>Sk\u00e1l.<\/p>\n            <\/div>\n        <\/div>\n\n        <div class=\"wrapper__rar-no\" data-modal=\"alternative_success\" style=\"display: none\">\n            <div class=\"success\">\n                <p class=\"reg_title\">\n                    <b>\u00de\u00fa hefur tengst \u00e1n vandr\u00e6\u00f0a.<\/b>\n                <\/p>\n                <p>Fulltr\u00fai fyrirt\u00e6kisins mun hafa samband vi\u00f0 \u00feig br\u00e1\u00f0um. Vinsamlegast gangi\u00f0 \u00far skugga um a\u00f0 \u00fe\u00fa s\u00e9rt \u00ed s\u00edma til a\u00f0 koma \u00ed veg fyrir a\u00f0 \u00fe\u00fa missir s\u00edmtalann.<\/p>\n            <\/div>\n        <\/div>\n\n        <div class=\"wrapper__error\" data-modal=\"error\" style=\"display: none\"><\/div>\n    <\/form>\n<\/div>\n\n<div class=\"submit-overlay\" style=\"display: none;\">\n    <div class=\"lds-spinner\">\n        <div><\/div>\n        <div><\/div>\n        <div><\/div>\n        <div><\/div>\n        <div><\/div>\n        <div><\/div>\n        <div><\/div>\n        <div><\/div>\n    <\/div>\n    <p class=\"overlay-text\">A\u00f0 tengja \u00feig vi\u00f0 besta mi\u00f0larann \u00e1 \u00fe\u00ednu sv\u00e6\u00f0i<\/p>\n<\/div>\n\n\n<\/div><\/div>\n<\/div>\n<\/div><div class=\"gb-container gb-container-12372299\">\n<div class=\"gb-container gb-container-efc8bf99\">\n<div class=\"gb-grid-wrapper gb-grid-wrapper-5a3bd3a6\">\n<div class=\"gb-grid-column gb-grid-column-776fee10\"><div class=\"gb-container gb-container-776fee10\">\n\n<figure class=\"gb-block-image gb-block-image-9c14dcbf\"><img loading=\"lazy\" decoding=\"async\" width=\"2144\" height=\"1707\" class=\"gb-image gb-image-9c14dcbf\" src=\"https:\/\/coinedexai.com\/wp-content\/uploads\/2023\/07\/Coin-Edex-Ai-10-scaled-e1689834532155.jpg\" alt=\"Coin Edex Ai tengili&eth;ur\" title=\"Coin Edex Ai tengili&eth;ur\" srcset=\"https:\/\/coinedexai.com\/wp-content\/uploads\/2023\/07\/Coin-Edex-Ai-10-scaled-e1689834532155.jpg 2144w, https:\/\/coinedexai.com\/wp-content\/uploads\/2023\/07\/Coin-Edex-Ai-10-scaled-e1689834532155-300x239.jpg 300w, https:\/\/coinedexai.com\/wp-content\/uploads\/2023\/07\/Coin-Edex-Ai-10-scaled-e1689834532155-1024x815.jpg 1024w, https:\/\/coinedexai.com\/wp-content\/uploads\/2023\/07\/Coin-Edex-Ai-10-scaled-e1689834532155-768x611.jpg 768w, https:\/\/coinedexai.com\/wp-content\/uploads\/2023\/07\/Coin-Edex-Ai-10-scaled-e1689834532155-1536x1223.jpg 1536w, https:\/\/coinedexai.com\/wp-content\/uploads\/2023\/07\/Coin-Edex-Ai-10-scaled-e1689834532155-2048x1631.jpg 2048w\" sizes=\"auto, (max-width: 2144px) 100vw, 2144px\"><\/figure>\n\n<\/div><\/div>\n\n<div class=\"gb-grid-column gb-grid-column-5d979b36\"><div class=\"gb-container gb-container-5d979b36\">\n\n<p class=\"has-base-3-color has-text-color\">Ekki hika vi&eth; a&eth; n&aacute; til Coin Edex Ai &ndash; Alltaf tilt&aelig;kt, alltaf a&eth; b&aelig;ta<br><br>Vi&eth; hj&aacute; Coin Edex Ai f&ouml;gnum fyrirspurnum &thorn;&iacute;num og metum inntak &thorn;itt, allan s&oacute;larhringinn. Hins vegar skaltu hafa &iacute; huga a&eth; s&eacute;rstakur teymi okkar vinnur &uacute;r &thorn;eim &aacute; venjulegum vinnut&iacute;ma okkar, sem spannar fr&aacute; m&aacute;nudegi til f&ouml;studags, 9:00 til 18:00, UTC+8.<br><br>&THORN;egar hi&eth; kraftmikla dulritunarvi&eth;skiptalandslag &thorn;r&oacute;ast, erum vi&eth; hj&aacute; Coin Edex Ai sta&eth;r&aacute;&eth;in &iacute; a&eth; b&aelig;ta st&ouml;&eth;ugt vi&eth;skiptaupplifun &thorn;&iacute;na. Vi&eth;br&ouml;g&eth; &thorn;&iacute;n eru okkur afar mikilv&aelig;g og vi&eth; hl&ouml;kkum til a&eth; heyra fr&aacute; &thorn;&eacute;r. Ekki hika vi&eth; a&eth; hafa samband vi&eth; okkur &ndash; vi&eth; erum h&eacute;r til a&eth; hlusta, sty&eth;ja og b&aelig;ta fer&eth; &thorn;&iacute;na &iacute; heimi dulritunargjaldmi&eth;lavi&eth;skipta.<\/p>\n\n\n\n<p class=\"has-base-3-color has-text-color\"><strong>Netfang:<\/strong> info@coinedexai.com<\/p>\n\n\n\n<p class=\"has-base-3-color has-text-color\"><strong>Heimilisfang:<\/strong> WeWork Bengaluru VR Bengaluru: Devasandra Industrial Estate, Mahadevapura, Bengaluru, Indlandi<\/p>\n\n<\/div><\/div>\n<\/div>\n<\/div>\n<\/div>\n","protected":false},"excerpt":{"rendered":"<p>Haf&eth;u samband<\/p>\n","protected":false},"author":3,"featured_media":0,"parent":0,"menu_order":0,"comment_status":"closed","ping_status":"closed","template":"","meta":{"footnotes":""},"class_list":["post-9530","page","type-page","status-publish"],"_links":{"self":[{"href":"https:\/\/coinedexai.com\/is\/wp-json\/wp\/v2\/pages\/9530","targetHints":{"allow":["GET"]}}],"collection":[{"href":"https:\/\/coinedexai.com\/is\/wp-json\/wp\/v2\/pages"}],"about":[{"href":"https:\/\/coinedexai.com\/is\/wp-json\/wp\/v2\/types\/page"}],"author":[{"embeddable":true,"href":"https:\/\/coinedexai.com\/is\/wp-json\/wp\/v2\/users\/3"}],"replies":[{"embeddable":true,"href":"https:\/\/coinedexai.com\/is\/wp-json\/wp\/v2\/comments?post=9530"}],"version-history":[{"count":3,"href":"https:\/\/coinedexai.com\/is\/wp-json\/wp\/v2\/pages\/9530\/revisions"}],"predecessor-version":[{"id":10872,"href":"https:\/\/coinedexai.com\/is\/wp-json\/wp\/v2\/pages\/9530\/revisions\/10872"}],"wp:attachment":[{"href":"https:\/\/coinedexai.com\/is\/wp-json\/wp\/v2\/media?parent=9530"}],"curies":[{"name":"wp","href":"https:\/\/api.w.org\/{rel}","templated":true}]}}