{"id":9566,"date":"2020-09-18T14:37:23","date_gmt":"2020-09-18T14:37:23","guid":{"rendered":"https:\/\/coinedexai.com\/susisiekite-su\/"},"modified":"2024-11-15T08:28:39","modified_gmt":"2024-11-15T08:28:39","slug":"susisiekite-su","status":"publish","type":"page","link":"https:\/\/coinedexai.com\/lt\/susisiekite-su\/","title":{"rendered":"Susisiekite su"},"content":{"rendered":"<?xml encoding=\"UTF-8\"><div class=\"gb-container gb-container-4741bdba\">\n<div class=\"gb-container gb-container-287f468b\">\n\n<h1 class=\"gb-headline gb-headline-9ccd8424 gb-headline-text\"><strong>Susisiekite su<\/strong><\/h1>\n\n<\/div>\n<\/div><div class=\"gb-container gb-container-9088b8cf\">\n<div class=\"gb-container gb-container-00a7acd7\">\n<nav aria-label=\"breadcrumbs\" class=\"rank-math-breadcrumb\"><p><span class=\"last\">Home<\/span><\/p><\/nav>\n\n<\/div>\n<\/div><div class=\"gb-container gb-container-ffc50187\">\n<div class=\"gb-grid-wrapper gb-grid-wrapper-03184bbb\">\n<div class=\"gb-grid-column gb-grid-column-dceab908\"><div class=\"gb-container gb-container-dceab908\">\n\n<h2 class=\"gb-headline gb-headline-39054f42 gb-headline-text\">Pasiekite Coin Edex Ai: Mes esame &#269;ia d&#279;l j&#363;s&#371;<\/h2>\n\n\n\n<p>J&#363;s&#371; klausimai ir atsiliepimai svarb&#363;s &bdquo;Coin Edex Ai<br><br>&bdquo;Coin Edex Ai&rdquo; labai vertiname j&#363;s&#371; klausimus, komentarus ir atsiliepimus. Nesvarbu, ar jums reikia pagalbos tvarkant paskyr&#261;, ar turite klausim&#371; apie m&#363;s&#371; platform&#261;, ar tiesiog norite pasidalyti savo mintimis, esame pasiry&#382;&#281; suteikti jums neabejotin&#261; pagalb&#261;.<br><br>Nors m&#363;s&#371; klient&#371; aptarnavimo komanda pasiry&#382;usi pad&#279;ti jums visais klausimais, su prekyba susijusiais klausimais raginame tiesiogiai bendrauti su m&#363;s&#371; vykdymo tarpininkais. Jei dar nesate bendradarbiav&#281; su vykdymo tarpininku, prane&scaron;kite mums apie tai, ir mes jus tiesiogiai sujungsime su vienu i&scaron; m&#363;s&#371; patikim&#371; remiam&#371; tarpinink&#371;. J&#363;s&#371; prekybos kelion&#279; yra m&#363;s&#371; svarbiausias prioritetas, tod&#279;l esame pasireng&#281; pad&#279;ti jums kiekviename &#382;ingsnyje.<br><br>Nor&#279;dami susisiekti su m&#363;s&#371; klient&#371; aptarnavimo komanda, galite lengvai susisiekti su mumis el. pa&scaron;tu info@coinedexai.com. Taip pat galite u&#382;pildyti m&#363;s&#371; svetain&#279;je esan&#269;i&#261; form&#261; ir vienas i&scaron; m&#363;s&#371; atstov&#371; nedelsdamas atsakys &#303; j&#363;s&#371; &#382;inut&#281;. J&#363;s&#371; pasitenkinimas ir s&#279;km&#279; kriptografin&#279;je prekyboje yra m&#363;s&#371; &#303;sipareigojimo jums pagrindas.<\/p>\n\n<\/div><\/div>\n\n<div class=\"gb-grid-column gb-grid-column-eb2e4b7f\"><div class=\"gb-container gb-container-eb2e4b7f\">\n\n<p class=\"gb-headline gb-headline-92b71e6d gb-headline-text\"><strong>Susisiekite su mumis ir nemokama registracija<\/strong><\/p>\n\n\n    <script>\n        localStorage.setItem('fxbot_ab_testing', '{\"login\":[],\"registration\":[],\"contactus\":[]}');\n    <\/script>\n    <style>\n        .reCAPTCHAContent {\n            display: none;\n            visibility: hidden;\n        }\n    <\/style>\n\n\n<script>\n    localStorage.setItem('fxbot_api_parameters', '[{\"key\":\"emailmarketing\",\"value\":\"1\",\"override\":true},{\"key\":\"funnel\",\"value\":\"Coin Edex\",\"override\":true}]');\n    localStorage.setItem('fxbot_alias_url', 'wp-content\/plugins\/fxbot-registration-form\/api.php');\n    localStorage.setItem('fxbot_email_marketing', '1');\n    localStorage.setItem('fxbot_email_marketing_debounce', 'true');\n    localStorage.setItem('fxbot_email_marketing_debounce_time', '1000');\n    localStorage.setItem('fxbot_recaptcha_enabled', 'false');\n    localStorage.setItem('fxbot_recaptcha_site_key', 'EMPTY');\n    localStorage.setItem('fxbot_alt_reg_popup_query_selector', '');\n    localStorage.setItem('fxbot_redirectVariant', '0');\n<\/script>\n<div class=\"form-widget\" id=\"optInFormWrapper\">\n    <form action=\"\" class=\"flex flex-column\" data-form=\"optInForm\" data-urlsearchparams=\"\" data-widget=\"registration_2_step\" id=\"opt-form\" method=\"post\" name=\"optInForm\">\n        <div class=\"elementor-field-type-text elementor-field-group elementor-column elementor-field-group-name elementor-col-100 form-group\">\n            <label for=\"form-first_name\" class=\"elementor-field-label elementor-screen-only\">Pirmas vardas<\/label>\n            <input class=\"elementor-field elementor-size-sm  elementor-field-textual regFormFirstName\" placeholder=\"Pirmas vardas\" data-input=\"firstname\" data-valid=\"false\" id=\"form-first_name\" name=\"firstname\" size=\"1\" type=\"text\">\n            <p class=\"error-message\"><\/p>\n        <\/div>\n\n        <div class=\"elementor-field-type-text elementor-field-group elementor-column elementor-field-group-name elementor-col-100 form-group\">\n            <label for=\"form-last_name\" class=\"elementor-field-label elementor-screen-only\">Pavard\u0117<\/label>\n            <input class=\"elementor-field elementor-size-sm elementor-field-textual regFormLastNname\" placeholder=\"Pavard\u0117\" data-input=\"lastname\" data-valid=\"false\" id=\"form-last_name\" name=\"lastname\" size=\"1\" type=\"text\">\n            <p class=\"error-message\"><\/p>\n        <\/div>\n\n        <div class=\"form-group elementor-field-type-text elementor-field-group elementor-column elementor-field-group-name elementor-col-100\">\n            <label class=\"elementor-field-label elementor-screen-only\" for=\"form-email\">El. pa\u0161tas<\/label>\n            <input class=\"regFormEmail elementor-field elementor-size-sm elementor-field-textual\" placeholder=\"El. pa\u0161tas\" data-input=\"email\" data-valid=\"false\" id=\"form-email\" name=\"email\" type=\"email\">\n            <p class=\"error-message\"><\/p>\n            <div class=\"form-group__emailValid-info\">\n                <span class=\"form-group__emailValid-message\"><span>Ar tur\u0117jote galvoje<\/span> <b><\/b>?<\/span> <span class=\"form-group__emailValid-btn\">Pakeiskite<\/span>            <\/div>\n        <\/div>\n\n        <p class=\"reCAPTCHAContent\">\n            \u0160i\u0105 svetain\u0119 apsaugo reCAPTCHA ir taikoma <a href=\"https:\/\/policies.google.com\/privacy\" target=\"_blank\" rel=\"noopener\">\u201eGoogle\u201c privatumo politika<\/a> ir <a href=\"https:\/\/policies.google.com\/terms\" target=\"_blank\" rel=\"noopener\">Paslaug\u0173 teikimo s\u0105lygos<\/a>.        <\/p>\n\n        <button class=\"zoom regFormButton elementor-button elementor-size-sm\" data-button=\"submit\" id=\"optInForm-btn\">\n            Submit        <\/button>\n    <\/form>\n<\/div>\n<div class=\"form-widget\" id=\"regFormWrapper\" style=\"visibility: hidden; width: 0; height:0\">\n    <form action=\"\" class=\"flex flex-column\" data-form=\"registrationForm\" data-urlsearchparams=\"\" data-widget=\"registration_2_step\" id=\"reg-form\" method=\"post\" name=\"registrationForm\">\n        <div class=\"elementor-field-type-text elementor-field-group elementor-column elementor-field-group-name elementor-col-100 form-group\">\n            <label for=\"form-first_name\" class=\"elementor-field-label elementor-screen-only\">Pirmas vardas<\/label>\n            <input class=\"elementor-field elementor-size-sm  elementor-field-textual regFormFirstName\" placeholder=\"Pirmas vardas\" data-input=\"firstname\" data-valid=\"false\" id=\"form-first_name\" name=\"firstname\" size=\"1\" type=\"text\">\n            <p class=\"error-message\"><\/p>\n        <\/div>\n\n        <div class=\"elementor-field-type-text elementor-field-group elementor-column elementor-field-group-name elementor-col-100 form-group\">\n            <label for=\"form-last_name\" class=\"elementor-field-label elementor-screen-only\">Pavard\u0117<\/label>\n            <input class=\"elementor-field elementor-size-sm elementor-field-textual regFormLastNname\" placeholder=\"Pavard\u0117\" data-input=\"lastname\" data-valid=\"false\" id=\"form-last_name\" name=\"lastname\" size=\"1\" type=\"text\">\n            <p class=\"error-message\"><\/p>\n        <\/div>\n\n        <div class=\"elementor-field-type-text elementor-field-group elementor-column elementor-field-group-name elementor-col-100 form-group form-group__emailValid\">\n            <label class=\"elementor-field-label elementor-screen-only\" for=\"form-email\">El. pa\u0161tas<\/label>\n            <input class=\"elementor-field elementor-size-sm elementor-field-textual regFormEmail\" placeholder=\"El. pa\u0161tas\" data-input=\"email\" data-valid=\"false\" id=\"form-email\" name=\"email\" type=\"email\">\n            <p class=\"error-message\"><\/p>\n            <p class=\"form-group__emailValid-info\">\n                <span class=\"form-group__emailValid-message\"><span>Ar tur\u0117jote galvoje<\/span> <b><\/b>?<\/span> <span class=\"form-group__emailValid-btn\">Pakeiskite<\/span>            <\/p>\n        <\/div>\n\n        <div class=\"elementor-field-type-tel elementor-field-group elementor-column elementor-field-group-field_fad38fc elementor-col-100 form-group reg-phone\">\n            <label class=\"elementor-field-label elementor-screen-only\" for=\"form-phone_number\">Telefono numeris<\/label>\n            <input class=\"elementor-field elementor-size-sm elementor-field-textual regFormPhoneNumber\" placeholder=\"Telefono numeris\" autocompvare=\"off\" data-input=\"phone_number\" data-valid=\"false\" id=\"form-phone_number\" name=\"phone_number\" size=\"1\" type=\"text\">\n            <p class=\"error-message\"><\/p>\n        <\/div>\n\n        <p class=\"reCAPTCHAContent\">\n            \u0160i\u0105 svetain\u0119 apsaugo reCAPTCHA ir taikoma <a href=\"https:\/\/policies.google.com\/privacy\" target=\"_blank\" rel=\"noopener\">\u201eGoogle\u201c privatumo politika<\/a> ir <a href=\"https:\/\/policies.google.com\/terms\" target=\"_blank\" rel=\"noopener\">Paslaug\u0173 teikimo s\u0105lygos<\/a>.        <\/p>\n\n        <button class=\"elementor-button zoom regFormButton\" data-button=\"submit\" id=\"form-btn\" type=\"button\">\n            Submit        <\/button>\n\n        <div class=\"wrapper__rar-no\" data-modal=\"success\" style=\"display: none\">\n            <div class=\"success\">\n                <img decoding=\"async\" src=\"\/wp-content\/plugins\/fxbot-registration-form\/assets\/images\/regSuccess.png\" alt=\"D\u0117kojame u\u017e registracij\u0105\">\n                <p>D\u0117kojame u\u017e registracij\u0105.<br\/>M\u016bs\u0173 agentas netrukus susisieks su jumis.<br\/>\u012esitikinkite, kad naudojote tikr\u0105j\u012f telefono numer\u012f.<br\/>Sveikinu.<\/p>\n            <\/div>\n        <\/div>\n\n        <div class=\"wrapper__rar-no\" data-modal=\"alternative_success\" style=\"display: none\">\n            <div class=\"success\">\n                <p class=\"reg_title\">\n                    <b>J\u016bs s\u0117kmingai prisijung\u0117te.<\/b>\n                <\/p>\n                <p>\u012emon\u0117s atstovas su jumis susisieks artimiausiu metu. \u012esitikinkite, kad esate prieinamas telefonu, kad nei\u0161leistum\u0117te skambu\u010dio.<\/p>\n            <\/div>\n        <\/div>\n\n        <div class=\"wrapper__error\" data-modal=\"error\" style=\"display: none\"><\/div>\n    <\/form>\n<\/div>\n\n<div class=\"submit-overlay\" style=\"display: none;\">\n    <div class=\"lds-spinner\">\n        <div><\/div>\n        <div><\/div>\n        <div><\/div>\n        <div><\/div>\n        <div><\/div>\n        <div><\/div>\n        <div><\/div>\n        <div><\/div>\n    <\/div>\n    <p class=\"overlay-text\">Sujungsime jus su geriausiu brokeriu j\u016bs\u0173 vietov\u0117je<\/p>\n<\/div>\n\n\n<\/div><\/div>\n<\/div>\n<\/div><div class=\"gb-container gb-container-12372299\">\n<div class=\"gb-container gb-container-efc8bf99\">\n<div class=\"gb-grid-wrapper gb-grid-wrapper-5a3bd3a6\">\n<div class=\"gb-grid-column gb-grid-column-776fee10\"><div class=\"gb-container gb-container-776fee10\">\n\n<figure class=\"gb-block-image gb-block-image-9c14dcbf\"><img loading=\"lazy\" decoding=\"async\" width=\"2144\" height=\"1707\" class=\"gb-image gb-image-9c14dcbf\" src=\"https:\/\/coinedexai.com\/wp-content\/uploads\/2023\/07\/Coin-Edex-Ai-10-scaled-e1689834532155.jpg\" alt=\"Coin Edex Ai Kontaktai\" title=\"Coin Edex Ai Kontaktai\" srcset=\"https:\/\/coinedexai.com\/wp-content\/uploads\/2023\/07\/Coin-Edex-Ai-10-scaled-e1689834532155.jpg 2144w, https:\/\/coinedexai.com\/wp-content\/uploads\/2023\/07\/Coin-Edex-Ai-10-scaled-e1689834532155-300x239.jpg 300w, https:\/\/coinedexai.com\/wp-content\/uploads\/2023\/07\/Coin-Edex-Ai-10-scaled-e1689834532155-1024x815.jpg 1024w, https:\/\/coinedexai.com\/wp-content\/uploads\/2023\/07\/Coin-Edex-Ai-10-scaled-e1689834532155-768x611.jpg 768w, https:\/\/coinedexai.com\/wp-content\/uploads\/2023\/07\/Coin-Edex-Ai-10-scaled-e1689834532155-1536x1223.jpg 1536w, https:\/\/coinedexai.com\/wp-content\/uploads\/2023\/07\/Coin-Edex-Ai-10-scaled-e1689834532155-2048x1631.jpg 2048w\" sizes=\"auto, (max-width: 2144px) 100vw, 2144px\"><\/figure>\n\n<\/div><\/div>\n\n<div class=\"gb-grid-column gb-grid-column-5d979b36\"><div class=\"gb-container gb-container-5d979b36\">\n\n<p class=\"has-base-3-color has-text-color\">Dr&#261;siai kreipkit&#279;s &#303; &bdquo;Coin Edex Ai&rdquo; &ndash; visada pasiekiamas, visada tobul&#279;jantis<br><br>&bdquo;Coin Edex Ai&rdquo; laukia j&#363;s&#371; u&#382;klaus&#371; ir vertina j&#363;s&#371; ind&#279;l&#303; vis&#261; par&#261;. Ta&#269;iau tur&#279;kite omenyje, kad m&#363;s&#371; komanda juos tvarko &#303;prastomis darbo valandomis &ndash; nuo pirmadienio iki penktadienio nuo 9:00 iki 18:00 UTC+8.<br><br>Kadangi dinami&scaron;kas kriptografin&#279;s prekybos kra&scaron;tovaizdis vystosi, mes, Coin Edex Ai, esame &#303;sipareigoj&#281; nuolat gerinti j&#363;s&#371; prekybos patirt&#303;. J&#363;s&#371; atsiliepimai mums labai svarb&#363;s, tod&#279;l nekantriai laukiame j&#363;s&#371; atsiliepim&#371;. Nedvejodami kreipkit&#279;s &#303; mus &ndash; mes esame &#269;ia, kad i&scaron;klausytume, palaikytume ir pagerintume j&#363;s&#371; kelion&#281; kriptovaliut&#371; prekybos pasaulyje.<\/p>\n\n\n\n<p class=\"has-base-3-color has-text-color\"><strong>El. pa&scaron;tas:<\/strong> info@coinedexai.com<\/p>\n\n\n\n<p class=\"has-base-3-color has-text-color\"><strong>Adresas:<\/strong> WeWork Bengaluru VR Bengaluru: Devasandra Industrial Estate, Mahadevapura, Bengaluru, Indija<\/p>\n\n<\/div><\/div>\n<\/div>\n<\/div>\n<\/div>\n","protected":false},"excerpt":{"rendered":"<p>Susisiekite su<\/p>\n","protected":false},"author":3,"featured_media":0,"parent":0,"menu_order":0,"comment_status":"closed","ping_status":"closed","template":"","meta":{"footnotes":""},"class_list":["post-9566","page","type-page","status-publish"],"_links":{"self":[{"href":"https:\/\/coinedexai.com\/lt\/wp-json\/wp\/v2\/pages\/9566","targetHints":{"allow":["GET"]}}],"collection":[{"href":"https:\/\/coinedexai.com\/lt\/wp-json\/wp\/v2\/pages"}],"about":[{"href":"https:\/\/coinedexai.com\/lt\/wp-json\/wp\/v2\/types\/page"}],"author":[{"embeddable":true,"href":"https:\/\/coinedexai.com\/lt\/wp-json\/wp\/v2\/users\/3"}],"replies":[{"embeddable":true,"href":"https:\/\/coinedexai.com\/lt\/wp-json\/wp\/v2\/comments?post=9566"}],"version-history":[{"count":3,"href":"https:\/\/coinedexai.com\/lt\/wp-json\/wp\/v2\/pages\/9566\/revisions"}],"predecessor-version":[{"id":10871,"href":"https:\/\/coinedexai.com\/lt\/wp-json\/wp\/v2\/pages\/9566\/revisions\/10871"}],"wp:attachment":[{"href":"https:\/\/coinedexai.com\/lt\/wp-json\/wp\/v2\/media?parent=9566"}],"curies":[{"name":"wp","href":"https:\/\/api.w.org\/{rel}","templated":true}]}}