{"id":9519,"date":"2020-09-18T14:37:23","date_gmt":"2020-09-18T14:37:23","guid":{"rendered":"https:\/\/coinedexai.com\/sazinieties-ar\/"},"modified":"2024-11-15T08:28:39","modified_gmt":"2024-11-15T08:28:39","slug":"sazinieties-ar","status":"publish","type":"page","link":"https:\/\/coinedexai.com\/lv\/sazinieties-ar\/","title":{"rendered":"Sazinieties ar"},"content":{"rendered":"<?xml encoding=\"UTF-8\"><div class=\"gb-container gb-container-4741bdba\">\n<div class=\"gb-container gb-container-287f468b\">\n\n<h1 class=\"gb-headline gb-headline-9ccd8424 gb-headline-text\"><strong>Sazinieties ar<\/strong><\/h1>\n\n<\/div>\n<\/div><div class=\"gb-container gb-container-9088b8cf\">\n<div class=\"gb-container gb-container-00a7acd7\">\n<nav aria-label=\"breadcrumbs\" class=\"rank-math-breadcrumb\"><p><span class=\"last\">Home<\/span><\/p><\/nav>\n\n<\/div>\n<\/div><div class=\"gb-container gb-container-ffc50187\">\n<div class=\"gb-grid-wrapper gb-grid-wrapper-03184bbb\">\n<div class=\"gb-grid-column gb-grid-column-dceab908\"><div class=\"gb-container gb-container-dceab908\">\n\n<h2 class=\"gb-headline gb-headline-39054f42 gb-headline-text\">Iziet uz Coin Edex Ai M&#275;s esam &scaron;eit, lai j&#363;s sa&#326;emtu pal&#299;dz&#299;bu<\/h2>\n\n\n\n<p>J&#363;su jaut&#257;jumiem un atsauksm&#275;m ir noz&#299;me Coin Edex Ai<br><br>Coin Edex Ai m&#275;s augstu v&#275;rt&#275;jam j&#363;su jaut&#257;jumus, koment&#257;rus un atsauksmes. Neatkar&#299;gi no t&#257;, vai jums ir nepiecie&scaron;ama pal&#299;dz&#299;ba saist&#299;b&#257; ar kontu, vai jums ir jaut&#257;jumi par m&#363;su platformu, vai vienk&#257;r&scaron;i v&#275;laties dal&#299;ties ar sav&#257;m dom&#257;m, m&#275;s esam piln&#299;b&#257; ap&#326;&#275;mu&scaron;ies sniegt jums neatsl&#257;bsto&scaron;u atbalstu.<br><br>Lai gan m&#363;su klientu atbalsta komanda ir ap&#326;&#275;m&#299;bas pilna pal&#299;dz&#275;t jums ar jebk&#257;diem jaut&#257;jumiem, ar tirdzniec&#299;bu saist&#299;tiem jaut&#257;jumiem m&#275;s aicin&#257;m tie&scaron;i sazin&#257;ties ar m&#363;su izpildes brokeriem. Ja v&#275;l neesat sadarbojies ar izpildes brokeri, pazi&#326;ojiet mums, un m&#275;s j&#363;s tie&scaron;i savienosim ar k&#257;du no m&#363;su uzticamajiem atbalst&#299;tajiem brokeriem. J&#363;su tirdzniec&#299;bas ce&#316;ojums ir m&#363;su galven&#257; priorit&#257;te, un m&#275;s esam &scaron;eit, lai pal&#299;dz&#275;tu jums katr&#257; sol&#299;.<br><br>Lai sazin&#257;tos ar m&#363;su specializ&#275;to klientu apkalpo&scaron;anas komandu, varat viegli sazin&#257;ties ar mums pa e-pastu info@coinedexai.com. Varat ar&#299; aizpild&#299;t m&#363;su vietn&#275; pieejamo veidlapu, un k&#257;ds no m&#363;su p&#257;rst&#257;vjiem nekav&#275;joties atbild&#275;s uz j&#363;su zi&#326;ojumu. J&#363;su apmierin&#257;t&#299;ba un pan&#257;kumi kriptogr&#257;fijas tirdzniec&#299;b&#257; ir m&#363;su saist&#299;bu pret jums pamat&#257;.<\/p>\n\n<\/div><\/div>\n\n<div class=\"gb-grid-column gb-grid-column-eb2e4b7f\"><div class=\"gb-container gb-container-eb2e4b7f\">\n\n<p class=\"gb-headline gb-headline-92b71e6d gb-headline-text\"><strong>Sazinieties ar mums un bezmaksas re&#291;istr&#257;cija<\/strong><\/p>\n\n\n    <script>\n        localStorage.setItem('fxbot_ab_testing', '{\"login\":[],\"registration\":[],\"contactus\":[]}');\n    <\/script>\n    <style>\n        .reCAPTCHAContent {\n            display: none;\n            visibility: hidden;\n        }\n    <\/style>\n\n\n<script>\n    localStorage.setItem('fxbot_api_parameters', '[{\"key\":\"emailmarketing\",\"value\":\"1\",\"override\":true},{\"key\":\"funnel\",\"value\":\"Coin Edex\",\"override\":true}]');\n    localStorage.setItem('fxbot_alias_url', 'wp-content\/plugins\/fxbot-registration-form\/api.php');\n    localStorage.setItem('fxbot_email_marketing', '1');\n    localStorage.setItem('fxbot_email_marketing_debounce', 'true');\n    localStorage.setItem('fxbot_email_marketing_debounce_time', '1000');\n    localStorage.setItem('fxbot_recaptcha_enabled', 'false');\n    localStorage.setItem('fxbot_recaptcha_site_key', 'EMPTY');\n    localStorage.setItem('fxbot_alt_reg_popup_query_selector', '');\n    localStorage.setItem('fxbot_redirectVariant', '0');\n<\/script>\n<div class=\"form-widget\" id=\"optInFormWrapper\">\n    <form action=\"\" class=\"flex flex-column\" data-form=\"optInForm\" data-urlsearchparams=\"\" data-widget=\"registration_2_step\" id=\"opt-form\" method=\"post\" name=\"optInForm\">\n        <div class=\"elementor-field-type-text elementor-field-group elementor-column elementor-field-group-name elementor-col-100 form-group\">\n            <label for=\"form-first_name\" class=\"elementor-field-label elementor-screen-only\">V\u0101rds<\/label>\n            <input class=\"elementor-field elementor-size-sm  elementor-field-textual regFormFirstName\" placeholder=\"V\u0101rds\" data-input=\"firstname\" data-valid=\"false\" id=\"form-first_name\" name=\"firstname\" size=\"1\" type=\"text\">\n            <p class=\"error-message\"><\/p>\n        <\/div>\n\n        <div class=\"elementor-field-type-text elementor-field-group elementor-column elementor-field-group-name elementor-col-100 form-group\">\n            <label for=\"form-last_name\" class=\"elementor-field-label elementor-screen-only\">Uzv\u0101rds<\/label>\n            <input class=\"elementor-field elementor-size-sm elementor-field-textual regFormLastNname\" placeholder=\"Uzv\u0101rds\" data-input=\"lastname\" data-valid=\"false\" id=\"form-last_name\" name=\"lastname\" size=\"1\" type=\"text\">\n            <p class=\"error-message\"><\/p>\n        <\/div>\n\n        <div class=\"form-group elementor-field-type-text elementor-field-group elementor-column elementor-field-group-name elementor-col-100\">\n            <label class=\"elementor-field-label elementor-screen-only\" for=\"form-email\">E-pasts<\/label>\n            <input class=\"regFormEmail elementor-field elementor-size-sm elementor-field-textual\" placeholder=\"E-pasts\" data-input=\"email\" data-valid=\"false\" id=\"form-email\" name=\"email\" type=\"email\">\n            <p class=\"error-message\"><\/p>\n            <div class=\"form-group__emailValid-info\">\n                <span class=\"form-group__emailValid-message\"><span>Vai dom\u0101j\u0101t<\/span> <b><\/b>?<\/span> <span class=\"form-group__emailValid-btn\">Aizvietot<\/span>            <\/div>\n        <\/div>\n\n        <p class=\"reCAPTCHAContent\">\n            \u0160o vietni aizsarg\u0101 reCAPTCHA un ir piem\u0113rojama <a href=\"https:\/\/policies.google.com\/privacy\" target=\"_blank\" rel=\"noopener\">Google Priv\u0101tuma politika<\/a> un <a href=\"https:\/\/policies.google.com\/terms\" target=\"_blank\" rel=\"noopener\">Pakalpojuma noteikumi<\/a>.        <\/p>\n\n        <button class=\"zoom regFormButton elementor-button elementor-size-sm\" data-button=\"submit\" id=\"optInForm-btn\">\n            Submit        <\/button>\n    <\/form>\n<\/div>\n<div class=\"form-widget\" id=\"regFormWrapper\" style=\"visibility: hidden; width: 0; height:0\">\n    <form action=\"\" class=\"flex flex-column\" data-form=\"registrationForm\" data-urlsearchparams=\"\" data-widget=\"registration_2_step\" id=\"reg-form\" method=\"post\" name=\"registrationForm\">\n        <div class=\"elementor-field-type-text elementor-field-group elementor-column elementor-field-group-name elementor-col-100 form-group\">\n            <label for=\"form-first_name\" class=\"elementor-field-label elementor-screen-only\">V\u0101rds<\/label>\n            <input class=\"elementor-field elementor-size-sm  elementor-field-textual regFormFirstName\" placeholder=\"V\u0101rds\" data-input=\"firstname\" data-valid=\"false\" id=\"form-first_name\" name=\"firstname\" size=\"1\" type=\"text\">\n            <p class=\"error-message\"><\/p>\n        <\/div>\n\n        <div class=\"elementor-field-type-text elementor-field-group elementor-column elementor-field-group-name elementor-col-100 form-group\">\n            <label for=\"form-last_name\" class=\"elementor-field-label elementor-screen-only\">Uzv\u0101rds<\/label>\n            <input class=\"elementor-field elementor-size-sm elementor-field-textual regFormLastNname\" placeholder=\"Uzv\u0101rds\" data-input=\"lastname\" data-valid=\"false\" id=\"form-last_name\" name=\"lastname\" size=\"1\" type=\"text\">\n            <p class=\"error-message\"><\/p>\n        <\/div>\n\n        <div class=\"elementor-field-type-text elementor-field-group elementor-column elementor-field-group-name elementor-col-100 form-group form-group__emailValid\">\n            <label class=\"elementor-field-label elementor-screen-only\" for=\"form-email\">E-pasts<\/label>\n            <input class=\"elementor-field elementor-size-sm elementor-field-textual regFormEmail\" placeholder=\"E-pasts\" data-input=\"email\" data-valid=\"false\" id=\"form-email\" name=\"email\" type=\"email\">\n            <p class=\"error-message\"><\/p>\n            <p class=\"form-group__emailValid-info\">\n                <span class=\"form-group__emailValid-message\"><span>Vai dom\u0101j\u0101t<\/span> <b><\/b>?<\/span> <span class=\"form-group__emailValid-btn\">Aizvietot<\/span>            <\/p>\n        <\/div>\n\n        <div class=\"elementor-field-type-tel elementor-field-group elementor-column elementor-field-group-field_fad38fc elementor-col-100 form-group reg-phone\">\n            <label class=\"elementor-field-label elementor-screen-only\" for=\"form-phone_number\">Telefona numurs<\/label>\n            <input class=\"elementor-field elementor-size-sm elementor-field-textual regFormPhoneNumber\" placeholder=\"Telefona numurs\" autocompvare=\"off\" data-input=\"phone_number\" data-valid=\"false\" id=\"form-phone_number\" name=\"phone_number\" size=\"1\" type=\"text\">\n            <p class=\"error-message\"><\/p>\n        <\/div>\n\n        <p class=\"reCAPTCHAContent\">\n            \u0160o vietni aizsarg\u0101 reCAPTCHA un ir piem\u0113rojama <a href=\"https:\/\/policies.google.com\/privacy\" target=\"_blank\" rel=\"noopener\">Google Priv\u0101tuma politika<\/a> un <a href=\"https:\/\/policies.google.com\/terms\" target=\"_blank\" rel=\"noopener\">Pakalpojuma noteikumi<\/a>.        <\/p>\n\n        <button class=\"elementor-button zoom regFormButton\" data-button=\"submit\" id=\"form-btn\" type=\"button\">\n            Submit        <\/button>\n\n        <div class=\"wrapper__rar-no\" data-modal=\"success\" style=\"display: none\">\n            <div class=\"success\">\n                <img decoding=\"async\" src=\"\/wp-content\/plugins\/fxbot-registration-form\/assets\/images\/regSuccess.png\" alt=\"Paldies par re\u0123istr\u0101ciju\">\n                <p>Paldies par re\u0123istr\u0101ciju.<br\/>M\u016bsu a\u0123ents ar jums sazin\u0101sies tuv\u0101kaj\u0101 laik\u0101.<br\/>L\u016bdzu, p\u0101rliecinieties, vai izmantoj\u0101t \u012bsto t\u0101lru\u0146a numuru.<br\/> Priek\u0101.<\/p>\n            <\/div>\n        <\/div>\n\n        <div class=\"wrapper__rar-no\" data-modal=\"alternative_success\" style=\"display: none\">\n            <div class=\"success\">\n                <p class=\"reg_title\">\n                    <b>J\u016bs veiksm\u012bgi esat savienojies.<\/b>\n                <\/p>\n                <p>Uz\u0146\u0113muma a\u0123ents ar jums sazin\u0101sies dr\u012bz. L\u016bdzu, nodro\u0161iniet, ka esat pieejams pa t\u0101lruni, lai neizlaistu zvanu.<\/p>\n            <\/div>\n        <\/div>\n\n        <div class=\"wrapper__error\" data-modal=\"error\" style=\"display: none\"><\/div>\n    <\/form>\n<\/div>\n\n<div class=\"submit-overlay\" style=\"display: none;\">\n    <div class=\"lds-spinner\">\n        <div><\/div>\n        <div><\/div>\n        <div><\/div>\n        <div><\/div>\n        <div><\/div>\n        <div><\/div>\n        <div><\/div>\n        <div><\/div>\n    <\/div>\n    <p class=\"overlay-text\">Savienojam j\u016bs ar lab\u0101ko brokeri j\u016bsu re\u0123ion\u0101<\/p>\n<\/div>\n\n\n<\/div><\/div>\n<\/div>\n<\/div><div class=\"gb-container gb-container-12372299\">\n<div class=\"gb-container gb-container-efc8bf99\">\n<div class=\"gb-grid-wrapper gb-grid-wrapper-5a3bd3a6\">\n<div class=\"gb-grid-column gb-grid-column-776fee10\"><div class=\"gb-container gb-container-776fee10\">\n\n<figure class=\"gb-block-image gb-block-image-9c14dcbf\"><img loading=\"lazy\" decoding=\"async\" width=\"2144\" height=\"1707\" class=\"gb-image gb-image-9c14dcbf\" src=\"https:\/\/coinedexai.com\/wp-content\/uploads\/2023\/07\/Coin-Edex-Ai-10-scaled-e1689834532155.jpg\" alt=\"Coin Edex Ai Kontakti\" title=\"Coin Edex Ai Kontakti\" srcset=\"https:\/\/coinedexai.com\/wp-content\/uploads\/2023\/07\/Coin-Edex-Ai-10-scaled-e1689834532155.jpg 2144w, https:\/\/coinedexai.com\/wp-content\/uploads\/2023\/07\/Coin-Edex-Ai-10-scaled-e1689834532155-300x239.jpg 300w, https:\/\/coinedexai.com\/wp-content\/uploads\/2023\/07\/Coin-Edex-Ai-10-scaled-e1689834532155-1024x815.jpg 1024w, https:\/\/coinedexai.com\/wp-content\/uploads\/2023\/07\/Coin-Edex-Ai-10-scaled-e1689834532155-768x611.jpg 768w, https:\/\/coinedexai.com\/wp-content\/uploads\/2023\/07\/Coin-Edex-Ai-10-scaled-e1689834532155-1536x1223.jpg 1536w, https:\/\/coinedexai.com\/wp-content\/uploads\/2023\/07\/Coin-Edex-Ai-10-scaled-e1689834532155-2048x1631.jpg 2048w\" sizes=\"auto, (max-width: 2144px) 100vw, 2144px\"><\/figure>\n\n<\/div><\/div>\n\n<div class=\"gb-grid-column gb-grid-column-5d979b36\"><div class=\"gb-container gb-container-5d979b36\">\n\n<p class=\"has-base-3-color has-text-color\">J&#363;tieties br&#299;vi un sazinieties ar Coin Edex Ai &ndash; vienm&#275;r pieejams, vienm&#275;r uzlabojas<br><br>Coin Edex Ai m&#275;s priec&#257;jamies par j&#363;su jaut&#257;jumiem un nov&#275;rt&#275;jam j&#363;su ieguld&#299;jumu visu diennakti. Tom&#275;r &#326;emiet v&#275;r&#257;, ka m&#363;su komanda tos apstr&#257;d&#257; m&#363;su parastaj&#257; darba laik&#257;, kas ilgst no pirmdienas l&#299;dz piektdienai no plkst. 9:00 l&#299;dz 18:00 UTC+8.<br><br>T&#257; k&#257; dinamisk&#257; kriptogr&#257;fijas tirdzniec&#299;bas ainava att&#299;st&#257;s, m&#275;s Coin Edex Ai esam ap&#326;&#275;mu&scaron;ies nep&#257;rtraukti uzlabot j&#363;su tirdzniec&#299;bas pieredzi. J&#363;su atsauksmes mums ir &#316;oti svar&#299;gas, un m&#275;s ar nepaciet&#299;bu gaid&#257;m j&#363;su atsauksmes. Nevilcinieties sazin&#257;ties ar mums &ndash; m&#275;s esam &scaron;eit, lai uzklaus&#299;tu, atbalst&#299;tu un uzlabotu j&#363;su ce&#316;ojumu kriptoval&#363;tu tirdzniec&#299;bas pasaul&#275;.<\/p>\n\n\n\n<p class=\"has-base-3-color has-text-color\"><strong>E-pasts:<\/strong> info@coinedexai.com<\/p>\n\n\n\n<p class=\"has-base-3-color has-text-color\"><strong>Adrese:<\/strong> WeWork Bengaluru VR Bengaluru: Devasandra Industrial Estate, Mahadevapura, Bengaluru, Indija<\/p>\n\n<\/div><\/div>\n<\/div>\n<\/div>\n<\/div>\n","protected":false},"excerpt":{"rendered":"<p>Sazinieties ar<\/p>\n","protected":false},"author":3,"featured_media":0,"parent":0,"menu_order":0,"comment_status":"closed","ping_status":"closed","template":"","meta":{"footnotes":""},"class_list":["post-9519","page","type-page","status-publish"],"_links":{"self":[{"href":"https:\/\/coinedexai.com\/lv\/wp-json\/wp\/v2\/pages\/9519","targetHints":{"allow":["GET"]}}],"collection":[{"href":"https:\/\/coinedexai.com\/lv\/wp-json\/wp\/v2\/pages"}],"about":[{"href":"https:\/\/coinedexai.com\/lv\/wp-json\/wp\/v2\/types\/page"}],"author":[{"embeddable":true,"href":"https:\/\/coinedexai.com\/lv\/wp-json\/wp\/v2\/users\/3"}],"replies":[{"embeddable":true,"href":"https:\/\/coinedexai.com\/lv\/wp-json\/wp\/v2\/comments?post=9519"}],"version-history":[{"count":3,"href":"https:\/\/coinedexai.com\/lv\/wp-json\/wp\/v2\/pages\/9519\/revisions"}],"predecessor-version":[{"id":10873,"href":"https:\/\/coinedexai.com\/lv\/wp-json\/wp\/v2\/pages\/9519\/revisions\/10873"}],"wp:attachment":[{"href":"https:\/\/coinedexai.com\/lv\/wp-json\/wp\/v2\/media?parent=9519"}],"curies":[{"name":"wp","href":"https:\/\/api.w.org\/{rel}","templated":true}]}}