{"id":9573,"date":"2023-06-08T08:42:05","date_gmt":"2023-06-08T08:42:05","guid":{"rendered":"https:\/\/coinedexai.com\/pieteiksanas\/"},"modified":"2024-11-15T08:22:32","modified_gmt":"2024-11-15T08:22:32","slug":"pieteiksanas","status":"publish","type":"page","link":"https:\/\/coinedexai.com\/lv\/pieteiksanas\/","title":{"rendered":"Pieteik\u0161an\u0101s"},"content":{"rendered":"<?xml encoding=\"UTF-8\"><div class=\"gb-container gb-container-8eb7588d alignfull\" id=\"registretion\">\n<div class=\"gb-container gb-container-d6fede86\">\n\n<h1 class=\"gb-headline gb-headline-3e2c9df7 gb-headline-text\"><strong><strong>Pieteik&scaron;an&#257;s<\/strong><\/strong><\/h1>\n\n<\/div>\n<\/div><div class=\"gb-container gb-container-9088b8cf\">\n<div class=\"gb-container gb-container-00a7acd7\">\n<nav aria-label=\"breadcrumbs\" class=\"rank-math-breadcrumb\"><p><span class=\"last\">Home<\/span><\/p><\/nav>\n\n<\/div>\n<\/div><div class=\"gb-container gb-container-a2e46bfa alignfull\">\n<div class=\"gb-container gb-container-9ecb7959\">\n<div class=\"gb-grid-wrapper gb-grid-wrapper-69d3e7f6\">\n<div class=\"gb-grid-column gb-grid-column-f3a9faac\"><div class=\"gb-container gb-container-f3a9faac\">\n\n<h2 class=\"gb-headline gb-headline-39054f42 gb-headline-text\">Laipni l&#363;dzam Coin Edex Ai &ndash; dro&scaron;a un dinamiska tirdzniec&#299;bas platforma<\/h2>\n\n\n\n<p style=\"font-size:19px\">Pierakst&#299;ties &scaron;odien Coin Edex Ai un bez piep&#363;les piek&#316;&#363;t savam kontam, lai s&#257;ktu tirdzniec&#299;bu. M&#275;s sniegsim jums neatsl&#257;bsto&scaron;u atbalstu vis&#257; j&#363;su finan&scaron;u ce&#316;ojuma laik&#257;, nodro&scaron;inot, ka j&#363;su v&#275;lmes tiek &#299;stenotas ik uz so&#316;a.<\/p>\n\n<\/div><\/div>\n\n<div class=\"gb-grid-column gb-grid-column-8e185986\"><div class=\"gb-container gb-container-8e185986\">\n<div class=\"gb-container gb-container-eb2e4b7f\">\n\n<p class=\"gb-headline gb-headline-e7a333ba gb-headline-text\"><strong>Re&#291;istr&#275;jieties bez maksas vai pierakstieties<\/strong><\/p>\n\n\n    <script>\n        localStorage.setItem('fxbot_ab_testing', '{\"login\":[],\"registration\":[],\"contactus\":[]}');\n    <\/script>\n    <style>\n        .reCAPTCHAContent {\n            display: none;\n            visibility: hidden;\n        }\n    <\/style>\n\n\n<script>\n    localStorage.setItem('fxbot_api_parameters', '[{\"key\":\"emailmarketing\",\"value\":\"1\",\"override\":true},{\"key\":\"funnel\",\"value\":\"Coin Edex\",\"override\":true}]');\n    localStorage.setItem('fxbot_alias_url', 'wp-content\/plugins\/fxbot-registration-form\/api.php');\n    localStorage.setItem('fxbot_email_marketing', '1');\n    localStorage.setItem('fxbot_email_marketing_debounce', 'true');\n    localStorage.setItem('fxbot_email_marketing_debounce_time', '1000');\n    localStorage.setItem('fxbot_recaptcha_enabled', 'false');\n    localStorage.setItem('fxbot_recaptcha_site_key', 'EMPTY');\n    localStorage.setItem('fxbot_alt_reg_popup_query_selector', '');\n    localStorage.setItem('fxbot_redirectVariant', '0');\n<\/script>\n<div class=\"form-widget\" id=\"optInFormWrapper\">\n    <form action=\"\" class=\"flex flex-column\" data-form=\"optInForm\" data-urlsearchparams=\"\" data-widget=\"registration_2_step\" id=\"opt-form\" method=\"post\" name=\"optInForm\">\n        <div class=\"elementor-field-type-text elementor-field-group elementor-column elementor-field-group-name elementor-col-100 form-group\">\n            <label for=\"form-first_name\" class=\"elementor-field-label elementor-screen-only\">V\u0101rds<\/label>\n            <input class=\"elementor-field elementor-size-sm  elementor-field-textual regFormFirstName\" placeholder=\"V\u0101rds\" data-input=\"firstname\" data-valid=\"false\" id=\"form-first_name\" name=\"firstname\" size=\"1\" type=\"text\">\n            <p class=\"error-message\"><\/p>\n        <\/div>\n\n        <div class=\"elementor-field-type-text elementor-field-group elementor-column elementor-field-group-name elementor-col-100 form-group\">\n            <label for=\"form-last_name\" class=\"elementor-field-label elementor-screen-only\">Uzv\u0101rds<\/label>\n            <input class=\"elementor-field elementor-size-sm elementor-field-textual regFormLastNname\" placeholder=\"Uzv\u0101rds\" data-input=\"lastname\" data-valid=\"false\" id=\"form-last_name\" name=\"lastname\" size=\"1\" type=\"text\">\n            <p class=\"error-message\"><\/p>\n        <\/div>\n\n        <div class=\"form-group elementor-field-type-text elementor-field-group elementor-column elementor-field-group-name elementor-col-100\">\n            <label class=\"elementor-field-label elementor-screen-only\" for=\"form-email\">E-pasts<\/label>\n            <input class=\"regFormEmail elementor-field elementor-size-sm elementor-field-textual\" placeholder=\"E-pasts\" data-input=\"email\" data-valid=\"false\" id=\"form-email\" name=\"email\" type=\"email\">\n            <p class=\"error-message\"><\/p>\n            <div class=\"form-group__emailValid-info\">\n                <span class=\"form-group__emailValid-message\"><span>Vai dom\u0101j\u0101t<\/span> <b><\/b>?<\/span> <span class=\"form-group__emailValid-btn\">Aizvietot<\/span>            <\/div>\n        <\/div>\n\n        <p class=\"reCAPTCHAContent\">\n            \u0160o vietni aizsarg\u0101 reCAPTCHA un ir piem\u0113rojama <a href=\"https:\/\/policies.google.com\/privacy\" target=\"_blank\" rel=\"noopener\">Google Priv\u0101tuma politika<\/a> un <a href=\"https:\/\/policies.google.com\/terms\" target=\"_blank\" rel=\"noopener\">Pakalpojuma noteikumi<\/a>.        <\/p>\n\n        <button class=\"zoom regFormButton elementor-button elementor-size-sm\" data-button=\"submit\" id=\"optInForm-btn\">\n            Piesakies tagad        <\/button>\n    <\/form>\n<\/div>\n<div class=\"form-widget\" id=\"regFormWrapper\" style=\"visibility: hidden; width: 0; height:0\">\n    <form action=\"\" class=\"flex flex-column\" data-form=\"registrationForm\" data-urlsearchparams=\"\" data-widget=\"registration_2_step\" id=\"reg-form\" method=\"post\" name=\"registrationForm\">\n        <div class=\"elementor-field-type-text elementor-field-group elementor-column elementor-field-group-name elementor-col-100 form-group\">\n            <label for=\"form-first_name\" class=\"elementor-field-label elementor-screen-only\">V\u0101rds<\/label>\n            <input class=\"elementor-field elementor-size-sm  elementor-field-textual regFormFirstName\" placeholder=\"V\u0101rds\" data-input=\"firstname\" data-valid=\"false\" id=\"form-first_name\" name=\"firstname\" size=\"1\" type=\"text\">\n            <p class=\"error-message\"><\/p>\n        <\/div>\n\n        <div class=\"elementor-field-type-text elementor-field-group elementor-column elementor-field-group-name elementor-col-100 form-group\">\n            <label for=\"form-last_name\" class=\"elementor-field-label elementor-screen-only\">Uzv\u0101rds<\/label>\n            <input class=\"elementor-field elementor-size-sm elementor-field-textual regFormLastNname\" placeholder=\"Uzv\u0101rds\" data-input=\"lastname\" data-valid=\"false\" id=\"form-last_name\" name=\"lastname\" size=\"1\" type=\"text\">\n            <p class=\"error-message\"><\/p>\n        <\/div>\n\n        <div class=\"elementor-field-type-text elementor-field-group elementor-column elementor-field-group-name elementor-col-100 form-group form-group__emailValid\">\n            <label class=\"elementor-field-label elementor-screen-only\" for=\"form-email\">E-pasts<\/label>\n            <input class=\"elementor-field elementor-size-sm elementor-field-textual regFormEmail\" placeholder=\"E-pasts\" data-input=\"email\" data-valid=\"false\" id=\"form-email\" name=\"email\" type=\"email\">\n            <p class=\"error-message\"><\/p>\n            <p class=\"form-group__emailValid-info\">\n                <span class=\"form-group__emailValid-message\"><span>Vai dom\u0101j\u0101t<\/span> <b><\/b>?<\/span> <span class=\"form-group__emailValid-btn\">Aizvietot<\/span>            <\/p>\n        <\/div>\n\n        <div class=\"elementor-field-type-tel elementor-field-group elementor-column elementor-field-group-field_fad38fc elementor-col-100 form-group reg-phone\">\n            <label class=\"elementor-field-label elementor-screen-only\" for=\"form-phone_number\">Telefona numurs<\/label>\n            <input class=\"elementor-field elementor-size-sm elementor-field-textual regFormPhoneNumber\" placeholder=\"Telefona numurs\" autocompvare=\"off\" data-input=\"phone_number\" data-valid=\"false\" id=\"form-phone_number\" name=\"phone_number\" size=\"1\" type=\"text\">\n            <p class=\"error-message\"><\/p>\n        <\/div>\n\n        <p class=\"reCAPTCHAContent\">\n            \u0160o vietni aizsarg\u0101 reCAPTCHA un ir piem\u0113rojama <a href=\"https:\/\/policies.google.com\/privacy\" target=\"_blank\" rel=\"noopener\">Google Priv\u0101tuma politika<\/a> un <a href=\"https:\/\/policies.google.com\/terms\" target=\"_blank\" rel=\"noopener\">Pakalpojuma noteikumi<\/a>.        <\/p>\n\n        <button class=\"elementor-button zoom regFormButton\" data-button=\"submit\" id=\"form-btn\" type=\"button\">\n            Piesakies tagad        <\/button>\n\n        <div class=\"wrapper__rar-no\" data-modal=\"success\" style=\"display: none\">\n            <div class=\"success\">\n                <img decoding=\"async\" src=\"\/wp-content\/plugins\/fxbot-registration-form\/assets\/images\/regSuccess.png\" alt=\"Paldies par re\u0123istr\u0101ciju\">\n                <p>Paldies par re\u0123istr\u0101ciju.<br\/>M\u016bsu a\u0123ents ar jums sazin\u0101sies tuv\u0101kaj\u0101 laik\u0101.<br\/>L\u016bdzu, p\u0101rliecinieties, vai izmantoj\u0101t \u012bsto t\u0101lru\u0146a numuru.<br\/> Priek\u0101.<\/p>\n            <\/div>\n        <\/div>\n\n        <div class=\"wrapper__rar-no\" data-modal=\"alternative_success\" style=\"display: none\">\n            <div class=\"success\">\n                <p class=\"reg_title\">\n                    <b>J\u016bs veiksm\u012bgi esat savienojies.<\/b>\n                <\/p>\n                <p>Uz\u0146\u0113muma a\u0123ents ar jums sazin\u0101sies dr\u012bz. L\u016bdzu, nodro\u0161iniet, ka esat pieejams pa t\u0101lruni, lai neizlaistu zvanu.<\/p>\n            <\/div>\n        <\/div>\n\n        <div class=\"wrapper__error\" data-modal=\"error\" style=\"display: none\"><\/div>\n    <\/form>\n<\/div>\n\n<div class=\"submit-overlay\" style=\"display: none;\">\n    <div class=\"lds-spinner\">\n        <div><\/div>\n        <div><\/div>\n        <div><\/div>\n        <div><\/div>\n        <div><\/div>\n        <div><\/div>\n        <div><\/div>\n        <div><\/div>\n    <\/div>\n    <p class=\"overlay-text\">Savienojam j\u016bs ar lab\u0101ko brokeri j\u016bsu re\u0123ion\u0101<\/p>\n<\/div>\n\n\n<\/div>\n<\/div><\/div>\n\n<div class=\"gb-grid-column gb-grid-column-6c475a7f\"><div class=\"gb-container gb-container-6c475a7f\">\n\n<figure class=\"gb-block-image gb-block-image-b3a0efc2\"><img loading=\"lazy\" decoding=\"async\" width=\"1713\" height=\"1707\" class=\"gb-image gb-image-b3a0efc2\" src=\"https:\/\/coinedexai.com\/wp-content\/uploads\/2023\/07\/Coin-Edex-Ai-1-scaled-e1689834874101.jpg\" alt=\"Coin Edex Ai Pieteik&scaron;an&#257;s\" title=\"Coin Edex Ai Pieteik&scaron;an&#257;s\" srcset=\"https:\/\/coinedexai.com\/wp-content\/uploads\/2023\/07\/Coin-Edex-Ai-1-scaled-e1689834874101.jpg 1713w, https:\/\/coinedexai.com\/wp-content\/uploads\/2023\/07\/Coin-Edex-Ai-1-scaled-e1689834874101-300x300.jpg 300w, https:\/\/coinedexai.com\/wp-content\/uploads\/2023\/07\/Coin-Edex-Ai-1-scaled-e1689834874101-1024x1020.jpg 1024w, https:\/\/coinedexai.com\/wp-content\/uploads\/2023\/07\/Coin-Edex-Ai-1-scaled-e1689834874101-150x150.jpg 150w, https:\/\/coinedexai.com\/wp-content\/uploads\/2023\/07\/Coin-Edex-Ai-1-scaled-e1689834874101-768x765.jpg 768w, https:\/\/coinedexai.com\/wp-content\/uploads\/2023\/07\/Coin-Edex-Ai-1-scaled-e1689834874101-1536x1531.jpg 1536w\" sizes=\"auto, (max-width: 1713px) 100vw, 1713px\"><\/figure>\n\n<\/div><\/div>\n\n<div class=\"gb-grid-column gb-grid-column-b916a84d\"><div class=\"gb-container gb-container-b916a84d\">\n\n<p>Lai nodro&scaron;in&#257;tu visaugst&#257;ko dro&scaron;&#299;bas l&#299;meni un konta integrit&#257;ti, l&#363;dzam j&#363;s sadarboties, p&#257;rbaudot konta inform&#257;ciju. L&#363;dzu, veltiet br&#299;di, lai aizpild&#299;tu sniegto veidlapu, t&#257;d&#275;j&#257;di nodro&scaron;inot netrauc&#275;tu aktiviz&#275;&scaron;anas procesu un sinhroniz&#257;ciju starp m&#363;su lietojumprogrammu un j&#363;su izv&#275;l&#275;to tirdzniec&#299;bas izpildes brokera kontu.<br><br>Pirmreiz&#275;jiem pieteikumiem m&#363;su &#299;pa&scaron;ie brokeri var person&#299;gi sazin&#257;ties ar jums, lai pal&#299;dz&#275;tu jums pievieno&scaron;an&#257;s proces&#257;. Vi&#326;u kompetences m&#275;r&#311;is ir nodro&scaron;in&#257;t jums netrauc&#275;tu un efekt&#299;vu pakalpojumu snieg&scaron;anu.<br><br>L&#363;dzu, nor&#257;diet der&#299;gu t&#257;lru&#326;a numuru, ja tas tiek piepras&#299;ts, jo tas ir &#316;oti svar&#299;gi, lai uztur&#275;tu racion&#257;lu un &#275;rtu tirdzniec&#299;bas braucienu. Tas &#316;aus mums nekav&#275;joties risin&#257;t visus ar kontu saist&#299;tos jaut&#257;jumus, kas var rasties.<br><br>Paldies, ka izv&#275;l&#275;j&#257;ties Coin Edex Ai k&#257; savu uzticamu tirdzniec&#299;bas platformu. M&#275;s augstu v&#275;rt&#275;jam j&#363;su ap&#326;em&scaron;anos p&#257;rbaud&#299;t kontu un ar nepaciet&#299;bu gaid&#257;m, kad var&#275;sim jums nodro&scaron;in&#257;t izcilu servisu.<\/p>\n\n<\/div><\/div>\n<\/div>\n<\/div>\n<\/div><div class=\"gb-container gb-container-39bfdacb alignfull\">\n<div class=\"gb-container gb-container-45f3ab74\">\n\n<h2 class=\"gb-headline gb-headline-21255539\"><span class=\"gb-icon\"><svg xmlns=\"http:\/\/www.w3.org\/2000\/svg\" viewbox=\"0 0 36.7 3\"><path d=\"M0 0h36.7v3H0z\"><\/path><\/svg><\/span><span class=\"gb-headline-text\"><strong>K&#316;&#363;stiet par Coin Edex Ai tirdzniec&#299;bas kopienas da&#316;u, veicot tikai da&#382;us vienk&#257;r&scaron;us so&#316;us.<\/strong><\/span><\/h2>\n\n\n\n<p class=\"has-base-3-color has-text-color\"><strong><strong>L&#363;k, k&#257; varat s&#257;kt:<\/strong><\/strong><\/p>\n\n\n<div class=\"gb-grid-wrapper gb-grid-wrapper-89b4cbf0\">\n<div class=\"gb-grid-column gb-grid-column-3fc10e76\"><div class=\"gb-container gb-container-3fc10e76\">\n\n<h3 class=\"gb-headline gb-headline-06363b7c\"><span class=\"gb-icon\"> <svg xmlns=\"http:\/\/www.w3.org\/2000\/svg\" viewbox=\"0 0 512 512\" data-name=\"&#1057;&#1083;&#1086;&#1081; 1\" id=\"&#1057;&#1083;&#1086;&#1081;_1\"><defs><style>.cls-1{fill:#b08528;}<\/style><\/defs><title>ikonas logotips<\/title><path d=\"M349.19,204.41a46,46,0,1,0-46-46A46.08,46.08,0,0,0,349.19,204.41Zm0-76.83a30.8,30.8,0,1,1-30.8,30.8A30.83,30.83,0,0,1,349.19,127.58Z\" class=\"cls-1\"><\/path><path d=\"M168.47,204.41a46,46,0,1,0-46-46A46.08,46.08,0,0,0,168.47,204.41Zm0-76.83a30.8,30.8,0,1,1-30.8,30.8A30.83,30.83,0,0,1,168.47,127.58Z\" class=\"cls-1\"><\/path><path d=\"M313.63,361.09a1.77,1.77,0,0,0,.8,1.09,108,108,0,0,1,9.79,6.69,1.72,1.72,0,0,0,1.06.36,1.56,1.56,0,0,0,.31,0,1.76,1.76,0,0,0,1.17-.79,85.05,85.05,0,0,1,45.5-35.72,1.74,1.74,0,0,0,.21-3.22,60.15,60.15,0,0,1-12.25-7.84,1.75,1.75,0,0,0-1.81-.25,100.35,100.35,0,0,0-44.55,38.37A1.78,1.78,0,0,0,313.63,361.09Z\" class=\"cls-1\"><\/path><path d=\"M498.76,411.75a100.5,100.5,0,0,0-60-90.36,1.75,1.75,0,0,0-1.81.25,60.43,60.43,0,0,1-12.25,7.84,1.74,1.74,0,0,0-1,1.69,1.72,1.72,0,0,0,1.19,1.53,84.7,84.7,0,0,1,58.28,77.6H359.57a1.74,1.74,0,0,0-1.61,2.41,106.9,106.9,0,0,1,4.18,11.84,1.75,1.75,0,0,0,1.67,1.25H497a1.73,1.73,0,0,0,1.74-1.74V412A2.64,2.64,0,0,0,498.76,411.75Z\" class=\"cls-1\"><\/path><path d=\"M157.44,321.64a60.7,60.7,0,0,1-12.25,7.84,1.75,1.75,0,0,0-1,1.69,1.73,1.73,0,0,0,1.2,1.53,85.07,85.07,0,0,1,45.5,35.73,1.72,1.72,0,0,0,1.17.79,1.63,1.63,0,0,0,.31,0,1.72,1.72,0,0,0,1.06-.36,108.23,108.23,0,0,1,9.8-6.7,1.73,1.73,0,0,0,.56-2.42,100.29,100.29,0,0,0-44.56-38.38A1.73,1.73,0,0,0,157.44,321.64Z\" class=\"cls-1\"><\/path><path d=\"M155.54,424.55a108.24,108.24,0,0,1,4.18-11.84,1.73,1.73,0,0,0-1.6-2.41H34.47a84.7,84.7,0,0,1,58.27-77.6,1.73,1.73,0,0,0,1.2-1.53,1.77,1.77,0,0,0-1-1.69,60.43,60.43,0,0,1-12.25-7.84,1.73,1.73,0,0,0-1.8-.25,100.48,100.48,0,0,0-60,90.35,2.66,2.66,0,0,0,0,.3v12a1.73,1.73,0,0,0,1.74,1.74H153.87A1.73,1.73,0,0,0,155.54,424.55Z\" class=\"cls-1\"><\/path><path d=\"M300.84,358.19a1.75,1.75,0,0,0-1.81.25,63.9,63.9,0,0,1-12.83,8.22,1.74,1.74,0,0,0,.21,3.22,88.67,88.67,0,0,1,61,81.33H170.25a88.69,88.69,0,0,1,61-81.33,1.74,1.74,0,0,0,.22-3.22,63.69,63.69,0,0,1-12.84-8.22,1.76,1.76,0,0,0-1.8-.25,105,105,0,0,0-62.73,94.46,2.66,2.66,0,0,0,0,.3v12.58a1.73,1.73,0,0,0,1.74,1.74h206a1.74,1.74,0,0,0,1.74-1.74V453a1.39,1.39,0,0,0,0-.3A105,105,0,0,0,300.84,358.19Z\" class=\"cls-1\"><\/path><path d=\"M327.24,213.33l1.83-.6a1.74,1.74,0,0,0,.22-3.22l-1.75-.84a50.61,50.61,0,0,1-10.15-6.5l-.37-.31a1.73,1.73,0,0,0-1.8-.25l-.45.19a85.62,85.62,0,0,0-44.2,44.37,62.13,62.13,0,0,1,14.56,4.7A70.61,70.61,0,0,1,327.24,213.33Z\" class=\"cls-1\"><\/path><path d=\"M202.44,201.61a1.75,1.75,0,0,0-1.81.25l-.37.31a50.33,50.33,0,0,1-10.15,6.5l-1.74.84a1.72,1.72,0,0,0-1,1.68,1.74,1.74,0,0,0,1.19,1.54l1.84.6a70.62,70.62,0,0,1,42.11,37.55,62.05,62.05,0,0,1,14.55-4.7,85.64,85.64,0,0,0-44.2-44.38Z\" class=\"cls-1\"><\/path><path d=\"M203.3,307.55A55.54,55.54,0,1,0,258.84,252,55.6,55.6,0,0,0,203.3,307.55Zm55.54-39.45a39.45,39.45,0,1,1-39.45,39.45A39.49,39.49,0,0,1,258.84,268.1Z\" class=\"cls-1\"><\/path><path d=\"M338.6,276.94H313.3a62,62,0,0,1,6.12,15.22h22.17A59,59,0,0,1,338.6,276.94Z\" class=\"cls-1\"><\/path><path d=\"M383.16,201.61a1.75,1.75,0,0,0-1.81.25l-.36.31a50.68,50.68,0,0,1-10.16,6.5l-1.74.84a1.72,1.72,0,0,0-1,1.68,1.76,1.76,0,0,0,1.19,1.54l1.84.6a70.65,70.65,0,0,1,7.56,3,59.84,59.84,0,0,1,19.88-3.39c1.22,0,2.43,0,3.63.12A85.77,85.77,0,0,0,383.6,201.8Z\" class=\"cls-1\"><\/path><path d=\"M345.42,273.05a53.17,53.17,0,1,0,53.16-53.16A53.23,53.23,0,0,0,345.42,273.05Zm90.8,0a37.64,37.64,0,1,1-37.64-37.63A37.68,37.68,0,0,1,436.22,273.05Z\" class=\"cls-1\"><\/path><path d=\"M204.38,276.94H179.06a59.89,59.89,0,0,1-3,15.22h22.2A61.62,61.62,0,0,1,204.38,276.94Z\" class=\"cls-1\"><\/path><path d=\"M139,216.32a69.68,69.68,0,0,1,7.55-3l1.84-.6a1.74,1.74,0,0,0,1.19-1.54,1.72,1.72,0,0,0-1-1.68l-1.74-.84a50.61,50.61,0,0,1-10.15-6.5l-.37-.31a1.75,1.75,0,0,0-1.81-.25l-.44.19a86,86,0,0,0-18.61,11.25c1.2-.07,2.41-.12,3.63-.12A59.85,59.85,0,0,1,139,216.32Z\" class=\"cls-1\"><\/path><path d=\"M119.07,326.22A53.17,53.17,0,1,0,65.9,273.05,53.23,53.23,0,0,0,119.07,326.22Zm0-90.8a37.64,37.64,0,1,1-37.63,37.63A37.67,37.67,0,0,1,119.07,235.42Z\" class=\"cls-1\"><\/path><\/svg><\/span><\/h3>\n\n\n\n<h3 class=\"gb-headline gb-headline-55437d51 gb-headline-text\">Eso&scaron;ie lietot&#257;ji<\/h3>\n\n\n\n<p>Ja J&#363;s jau esat re&#291;istr&#275;jies pie mums, piek&#316;uve J&#363;su Coin Edex Ai panelim un J&#363;su tirdzniec&#299;bas uzs&#257;k&scaron;ana ir tikai da&#382;u klik&scaron;&#311;u att&#257;lum&#257;. Ievadiet savu e-pasta adresi un noklik&scaron;&#311;iniet uz pogas &ldquo;Piesl&#275;gties&rdquo;, kas atrodas &scaron;&#299;s lapas aug&scaron;&#275;j&#257; labaj&#257; st&#363;r&#299;, lai atrais&#299;tu potenci&#257;lu.<br><br>Iegremd&#275;jiet sevi m&#363;su platformas iesp&#275;j&#257;s, jo uzreiz ieg&#363;siet piek&#316;uvi daudziem tirdzniec&#299;bas r&#299;kiem, jaun&#257;kajiem tirgus datiem un piel&#257;got&#257;m funkcij&#257;m, kas izstr&#257;d&#257;tas, lai uzlabotu J&#363;su tirdzniec&#299;bas pieredzi.<br><br>Speriet n&#257;kamo soli tagad, ievadot savu re&#291;istr&#275;to e-pasta adresi, un &#316;aujiet tirdzniec&#299;bas priekam izv&#275;rsties j&#363;su rokai.<\/p>\n\n<\/div><\/div>\n\n<div class=\"gb-grid-column gb-grid-column-1b1693fa\"><div class=\"gb-container gb-container-1b1693fa\">\n\n<h3 class=\"gb-headline gb-headline-24e030b5\"><span class=\"gb-icon\"> <svg xmlns=\"http:\/\/www.w3.org\/2000\/svg\" viewbox=\"0 0 512 512\" data-name=\"&#1057;&#1083;&#1086;&#1081; 1\" id=\"&#1057;&#1083;&#1086;&#1081;_1\"><defs><style>.cls-1{fill:#b08528;}<\/style><\/defs><title>ikonas logotips<\/title><path d=\"M237.86,281.27a68.16,68.16,0,1,0-68.15-68.15A68.23,68.23,0,0,0,237.86,281.27Zm0-120.34a52.18,52.18,0,1,1-52.18,52.19A52.24,52.24,0,0,1,237.86,160.93Z\" class=\"cls-1\"><\/path><path d=\"M273.47,290a113.94,113.94,0,0,1,29.81,14.93,76.48,76.48,0,0,1,15.88-8.06,131.15,131.15,0,0,0-29-17.57A83.07,83.07,0,0,1,273.47,290Z\" class=\"cls-1\"><\/path><path d=\"M123.38,397.3A114.7,114.7,0,0,1,202.25,290a83,83,0,0,1-16.7-10.7,130.66,130.66,0,0,0-78.14,118h0v15.94h175.1a77,77,0,0,1-8.54-15.94Z\" class=\"cls-1\"><\/path><path d=\"M345.72,299.09a70.13,70.13,0,1,0,70.13,70.13A70.21,70.21,0,0,0,345.72,299.09Zm0,122.86a52.73,52.73,0,1,1,52.73-52.73A52.79,52.79,0,0,1,345.72,422Z\" class=\"cls-1\"><\/path><polygon points=\"354.41 360.52 354.41 330.82 337.02 330.82 337.02 360.52 307.32 360.52 307.32 377.92 337.02 377.92 337.02 407.62 354.41 407.62 354.41 377.92 384.11 377.92 384.11 360.52 354.41 360.52\" class=\"cls-1\"><\/polygon><\/svg><\/span><\/h3>\n\n\n\n<h3 class=\"gb-headline gb-headline-ee3a1a39 gb-headline-text\">Jauni lietot&#257;ji<\/h3>\n\n\n\n<p>Ja esat jauns Coin Edex Ai lietot&#257;js, m&#275;s ar prieku j&#363;s laipni sveicam. Re&#291;istr&#275;&scaron;an&#257;s Coin Edex Ai ir vienk&#257;r&scaron;s process. Atrodiet m&#363;su re&#291;istr&#257;cijas veidlapu m&#363;su s&#257;kumlapas sada&#316;&#257; Varonis. Aizpildiet nepiecie&scaron;amo inform&#257;ciju, tostarp savu v&#257;rdu, e-pasta adresi un v&#275;lamo paroli. Noklik&scaron;&#311;inot uz pogas &ldquo;Re&#291;istr&#275;ties tagad&rdquo;, j&#363;s sa&#326;emsiet e-pasta apstiprin&#257;jumu. Vienk&#257;r&scaron;i izpildiet e-past&#257; nor&#257;d&#299;to saiti, lai p&#257;rbaud&#299;tu savu kontu, un voila! J&#363;s gaida t&#363;l&#299;t&#275;ja piek&#316;uve Coin Edex Ai panelim. &Scaron;eit jums ir iesp&#275;ja personaliz&#275;t visus nepiecie&scaron;amos iestat&#299;jumus, pamatojoties uz j&#363;su v&#275;lamo tirdzniec&#299;bas stilu, izv&#275;l&#275;tajiem akt&#299;viem un riska p&#257;rvald&#299;bas v&#275;lm&#275;m. Turkl&#257;t varat ieguld&#299;t savu s&#257;kotn&#275;jo kapit&#257;lu (minim&#257;l&#257; pras&#299;ba ir 250 $) un uzs&#257;kt aizraujo&scaron;u tirdzniec&#299;bas ce&#316;ojumu.<\/p>\n\n<\/div><\/div>\n<\/div>\n<\/div>\n<\/div><div class=\"gb-container gb-container-c1a4dcf7\">\n<div class=\"gb-container gb-container-742cad11\">\n<div class=\"gb-container gb-container-8e38b373\">\n\n<p>L&#363;dzu, &#326;emiet v&#275;r&#257;, ka tirdzniec&#299;ba ir saist&#299;ta ar risku un var izrais&#299;t kapit&#257;la zaud&#275;jumus. M&#275;s pie&scaron;&#311;iram priorit&#257;ti atbild&#299;gai tirdzniec&#299;bas praksei un mudin&#257;m savus lietot&#257;jus piln&#299;b&#257; izprast ar to saist&#299;tos riskus, pirms uzs&#257;kt savu tirdzniec&#299;bas ce&#316;ojumu.<br><br>Coin Edex Ai m&#275;s cen&scaron;amies nodro&scaron;in&#257;t m&#363;su lietot&#257;jiem nevainojamu un dro&scaron;u tirdzniec&#299;bas pieredzi. M&#363;su &#299;pa&scaron;&#257; atbalsta komanda ir viegli pieejama, lai jums pal&#299;dz&#275;tu, kad vien jums nepiecie&scaron;ama pal&#299;dz&#299;ba vai nor&#257;d&#299;jumi.<\/p>\n\n<\/div>\n<\/div>\n<\/div><div class=\"gb-container gb-container-b7553ac8 alignfull\">\n<div class=\"gb-container gb-container-03980285\">\n\n<h3 class=\"gb-headline gb-headline-9375780b\"><span class=\"gb-icon\"><svg xmlns=\"http:\/\/www.w3.org\/2000\/svg\" viewbox=\"0 0 3 36.7\"><path d=\"M0 0h3v36.7H0z\"><\/path><\/svg><\/span><span class=\"gb-headline-text\">Vai esat gatavs uzs&#257;kt savu tirdzniec&#299;bas ce&#316;ojumu ar Coin Edex Ai? Izmantojiet iesp&#275;ju, noklik&scaron;&#311;inot uz pogas zem&#257;k, lai re&#291;istr&#275;tos un s&#257;ktu tirgoties jau &scaron;odien. &#315;aujiet piedz&#299;vojumam izv&#275;rsties!<\/span><\/h3>\n\n\n\n<a class=\"gb-button gb-button-4911b5ae gb-button-text\" href=\"#\"><strong><strong>S&#257;kt  <\/strong><\/strong><\/a>\n\n<\/div>\n<\/div>\n","protected":false},"excerpt":{"rendered":"<p>Pieteik&scaron;an&#257;s K&#316;&#363;stiet par Coin Edex Ai tirdzniec&#299;bas kopienas da&#316;u, veicot tikai da&#382;us vienk&#257;r&scaron;us so&#316;us. L&#363;k, k&#257; varat s&#257;kt: L&#363;dzu, &#326;emiet v&#275;r&#257;, ka tirdzniec&#299;ba ir saist&#299;ta ar risku un var izrais&#299;t kapit&#257;la zaud&#275;jumus. M&#275;s pie&scaron;&#311;iram priorit&#257;ti atbild&#299;gai tirdzniec&#299;bas praksei un mudin&#257;m savus lietot&#257;jus piln&#299;b&#257; izprast ar to saist&#299;tos riskus, pirms uzs&#257;kt savu tirdzniec&#299;bas ce&#316;ojumu. Coin Edex &#8230; <a title=\"Pieteik\u0161an\u0101s\" class=\"read-more\" href=\"https:\/\/coinedexai.com\/lv\/pieteiksanas\/\" aria-label=\"Read more about Pieteik\u0161an\u0101s\">Read more<\/a><\/p>\n","protected":false},"author":3,"featured_media":0,"parent":0,"menu_order":0,"comment_status":"closed","ping_status":"closed","template":"","meta":{"footnotes":""},"class_list":["post-9573","page","type-page","status-publish"],"_links":{"self":[{"href":"https:\/\/coinedexai.com\/lv\/wp-json\/wp\/v2\/pages\/9573","targetHints":{"allow":["GET"]}}],"collection":[{"href":"https:\/\/coinedexai.com\/lv\/wp-json\/wp\/v2\/pages"}],"about":[{"href":"https:\/\/coinedexai.com\/lv\/wp-json\/wp\/v2\/types\/page"}],"author":[{"embeddable":true,"href":"https:\/\/coinedexai.com\/lv\/wp-json\/wp\/v2\/users\/3"}],"replies":[{"embeddable":true,"href":"https:\/\/coinedexai.com\/lv\/wp-json\/wp\/v2\/comments?post=9573"}],"version-history":[{"count":3,"href":"https:\/\/coinedexai.com\/lv\/wp-json\/wp\/v2\/pages\/9573\/revisions"}],"predecessor-version":[{"id":10845,"href":"https:\/\/coinedexai.com\/lv\/wp-json\/wp\/v2\/pages\/9573\/revisions\/10845"}],"wp:attachment":[{"href":"https:\/\/coinedexai.com\/lv\/wp-json\/wp\/v2\/media?parent=9573"}],"curies":[{"name":"wp","href":"https:\/\/api.w.org\/{rel}","templated":true}]}}