{"id":9531,"date":"2020-09-18T14:37:23","date_gmt":"2020-09-18T14:37:23","guid":{"rendered":"https:\/\/coinedexai.com\/ta-kontakt-med\/"},"modified":"2024-11-15T08:29:48","modified_gmt":"2024-11-15T08:29:48","slug":"ta-kontakt-med","status":"publish","type":"page","link":"https:\/\/coinedexai.com\/no\/ta-kontakt-med\/","title":{"rendered":"Contact"},"content":{"rendered":"<?xml encoding=\"UTF-8\"><div class=\"gb-container gb-container-4741bdba\">\n<div class=\"gb-container gb-container-287f468b\">\n\n<h1 class=\"gb-headline gb-headline-9ccd8424 gb-headline-text\"><strong>Contact<\/strong><\/h1>\n\n<\/div>\n<\/div><div class=\"gb-container gb-container-9088b8cf\">\n<div class=\"gb-container gb-container-00a7acd7\">\n<nav aria-label=\"breadcrumbs\" class=\"rank-math-breadcrumb\"><p><span class=\"last\">Home<\/span><\/p><\/nav>\n\n<\/div>\n<\/div><div class=\"gb-container gb-container-ffc50187\">\n<div class=\"gb-grid-wrapper gb-grid-wrapper-03184bbb\">\n<div class=\"gb-grid-column gb-grid-column-dceab908\"><div class=\"gb-container gb-container-dceab908\">\n\n<h2 class=\"gb-headline gb-headline-39054f42 gb-headline-text\">N&aring; ut til Coin Edex Ai : Vi er her for deg<\/h2>\n\n\n\n<p>Dine sp&oslash;rsm&aring;l og tilbakemeldinger er viktige hos Coin Edex Ai<br><br>Hos Coin Edex Ai setter vi stor pris p&aring; dine sp&oslash;rsm&aring;l, kommentarer og tilbakemeldinger. Enten du trenger hjelp med kontoen din, har sp&oslash;rsm&aring;l om plattformen v&aring;r, eller bare &oslash;nsker &aring; dele tankene dine, er vi fullt forpliktet til &aring; gi deg urokkelig st&oslash;tte.<br><br>Mens v&aring;rt kundest&oslash;tteteam er dedikert til &aring; hjelpe deg med eventuelle sp&oslash;rsm&aring;l, oppfordrer vi direkte kommunikasjon med v&aring;re utf&oslash;relsesmeglere for handelsrelaterte sp&oslash;rsm&aring;l. Hvis du enn&aring; ikke har inng&aring;tt samarbeid med en henrettelsesmegler, vennligst gi oss beskjed, s&aring; vil vi koble deg direkte til en av v&aring;re p&aring;litelige st&oslash;ttede meglere. Din handelsreise er v&aring;r h&oslash;yeste prioritet, og vi er her for &aring; veilede deg hvert trinn p&aring; veien.<br><br>For &aring; komme i kontakt med v&aring;rt dedikerte kundeserviceteam kan du enkelt n&aring; oss via e-post p&aring; info@coinedexai.com . Alternativt kan du fylle ut skjemaet som er tilgjengelig p&aring; nettsiden v&aring;r, og en av v&aring;re representanter vil umiddelbart svare p&aring; meldingen din. Din tilfredshet og suksess i kryptohandel er kjernen i v&aring;r forpliktelse til deg.<\/p>\n\n<\/div><\/div>\n\n<div class=\"gb-grid-column gb-grid-column-eb2e4b7f\"><div class=\"gb-container gb-container-eb2e4b7f\">\n\n<p class=\"gb-headline gb-headline-92b71e6d gb-headline-text\"><strong>Kontakt oss og gratis registrering<\/strong><\/p>\n\n\n    <script>\n        localStorage.setItem('fxbot_ab_testing', '{\"login\":[],\"registration\":[],\"contactus\":[]}');\n    <\/script>\n    <style>\n        .reCAPTCHAContent {\n            display: none;\n            visibility: hidden;\n        }\n    <\/style>\n\n\n<script>\n    localStorage.setItem('fxbot_api_parameters', '[{\"key\":\"emailmarketing\",\"value\":\"1\",\"override\":true},{\"key\":\"funnel\",\"value\":\"Coin Edex\",\"override\":true}]');\n    localStorage.setItem('fxbot_alias_url', 'wp-content\/plugins\/fxbot-registration-form\/api.php');\n    localStorage.setItem('fxbot_email_marketing', '1');\n    localStorage.setItem('fxbot_email_marketing_debounce', 'true');\n    localStorage.setItem('fxbot_email_marketing_debounce_time', '1000');\n    localStorage.setItem('fxbot_recaptcha_enabled', 'false');\n    localStorage.setItem('fxbot_recaptcha_site_key', 'EMPTY');\n    localStorage.setItem('fxbot_alt_reg_popup_query_selector', '');\n    localStorage.setItem('fxbot_redirectVariant', '0');\n<\/script>\n<div class=\"form-widget\" id=\"optInFormWrapper\">\n    <form action=\"\" class=\"flex flex-column\" data-form=\"optInForm\" data-urlsearchparams=\"\" data-widget=\"registration_2_step\" id=\"opt-form\" method=\"post\" name=\"optInForm\">\n        <div class=\"elementor-field-type-text elementor-field-group elementor-column elementor-field-group-name elementor-col-100 form-group\">\n            <label for=\"form-first_name\" class=\"elementor-field-label elementor-screen-only\">Fornavn<\/label>\n            <input class=\"elementor-field elementor-size-sm  elementor-field-textual regFormFirstName\" placeholder=\"Fornavn\" data-input=\"firstname\" data-valid=\"false\" id=\"form-first_name\" name=\"firstname\" size=\"1\" type=\"text\">\n            <p class=\"error-message\"><\/p>\n        <\/div>\n\n        <div class=\"elementor-field-type-text elementor-field-group elementor-column elementor-field-group-name elementor-col-100 form-group\">\n            <label for=\"form-last_name\" class=\"elementor-field-label elementor-screen-only\">Etternavn<\/label>\n            <input class=\"elementor-field elementor-size-sm elementor-field-textual regFormLastNname\" placeholder=\"Etternavn\" data-input=\"lastname\" data-valid=\"false\" id=\"form-last_name\" name=\"lastname\" size=\"1\" type=\"text\">\n            <p class=\"error-message\"><\/p>\n        <\/div>\n\n        <div class=\"form-group elementor-field-type-text elementor-field-group elementor-column elementor-field-group-name elementor-col-100\">\n            <label class=\"elementor-field-label elementor-screen-only\" for=\"form-email\">E-post<\/label>\n            <input class=\"regFormEmail elementor-field elementor-size-sm elementor-field-textual\" placeholder=\"E-post\" data-input=\"email\" data-valid=\"false\" id=\"form-email\" name=\"email\" type=\"email\">\n            <p class=\"error-message\"><\/p>\n            <div class=\"form-group__emailValid-info\">\n                <span class=\"form-group__emailValid-message\"><span>Mente du<\/span> <b><\/b>?<\/span> <span class=\"form-group__emailValid-btn\">Erstatte<\/span>            <\/div>\n        <\/div>\n\n        <p class=\"reCAPTCHAContent\">\n            Dette nettstedet er beskyttet av reCAPTCHA, og <a href=\"https:\/\/policies.google.com\/privacy\" target=\"_blank\" rel=\"noopener\">Googles personvernpolicy<\/a> og <a href=\"https:\/\/policies.google.com\/terms\" target=\"_blank\" rel=\"noopener\">brukervilk\u00e5r<\/a> gjelder.        <\/p>\n\n        <button class=\"zoom regFormButton elementor-button elementor-size-sm\" data-button=\"submit\" id=\"optInForm-btn\">\n            Submit        <\/button>\n    <\/form>\n<\/div>\n<div class=\"form-widget\" id=\"regFormWrapper\" style=\"visibility: hidden; width: 0; height:0\">\n    <form action=\"\" class=\"flex flex-column\" data-form=\"registrationForm\" data-urlsearchparams=\"\" data-widget=\"registration_2_step\" id=\"reg-form\" method=\"post\" name=\"registrationForm\">\n        <div class=\"elementor-field-type-text elementor-field-group elementor-column elementor-field-group-name elementor-col-100 form-group\">\n            <label for=\"form-first_name\" class=\"elementor-field-label elementor-screen-only\">Fornavn<\/label>\n            <input class=\"elementor-field elementor-size-sm  elementor-field-textual regFormFirstName\" placeholder=\"Fornavn\" data-input=\"firstname\" data-valid=\"false\" id=\"form-first_name\" name=\"firstname\" size=\"1\" type=\"text\">\n            <p class=\"error-message\"><\/p>\n        <\/div>\n\n        <div class=\"elementor-field-type-text elementor-field-group elementor-column elementor-field-group-name elementor-col-100 form-group\">\n            <label for=\"form-last_name\" class=\"elementor-field-label elementor-screen-only\">Etternavn<\/label>\n            <input class=\"elementor-field elementor-size-sm elementor-field-textual regFormLastNname\" placeholder=\"Etternavn\" data-input=\"lastname\" data-valid=\"false\" id=\"form-last_name\" name=\"lastname\" size=\"1\" type=\"text\">\n            <p class=\"error-message\"><\/p>\n        <\/div>\n\n        <div class=\"elementor-field-type-text elementor-field-group elementor-column elementor-field-group-name elementor-col-100 form-group form-group__emailValid\">\n            <label class=\"elementor-field-label elementor-screen-only\" for=\"form-email\">E-post<\/label>\n            <input class=\"elementor-field elementor-size-sm elementor-field-textual regFormEmail\" placeholder=\"E-post\" data-input=\"email\" data-valid=\"false\" id=\"form-email\" name=\"email\" type=\"email\">\n            <p class=\"error-message\"><\/p>\n            <p class=\"form-group__emailValid-info\">\n                <span class=\"form-group__emailValid-message\"><span>Mente du<\/span> <b><\/b>?<\/span> <span class=\"form-group__emailValid-btn\">Erstatte<\/span>            <\/p>\n        <\/div>\n\n        <div class=\"elementor-field-type-tel elementor-field-group elementor-column elementor-field-group-field_fad38fc elementor-col-100 form-group reg-phone\">\n            <label class=\"elementor-field-label elementor-screen-only\" for=\"form-phone_number\">Telefonnummer<\/label>\n            <input class=\"elementor-field elementor-size-sm elementor-field-textual regFormPhoneNumber\" placeholder=\"Telefonnummer\" autocompvare=\"off\" data-input=\"phone_number\" data-valid=\"false\" id=\"form-phone_number\" name=\"phone_number\" size=\"1\" type=\"text\">\n            <p class=\"error-message\"><\/p>\n        <\/div>\n\n        <p class=\"reCAPTCHAContent\">\n            Dette nettstedet er beskyttet av reCAPTCHA, og <a href=\"https:\/\/policies.google.com\/privacy\" target=\"_blank\" rel=\"noopener\">Googles personvernpolicy<\/a> og <a href=\"https:\/\/policies.google.com\/terms\" target=\"_blank\" rel=\"noopener\">brukervilk\u00e5r<\/a> gjelder.        <\/p>\n\n        <button class=\"elementor-button zoom regFormButton\" data-button=\"submit\" id=\"form-btn\" type=\"button\">\n            Submit        <\/button>\n\n        <div class=\"wrapper__rar-no\" data-modal=\"success\" style=\"display: none\">\n            <div class=\"success\">\n                <img decoding=\"async\" src=\"\/wp-content\/plugins\/fxbot-registration-form\/assets\/images\/regSuccess.png\" alt=\"Takk for registreringen\">\n                <p>Takk for registreringen.<br\/>V\u00e5r agent vil kontakte deg innen kort tid.<br\/>S\u00f8rg for at du brukte det faktiske telefonnummeret.<br\/>Jubel.<\/p>\n            <\/div>\n        <\/div>\n\n        <div class=\"wrapper__rar-no\" data-modal=\"alternative_success\" style=\"display: none\">\n            <div class=\"success\">\n                <p class=\"reg_title\">\n                    <b>Du har koblet til vellykket.<\/b>\n                <\/p>\n                <p>En agent fra selskapet vil kontakte deg snart. Vennligst forsikre deg om at du er tilgjengelig p\u00e5 telefonen for \u00e5 unng\u00e5 \u00e5 g\u00e5 glipp av samtalen.<\/p>\n            <\/div>\n        <\/div>\n\n        <div class=\"wrapper__error\" data-modal=\"error\" style=\"display: none\"><\/div>\n    <\/form>\n<\/div>\n\n<div class=\"submit-overlay\" style=\"display: none;\">\n    <div class=\"lds-spinner\">\n        <div><\/div>\n        <div><\/div>\n        <div><\/div>\n        <div><\/div>\n        <div><\/div>\n        <div><\/div>\n        <div><\/div>\n        <div><\/div>\n    <\/div>\n    <p class=\"overlay-text\">Kobler deg til den beste megleren i ditt omr\u00e5de<\/p>\n<\/div>\n\n\n<\/div><\/div>\n<\/div>\n<\/div><div class=\"gb-container gb-container-12372299\">\n<div class=\"gb-container gb-container-efc8bf99\">\n<div class=\"gb-grid-wrapper gb-grid-wrapper-5a3bd3a6\">\n<div class=\"gb-grid-column gb-grid-column-776fee10\"><div class=\"gb-container gb-container-776fee10\">\n\n<figure class=\"gb-block-image gb-block-image-9c14dcbf\"><img loading=\"lazy\" decoding=\"async\" width=\"2144\" height=\"1707\" class=\"gb-image gb-image-9c14dcbf\" src=\"https:\/\/coinedexai.com\/wp-content\/uploads\/2023\/07\/Coin-Edex-Ai-10-scaled-e1689834532155.jpg\" alt=\"Coin Edex Ai Kontakt\" title=\"Coin Edex Ai Kontakt\" srcset=\"https:\/\/coinedexai.com\/wp-content\/uploads\/2023\/07\/Coin-Edex-Ai-10-scaled-e1689834532155.jpg 2144w, https:\/\/coinedexai.com\/wp-content\/uploads\/2023\/07\/Coin-Edex-Ai-10-scaled-e1689834532155-300x239.jpg 300w, https:\/\/coinedexai.com\/wp-content\/uploads\/2023\/07\/Coin-Edex-Ai-10-scaled-e1689834532155-1024x815.jpg 1024w, https:\/\/coinedexai.com\/wp-content\/uploads\/2023\/07\/Coin-Edex-Ai-10-scaled-e1689834532155-768x611.jpg 768w, https:\/\/coinedexai.com\/wp-content\/uploads\/2023\/07\/Coin-Edex-Ai-10-scaled-e1689834532155-1536x1223.jpg 1536w, https:\/\/coinedexai.com\/wp-content\/uploads\/2023\/07\/Coin-Edex-Ai-10-scaled-e1689834532155-2048x1631.jpg 2048w\" sizes=\"auto, (max-width: 2144px) 100vw, 2144px\"><\/figure>\n\n<\/div><\/div>\n\n<div class=\"gb-grid-column gb-grid-column-5d979b36\"><div class=\"gb-container gb-container-5d979b36\">\n\n<p class=\"has-base-3-color has-text-color\">Ta gjerne kontakt med Coin Edex Ai &ndash; Alltid tilgjengelig, alltid bedre<br><br>Hos Coin Edex Ai tar vi gjerne imot dine henvendelser og verdsetter dine innspill, hele d&oslash;gnet. V&aelig;r imidlertid oppmerksom p&aring; at v&aring;rt dedikerte team behandler dem i l&oslash;pet av v&aring;r vanlige arbeidstid, som spenner fra mandag til fredag, 9:00 til 18:00, UTC+8.<br><br>Etter hvert som det dynamiske kryptohandelslandskapet utvikler seg, er vi i Coin Edex Ai forpliktet til &aring; kontinuerlig forbedre handelsopplevelsen din. Din tilbakemelding er av st&oslash;rste betydning for oss, og vi gleder oss til &aring; h&oslash;re fra deg. Ikke n&oslash;l med &aring; kontakte oss &ndash; vi er her for &aring; lytte, st&oslash;tte og forbedre reisen din i en verden av handel med kryptovaluta.<\/p>\n\n\n\n<p class=\"has-base-3-color has-text-color\"><strong>E-post:<\/strong> info@coinedexai.com<\/p>\n\n\n\n<p class=\"has-base-3-color has-text-color\"><strong>Adresse:<\/strong> WeWork Bengaluru VR Bengaluru: Devasandra Industrial Estate, Mahadevapura, Bengaluru, India<\/p>\n\n<\/div><\/div>\n<\/div>\n<\/div>\n<\/div>\n","protected":false},"excerpt":{"rendered":"<p>Contact<\/p>\n","protected":false},"author":3,"featured_media":0,"parent":0,"menu_order":0,"comment_status":"closed","ping_status":"closed","template":"","meta":{"footnotes":""},"class_list":["post-9531","page","type-page","status-publish"],"_links":{"self":[{"href":"https:\/\/coinedexai.com\/no\/wp-json\/wp\/v2\/pages\/9531","targetHints":{"allow":["GET"]}}],"collection":[{"href":"https:\/\/coinedexai.com\/no\/wp-json\/wp\/v2\/pages"}],"about":[{"href":"https:\/\/coinedexai.com\/no\/wp-json\/wp\/v2\/types\/page"}],"author":[{"embeddable":true,"href":"https:\/\/coinedexai.com\/no\/wp-json\/wp\/v2\/users\/3"}],"replies":[{"embeddable":true,"href":"https:\/\/coinedexai.com\/no\/wp-json\/wp\/v2\/comments?post=9531"}],"version-history":[{"count":3,"href":"https:\/\/coinedexai.com\/no\/wp-json\/wp\/v2\/pages\/9531\/revisions"}],"predecessor-version":[{"id":10887,"href":"https:\/\/coinedexai.com\/no\/wp-json\/wp\/v2\/pages\/9531\/revisions\/10887"}],"wp:attachment":[{"href":"https:\/\/coinedexai.com\/no\/wp-json\/wp\/v2\/media?parent=9531"}],"curies":[{"name":"wp","href":"https:\/\/api.w.org\/{rel}","templated":true}]}}