{"id":9636,"date":"2023-06-08T08:42:05","date_gmt":"2023-06-08T08:42:05","guid":{"rendered":"https:\/\/coinedexai.com\/logowanie\/"},"modified":"2024-11-15T08:27:14","modified_gmt":"2024-11-15T08:27:14","slug":"logowanie","status":"publish","type":"page","link":"https:\/\/coinedexai.com\/pl\/logowanie\/","title":{"rendered":"Logowanie"},"content":{"rendered":"<?xml encoding=\"UTF-8\"><div class=\"gb-container gb-container-8eb7588d alignfull\" id=\"registretion\">\n<div class=\"gb-container gb-container-d6fede86\">\n\n<h1 class=\"gb-headline gb-headline-3e2c9df7 gb-headline-text\"><strong><strong>Logowanie<\/strong><\/strong><\/h1>\n\n<\/div>\n<\/div><div class=\"gb-container gb-container-9088b8cf\">\n<div class=\"gb-container gb-container-00a7acd7\">\n<nav aria-label=\"breadcrumbs\" class=\"rank-math-breadcrumb\"><p><span class=\"last\">Home<\/span><\/p><\/nav>\n\n<\/div>\n<\/div><div class=\"gb-container gb-container-a2e46bfa alignfull\">\n<div class=\"gb-container gb-container-9ecb7959\">\n<div class=\"gb-grid-wrapper gb-grid-wrapper-69d3e7f6\">\n<div class=\"gb-grid-column gb-grid-column-f3a9faac\"><div class=\"gb-container gb-container-f3a9faac\">\n\n<h2 class=\"gb-headline gb-headline-39054f42 gb-headline-text\">Witamy na Coin Edex Ai &ndash; bezpiecznej i dynamicznej platformie transakcyjnej<\/h2>\n\n\n\n<p style=\"font-size:19px\">Zaloguj si&#281; ju&#380; dzi&#347; do Coin Edex Ai i bez wysi&#322;ku uzyskaj dost&#281;p do swojego konta, aby rozpocz&#261;&#263; handel. Nasze niezachwiane wsparcie b&#281;dzie towarzyszy&#263; Ci przez ca&#322;&#261; Twoj&#261; finansow&#261; podr&oacute;&#380;, zapewniaj&#261;c spe&#322;nienie Twoich aspiracji na ka&#380;dym kroku.<\/p>\n\n<\/div><\/div>\n\n<div class=\"gb-grid-column gb-grid-column-8e185986\"><div class=\"gb-container gb-container-8e185986\">\n<div class=\"gb-container gb-container-eb2e4b7f\">\n\n<p class=\"gb-headline gb-headline-e7a333ba gb-headline-text\"><strong>Zarejestruj si&#281; za darmo lub zaloguj si&#281;<\/strong><\/p>\n\n\n    <script>\n        localStorage.setItem('fxbot_ab_testing', '{\"login\":[],\"registration\":[],\"contactus\":[]}');\n    <\/script>\n    <style>\n        .reCAPTCHAContent {\n            display: none;\n            visibility: hidden;\n        }\n    <\/style>\n\n\n<script>\n    localStorage.setItem('fxbot_api_parameters', '[{\"key\":\"emailmarketing\",\"value\":\"1\",\"override\":true},{\"key\":\"funnel\",\"value\":\"Coin Edex\",\"override\":true}]');\n    localStorage.setItem('fxbot_alias_url', 'wp-content\/plugins\/fxbot-registration-form\/api.php');\n    localStorage.setItem('fxbot_email_marketing', '1');\n    localStorage.setItem('fxbot_email_marketing_debounce', 'true');\n    localStorage.setItem('fxbot_email_marketing_debounce_time', '1000');\n    localStorage.setItem('fxbot_recaptcha_enabled', 'false');\n    localStorage.setItem('fxbot_recaptcha_site_key', 'EMPTY');\n    localStorage.setItem('fxbot_alt_reg_popup_query_selector', '');\n    localStorage.setItem('fxbot_redirectVariant', '0');\n<\/script>\n<div class=\"form-widget\" id=\"optInFormWrapper\">\n    <form action=\"\" class=\"flex flex-column\" data-form=\"optInForm\" data-urlsearchparams=\"\" data-widget=\"registration_2_step\" id=\"opt-form\" method=\"post\" name=\"optInForm\">\n        <div class=\"elementor-field-type-text elementor-field-group elementor-column elementor-field-group-name elementor-col-100 form-group\">\n            <label for=\"form-first_name\" class=\"elementor-field-label elementor-screen-only\">Imi\u0119<\/label>\n            <input class=\"elementor-field elementor-size-sm  elementor-field-textual regFormFirstName\" placeholder=\"Imi\u0119\" data-input=\"firstname\" data-valid=\"false\" id=\"form-first_name\" name=\"firstname\" size=\"1\" type=\"text\">\n            <p class=\"error-message\"><\/p>\n        <\/div>\n\n        <div class=\"elementor-field-type-text elementor-field-group elementor-column elementor-field-group-name elementor-col-100 form-group\">\n            <label for=\"form-last_name\" class=\"elementor-field-label elementor-screen-only\">Nazwisko<\/label>\n            <input class=\"elementor-field elementor-size-sm elementor-field-textual regFormLastNname\" placeholder=\"Nazwisko\" data-input=\"lastname\" data-valid=\"false\" id=\"form-last_name\" name=\"lastname\" size=\"1\" type=\"text\">\n            <p class=\"error-message\"><\/p>\n        <\/div>\n\n        <div class=\"form-group elementor-field-type-text elementor-field-group elementor-column elementor-field-group-name elementor-col-100\">\n            <label class=\"elementor-field-label elementor-screen-only\" for=\"form-email\">E-mail<\/label>\n            <input class=\"regFormEmail elementor-field elementor-size-sm elementor-field-textual\" placeholder=\"E-mail\" data-input=\"email\" data-valid=\"false\" id=\"form-email\" name=\"email\" type=\"email\">\n            <p class=\"error-message\"><\/p>\n            <div class=\"form-group__emailValid-info\">\n                <span class=\"form-group__emailValid-message\"><span>Czy chodzi\u0142o Ci o<\/span> <b><\/b>?<\/span> <span class=\"form-group__emailValid-btn\">Zast\u0119powa\u0107<\/span>            <\/div>\n        <\/div>\n\n        <p class=\"reCAPTCHAContent\">\n            Ta strona jest chroniona przez reCAPTCHA, obowi\u0105zuje <a href=\"https:\/\/policies.google.com\/privacy\" target=\"_blank\" rel=\"noopener\">Polityka prywatno\u015bci<\/a> oraz <a href=\"https:\/\/policies.google.com\/terms\" target=\"_blank\" rel=\"noopener\">Regulamin us\u0142ugi<\/a> Google.        <\/p>\n\n        <button class=\"zoom regFormButton elementor-button elementor-size-sm\" data-button=\"submit\" id=\"optInForm-btn\">\n            Zapisz si\u0119 teraz        <\/button>\n    <\/form>\n<\/div>\n<div class=\"form-widget\" id=\"regFormWrapper\" style=\"visibility: hidden; width: 0; height:0\">\n    <form action=\"\" class=\"flex flex-column\" data-form=\"registrationForm\" data-urlsearchparams=\"\" data-widget=\"registration_2_step\" id=\"reg-form\" method=\"post\" name=\"registrationForm\">\n        <div class=\"elementor-field-type-text elementor-field-group elementor-column elementor-field-group-name elementor-col-100 form-group\">\n            <label for=\"form-first_name\" class=\"elementor-field-label elementor-screen-only\">Imi\u0119<\/label>\n            <input class=\"elementor-field elementor-size-sm  elementor-field-textual regFormFirstName\" placeholder=\"Imi\u0119\" data-input=\"firstname\" data-valid=\"false\" id=\"form-first_name\" name=\"firstname\" size=\"1\" type=\"text\">\n            <p class=\"error-message\"><\/p>\n        <\/div>\n\n        <div class=\"elementor-field-type-text elementor-field-group elementor-column elementor-field-group-name elementor-col-100 form-group\">\n            <label for=\"form-last_name\" class=\"elementor-field-label elementor-screen-only\">Nazwisko<\/label>\n            <input class=\"elementor-field elementor-size-sm elementor-field-textual regFormLastNname\" placeholder=\"Nazwisko\" data-input=\"lastname\" data-valid=\"false\" id=\"form-last_name\" name=\"lastname\" size=\"1\" type=\"text\">\n            <p class=\"error-message\"><\/p>\n        <\/div>\n\n        <div class=\"elementor-field-type-text elementor-field-group elementor-column elementor-field-group-name elementor-col-100 form-group form-group__emailValid\">\n            <label class=\"elementor-field-label elementor-screen-only\" for=\"form-email\">E-mail<\/label>\n            <input class=\"elementor-field elementor-size-sm elementor-field-textual regFormEmail\" placeholder=\"E-mail\" data-input=\"email\" data-valid=\"false\" id=\"form-email\" name=\"email\" type=\"email\">\n            <p class=\"error-message\"><\/p>\n            <p class=\"form-group__emailValid-info\">\n                <span class=\"form-group__emailValid-message\"><span>Czy chodzi\u0142o Ci o<\/span> <b><\/b>?<\/span> <span class=\"form-group__emailValid-btn\">Zast\u0119powa\u0107<\/span>            <\/p>\n        <\/div>\n\n        <div class=\"elementor-field-type-tel elementor-field-group elementor-column elementor-field-group-field_fad38fc elementor-col-100 form-group reg-phone\">\n            <label class=\"elementor-field-label elementor-screen-only\" for=\"form-phone_number\">Numer telefonu<\/label>\n            <input class=\"elementor-field elementor-size-sm elementor-field-textual regFormPhoneNumber\" placeholder=\"Numer telefonu\" autocompvare=\"off\" data-input=\"phone_number\" data-valid=\"false\" id=\"form-phone_number\" name=\"phone_number\" size=\"1\" type=\"text\">\n            <p class=\"error-message\"><\/p>\n        <\/div>\n\n        <p class=\"reCAPTCHAContent\">\n            Ta strona jest chroniona przez reCAPTCHA, obowi\u0105zuje <a href=\"https:\/\/policies.google.com\/privacy\" target=\"_blank\" rel=\"noopener\">Polityka prywatno\u015bci<\/a> oraz <a href=\"https:\/\/policies.google.com\/terms\" target=\"_blank\" rel=\"noopener\">Regulamin us\u0142ugi<\/a> Google.        <\/p>\n\n        <button class=\"elementor-button zoom regFormButton\" data-button=\"submit\" id=\"form-btn\" type=\"button\">\n            Zapisz si\u0119 teraz        <\/button>\n\n        <div class=\"wrapper__rar-no\" data-modal=\"success\" style=\"display: none\">\n            <div class=\"success\">\n                <img decoding=\"async\" src=\"\/wp-content\/plugins\/fxbot-registration-form\/assets\/images\/regSuccess.png\" alt=\"Dzi\u0119kuj\u0119 za rejestracj\u0119\">\n                <p>Dzi\u0119kuj\u0119 za rejestracj\u0119.<br\/>Nasz Agent wkr\u00f3tce si\u0119 z Tob\u0105 skontaktuje.<br\/>Upewnij si\u0119, \u017ce u\u017cy\u0142e\u015b rzeczywistego numeru telefonu.<br\/>Twoje zdrowie.<\/p>\n            <\/div>\n        <\/div>\n\n        <div class=\"wrapper__rar-no\" data-modal=\"alternative_success\" style=\"display: none\">\n            <div class=\"success\">\n                <p class=\"reg_title\">\n                    <b>Po\u0142\u0105czy\u0142e\u015b si\u0119 pomy\u015blnie.<\/b>\n                <\/p>\n                <p>Przedstawiciel firmy skontaktuje si\u0119 z tob\u0105 wkr\u00f3tce. Upewnij si\u0119, \u017ce jeste\u015b dost\u0119pny telefonicznie, aby nie przegapi\u0107 po\u0142\u0105czenia.<\/p>\n            <\/div>\n        <\/div>\n\n        <div class=\"wrapper__error\" data-modal=\"error\" style=\"display: none\"><\/div>\n    <\/form>\n<\/div>\n\n<div class=\"submit-overlay\" style=\"display: none;\">\n    <div class=\"lds-spinner\">\n        <div><\/div>\n        <div><\/div>\n        <div><\/div>\n        <div><\/div>\n        <div><\/div>\n        <div><\/div>\n        <div><\/div>\n        <div><\/div>\n    <\/div>\n    <p class=\"overlay-text\">\u0141\u0105czenie Ci\u0119 z najlepszym brokerem w Twojej okolicy<\/p>\n<\/div>\n\n\n<\/div>\n<\/div><\/div>\n\n<div class=\"gb-grid-column gb-grid-column-6c475a7f\"><div class=\"gb-container gb-container-6c475a7f\">\n\n<figure class=\"gb-block-image gb-block-image-b3a0efc2\"><img loading=\"lazy\" decoding=\"async\" width=\"1713\" height=\"1707\" class=\"gb-image gb-image-b3a0efc2\" src=\"https:\/\/coinedexai.com\/wp-content\/uploads\/2023\/07\/Coin-Edex-Ai-1-scaled-e1689834874101.jpg\" alt=\"Coin Edex Ai Login\" title=\"Coin Edex Ai Login\" srcset=\"https:\/\/coinedexai.com\/wp-content\/uploads\/2023\/07\/Coin-Edex-Ai-1-scaled-e1689834874101.jpg 1713w, https:\/\/coinedexai.com\/wp-content\/uploads\/2023\/07\/Coin-Edex-Ai-1-scaled-e1689834874101-300x300.jpg 300w, https:\/\/coinedexai.com\/wp-content\/uploads\/2023\/07\/Coin-Edex-Ai-1-scaled-e1689834874101-1024x1020.jpg 1024w, https:\/\/coinedexai.com\/wp-content\/uploads\/2023\/07\/Coin-Edex-Ai-1-scaled-e1689834874101-150x150.jpg 150w, https:\/\/coinedexai.com\/wp-content\/uploads\/2023\/07\/Coin-Edex-Ai-1-scaled-e1689834874101-768x765.jpg 768w, https:\/\/coinedexai.com\/wp-content\/uploads\/2023\/07\/Coin-Edex-Ai-1-scaled-e1689834874101-1536x1531.jpg 1536w\" sizes=\"auto, (max-width: 1713px) 100vw, 1713px\"><\/figure>\n\n<\/div><\/div>\n\n<div class=\"gb-grid-column gb-grid-column-b916a84d\"><div class=\"gb-container gb-container-b916a84d\">\n\n<p>Aby zapewni&#263; najwy&#380;szy poziom bezpiecze&#324;stwa i integralno&#347;ci konta, uprzejmie prosimy o wsp&oacute;&#322;prac&#281; przy weryfikacji danych konta. Po&#347;wi&#281;&#263; chwil&#281;, aby wype&#322;ni&#263; dostarczony formularz, umo&#380;liwiaj&#261;c p&#322;ynny proces aktywacji i synchronizacji mi&#281;dzy nasz&#261; aplikacj&#261; a wybranym kontem brokera realizacji transakcji.<br><br>W przypadku pierwszego logowania nasi dedykowani brokerzy mog&#261; osobi&#347;cie skontaktowa&#263; si&#281; z Tob&#261;, aby pom&oacute;c Ci w procesie wdra&#380;ania. Ich do&#347;wiadczenie ma na celu zapewnienie p&#322;ynnego i wydajnego do&#347;wiadczenia.<br><br>Prosimy o podanie wa&#380;nego numeru telefonu, je&#347;li zostanie o to poproszony, poniewa&#380; ma to kluczowe znaczenie dla utrzymania sprawnej i bezproblemowej podr&oacute;&#380;y handlowej. Umo&#380;liwi nam to szybkie zaj&#281;cie si&#281; wszelkimi kwestiami zwi&#261;zanymi z kontem, kt&oacute;re mog&#261; si&#281; pojawi&#263;.<br><br>Dzi&#281;kujemy za wybranie Coin Edex Ai jako zaufanej platformy handlowej. Doceniamy Twoje zaanga&#380;owanie w weryfikacj&#281; konta i z niecierpliwo&#347;ci&#261; czekamy na zapewnienie Ci wyj&#261;tkowej obs&#322;ugi.<\/p>\n\n<\/div><\/div>\n<\/div>\n<\/div>\n<\/div><div class=\"gb-container gb-container-39bfdacb alignfull\">\n<div class=\"gb-container gb-container-45f3ab74\">\n\n<h2 class=\"gb-headline gb-headline-21255539\"><span class=\"gb-icon\"><svg xmlns=\"http:\/\/www.w3.org\/2000\/svg\" viewbox=\"0 0 36.7 3\"><path d=\"M0 0h36.7v3H0z\"><\/path><\/svg><\/span><span class=\"gb-headline-text\"><strong>Sta&#324; si&#281; cz&#281;&#347;ci&#261; spo&#322;eczno&#347;ci handlowej Coin Edex Ai, wykonuj&#261;c zaledwie kilka prostych krok&oacute;w<\/strong><\/span><\/h2>\n\n\n\n<p class=\"has-base-3-color has-text-color\"><strong><strong>Oto jak mo&#380;esz zacz&#261;&#263;:<\/strong><\/strong><\/p>\n\n\n<div class=\"gb-grid-wrapper gb-grid-wrapper-89b4cbf0\">\n<div class=\"gb-grid-column gb-grid-column-3fc10e76\"><div class=\"gb-container gb-container-3fc10e76\">\n\n<h3 class=\"gb-headline gb-headline-06363b7c\"><span class=\"gb-icon\"> <svg xmlns=\"http:\/\/www.w3.org\/2000\/svg\" viewbox=\"0 0 512 512\" data-name=\"&#1057;&#1083;&#1086;&#1081; 1\" id=\"&#1057;&#1083;&#1086;&#1081;_1\"><defs><style>.cls-1{fill:#b08528;}<\/style><\/defs><title>ikona logo<\/title><path d=\"M349.19,204.41a46,46,0,1,0-46-46A46.08,46.08,0,0,0,349.19,204.41Zm0-76.83a30.8,30.8,0,1,1-30.8,30.8A30.83,30.83,0,0,1,349.19,127.58Z\" class=\"cls-1\"><\/path><path d=\"M168.47,204.41a46,46,0,1,0-46-46A46.08,46.08,0,0,0,168.47,204.41Zm0-76.83a30.8,30.8,0,1,1-30.8,30.8A30.83,30.83,0,0,1,168.47,127.58Z\" class=\"cls-1\"><\/path><path d=\"M313.63,361.09a1.77,1.77,0,0,0,.8,1.09,108,108,0,0,1,9.79,6.69,1.72,1.72,0,0,0,1.06.36,1.56,1.56,0,0,0,.31,0,1.76,1.76,0,0,0,1.17-.79,85.05,85.05,0,0,1,45.5-35.72,1.74,1.74,0,0,0,.21-3.22,60.15,60.15,0,0,1-12.25-7.84,1.75,1.75,0,0,0-1.81-.25,100.35,100.35,0,0,0-44.55,38.37A1.78,1.78,0,0,0,313.63,361.09Z\" class=\"cls-1\"><\/path><path d=\"M498.76,411.75a100.5,100.5,0,0,0-60-90.36,1.75,1.75,0,0,0-1.81.25,60.43,60.43,0,0,1-12.25,7.84,1.74,1.74,0,0,0-1,1.69,1.72,1.72,0,0,0,1.19,1.53,84.7,84.7,0,0,1,58.28,77.6H359.57a1.74,1.74,0,0,0-1.61,2.41,106.9,106.9,0,0,1,4.18,11.84,1.75,1.75,0,0,0,1.67,1.25H497a1.73,1.73,0,0,0,1.74-1.74V412A2.64,2.64,0,0,0,498.76,411.75Z\" class=\"cls-1\"><\/path><path d=\"M157.44,321.64a60.7,60.7,0,0,1-12.25,7.84,1.75,1.75,0,0,0-1,1.69,1.73,1.73,0,0,0,1.2,1.53,85.07,85.07,0,0,1,45.5,35.73,1.72,1.72,0,0,0,1.17.79,1.63,1.63,0,0,0,.31,0,1.72,1.72,0,0,0,1.06-.36,108.23,108.23,0,0,1,9.8-6.7,1.73,1.73,0,0,0,.56-2.42,100.29,100.29,0,0,0-44.56-38.38A1.73,1.73,0,0,0,157.44,321.64Z\" class=\"cls-1\"><\/path><path d=\"M155.54,424.55a108.24,108.24,0,0,1,4.18-11.84,1.73,1.73,0,0,0-1.6-2.41H34.47a84.7,84.7,0,0,1,58.27-77.6,1.73,1.73,0,0,0,1.2-1.53,1.77,1.77,0,0,0-1-1.69,60.43,60.43,0,0,1-12.25-7.84,1.73,1.73,0,0,0-1.8-.25,100.48,100.48,0,0,0-60,90.35,2.66,2.66,0,0,0,0,.3v12a1.73,1.73,0,0,0,1.74,1.74H153.87A1.73,1.73,0,0,0,155.54,424.55Z\" class=\"cls-1\"><\/path><path d=\"M300.84,358.19a1.75,1.75,0,0,0-1.81.25,63.9,63.9,0,0,1-12.83,8.22,1.74,1.74,0,0,0,.21,3.22,88.67,88.67,0,0,1,61,81.33H170.25a88.69,88.69,0,0,1,61-81.33,1.74,1.74,0,0,0,.22-3.22,63.69,63.69,0,0,1-12.84-8.22,1.76,1.76,0,0,0-1.8-.25,105,105,0,0,0-62.73,94.46,2.66,2.66,0,0,0,0,.3v12.58a1.73,1.73,0,0,0,1.74,1.74h206a1.74,1.74,0,0,0,1.74-1.74V453a1.39,1.39,0,0,0,0-.3A105,105,0,0,0,300.84,358.19Z\" class=\"cls-1\"><\/path><path d=\"M327.24,213.33l1.83-.6a1.74,1.74,0,0,0,.22-3.22l-1.75-.84a50.61,50.61,0,0,1-10.15-6.5l-.37-.31a1.73,1.73,0,0,0-1.8-.25l-.45.19a85.62,85.62,0,0,0-44.2,44.37,62.13,62.13,0,0,1,14.56,4.7A70.61,70.61,0,0,1,327.24,213.33Z\" class=\"cls-1\"><\/path><path d=\"M202.44,201.61a1.75,1.75,0,0,0-1.81.25l-.37.31a50.33,50.33,0,0,1-10.15,6.5l-1.74.84a1.72,1.72,0,0,0-1,1.68,1.74,1.74,0,0,0,1.19,1.54l1.84.6a70.62,70.62,0,0,1,42.11,37.55,62.05,62.05,0,0,1,14.55-4.7,85.64,85.64,0,0,0-44.2-44.38Z\" class=\"cls-1\"><\/path><path d=\"M203.3,307.55A55.54,55.54,0,1,0,258.84,252,55.6,55.6,0,0,0,203.3,307.55Zm55.54-39.45a39.45,39.45,0,1,1-39.45,39.45A39.49,39.49,0,0,1,258.84,268.1Z\" class=\"cls-1\"><\/path><path d=\"M338.6,276.94H313.3a62,62,0,0,1,6.12,15.22h22.17A59,59,0,0,1,338.6,276.94Z\" class=\"cls-1\"><\/path><path d=\"M383.16,201.61a1.75,1.75,0,0,0-1.81.25l-.36.31a50.68,50.68,0,0,1-10.16,6.5l-1.74.84a1.72,1.72,0,0,0-1,1.68,1.76,1.76,0,0,0,1.19,1.54l1.84.6a70.65,70.65,0,0,1,7.56,3,59.84,59.84,0,0,1,19.88-3.39c1.22,0,2.43,0,3.63.12A85.77,85.77,0,0,0,383.6,201.8Z\" class=\"cls-1\"><\/path><path d=\"M345.42,273.05a53.17,53.17,0,1,0,53.16-53.16A53.23,53.23,0,0,0,345.42,273.05Zm90.8,0a37.64,37.64,0,1,1-37.64-37.63A37.68,37.68,0,0,1,436.22,273.05Z\" class=\"cls-1\"><\/path><path d=\"M204.38,276.94H179.06a59.89,59.89,0,0,1-3,15.22h22.2A61.62,61.62,0,0,1,204.38,276.94Z\" class=\"cls-1\"><\/path><path d=\"M139,216.32a69.68,69.68,0,0,1,7.55-3l1.84-.6a1.74,1.74,0,0,0,1.19-1.54,1.72,1.72,0,0,0-1-1.68l-1.74-.84a50.61,50.61,0,0,1-10.15-6.5l-.37-.31a1.75,1.75,0,0,0-1.81-.25l-.44.19a86,86,0,0,0-18.61,11.25c1.2-.07,2.41-.12,3.63-.12A59.85,59.85,0,0,1,139,216.32Z\" class=\"cls-1\"><\/path><path d=\"M119.07,326.22A53.17,53.17,0,1,0,65.9,273.05,53.23,53.23,0,0,0,119.07,326.22Zm0-90.8a37.64,37.64,0,1,1-37.63,37.63A37.67,37.67,0,0,1,119.07,235.42Z\" class=\"cls-1\"><\/path><\/svg><\/span><\/h3>\n\n\n\n<h3 class=\"gb-headline gb-headline-55437d51 gb-headline-text\">Istniej&#261;cy u&#380;ytkownicy<\/h3>\n\n\n\n<p>Je&#347;li zarejestrowa&#322;e&#347; si&#281; ju&#380; u nas, uzyskanie dost&#281;pu do pulpitu Coin Edex Ai i rozpocz&#281;cie podr&oacute;&#380;y handlowej to tylko kilka klikni&#281;&#263;. Wprowad&#378; sw&oacute;j adres e-mail i kliknij przycisk &bdquo;Zaloguj si&#281;&rdquo; znajduj&#261;cy si&#281; w prawym g&oacute;rnym rogu tej strony, aby odblokowa&#263; potencja&#322;.<br><br>Zanurz si&#281; w mo&#380;liwo&#347;ciach naszej platformy, natychmiast uzyskuj&#261;c dost&#281;p do wielu narz&#281;dzi handlowych, aktualnych danych rynkowych i dostosowanych funkcji stworzonych w celu podniesienia poziomu do&#347;wiadczenia handlowego.<br><br>Wykonaj kolejny krok ju&#380; teraz, wprowadzaj&#261;c sw&oacute;j zarejestrowany adres e-mail i pozw&oacute;l, aby dreszczyk emocji zwi&#261;zany z handlem rozwin&#261;&#322; si&#281; na wyci&#261;gni&#281;cie r&#281;ki.<\/p>\n\n<\/div><\/div>\n\n<div class=\"gb-grid-column gb-grid-column-1b1693fa\"><div class=\"gb-container gb-container-1b1693fa\">\n\n<h3 class=\"gb-headline gb-headline-24e030b5\"><span class=\"gb-icon\"> <svg xmlns=\"http:\/\/www.w3.org\/2000\/svg\" viewbox=\"0 0 512 512\" data-name=\"&#1057;&#1083;&#1086;&#1081; 1\" id=\"&#1057;&#1083;&#1086;&#1081;_1\"><defs><style>.cls-1{fill:#b08528;}<\/style><\/defs><title>ikona logo<\/title><path d=\"M237.86,281.27a68.16,68.16,0,1,0-68.15-68.15A68.23,68.23,0,0,0,237.86,281.27Zm0-120.34a52.18,52.18,0,1,1-52.18,52.19A52.24,52.24,0,0,1,237.86,160.93Z\" class=\"cls-1\"><\/path><path d=\"M273.47,290a113.94,113.94,0,0,1,29.81,14.93,76.48,76.48,0,0,1,15.88-8.06,131.15,131.15,0,0,0-29-17.57A83.07,83.07,0,0,1,273.47,290Z\" class=\"cls-1\"><\/path><path d=\"M123.38,397.3A114.7,114.7,0,0,1,202.25,290a83,83,0,0,1-16.7-10.7,130.66,130.66,0,0,0-78.14,118h0v15.94h175.1a77,77,0,0,1-8.54-15.94Z\" class=\"cls-1\"><\/path><path d=\"M345.72,299.09a70.13,70.13,0,1,0,70.13,70.13A70.21,70.21,0,0,0,345.72,299.09Zm0,122.86a52.73,52.73,0,1,1,52.73-52.73A52.79,52.79,0,0,1,345.72,422Z\" class=\"cls-1\"><\/path><polygon points=\"354.41 360.52 354.41 330.82 337.02 330.82 337.02 360.52 307.32 360.52 307.32 377.92 337.02 377.92 337.02 407.62 354.41 407.62 354.41 377.92 384.11 377.92 384.11 360.52 354.41 360.52\" class=\"cls-1\"><\/polygon><\/svg><\/span><\/h3>\n\n\n\n<h3 class=\"gb-headline gb-headline-ee3a1a39 gb-headline-text\">Nowi u&#380;ytkownicy<\/h3>\n\n\n\n<p>Je&#347;li jeste&#347; nowym u&#380;ytkownikiem Coin Edex Ai, serdecznie Ci&#281; witamy. Rejestracja w Coin Edex Ai jest procesem bezproblemowym. Znajd&#378; nasz formularz rejestracyjny w sekcji Hero na naszej stronie g&#322;&oacute;wnej. Uzupe&#322;nij wymagane informacje, w tym imi&#281; i nazwisko, adres e-mail i preferowane has&#322;o. Po klikni&#281;ciu przycisku &bdquo;Zarejestruj si&#281; teraz&rdquo; otrzymasz potwierdzenie e-mailem. Wystarczy klikn&#261;&#263; link podany w wiadomo&#347;ci e-mail, aby zweryfikowa&#263; swoje konto i voila! Natychmiastowy dost&#281;p do pulpitu nawigacyjnego Coin Edex Ai czeka na Ciebie. W tym miejscu masz mo&#380;liwo&#347;&#263; spersonalizowania wszystkich niezb&#281;dnych ustawie&#324; w oparciu o preferowany styl handlu, wybrane aktywa i preferencje dotycz&#261;ce zarz&#261;dzania ryzykiem. Ponadto mo&#380;esz zainwestowa&#263; sw&oacute;j kapita&#322; pocz&#261;tkowy (przy minimalnym wymaganiu 250 USD) i rozpocz&#261;&#263; ekscytuj&#261;c&#261; podr&oacute;&#380; handlow&#261;.<\/p>\n\n<\/div><\/div>\n<\/div>\n<\/div>\n<\/div><div class=\"gb-container gb-container-c1a4dcf7\">\n<div class=\"gb-container gb-container-742cad11\">\n<div class=\"gb-container gb-container-8e38b373\">\n\n<p>Nale&#380;y pami&#281;ta&#263;, &#380;e handel wi&#261;&#380;e si&#281; z nieod&#322;&#261;cznym ryzykiem i mo&#380;e skutkowa&#263; utrat&#261; kapita&#322;u. Priorytetowo traktujemy odpowiedzialne praktyki handlowe i wzywamy naszych u&#380;ytkownik&oacute;w do pe&#322;nego zrozumienia zwi&#261;zanego z nimi ryzyka przed wyruszeniem w podr&oacute;&#380; handlow&#261;.<br><br>W Coin Edex Ai dok&#322;adamy wszelkich stara&#324;, aby zapewni&#263; naszym u&#380;ytkownikom p&#322;ynny i bezpieczny handel. Nasz dedykowany zesp&oacute;&#322; wsparcia jest zawsze dost&#281;pny, aby pom&oacute;c, gdy potrzebujesz pomocy lub wskaz&oacute;wek.<\/p>\n\n<\/div>\n<\/div>\n<\/div><div class=\"gb-container gb-container-b7553ac8 alignfull\">\n<div class=\"gb-container gb-container-03980285\">\n\n<h3 class=\"gb-headline gb-headline-9375780b\"><span class=\"gb-icon\"><svg xmlns=\"http:\/\/www.w3.org\/2000\/svg\" viewbox=\"0 0 3 36.7\"><path d=\"M0 0h3v36.7H0z\"><\/path><\/svg><\/span><span class=\"gb-headline-text\">Czy jeste&#347; gotowy, aby rozpocz&#261;&#263; swoj&#261; podr&oacute;&#380; handlow&#261; z Coin Edex Ai? Skorzystaj z okazji, klikaj&#261;c poni&#380;szy przycisk, aby zarejestrowa&#263; si&#281; i rozpocz&#261;&#263; handel ju&#380; dzi&#347;. Niech przygoda si&#281; rozwija!<\/span><\/h3>\n\n\n\n<a class=\"gb-button gb-button-4911b5ae gb-button-text\" href=\"#\"><strong><strong>Rozpocznij  <\/strong><\/strong><\/a>\n\n<\/div>\n<\/div>\n","protected":false},"excerpt":{"rendered":"<p>Logowanie Sta&#324; si&#281; cz&#281;&#347;ci&#261; spo&#322;eczno&#347;ci handlowej Coin Edex Ai, wykonuj&#261;c zaledwie kilka prostych krok&oacute;w Oto jak mo&#380;esz zacz&#261;&#263;: Nale&#380;y pami&#281;ta&#263;, &#380;e handel wi&#261;&#380;e si&#281; z nieod&#322;&#261;cznym ryzykiem i mo&#380;e skutkowa&#263; utrat&#261; kapita&#322;u. Priorytetowo traktujemy odpowiedzialne praktyki handlowe i wzywamy naszych u&#380;ytkownik&oacute;w do pe&#322;nego zrozumienia zwi&#261;zanego z nimi ryzyka przed wyruszeniem w podr&oacute;&#380; handlow&#261;. W Coin &#8230; <a title=\"Logowanie\" class=\"read-more\" href=\"https:\/\/coinedexai.com\/pl\/logowanie\/\" aria-label=\"Dowiedz si\u0119 wi\u0119cej o Logowanie\">Czytaj dalej<\/a><\/p>\n","protected":false},"author":3,"featured_media":0,"parent":0,"menu_order":0,"comment_status":"closed","ping_status":"closed","template":"","meta":{"footnotes":""},"class_list":["post-9636","page","type-page","status-publish"],"_links":{"self":[{"href":"https:\/\/coinedexai.com\/pl\/wp-json\/wp\/v2\/pages\/9636","targetHints":{"allow":["GET"]}}],"collection":[{"href":"https:\/\/coinedexai.com\/pl\/wp-json\/wp\/v2\/pages"}],"about":[{"href":"https:\/\/coinedexai.com\/pl\/wp-json\/wp\/v2\/types\/page"}],"author":[{"embeddable":true,"href":"https:\/\/coinedexai.com\/pl\/wp-json\/wp\/v2\/users\/3"}],"replies":[{"embeddable":true,"href":"https:\/\/coinedexai.com\/pl\/wp-json\/wp\/v2\/comments?post=9636"}],"version-history":[{"count":2,"href":"https:\/\/coinedexai.com\/pl\/wp-json\/wp\/v2\/pages\/9636\/revisions"}],"predecessor-version":[{"id":10858,"href":"https:\/\/coinedexai.com\/pl\/wp-json\/wp\/v2\/pages\/9636\/revisions\/10858"}],"wp:attachment":[{"href":"https:\/\/coinedexai.com\/pl\/wp-json\/wp\/v2\/media?parent=9636"}],"curies":[{"name":"wp","href":"https:\/\/api.w.org\/{rel}","templated":true}]}}