{"id":9500,"date":"2020-09-18T14:37:23","date_gmt":"2020-09-18T14:37:23","guid":{"rendered":"https:\/\/coinedexai.com\/contacto\/"},"modified":"2024-11-15T08:29:48","modified_gmt":"2024-11-15T08:29:48","slug":"contacto","status":"publish","type":"page","link":"https:\/\/coinedexai.com\/pt-br\/contacto\/","title":{"rendered":"Contacto"},"content":{"rendered":"<?xml encoding=\"UTF-8\"><div class=\"gb-container gb-container-4741bdba\">\n<div class=\"gb-container gb-container-287f468b\">\n\n<h1 class=\"gb-headline gb-headline-9ccd8424 gb-headline-text\"><strong>Contacto<\/strong><\/h1>\n\n<\/div>\n<\/div><div class=\"gb-container gb-container-9088b8cf\">\n<div class=\"gb-container gb-container-00a7acd7\">\n<nav aria-label=\"breadcrumbs\" class=\"rank-math-breadcrumb\"><p><span class=\"last\">Home<\/span><\/p><\/nav>\n\n<\/div>\n<\/div><div class=\"gb-container gb-container-ffc50187\">\n<div class=\"gb-grid-wrapper gb-grid-wrapper-03184bbb\">\n<div class=\"gb-grid-column gb-grid-column-dceab908\"><div class=\"gb-container gb-container-dceab908\">\n\n<h2 class=\"gb-headline gb-headline-39054f42 gb-headline-text\">Contactar a Coin Edex Ai: Estamos aqui para si<\/h2>\n\n\n\n<p>As suas perguntas e coment&aacute;rios s&atilde;o importantes na Coin Edex Ai<br><br>Na Coin Edex Ai, damos grande valor &agrave;s suas perguntas, coment&aacute;rios e reac&ccedil;&otilde;es. Quer necessite de assist&ecirc;ncia com a sua conta, tenha d&uacute;vidas sobre a nossa plataforma ou queira simplesmente partilhar as suas ideias, estamos totalmente empenhados em prestar-lhe um apoio inabal&aacute;vel.<br><br>Embora a nossa equipa de apoio ao cliente esteja empenhada em ajud&aacute;-lo com quaisquer quest&otilde;es, encorajamos a comunica&ccedil;&atilde;o direta com os nossos corretores de execu&ccedil;&atilde;o para quest&otilde;es relacionadas com a negocia&ccedil;&atilde;o. Se ainda n&atilde;o estabeleceu uma parceria com um corretor de execu&ccedil;&atilde;o, informe-nos e iremos coloc&aacute;-lo em contacto direto com um dos nossos corretores de confian&ccedil;a. A sua viagem comercial &eacute; a nossa maior prioridade e estamos aqui para o guiar em cada passo do caminho.<br><br>Para entrar em contacto com a nossa equipa dedicada de apoio ao cliente, pode facilmente contactar-nos atrav&eacute;s do e-mail info@coinedexai.com. Em alternativa, pode preencher o formul&aacute;rio dispon&iacute;vel no nosso s&iacute;tio Web, e um dos nossos representantes responder&aacute; prontamente &agrave; sua mensagem. A sua satisfa&ccedil;&atilde;o e sucesso na negocia&ccedil;&atilde;o de criptomoedas est&atilde;o no centro do nosso compromisso para consigo.<\/p>\n\n<\/div><\/div>\n\n<div class=\"gb-grid-column gb-grid-column-eb2e4b7f\"><div class=\"gb-container gb-container-eb2e4b7f\">\n\n<p class=\"gb-headline gb-headline-92b71e6d gb-headline-text\"><strong>Entre em contato conosco e registro gratuito<\/strong><\/p>\n\n\n    <script>\n        localStorage.setItem('fxbot_ab_testing', '{\"login\":[],\"registration\":[],\"contactus\":[]}');\n    <\/script>\n    <style>\n        .reCAPTCHAContent {\n            display: none;\n            visibility: hidden;\n        }\n    <\/style>\n\n\n<script>\n    localStorage.setItem('fxbot_api_parameters', '[{\"key\":\"emailmarketing\",\"value\":\"1\",\"override\":true},{\"key\":\"funnel\",\"value\":\"Coin Edex\",\"override\":true}]');\n    localStorage.setItem('fxbot_alias_url', 'wp-content\/plugins\/fxbot-registration-form\/api.php');\n    localStorage.setItem('fxbot_email_marketing', '1');\n    localStorage.setItem('fxbot_email_marketing_debounce', 'true');\n    localStorage.setItem('fxbot_email_marketing_debounce_time', '1000');\n    localStorage.setItem('fxbot_recaptcha_enabled', 'false');\n    localStorage.setItem('fxbot_recaptcha_site_key', 'EMPTY');\n    localStorage.setItem('fxbot_alt_reg_popup_query_selector', '');\n    localStorage.setItem('fxbot_redirectVariant', '0');\n<\/script>\n<div class=\"form-widget\" id=\"optInFormWrapper\">\n    <form action=\"\" class=\"flex flex-column\" data-form=\"optInForm\" data-urlsearchparams=\"\" data-widget=\"registration_2_step\" id=\"opt-form\" method=\"post\" name=\"optInForm\">\n        <div class=\"elementor-field-type-text elementor-field-group elementor-column elementor-field-group-name elementor-col-100 form-group\">\n            <label for=\"form-first_name\" class=\"elementor-field-label elementor-screen-only\">Primeiro nome<\/label>\n            <input class=\"elementor-field elementor-size-sm  elementor-field-textual regFormFirstName\" placeholder=\"Primeiro nome\" data-input=\"firstname\" data-valid=\"false\" id=\"form-first_name\" name=\"firstname\" size=\"1\" type=\"text\">\n            <p class=\"error-message\"><\/p>\n        <\/div>\n\n        <div class=\"elementor-field-type-text elementor-field-group elementor-column elementor-field-group-name elementor-col-100 form-group\">\n            <label for=\"form-last_name\" class=\"elementor-field-label elementor-screen-only\">Sobrenome<\/label>\n            <input class=\"elementor-field elementor-size-sm elementor-field-textual regFormLastNname\" placeholder=\"Sobrenome\" data-input=\"lastname\" data-valid=\"false\" id=\"form-last_name\" name=\"lastname\" size=\"1\" type=\"text\">\n            <p class=\"error-message\"><\/p>\n        <\/div>\n\n        <div class=\"form-group elementor-field-type-text elementor-field-group elementor-column elementor-field-group-name elementor-col-100\">\n            <label class=\"elementor-field-label elementor-screen-only\" for=\"form-email\">E-mail<\/label>\n            <input class=\"regFormEmail elementor-field elementor-size-sm elementor-field-textual\" placeholder=\"E-mail\" data-input=\"email\" data-valid=\"false\" id=\"form-email\" name=\"email\" type=\"email\">\n            <p class=\"error-message\"><\/p>\n            <div class=\"form-group__emailValid-info\">\n                <span class=\"form-group__emailValid-message\"><span>Voc\u00ea quis dizer<\/span> <b><\/b>?<\/span> <span class=\"form-group__emailValid-btn\">Substituir<\/span>            <\/div>\n        <\/div>\n\n        <p class=\"reCAPTCHAContent\">\n            Este site \u00e9 protegido pelo reCAPTCHA e a <a href=\"https:\/\/policies.google.com\/privacy\" target=\"_blank\" rel=\"noopener\">Pol\u00edtica de Privacidade<\/a> e os <a href=\"https:\/\/policies.google.com\/terms\" target=\"_blank\" rel=\"noopener\">Termos de Servi\u00e7o<\/a> do Google se aplicam.        <\/p>\n\n        <button class=\"zoom regFormButton elementor-button elementor-size-sm\" data-button=\"submit\" id=\"optInForm-btn\">\n            Submit        <\/button>\n    <\/form>\n<\/div>\n<div class=\"form-widget\" id=\"regFormWrapper\" style=\"visibility: hidden; width: 0; height:0\">\n    <form action=\"\" class=\"flex flex-column\" data-form=\"registrationForm\" data-urlsearchparams=\"\" data-widget=\"registration_2_step\" id=\"reg-form\" method=\"post\" name=\"registrationForm\">\n        <div class=\"elementor-field-type-text elementor-field-group elementor-column elementor-field-group-name elementor-col-100 form-group\">\n            <label for=\"form-first_name\" class=\"elementor-field-label elementor-screen-only\">Primeiro nome<\/label>\n            <input class=\"elementor-field elementor-size-sm  elementor-field-textual regFormFirstName\" placeholder=\"Primeiro nome\" data-input=\"firstname\" data-valid=\"false\" id=\"form-first_name\" name=\"firstname\" size=\"1\" type=\"text\">\n            <p class=\"error-message\"><\/p>\n        <\/div>\n\n        <div class=\"elementor-field-type-text elementor-field-group elementor-column elementor-field-group-name elementor-col-100 form-group\">\n            <label for=\"form-last_name\" class=\"elementor-field-label elementor-screen-only\">Sobrenome<\/label>\n            <input class=\"elementor-field elementor-size-sm elementor-field-textual regFormLastNname\" placeholder=\"Sobrenome\" data-input=\"lastname\" data-valid=\"false\" id=\"form-last_name\" name=\"lastname\" size=\"1\" type=\"text\">\n            <p class=\"error-message\"><\/p>\n        <\/div>\n\n        <div class=\"elementor-field-type-text elementor-field-group elementor-column elementor-field-group-name elementor-col-100 form-group form-group__emailValid\">\n            <label class=\"elementor-field-label elementor-screen-only\" for=\"form-email\">E-mail<\/label>\n            <input class=\"elementor-field elementor-size-sm elementor-field-textual regFormEmail\" placeholder=\"E-mail\" data-input=\"email\" data-valid=\"false\" id=\"form-email\" name=\"email\" type=\"email\">\n            <p class=\"error-message\"><\/p>\n            <p class=\"form-group__emailValid-info\">\n                <span class=\"form-group__emailValid-message\"><span>Voc\u00ea quis dizer<\/span> <b><\/b>?<\/span> <span class=\"form-group__emailValid-btn\">Substituir<\/span>            <\/p>\n        <\/div>\n\n        <div class=\"elementor-field-type-tel elementor-field-group elementor-column elementor-field-group-field_fad38fc elementor-col-100 form-group reg-phone\">\n            <label class=\"elementor-field-label elementor-screen-only\" for=\"form-phone_number\">N\u00famero de telefone<\/label>\n            <input class=\"elementor-field elementor-size-sm elementor-field-textual regFormPhoneNumber\" placeholder=\"N\u00famero de telefone\" autocompvare=\"off\" data-input=\"phone_number\" data-valid=\"false\" id=\"form-phone_number\" name=\"phone_number\" size=\"1\" type=\"text\">\n            <p class=\"error-message\"><\/p>\n        <\/div>\n\n        <p class=\"reCAPTCHAContent\">\n            Este site \u00e9 protegido pelo reCAPTCHA e a <a href=\"https:\/\/policies.google.com\/privacy\" target=\"_blank\" rel=\"noopener\">Pol\u00edtica de Privacidade<\/a> e os <a href=\"https:\/\/policies.google.com\/terms\" target=\"_blank\" rel=\"noopener\">Termos de Servi\u00e7o<\/a> do Google se aplicam.        <\/p>\n\n        <button class=\"elementor-button zoom regFormButton\" data-button=\"submit\" id=\"form-btn\" type=\"button\">\n            Submit        <\/button>\n\n        <div class=\"wrapper__rar-no\" data-modal=\"success\" style=\"display: none\">\n            <div class=\"success\">\n                <img decoding=\"async\" src=\"\/wp-content\/plugins\/fxbot-registration-form\/assets\/images\/regSuccess.png\" alt=\"Obrigado pelo registro\">\n                <p>Obrigado pelo registro.<br\/>Nosso agente entrar\u00e1 em contato com voc\u00ea em breve.<br\/>Certifique-se de que utilizou o n\u00famero de telefone real.<br\/>Felicidades.<\/p>\n            <\/div>\n        <\/div>\n\n        <div class=\"wrapper__rar-no\" data-modal=\"alternative_success\" style=\"display: none\">\n            <div class=\"success\">\n                <p class=\"reg_title\">\n                    <b>Voc\u00ea conectou-se com sucesso.<\/b>\n                <\/p>\n                <p>Um agente da empresa entrar\u00e1 em contato em breve. Por favor, certifique-se de estar dispon\u00edvel por telefone para n\u00e3o perder a chamada.<\/p>\n            <\/div>\n        <\/div>\n\n        <div class=\"wrapper__error\" data-modal=\"error\" style=\"display: none\"><\/div>\n    <\/form>\n<\/div>\n\n<div class=\"submit-overlay\" style=\"display: none;\">\n    <div class=\"lds-spinner\">\n        <div><\/div>\n        <div><\/div>\n        <div><\/div>\n        <div><\/div>\n        <div><\/div>\n        <div><\/div>\n        <div><\/div>\n        <div><\/div>\n    <\/div>\n    <p class=\"overlay-text\">Conectando voc\u00ea ao melhor corretor em sua \u00e1rea<\/p>\n<\/div>\n\n\n<\/div><\/div>\n<\/div>\n<\/div><div class=\"gb-container gb-container-12372299\">\n<div class=\"gb-container gb-container-efc8bf99\">\n<div class=\"gb-grid-wrapper gb-grid-wrapper-5a3bd3a6\">\n<div class=\"gb-grid-column gb-grid-column-776fee10\"><div class=\"gb-container gb-container-776fee10\">\n\n<figure class=\"gb-block-image gb-block-image-9c14dcbf\"><img loading=\"lazy\" decoding=\"async\" width=\"2144\" height=\"1707\" class=\"gb-image gb-image-9c14dcbf\" src=\"https:\/\/coinedexai.com\/wp-content\/uploads\/2023\/07\/Coin-Edex-Ai-10-scaled-e1689834532155.jpg\" alt=\"Coin Edex Ai Contacto\" title=\"Coin Edex Ai Contacto\" srcset=\"https:\/\/coinedexai.com\/wp-content\/uploads\/2023\/07\/Coin-Edex-Ai-10-scaled-e1689834532155.jpg 2144w, https:\/\/coinedexai.com\/wp-content\/uploads\/2023\/07\/Coin-Edex-Ai-10-scaled-e1689834532155-300x239.jpg 300w, https:\/\/coinedexai.com\/wp-content\/uploads\/2023\/07\/Coin-Edex-Ai-10-scaled-e1689834532155-1024x815.jpg 1024w, https:\/\/coinedexai.com\/wp-content\/uploads\/2023\/07\/Coin-Edex-Ai-10-scaled-e1689834532155-768x611.jpg 768w, https:\/\/coinedexai.com\/wp-content\/uploads\/2023\/07\/Coin-Edex-Ai-10-scaled-e1689834532155-1536x1223.jpg 1536w, https:\/\/coinedexai.com\/wp-content\/uploads\/2023\/07\/Coin-Edex-Ai-10-scaled-e1689834532155-2048x1631.jpg 2048w\" sizes=\"auto, (max-width: 2144px) 100vw, 2144px\"><\/figure>\n\n<\/div><\/div>\n\n<div class=\"gb-grid-column gb-grid-column-5d979b36\"><div class=\"gb-container gb-container-5d979b36\">\n\n<p class=\"has-base-3-color has-text-color\">N&atilde;o hesite em contactar a Coin Edex Ai &ndash; Sempre dispon&iacute;vel, sempre a melhorar<br><br>Na Coin Edex Ai, damos as boas-vindas &agrave;s suas quest&otilde;es e valorizamos a sua opini&atilde;o, 24 horas por dia. No entanto, tenha em aten&ccedil;&atilde;o que a nossa equipa dedicada os processa durante o nosso hor&aacute;rio normal de trabalho, que vai de segunda a sexta-feira, das 9:00 &agrave;s 18:00, UTC+8.<br><br>&Agrave; medida que o cen&aacute;rio din&acirc;mico de negocia&ccedil;&atilde;o de criptografia evolui, n&oacute;s da Coin Edex Ai estamos empenhados em melhorar continuamente sua experi&ecirc;ncia de negocia&ccedil;&atilde;o. Os seus coment&aacute;rios s&atilde;o da maior import&acirc;ncia para n&oacute;s e aguardamos ansiosamente a sua resposta. N&atilde;o hesite em contactar-nos &ndash; estamos aqui para ouvir, apoiar e melhorar o seu percurso no mundo da negocia&ccedil;&atilde;o de criptomoedas.<\/p>\n\n\n\n<p class=\"has-base-3-color has-text-color\"><strong>Correio eletr&oacute;nico:<\/strong> info@coinedexai.com<\/p>\n\n\n\n<p class=\"has-base-3-color has-text-color\"><strong>Endere&ccedil;o:<\/strong> WeWork Bengaluru VR Bengaluru: Devasandra Industrial Estate, Mahadevapura, Bengaluru, &Iacute;ndia<\/p>\n\n<\/div><\/div>\n<\/div>\n<\/div>\n<\/div>\n","protected":false},"excerpt":{"rendered":"<p>Contacto<\/p>\n","protected":false},"author":3,"featured_media":0,"parent":0,"menu_order":0,"comment_status":"closed","ping_status":"closed","template":"","meta":{"footnotes":""},"class_list":["post-9500","page","type-page","status-publish"],"_links":{"self":[{"href":"https:\/\/coinedexai.com\/pt-br\/wp-json\/wp\/v2\/pages\/9500","targetHints":{"allow":["GET"]}}],"collection":[{"href":"https:\/\/coinedexai.com\/pt-br\/wp-json\/wp\/v2\/pages"}],"about":[{"href":"https:\/\/coinedexai.com\/pt-br\/wp-json\/wp\/v2\/types\/page"}],"author":[{"embeddable":true,"href":"https:\/\/coinedexai.com\/pt-br\/wp-json\/wp\/v2\/users\/3"}],"replies":[{"embeddable":true,"href":"https:\/\/coinedexai.com\/pt-br\/wp-json\/wp\/v2\/comments?post=9500"}],"version-history":[{"count":3,"href":"https:\/\/coinedexai.com\/pt-br\/wp-json\/wp\/v2\/pages\/9500\/revisions"}],"predecessor-version":[{"id":10882,"href":"https:\/\/coinedexai.com\/pt-br\/wp-json\/wp\/v2\/pages\/9500\/revisions\/10882"}],"wp:attachment":[{"href":"https:\/\/coinedexai.com\/pt-br\/wp-json\/wp\/v2\/media?parent=9500"}],"curies":[{"name":"wp","href":"https:\/\/api.w.org\/{rel}","templated":true}]}}