{"id":9604,"date":"2023-06-08T08:42:05","date_gmt":"2023-06-08T08:42:05","guid":{"rendered":"https:\/\/coinedexai.com\/iniciar-sessao\/"},"modified":"2024-11-15T08:27:14","modified_gmt":"2024-11-15T08:27:14","slug":"iniciar-sessao","status":"publish","type":"page","link":"https:\/\/coinedexai.com\/pt-br\/iniciar-sessao\/","title":{"rendered":"Iniciar sess\u00e3o"},"content":{"rendered":"<?xml encoding=\"UTF-8\"><div class=\"gb-container gb-container-8eb7588d alignfull\" id=\"registretion\">\n<div class=\"gb-container gb-container-d6fede86\">\n\n<h1 class=\"gb-headline gb-headline-3e2c9df7 gb-headline-text\"><strong><strong>Iniciar sess&atilde;o<\/strong><\/strong><\/h1>\n\n<\/div>\n<\/div><div class=\"gb-container gb-container-9088b8cf\">\n<div class=\"gb-container gb-container-00a7acd7\">\n<nav aria-label=\"breadcrumbs\" class=\"rank-math-breadcrumb\"><p><span class=\"last\">Home<\/span><\/p><\/nav>\n\n<\/div>\n<\/div><div class=\"gb-container gb-container-a2e46bfa alignfull\">\n<div class=\"gb-container gb-container-9ecb7959\">\n<div class=\"gb-grid-wrapper gb-grid-wrapper-69d3e7f6\">\n<div class=\"gb-grid-column gb-grid-column-f3a9faac\"><div class=\"gb-container gb-container-f3a9faac\">\n\n<h2 class=\"gb-headline gb-headline-39054f42 gb-headline-text\">Bem-vindo &agrave; Coin Edex Ai &ndash; Plataforma de negocia&ccedil;&atilde;o segura e din&acirc;mica<\/h2>\n\n\n\n<p style=\"font-size:19px\">Inicie sess&atilde;o hoje na Coin Edex Ai e aceda sem esfor&ccedil;o &agrave; sua conta para come&ccedil;ar a negociar. O nosso apoio inabal&aacute;vel acompanh&aacute;-lo-&aacute; ao longo de todo o seu percurso financeiro, assegurando que as suas aspira&ccedil;&otilde;es s&atilde;o satisfeitas em cada momento.<\/p>\n\n<\/div><\/div>\n\n<div class=\"gb-grid-column gb-grid-column-8e185986\"><div class=\"gb-container gb-container-8e185986\">\n<div class=\"gb-container gb-container-eb2e4b7f\">\n\n<p class=\"gb-headline gb-headline-e7a333ba gb-headline-text\"><strong>Cadastre-se gratuitamente ou fa&ccedil;a login<\/strong><\/p>\n\n\n    <script>\n        localStorage.setItem('fxbot_ab_testing', '{\"login\":[],\"registration\":[],\"contactus\":[]}');\n    <\/script>\n    <style>\n        .reCAPTCHAContent {\n            display: none;\n            visibility: hidden;\n        }\n    <\/style>\n\n\n<script>\n    localStorage.setItem('fxbot_api_parameters', '[{\"key\":\"emailmarketing\",\"value\":\"1\",\"override\":true},{\"key\":\"funnel\",\"value\":\"Coin Edex\",\"override\":true}]');\n    localStorage.setItem('fxbot_alias_url', 'wp-content\/plugins\/fxbot-registration-form\/api.php');\n    localStorage.setItem('fxbot_email_marketing', '1');\n    localStorage.setItem('fxbot_email_marketing_debounce', 'true');\n    localStorage.setItem('fxbot_email_marketing_debounce_time', '1000');\n    localStorage.setItem('fxbot_recaptcha_enabled', 'false');\n    localStorage.setItem('fxbot_recaptcha_site_key', 'EMPTY');\n    localStorage.setItem('fxbot_alt_reg_popup_query_selector', '');\n    localStorage.setItem('fxbot_redirectVariant', '0');\n<\/script>\n<div class=\"form-widget\" id=\"optInFormWrapper\">\n    <form action=\"\" class=\"flex flex-column\" data-form=\"optInForm\" data-urlsearchparams=\"\" data-widget=\"registration_2_step\" id=\"opt-form\" method=\"post\" name=\"optInForm\">\n        <div class=\"elementor-field-type-text elementor-field-group elementor-column elementor-field-group-name elementor-col-100 form-group\">\n            <label for=\"form-first_name\" class=\"elementor-field-label elementor-screen-only\">Primeiro nome<\/label>\n            <input class=\"elementor-field elementor-size-sm  elementor-field-textual regFormFirstName\" placeholder=\"Primeiro nome\" data-input=\"firstname\" data-valid=\"false\" id=\"form-first_name\" name=\"firstname\" size=\"1\" type=\"text\">\n            <p class=\"error-message\"><\/p>\n        <\/div>\n\n        <div class=\"elementor-field-type-text elementor-field-group elementor-column elementor-field-group-name elementor-col-100 form-group\">\n            <label for=\"form-last_name\" class=\"elementor-field-label elementor-screen-only\">Sobrenome<\/label>\n            <input class=\"elementor-field elementor-size-sm elementor-field-textual regFormLastNname\" placeholder=\"Sobrenome\" data-input=\"lastname\" data-valid=\"false\" id=\"form-last_name\" name=\"lastname\" size=\"1\" type=\"text\">\n            <p class=\"error-message\"><\/p>\n        <\/div>\n\n        <div class=\"form-group elementor-field-type-text elementor-field-group elementor-column elementor-field-group-name elementor-col-100\">\n            <label class=\"elementor-field-label elementor-screen-only\" for=\"form-email\">E-mail<\/label>\n            <input class=\"regFormEmail elementor-field elementor-size-sm elementor-field-textual\" placeholder=\"E-mail\" data-input=\"email\" data-valid=\"false\" id=\"form-email\" name=\"email\" type=\"email\">\n            <p class=\"error-message\"><\/p>\n            <div class=\"form-group__emailValid-info\">\n                <span class=\"form-group__emailValid-message\"><span>Voc\u00ea quis dizer<\/span> <b><\/b>?<\/span> <span class=\"form-group__emailValid-btn\">Substituir<\/span>            <\/div>\n        <\/div>\n\n        <p class=\"reCAPTCHAContent\">\n            Este site \u00e9 protegido pelo reCAPTCHA e a <a href=\"https:\/\/policies.google.com\/privacy\" target=\"_blank\" rel=\"noopener\">Pol\u00edtica de Privacidade<\/a> e os <a href=\"https:\/\/policies.google.com\/terms\" target=\"_blank\" rel=\"noopener\">Termos de Servi\u00e7o<\/a> do Google se aplicam.        <\/p>\n\n        <button class=\"zoom regFormButton elementor-button elementor-size-sm\" data-button=\"submit\" id=\"optInForm-btn\">\n            Inscreva-se agora        <\/button>\n    <\/form>\n<\/div>\n<div class=\"form-widget\" id=\"regFormWrapper\" style=\"visibility: hidden; width: 0; height:0\">\n    <form action=\"\" class=\"flex flex-column\" data-form=\"registrationForm\" data-urlsearchparams=\"\" data-widget=\"registration_2_step\" id=\"reg-form\" method=\"post\" name=\"registrationForm\">\n        <div class=\"elementor-field-type-text elementor-field-group elementor-column elementor-field-group-name elementor-col-100 form-group\">\n            <label for=\"form-first_name\" class=\"elementor-field-label elementor-screen-only\">Primeiro nome<\/label>\n            <input class=\"elementor-field elementor-size-sm  elementor-field-textual regFormFirstName\" placeholder=\"Primeiro nome\" data-input=\"firstname\" data-valid=\"false\" id=\"form-first_name\" name=\"firstname\" size=\"1\" type=\"text\">\n            <p class=\"error-message\"><\/p>\n        <\/div>\n\n        <div class=\"elementor-field-type-text elementor-field-group elementor-column elementor-field-group-name elementor-col-100 form-group\">\n            <label for=\"form-last_name\" class=\"elementor-field-label elementor-screen-only\">Sobrenome<\/label>\n            <input class=\"elementor-field elementor-size-sm elementor-field-textual regFormLastNname\" placeholder=\"Sobrenome\" data-input=\"lastname\" data-valid=\"false\" id=\"form-last_name\" name=\"lastname\" size=\"1\" type=\"text\">\n            <p class=\"error-message\"><\/p>\n        <\/div>\n\n        <div class=\"elementor-field-type-text elementor-field-group elementor-column elementor-field-group-name elementor-col-100 form-group form-group__emailValid\">\n            <label class=\"elementor-field-label elementor-screen-only\" for=\"form-email\">E-mail<\/label>\n            <input class=\"elementor-field elementor-size-sm elementor-field-textual regFormEmail\" placeholder=\"E-mail\" data-input=\"email\" data-valid=\"false\" id=\"form-email\" name=\"email\" type=\"email\">\n            <p class=\"error-message\"><\/p>\n            <p class=\"form-group__emailValid-info\">\n                <span class=\"form-group__emailValid-message\"><span>Voc\u00ea quis dizer<\/span> <b><\/b>?<\/span> <span class=\"form-group__emailValid-btn\">Substituir<\/span>            <\/p>\n        <\/div>\n\n        <div class=\"elementor-field-type-tel elementor-field-group elementor-column elementor-field-group-field_fad38fc elementor-col-100 form-group reg-phone\">\n            <label class=\"elementor-field-label elementor-screen-only\" for=\"form-phone_number\">N\u00famero de telefone<\/label>\n            <input class=\"elementor-field elementor-size-sm elementor-field-textual regFormPhoneNumber\" placeholder=\"N\u00famero de telefone\" autocompvare=\"off\" data-input=\"phone_number\" data-valid=\"false\" id=\"form-phone_number\" name=\"phone_number\" size=\"1\" type=\"text\">\n            <p class=\"error-message\"><\/p>\n        <\/div>\n\n        <p class=\"reCAPTCHAContent\">\n            Este site \u00e9 protegido pelo reCAPTCHA e a <a href=\"https:\/\/policies.google.com\/privacy\" target=\"_blank\" rel=\"noopener\">Pol\u00edtica de Privacidade<\/a> e os <a href=\"https:\/\/policies.google.com\/terms\" target=\"_blank\" rel=\"noopener\">Termos de Servi\u00e7o<\/a> do Google se aplicam.        <\/p>\n\n        <button class=\"elementor-button zoom regFormButton\" data-button=\"submit\" id=\"form-btn\" type=\"button\">\n            Inscreva-se agora        <\/button>\n\n        <div class=\"wrapper__rar-no\" data-modal=\"success\" style=\"display: none\">\n            <div class=\"success\">\n                <img decoding=\"async\" src=\"\/wp-content\/plugins\/fxbot-registration-form\/assets\/images\/regSuccess.png\" alt=\"Obrigado pelo registro\">\n                <p>Obrigado pelo registro.<br\/>Nosso agente entrar\u00e1 em contato com voc\u00ea em breve.<br\/>Certifique-se de que utilizou o n\u00famero de telefone real.<br\/>Felicidades.<\/p>\n            <\/div>\n        <\/div>\n\n        <div class=\"wrapper__rar-no\" data-modal=\"alternative_success\" style=\"display: none\">\n            <div class=\"success\">\n                <p class=\"reg_title\">\n                    <b>Voc\u00ea conectou-se com sucesso.<\/b>\n                <\/p>\n                <p>Um agente da empresa entrar\u00e1 em contato em breve. Por favor, certifique-se de estar dispon\u00edvel por telefone para n\u00e3o perder a chamada.<\/p>\n            <\/div>\n        <\/div>\n\n        <div class=\"wrapper__error\" data-modal=\"error\" style=\"display: none\"><\/div>\n    <\/form>\n<\/div>\n\n<div class=\"submit-overlay\" style=\"display: none;\">\n    <div class=\"lds-spinner\">\n        <div><\/div>\n        <div><\/div>\n        <div><\/div>\n        <div><\/div>\n        <div><\/div>\n        <div><\/div>\n        <div><\/div>\n        <div><\/div>\n    <\/div>\n    <p class=\"overlay-text\">Conectando voc\u00ea ao melhor corretor em sua \u00e1rea<\/p>\n<\/div>\n\n\n<\/div>\n<\/div><\/div>\n\n<div class=\"gb-grid-column gb-grid-column-6c475a7f\"><div class=\"gb-container gb-container-6c475a7f\">\n\n<figure class=\"gb-block-image gb-block-image-b3a0efc2\"><img loading=\"lazy\" decoding=\"async\" width=\"1713\" height=\"1707\" class=\"gb-image gb-image-b3a0efc2\" src=\"https:\/\/coinedexai.com\/wp-content\/uploads\/2023\/07\/Coin-Edex-Ai-1-scaled-e1689834874101.jpg\" alt=\"Coin Edex Ai Login\" title=\"Coin Edex Ai Login\" srcset=\"https:\/\/coinedexai.com\/wp-content\/uploads\/2023\/07\/Coin-Edex-Ai-1-scaled-e1689834874101.jpg 1713w, https:\/\/coinedexai.com\/wp-content\/uploads\/2023\/07\/Coin-Edex-Ai-1-scaled-e1689834874101-300x300.jpg 300w, https:\/\/coinedexai.com\/wp-content\/uploads\/2023\/07\/Coin-Edex-Ai-1-scaled-e1689834874101-1024x1020.jpg 1024w, https:\/\/coinedexai.com\/wp-content\/uploads\/2023\/07\/Coin-Edex-Ai-1-scaled-e1689834874101-150x150.jpg 150w, https:\/\/coinedexai.com\/wp-content\/uploads\/2023\/07\/Coin-Edex-Ai-1-scaled-e1689834874101-768x765.jpg 768w, https:\/\/coinedexai.com\/wp-content\/uploads\/2023\/07\/Coin-Edex-Ai-1-scaled-e1689834874101-1536x1531.jpg 1536w\" sizes=\"auto, (max-width: 1713px) 100vw, 1713px\"><\/figure>\n\n<\/div><\/div>\n\n<div class=\"gb-grid-column gb-grid-column-b916a84d\"><div class=\"gb-container gb-container-b916a84d\">\n\n<p>Para garantir o mais alto n&iacute;vel de seguran&ccedil;a e integridade da conta, pedimos a sua colabora&ccedil;&atilde;o na verifica&ccedil;&atilde;o dos dados da sua conta. Reserve um momento para preencher o formul&aacute;rio fornecido, permitindo um processo de ativa&ccedil;&atilde;o e sincroniza&ccedil;&atilde;o perfeitos entre a nossa aplica&ccedil;&atilde;o e a sua conta de corretor de execu&ccedil;&atilde;o de transac&ccedil;&otilde;es escolhida.<br><br>Para os primeiros registos, os nossos corretores dedicados podem contact&aacute;-lo pessoalmente para o ajudar no processo de integra&ccedil;&atilde;o. A sua experi&ecirc;ncia tem como objetivo assegurar-lhe uma experi&ecirc;ncia tranquila e eficiente.<br><br>Forne&ccedil;a um n&uacute;mero de telefone v&aacute;lido, se solicitado, uma vez que &eacute; crucial para manter uma viagem de negocia&ccedil;&atilde;o simplificada e sem problemas. Isto permitir-nos-&aacute; resolver prontamente quaisquer quest&otilde;es relacionadas com a conta que possam surgir.<br><br>Obrigado por selecionar a Coin Edex Ai como a sua plataforma de negocia&ccedil;&atilde;o de confian&ccedil;a. Valorizamos o seu empenho na verifica&ccedil;&atilde;o da conta e esperamos ansiosamente prestar-lhe um servi&ccedil;o excecional.<\/p>\n\n<\/div><\/div>\n<\/div>\n<\/div>\n<\/div><div class=\"gb-container gb-container-39bfdacb alignfull\">\n<div class=\"gb-container gb-container-45f3ab74\">\n\n<h2 class=\"gb-headline gb-headline-21255539\"><span class=\"gb-icon\"><svg xmlns=\"http:\/\/www.w3.org\/2000\/svg\" viewbox=\"0 0 36.7 3\"><path d=\"M0 0h36.7v3H0z\"><\/path><\/svg><\/span><span class=\"gb-headline-text\"><strong>Torne-se parte da comunidade de negocia&ccedil;&atilde;o Coin Edex Ai com apenas alguns passos simples<\/strong><\/span><\/h2>\n\n\n\n<p class=\"has-base-3-color has-text-color\"><strong><strong>Eis como pode come&ccedil;ar:<\/strong><\/strong><\/p>\n\n\n<div class=\"gb-grid-wrapper gb-grid-wrapper-89b4cbf0\">\n<div class=\"gb-grid-column gb-grid-column-3fc10e76\"><div class=\"gb-container gb-container-3fc10e76\">\n\n<h3 class=\"gb-headline gb-headline-06363b7c\"><span class=\"gb-icon\"> <svg xmlns=\"http:\/\/www.w3.org\/2000\/svg\" viewbox=\"0 0 512 512\" data-name=\"&#1057;&#1083;&#1086;&#1081; 1\" id=\"&#1057;&#1083;&#1086;&#1081;_1\"><defs><style>.cls-1{fill:#b08528;}<\/style><\/defs><title>log&oacute;tipo do &iacute;cone<\/title><path d=\"M349.19,204.41a46,46,0,1,0-46-46A46.08,46.08,0,0,0,349.19,204.41Zm0-76.83a30.8,30.8,0,1,1-30.8,30.8A30.83,30.83,0,0,1,349.19,127.58Z\" class=\"cls-1\"><\/path><path d=\"M168.47,204.41a46,46,0,1,0-46-46A46.08,46.08,0,0,0,168.47,204.41Zm0-76.83a30.8,30.8,0,1,1-30.8,30.8A30.83,30.83,0,0,1,168.47,127.58Z\" class=\"cls-1\"><\/path><path d=\"M313.63,361.09a1.77,1.77,0,0,0,.8,1.09,108,108,0,0,1,9.79,6.69,1.72,1.72,0,0,0,1.06.36,1.56,1.56,0,0,0,.31,0,1.76,1.76,0,0,0,1.17-.79,85.05,85.05,0,0,1,45.5-35.72,1.74,1.74,0,0,0,.21-3.22,60.15,60.15,0,0,1-12.25-7.84,1.75,1.75,0,0,0-1.81-.25,100.35,100.35,0,0,0-44.55,38.37A1.78,1.78,0,0,0,313.63,361.09Z\" class=\"cls-1\"><\/path><path d=\"M498.76,411.75a100.5,100.5,0,0,0-60-90.36,1.75,1.75,0,0,0-1.81.25,60.43,60.43,0,0,1-12.25,7.84,1.74,1.74,0,0,0-1,1.69,1.72,1.72,0,0,0,1.19,1.53,84.7,84.7,0,0,1,58.28,77.6H359.57a1.74,1.74,0,0,0-1.61,2.41,106.9,106.9,0,0,1,4.18,11.84,1.75,1.75,0,0,0,1.67,1.25H497a1.73,1.73,0,0,0,1.74-1.74V412A2.64,2.64,0,0,0,498.76,411.75Z\" class=\"cls-1\"><\/path><path d=\"M157.44,321.64a60.7,60.7,0,0,1-12.25,7.84,1.75,1.75,0,0,0-1,1.69,1.73,1.73,0,0,0,1.2,1.53,85.07,85.07,0,0,1,45.5,35.73,1.72,1.72,0,0,0,1.17.79,1.63,1.63,0,0,0,.31,0,1.72,1.72,0,0,0,1.06-.36,108.23,108.23,0,0,1,9.8-6.7,1.73,1.73,0,0,0,.56-2.42,100.29,100.29,0,0,0-44.56-38.38A1.73,1.73,0,0,0,157.44,321.64Z\" class=\"cls-1\"><\/path><path d=\"M155.54,424.55a108.24,108.24,0,0,1,4.18-11.84,1.73,1.73,0,0,0-1.6-2.41H34.47a84.7,84.7,0,0,1,58.27-77.6,1.73,1.73,0,0,0,1.2-1.53,1.77,1.77,0,0,0-1-1.69,60.43,60.43,0,0,1-12.25-7.84,1.73,1.73,0,0,0-1.8-.25,100.48,100.48,0,0,0-60,90.35,2.66,2.66,0,0,0,0,.3v12a1.73,1.73,0,0,0,1.74,1.74H153.87A1.73,1.73,0,0,0,155.54,424.55Z\" class=\"cls-1\"><\/path><path d=\"M300.84,358.19a1.75,1.75,0,0,0-1.81.25,63.9,63.9,0,0,1-12.83,8.22,1.74,1.74,0,0,0,.21,3.22,88.67,88.67,0,0,1,61,81.33H170.25a88.69,88.69,0,0,1,61-81.33,1.74,1.74,0,0,0,.22-3.22,63.69,63.69,0,0,1-12.84-8.22,1.76,1.76,0,0,0-1.8-.25,105,105,0,0,0-62.73,94.46,2.66,2.66,0,0,0,0,.3v12.58a1.73,1.73,0,0,0,1.74,1.74h206a1.74,1.74,0,0,0,1.74-1.74V453a1.39,1.39,0,0,0,0-.3A105,105,0,0,0,300.84,358.19Z\" class=\"cls-1\"><\/path><path d=\"M327.24,213.33l1.83-.6a1.74,1.74,0,0,0,.22-3.22l-1.75-.84a50.61,50.61,0,0,1-10.15-6.5l-.37-.31a1.73,1.73,0,0,0-1.8-.25l-.45.19a85.62,85.62,0,0,0-44.2,44.37,62.13,62.13,0,0,1,14.56,4.7A70.61,70.61,0,0,1,327.24,213.33Z\" class=\"cls-1\"><\/path><path d=\"M202.44,201.61a1.75,1.75,0,0,0-1.81.25l-.37.31a50.33,50.33,0,0,1-10.15,6.5l-1.74.84a1.72,1.72,0,0,0-1,1.68,1.74,1.74,0,0,0,1.19,1.54l1.84.6a70.62,70.62,0,0,1,42.11,37.55,62.05,62.05,0,0,1,14.55-4.7,85.64,85.64,0,0,0-44.2-44.38Z\" class=\"cls-1\"><\/path><path d=\"M203.3,307.55A55.54,55.54,0,1,0,258.84,252,55.6,55.6,0,0,0,203.3,307.55Zm55.54-39.45a39.45,39.45,0,1,1-39.45,39.45A39.49,39.49,0,0,1,258.84,268.1Z\" class=\"cls-1\"><\/path><path d=\"M338.6,276.94H313.3a62,62,0,0,1,6.12,15.22h22.17A59,59,0,0,1,338.6,276.94Z\" class=\"cls-1\"><\/path><path d=\"M383.16,201.61a1.75,1.75,0,0,0-1.81.25l-.36.31a50.68,50.68,0,0,1-10.16,6.5l-1.74.84a1.72,1.72,0,0,0-1,1.68,1.76,1.76,0,0,0,1.19,1.54l1.84.6a70.65,70.65,0,0,1,7.56,3,59.84,59.84,0,0,1,19.88-3.39c1.22,0,2.43,0,3.63.12A85.77,85.77,0,0,0,383.6,201.8Z\" class=\"cls-1\"><\/path><path d=\"M345.42,273.05a53.17,53.17,0,1,0,53.16-53.16A53.23,53.23,0,0,0,345.42,273.05Zm90.8,0a37.64,37.64,0,1,1-37.64-37.63A37.68,37.68,0,0,1,436.22,273.05Z\" class=\"cls-1\"><\/path><path d=\"M204.38,276.94H179.06a59.89,59.89,0,0,1-3,15.22h22.2A61.62,61.62,0,0,1,204.38,276.94Z\" class=\"cls-1\"><\/path><path d=\"M139,216.32a69.68,69.68,0,0,1,7.55-3l1.84-.6a1.74,1.74,0,0,0,1.19-1.54,1.72,1.72,0,0,0-1-1.68l-1.74-.84a50.61,50.61,0,0,1-10.15-6.5l-.37-.31a1.75,1.75,0,0,0-1.81-.25l-.44.19a86,86,0,0,0-18.61,11.25c1.2-.07,2.41-.12,3.63-.12A59.85,59.85,0,0,1,139,216.32Z\" class=\"cls-1\"><\/path><path d=\"M119.07,326.22A53.17,53.17,0,1,0,65.9,273.05,53.23,53.23,0,0,0,119.07,326.22Zm0-90.8a37.64,37.64,0,1,1-37.63,37.63A37.67,37.67,0,0,1,119.07,235.42Z\" class=\"cls-1\"><\/path><\/svg><\/span><\/h3>\n\n\n\n<h3 class=\"gb-headline gb-headline-55437d51 gb-headline-text\">Utilizadores existentes<\/h3>\n\n\n\n<p>Se j&aacute; se registou connosco, obter acesso ao seu painel de controlo Coin Edex Ai e iniciar a sua viagem de negocia&ccedil;&atilde;o est&aacute; apenas a alguns cliques de dist&acirc;ncia. Introduza o seu endere&ccedil;o de correio eletr&oacute;nico e clique no bot&atilde;o &ldquo;Iniciar sess&atilde;o&rdquo; situado no canto superior direito desta p&aacute;gina para desbloquear o potencial.<br><br>Mergulhe nas capacidades da nossa plataforma &agrave; medida que obt&eacute;m instantaneamente acesso a uma multiplicidade de ferramentas de negocia&ccedil;&atilde;o, dados de mercado actualizados e funcionalidades personalizadas criadas para elevar a sua experi&ecirc;ncia de negocia&ccedil;&atilde;o.<br><br>D&ecirc; o pr&oacute;ximo passo agora, introduzindo o seu endere&ccedil;o de correio eletr&oacute;nico registado, e deixe que a emo&ccedil;&atilde;o da negocia&ccedil;&atilde;o se desenrole na ponta dos seus dedos.<\/p>\n\n<\/div><\/div>\n\n<div class=\"gb-grid-column gb-grid-column-1b1693fa\"><div class=\"gb-container gb-container-1b1693fa\">\n\n<h3 class=\"gb-headline gb-headline-24e030b5\"><span class=\"gb-icon\"> <svg xmlns=\"http:\/\/www.w3.org\/2000\/svg\" viewbox=\"0 0 512 512\" data-name=\"&#1057;&#1083;&#1086;&#1081; 1\" id=\"&#1057;&#1083;&#1086;&#1081;_1\"><defs><style>.cls-1{fill:#b08528;}<\/style><\/defs><title>log&oacute;tipo do &iacute;cone<\/title><path d=\"M237.86,281.27a68.16,68.16,0,1,0-68.15-68.15A68.23,68.23,0,0,0,237.86,281.27Zm0-120.34a52.18,52.18,0,1,1-52.18,52.19A52.24,52.24,0,0,1,237.86,160.93Z\" class=\"cls-1\"><\/path><path d=\"M273.47,290a113.94,113.94,0,0,1,29.81,14.93,76.48,76.48,0,0,1,15.88-8.06,131.15,131.15,0,0,0-29-17.57A83.07,83.07,0,0,1,273.47,290Z\" class=\"cls-1\"><\/path><path d=\"M123.38,397.3A114.7,114.7,0,0,1,202.25,290a83,83,0,0,1-16.7-10.7,130.66,130.66,0,0,0-78.14,118h0v15.94h175.1a77,77,0,0,1-8.54-15.94Z\" class=\"cls-1\"><\/path><path d=\"M345.72,299.09a70.13,70.13,0,1,0,70.13,70.13A70.21,70.21,0,0,0,345.72,299.09Zm0,122.86a52.73,52.73,0,1,1,52.73-52.73A52.79,52.79,0,0,1,345.72,422Z\" class=\"cls-1\"><\/path><polygon points=\"354.41 360.52 354.41 330.82 337.02 330.82 337.02 360.52 307.32 360.52 307.32 377.92 337.02 377.92 337.02 407.62 354.41 407.62 354.41 377.92 384.11 377.92 384.11 360.52 354.41 360.52\" class=\"cls-1\"><\/polygon><\/svg><\/span><\/h3>\n\n\n\n<h3 class=\"gb-headline gb-headline-ee3a1a39 gb-headline-text\">Novos utilizadores<\/h3>\n\n\n\n<p>Se &eacute; novo no Coin Edex Ai, temos todo o gosto em dar-lhe as boas-vindas. O registo na Coin Edex Ai &eacute; um processo sem problemas. Localize o nosso formul&aacute;rio de registo na sec&ccedil;&atilde;o Her&oacute;i da nossa p&aacute;gina inicial. Preencha as informa&ccedil;&otilde;es necess&aacute;rias, incluindo o seu nome, e-mail e palavra-passe preferida. Depois de clicar no bot&atilde;o &ldquo;Inscrever-se agora&rdquo;, receber&aacute; uma confirma&ccedil;&atilde;o por correio eletr&oacute;nico. Basta seguir a liga&ccedil;&atilde;o fornecida na mensagem de correio eletr&oacute;nico para verificar a sua conta e j&aacute; est&aacute;! O acesso imediato ao seu painel de controlo Coin Edex Ai est&aacute; &agrave; sua espera. Aqui, tem a flexibilidade de personalizar todas as defini&ccedil;&otilde;es necess&aacute;rias com base no seu estilo de negocia&ccedil;&atilde;o preferido, activos escolhidos e prefer&ecirc;ncias de gest&atilde;o de risco. Al&eacute;m disso, pode investir o seu capital inicial (com um requisito m&iacute;nimo de $250) e embarcar na sua excitante viagem de negocia&ccedil;&atilde;o.<\/p>\n\n<\/div><\/div>\n<\/div>\n<\/div>\n<\/div><div class=\"gb-container gb-container-c1a4dcf7\">\n<div class=\"gb-container gb-container-742cad11\">\n<div class=\"gb-container gb-container-8e38b373\">\n\n<p>Tenha em aten&ccedil;&atilde;o que a negocia&ccedil;&atilde;o comporta riscos inerentes e pode resultar na perda de capital. Damos prioridade a pr&aacute;ticas de negocia&ccedil;&atilde;o respons&aacute;veis e pedimos aos nossos utilizadores que compreendam plenamente os riscos associados antes de embarcarem na sua viagem de negocia&ccedil;&atilde;o.<br><br>Na Coin Edex Ai, estamos empenhados em garantir uma experi&ecirc;ncia de negocia&ccedil;&atilde;o segura e sem problemas para os nossos utilizadores. A nossa equipa de apoio dedicada est&aacute; prontamente dispon&iacute;vel para o ajudar sempre que necessitar de qualquer assist&ecirc;ncia ou orienta&ccedil;&atilde;o.<\/p>\n\n<\/div>\n<\/div>\n<\/div><div class=\"gb-container gb-container-b7553ac8 alignfull\">\n<div class=\"gb-container gb-container-03980285\">\n\n<h3 class=\"gb-headline gb-headline-9375780b\"><span class=\"gb-icon\"><svg xmlns=\"http:\/\/www.w3.org\/2000\/svg\" viewbox=\"0 0 3 36.7\"><path d=\"M0 0h3v36.7H0z\"><\/path><\/svg><\/span><span class=\"gb-headline-text\">Est&aacute; pronto para embarcar na sua viagem comercial com a Coin Edex Ai? Aproveite a oportunidade clicando no bot&atilde;o abaixo para se registar e come&ccedil;ar a negociar hoje. Deixe a aventura desenrolar-se!<\/span><\/h3>\n\n\n\n<a class=\"gb-button gb-button-4911b5ae gb-button-text\" href=\"#\"><strong><strong>Come&ccedil;ar a trabalhar  <\/strong><\/strong><\/a>\n\n<\/div>\n<\/div>\n","protected":false},"excerpt":{"rendered":"<p>Iniciar sess&atilde;o Torne-se parte da comunidade de negocia&ccedil;&atilde;o Coin Edex Ai com apenas alguns passos simples Eis como pode come&ccedil;ar: Tenha em aten&ccedil;&atilde;o que a negocia&ccedil;&atilde;o comporta riscos inerentes e pode resultar na perda de capital. Damos prioridade a pr&aacute;ticas de negocia&ccedil;&atilde;o respons&aacute;veis e pedimos aos nossos utilizadores que compreendam plenamente os riscos associados antes &#8230; <a title=\"Iniciar sess\u00e3o\" class=\"read-more\" href=\"https:\/\/coinedexai.com\/pt-br\/iniciar-sessao\/\" aria-label=\"Read more about Iniciar sess\u00e3o\">Leia mais<\/a><\/p>\n","protected":false},"author":3,"featured_media":0,"parent":0,"menu_order":0,"comment_status":"closed","ping_status":"closed","template":"","meta":{"footnotes":""},"class_list":["post-9604","page","type-page","status-publish"],"_links":{"self":[{"href":"https:\/\/coinedexai.com\/pt-br\/wp-json\/wp\/v2\/pages\/9604","targetHints":{"allow":["GET"]}}],"collection":[{"href":"https:\/\/coinedexai.com\/pt-br\/wp-json\/wp\/v2\/pages"}],"about":[{"href":"https:\/\/coinedexai.com\/pt-br\/wp-json\/wp\/v2\/types\/page"}],"author":[{"embeddable":true,"href":"https:\/\/coinedexai.com\/pt-br\/wp-json\/wp\/v2\/users\/3"}],"replies":[{"embeddable":true,"href":"https:\/\/coinedexai.com\/pt-br\/wp-json\/wp\/v2\/comments?post=9604"}],"version-history":[{"count":3,"href":"https:\/\/coinedexai.com\/pt-br\/wp-json\/wp\/v2\/pages\/9604\/revisions"}],"predecessor-version":[{"id":10855,"href":"https:\/\/coinedexai.com\/pt-br\/wp-json\/wp\/v2\/pages\/9604\/revisions\/10855"}],"wp:attachment":[{"href":"https:\/\/coinedexai.com\/pt-br\/wp-json\/wp\/v2\/media?parent=9604"}],"curies":[{"name":"wp","href":"https:\/\/api.w.org\/{rel}","templated":true}]}}