{"id":9509,"date":"2020-09-18T14:37:23","date_gmt":"2020-09-18T14:37:23","guid":{"rendered":"https:\/\/coinedexai.com\/contactati\/"},"modified":"2024-11-15T08:29:48","modified_gmt":"2024-11-15T08:29:48","slug":"contactati","status":"publish","type":"page","link":"https:\/\/coinedexai.com\/ro\/contactati\/","title":{"rendered":"Contacta\u021bi"},"content":{"rendered":"<?xml encoding=\"UTF-8\"><div class=\"gb-container gb-container-4741bdba\">\n<div class=\"gb-container gb-container-287f468b\">\n\n<h1 class=\"gb-headline gb-headline-9ccd8424 gb-headline-text\"><strong>Contacta&#539;i<\/strong><\/h1>\n\n<\/div>\n<\/div><div class=\"gb-container gb-container-9088b8cf\">\n<div class=\"gb-container gb-container-00a7acd7\">\n<nav aria-label=\"breadcrumbs\" class=\"rank-math-breadcrumb\"><p><span class=\"last\">Home<\/span><\/p><\/nav>\n\n<\/div>\n<\/div><div class=\"gb-container gb-container-ffc50187\">\n<div class=\"gb-grid-wrapper gb-grid-wrapper-03184bbb\">\n<div class=\"gb-grid-column gb-grid-column-dceab908\"><div class=\"gb-container gb-container-dceab908\">\n\n<h2 class=\"gb-headline gb-headline-39054f42 gb-headline-text\">Ajunge&#539;i la Coin Edex Ai: Suntem aici pentru tine<\/h2>\n\n\n\n<p>&Icirc;ntreb&#259;rile &#537;i feedback-ul dumneavoastr&#259; conteaz&#259; la Coin Edex Ai<br><br>La Coin Edex Ai, apreciem foarte mult &icirc;ntreb&#259;rile, comentariile &#537;i feedback-ul dumneavoastr&#259;. Fie c&#259; ave&#539;i nevoie de asisten&#539;&#259; pentru contul dvs., fie c&#259; ave&#539;i &icirc;ntreb&#259;ri despre platforma noastr&#259; sau pur &#537;i simplu dori&#539;i s&#259; ne &icirc;mp&#259;rt&#259;&#537;i&#539;i g&acirc;ndurile dvs., ne angaj&#259;m pe deplin s&#259; v&#259; oferim un sprijin de nezdruncinat.<br><br>&Icirc;n timp ce echipa noastr&#259; de asisten&#539;&#259; pentru clien&#539;i este dedicat&#259; s&#259; v&#259; ajute cu orice &icirc;ntreb&#259;ri, &icirc;ncuraj&#259;m comunicarea direct&#259; cu brokerii no&#537;tri de execu&#539;ie pentru &icirc;ntreb&#259;ri legate de tranzac&#539;ionare. Dac&#259; nu a&#539;i &icirc;ncheiat &icirc;nc&#259; un parteneriat cu un broker de execu&#539;ie, v&#259; rug&#259;m s&#259; ne anun&#539;a&#539;i &#537;i v&#259; vom pune &icirc;n leg&#259;tur&#259; direct&#259; cu unul dintre brokerii no&#537;tri de &icirc;ncredere. C&#259;l&#259;toria dvs. de tranzac&#539;ionare este cea mai mare prioritate a noastr&#259; &#537;i suntem aici pentru a v&#259; ghida la fiecare pas.<br><br>Pentru a intra &icirc;n contact cu echipa noastr&#259; dedicat&#259; de servicii pentru clien&#539;i, ne pute&#539;i contacta cu u&#537;urin&#539;&#259; prin e-mail la info@coinedexai.com. Alternativ, pute&#539;i completa formularul disponibil pe site-ul nostru, iar unul dintre reprezentan&#539;ii no&#537;tri v&#259; va r&#259;spunde prompt la mesaj. Satisfac&#539;ia dvs. &#537;i succesul &icirc;n tranzac&#539;ionarea cripto sunt &icirc;n centrul angajamentului nostru fa&#539;&#259; de dvs.<\/p>\n\n<\/div><\/div>\n\n<div class=\"gb-grid-column gb-grid-column-eb2e4b7f\"><div class=\"gb-container gb-container-eb2e4b7f\">\n\n<p class=\"gb-headline gb-headline-92b71e6d gb-headline-text\"><strong>Contacta&#539;i-ne &#537;i &icirc;nregistrare gratuit&#259;<\/strong><\/p>\n\n\n    <script>\n        localStorage.setItem('fxbot_ab_testing', '{\"login\":[],\"registration\":[],\"contactus\":[]}');\n    <\/script>\n    <style>\n        .reCAPTCHAContent {\n            display: none;\n            visibility: hidden;\n        }\n    <\/style>\n\n\n<script>\n    localStorage.setItem('fxbot_api_parameters', '[{\"key\":\"emailmarketing\",\"value\":\"1\",\"override\":true},{\"key\":\"funnel\",\"value\":\"Coin Edex\",\"override\":true}]');\n    localStorage.setItem('fxbot_alias_url', 'wp-content\/plugins\/fxbot-registration-form\/api.php');\n    localStorage.setItem('fxbot_email_marketing', '1');\n    localStorage.setItem('fxbot_email_marketing_debounce', 'true');\n    localStorage.setItem('fxbot_email_marketing_debounce_time', '1000');\n    localStorage.setItem('fxbot_recaptcha_enabled', 'false');\n    localStorage.setItem('fxbot_recaptcha_site_key', 'EMPTY');\n    localStorage.setItem('fxbot_alt_reg_popup_query_selector', '');\n    localStorage.setItem('fxbot_redirectVariant', '0');\n<\/script>\n<div class=\"form-widget\" id=\"optInFormWrapper\">\n    <form action=\"\" class=\"flex flex-column\" data-form=\"optInForm\" data-urlsearchparams=\"\" data-widget=\"registration_2_step\" id=\"opt-form\" method=\"post\" name=\"optInForm\">\n        <div class=\"elementor-field-type-text elementor-field-group elementor-column elementor-field-group-name elementor-col-100 form-group\">\n            <label for=\"form-first_name\" class=\"elementor-field-label elementor-screen-only\">Nume<\/label>\n            <input class=\"elementor-field elementor-size-sm  elementor-field-textual regFormFirstName\" placeholder=\"Nume\" data-input=\"firstname\" data-valid=\"false\" id=\"form-first_name\" name=\"firstname\" size=\"1\" type=\"text\">\n            <p class=\"error-message\"><\/p>\n        <\/div>\n\n        <div class=\"elementor-field-type-text elementor-field-group elementor-column elementor-field-group-name elementor-col-100 form-group\">\n            <label for=\"form-last_name\" class=\"elementor-field-label elementor-screen-only\">Numele de familie<\/label>\n            <input class=\"elementor-field elementor-size-sm elementor-field-textual regFormLastNname\" placeholder=\"Numele de familie\" data-input=\"lastname\" data-valid=\"false\" id=\"form-last_name\" name=\"lastname\" size=\"1\" type=\"text\">\n            <p class=\"error-message\"><\/p>\n        <\/div>\n\n        <div class=\"form-group elementor-field-type-text elementor-field-group elementor-column elementor-field-group-name elementor-col-100\">\n            <label class=\"elementor-field-label elementor-screen-only\" for=\"form-email\">E-mail<\/label>\n            <input class=\"regFormEmail elementor-field elementor-size-sm elementor-field-textual\" placeholder=\"E-mail\" data-input=\"email\" data-valid=\"false\" id=\"form-email\" name=\"email\" type=\"email\">\n            <p class=\"error-message\"><\/p>\n            <div class=\"form-group__emailValid-info\">\n                <span class=\"form-group__emailValid-message\"><span>A\u021bi vrut s\u0103 spune\u021bi<\/span> <b><\/b>?<\/span> <span class=\"form-group__emailValid-btn\">A inlocui<\/span>            <\/div>\n        <\/div>\n\n        <p class=\"reCAPTCHAContent\">\n            Acest site este protejat de reCAPTCHA \u0219i se aplic\u0103 <a href=\"https:\/\/policies.google.com\/privacy\" target=\"_blank\" rel=\"noopener\">Politica de confiden\u021bialitate<\/a> \u0219i <a href=\"https:\/\/policies.google.com\/terms\" target=\"_blank\" rel=\"noopener\">Termenii de serviciu<\/a> Google.        <\/p>\n\n        <button class=\"zoom regFormButton elementor-button elementor-size-sm\" data-button=\"submit\" id=\"optInForm-btn\">\n            Submit        <\/button>\n    <\/form>\n<\/div>\n<div class=\"form-widget\" id=\"regFormWrapper\" style=\"visibility: hidden; width: 0; height:0\">\n    <form action=\"\" class=\"flex flex-column\" data-form=\"registrationForm\" data-urlsearchparams=\"\" data-widget=\"registration_2_step\" id=\"reg-form\" method=\"post\" name=\"registrationForm\">\n        <div class=\"elementor-field-type-text elementor-field-group elementor-column elementor-field-group-name elementor-col-100 form-group\">\n            <label for=\"form-first_name\" class=\"elementor-field-label elementor-screen-only\">Nume<\/label>\n            <input class=\"elementor-field elementor-size-sm  elementor-field-textual regFormFirstName\" placeholder=\"Nume\" data-input=\"firstname\" data-valid=\"false\" id=\"form-first_name\" name=\"firstname\" size=\"1\" type=\"text\">\n            <p class=\"error-message\"><\/p>\n        <\/div>\n\n        <div class=\"elementor-field-type-text elementor-field-group elementor-column elementor-field-group-name elementor-col-100 form-group\">\n            <label for=\"form-last_name\" class=\"elementor-field-label elementor-screen-only\">Numele de familie<\/label>\n            <input class=\"elementor-field elementor-size-sm elementor-field-textual regFormLastNname\" placeholder=\"Numele de familie\" data-input=\"lastname\" data-valid=\"false\" id=\"form-last_name\" name=\"lastname\" size=\"1\" type=\"text\">\n            <p class=\"error-message\"><\/p>\n        <\/div>\n\n        <div class=\"elementor-field-type-text elementor-field-group elementor-column elementor-field-group-name elementor-col-100 form-group form-group__emailValid\">\n            <label class=\"elementor-field-label elementor-screen-only\" for=\"form-email\">E-mail<\/label>\n            <input class=\"elementor-field elementor-size-sm elementor-field-textual regFormEmail\" placeholder=\"E-mail\" data-input=\"email\" data-valid=\"false\" id=\"form-email\" name=\"email\" type=\"email\">\n            <p class=\"error-message\"><\/p>\n            <p class=\"form-group__emailValid-info\">\n                <span class=\"form-group__emailValid-message\"><span>A\u021bi vrut s\u0103 spune\u021bi<\/span> <b><\/b>?<\/span> <span class=\"form-group__emailValid-btn\">A inlocui<\/span>            <\/p>\n        <\/div>\n\n        <div class=\"elementor-field-type-tel elementor-field-group elementor-column elementor-field-group-field_fad38fc elementor-col-100 form-group reg-phone\">\n            <label class=\"elementor-field-label elementor-screen-only\" for=\"form-phone_number\">Num\u0103r de telefon<\/label>\n            <input class=\"elementor-field elementor-size-sm elementor-field-textual regFormPhoneNumber\" placeholder=\"Num\u0103r de telefon\" autocompvare=\"off\" data-input=\"phone_number\" data-valid=\"false\" id=\"form-phone_number\" name=\"phone_number\" size=\"1\" type=\"text\">\n            <p class=\"error-message\"><\/p>\n        <\/div>\n\n        <p class=\"reCAPTCHAContent\">\n            Acest site este protejat de reCAPTCHA \u0219i se aplic\u0103 <a href=\"https:\/\/policies.google.com\/privacy\" target=\"_blank\" rel=\"noopener\">Politica de confiden\u021bialitate<\/a> \u0219i <a href=\"https:\/\/policies.google.com\/terms\" target=\"_blank\" rel=\"noopener\">Termenii de serviciu<\/a> Google.        <\/p>\n\n        <button class=\"elementor-button zoom regFormButton\" data-button=\"submit\" id=\"form-btn\" type=\"button\">\n            Submit        <\/button>\n\n        <div class=\"wrapper__rar-no\" data-modal=\"success\" style=\"display: none\">\n            <div class=\"success\">\n                <img decoding=\"async\" src=\"\/wp-content\/plugins\/fxbot-registration-form\/assets\/images\/regSuccess.png\" alt=\"V\u0103 mul\u021bumim pentru \u00eenregistrare\">\n                <p>V\u0103 mul\u021bumim pentru \u00eenregistrare.<br\/>Agentul nostru v\u0103 va contacta \u00een scurt timp.<br\/>V\u0103 rug\u0103m s\u0103 v\u0103 asigura\u021bi c\u0103 a\u021bi folosit num\u0103rul de telefon real.<br\/> Noroc.<\/p>\n            <\/div>\n        <\/div>\n\n        <div class=\"wrapper__rar-no\" data-modal=\"alternative_success\" style=\"display: none\">\n            <div class=\"success\">\n                <p class=\"reg_title\">\n                    <b>A\u021bi conectat cu succes.<\/b>\n                <\/p>\n                <p>Un agent al companiei v\u0103 va contacta \u00een cur\u00e2nd. V\u0103 rug\u0103m s\u0103 v\u0103 asigura\u021bi c\u0103 sunte\u021bi disponibil la telefon pentru a evita pierderea apelului.<\/p>\n            <\/div>\n        <\/div>\n\n        <div class=\"wrapper__error\" data-modal=\"error\" style=\"display: none\"><\/div>\n    <\/form>\n<\/div>\n\n<div class=\"submit-overlay\" style=\"display: none;\">\n    <div class=\"lds-spinner\">\n        <div><\/div>\n        <div><\/div>\n        <div><\/div>\n        <div><\/div>\n        <div><\/div>\n        <div><\/div>\n        <div><\/div>\n        <div><\/div>\n    <\/div>\n    <p class=\"overlay-text\">Te conecteaz\u0103 cu cel mai bun broker din zona ta<\/p>\n<\/div>\n\n\n<\/div><\/div>\n<\/div>\n<\/div><div class=\"gb-container gb-container-12372299\">\n<div class=\"gb-container gb-container-efc8bf99\">\n<div class=\"gb-grid-wrapper gb-grid-wrapper-5a3bd3a6\">\n<div class=\"gb-grid-column gb-grid-column-776fee10\"><div class=\"gb-container gb-container-776fee10\">\n\n<figure class=\"gb-block-image gb-block-image-9c14dcbf\"><img loading=\"lazy\" decoding=\"async\" width=\"2144\" height=\"1707\" class=\"gb-image gb-image-9c14dcbf\" src=\"https:\/\/coinedexai.com\/wp-content\/uploads\/2023\/07\/Coin-Edex-Ai-10-scaled-e1689834532155.jpg\" alt=\"Coin Edex Ai Contact\" title=\"Coin Edex Ai Contact\" srcset=\"https:\/\/coinedexai.com\/wp-content\/uploads\/2023\/07\/Coin-Edex-Ai-10-scaled-e1689834532155.jpg 2144w, https:\/\/coinedexai.com\/wp-content\/uploads\/2023\/07\/Coin-Edex-Ai-10-scaled-e1689834532155-300x239.jpg 300w, https:\/\/coinedexai.com\/wp-content\/uploads\/2023\/07\/Coin-Edex-Ai-10-scaled-e1689834532155-1024x815.jpg 1024w, https:\/\/coinedexai.com\/wp-content\/uploads\/2023\/07\/Coin-Edex-Ai-10-scaled-e1689834532155-768x611.jpg 768w, https:\/\/coinedexai.com\/wp-content\/uploads\/2023\/07\/Coin-Edex-Ai-10-scaled-e1689834532155-1536x1223.jpg 1536w, https:\/\/coinedexai.com\/wp-content\/uploads\/2023\/07\/Coin-Edex-Ai-10-scaled-e1689834532155-2048x1631.jpg 2048w\" sizes=\"auto, (max-width: 2144px) 100vw, 2144px\"><\/figure>\n\n<\/div><\/div>\n\n<div class=\"gb-grid-column gb-grid-column-5d979b36\"><div class=\"gb-container gb-container-5d979b36\">\n\n<p class=\"has-base-3-color has-text-color\">Nu ezita&#539;i s&#259; contacta&#539;i Coin Edex Ai &ndash; &Icirc;ntotdeauna disponibil, &Icirc;ntotdeauna &icirc;n curs de &icirc;mbun&#259;t&#259;&#539;ire<br><br>La Coin Edex Ai, v&#259; a&#537;tept&#259;m cu drag la &icirc;ntreb&#259;ri &#537;i apreciem contribu&#539;ia dumneavoastr&#259;, 24 de ore din 24. Cu toate acestea, v&#259; rug&#259;m s&#259; re&#539;ine&#539;i c&#259; echipa noastr&#259; dedicat&#259; le proceseaz&#259; &icirc;n timpul orelor noastre obi&#537;nuite de lucru, care se &icirc;ntind de luni p&acirc;n&#259; vineri, de la 9:00 la 18:00, UTC+8.<br><br>Pe m&#259;sur&#259; ce peisajul dinamic al tranzac&#539;ion&#259;rii criptografice evolueaz&#259;, noi, la Coin Edex Ai, ne angaj&#259;m s&#259; &icirc;mbun&#259;t&#259;&#539;im continuu experien&#539;a ta de tranzac&#539;ionare. Feedback-ul dumneavoastr&#259; este extrem de important pentru noi &#537;i a&#537;tept&#259;m cu ner&#259;bdare s&#259; primim r&#259;spunsurile dumneavoastr&#259;. Nu ezita&#539;i s&#259; ne contacta&#539;i &ndash; suntem aici pentru a v&#259; asculta, a v&#259; sprijini &#537;i a v&#259; &icirc;mbun&#259;t&#259;&#539;i c&#259;l&#259;toria &icirc;n lumea tranzac&#539;ion&#259;rii criptomonedelor.<\/p>\n\n\n\n<p class=\"has-base-3-color has-text-color\"><strong>Email:<\/strong> info@coinedexai.com<\/p>\n\n\n\n<p class=\"has-base-3-color has-text-color\"><strong>Adres&#259;:<\/strong> WeWork Bengaluru VR Bengaluru: Devasandra Industrial Estate, Mahadevapura, Bengaluru, India<\/p>\n\n<\/div><\/div>\n<\/div>\n<\/div>\n<\/div>\n","protected":false},"excerpt":{"rendered":"<p>Contacta&#539;i<\/p>\n","protected":false},"author":3,"featured_media":0,"parent":0,"menu_order":0,"comment_status":"closed","ping_status":"closed","template":"","meta":{"footnotes":""},"class_list":["post-9509","page","type-page","status-publish"],"_links":{"self":[{"href":"https:\/\/coinedexai.com\/ro\/wp-json\/wp\/v2\/pages\/9509","targetHints":{"allow":["GET"]}}],"collection":[{"href":"https:\/\/coinedexai.com\/ro\/wp-json\/wp\/v2\/pages"}],"about":[{"href":"https:\/\/coinedexai.com\/ro\/wp-json\/wp\/v2\/types\/page"}],"author":[{"embeddable":true,"href":"https:\/\/coinedexai.com\/ro\/wp-json\/wp\/v2\/users\/3"}],"replies":[{"embeddable":true,"href":"https:\/\/coinedexai.com\/ro\/wp-json\/wp\/v2\/comments?post=9509"}],"version-history":[{"count":3,"href":"https:\/\/coinedexai.com\/ro\/wp-json\/wp\/v2\/pages\/9509\/revisions"}],"predecessor-version":[{"id":10880,"href":"https:\/\/coinedexai.com\/ro\/wp-json\/wp\/v2\/pages\/9509\/revisions\/10880"}],"wp:attachment":[{"href":"https:\/\/coinedexai.com\/ro\/wp-json\/wp\/v2\/media?parent=9509"}],"curies":[{"name":"wp","href":"https:\/\/api.w.org\/{rel}","templated":true}]}}