{"id":9517,"date":"2020-09-18T14:37:23","date_gmt":"2020-09-18T14:37:23","guid":{"rendered":"https:\/\/coinedexai.com\/kontakt\/"},"modified":"2024-11-15T08:29:50","modified_gmt":"2024-11-15T08:29:50","slug":"kontakt","status":"publish","type":"page","link":"https:\/\/coinedexai.com\/sk\/kontakt\/","title":{"rendered":"Kontakt"},"content":{"rendered":"<?xml encoding=\"UTF-8\"><div class=\"gb-container gb-container-4741bdba\">\n<div class=\"gb-container gb-container-287f468b\">\n\n<h1 class=\"gb-headline gb-headline-9ccd8424 gb-headline-text\"><strong>Kontakt<\/strong><\/h1>\n\n<\/div>\n<\/div><div class=\"gb-container gb-container-9088b8cf\">\n<div class=\"gb-container gb-container-00a7acd7\">\n<nav aria-label=\"breadcrumbs\" class=\"rank-math-breadcrumb\"><p><span class=\"last\">Home<\/span><\/p><\/nav>\n\n<\/div>\n<\/div><div class=\"gb-container gb-container-ffc50187\">\n<div class=\"gb-grid-wrapper gb-grid-wrapper-03184bbb\">\n<div class=\"gb-grid-column gb-grid-column-dceab908\"><div class=\"gb-container gb-container-dceab908\">\n\n<h2 class=\"gb-headline gb-headline-39054f42 gb-headline-text\">Oslovte spolo&#269;nos&#357; Coin Edex Ai: Sme tu pre v&aacute;s<\/h2>\n\n\n\n<p>Na va&scaron;ich ot&aacute;zkach a sp&auml;tnej v&auml;zbe v spolo&#269;nosti Coin Edex Ai z&aacute;le&#382;&iacute;<br><br>V spolo&#269;nosti Coin Edex Ai si ve&#318;mi v&aacute;&#382;ime va&scaron;e ot&aacute;zky, pripomienky a sp&auml;tn&uacute; v&auml;zbu. &#268;i u&#382; potrebujete pomoc s &uacute;&#269;tom, m&aacute;te ot&aacute;zky t&yacute;kaj&uacute;ce sa na&scaron;ej platformy alebo sa jednoducho chcete podeli&#357; o svoje n&aacute;zory, sme plne odhodlan&iacute; poskytn&uacute;&#357; v&aacute;m neochvejn&uacute; podporu.<br><br>Hoci n&aacute;&scaron; t&iacute;m z&aacute;kazn&iacute;ckej podpory je odhodlan&yacute; pom&ocirc;c&#357; v&aacute;m s ak&yacute;miko&#318;vek ot&aacute;zkami, v pr&iacute;pade ot&aacute;zok t&yacute;kaj&uacute;cich sa obchodovania odpor&uacute;&#269;ame priamu komunik&aacute;ciu s na&scaron;imi makl&eacute;rmi. Ak ste e&scaron;te nespolupracovali s makl&eacute;rom, dajte n&aacute;m vedie&#357; a my v&aacute;s spoj&iacute;me priamo s jedn&yacute;m z na&scaron;ich d&ocirc;veryhodn&yacute;ch podporovan&yacute;ch makl&eacute;rov. Va&scaron;a obchodn&aacute; cesta je na&scaron;ou najvy&scaron;&scaron;ou prioritou a my sme tu, aby sme v&aacute;s sprev&aacute;dzali na ka&#382;dom kroku.<br><br>Ak sa chcete spoji&#357; s na&scaron;&iacute;m &scaron;pecializovan&yacute;m t&iacute;mom slu&#382;ieb z&aacute;kazn&iacute;kom, m&ocirc;&#382;ete n&aacute;s &#318;ahko kontaktova&#357; prostredn&iacute;ctvom e-mailu na info@coinedexai.com. Pr&iacute;padne m&ocirc;&#382;ete vyplni&#357; formul&aacute;r dostupn&yacute; na na&scaron;ej webovej str&aacute;nke a jeden z na&scaron;ich z&aacute;stupcov v&aacute;m okam&#382;ite odpovie na va&scaron;u spr&aacute;vu. Jadrom n&aacute;&scaron;ho z&aacute;v&auml;zku vo&#269;i v&aacute;m je va&scaron;a spokojnos&#357; a &uacute;spech v obchodovan&iacute; s kryptomenami.<\/p>\n\n<\/div><\/div>\n\n<div class=\"gb-grid-column gb-grid-column-eb2e4b7f\"><div class=\"gb-container gb-container-eb2e4b7f\">\n\n<p class=\"gb-headline gb-headline-92b71e6d gb-headline-text\"><strong>Kontaktujte n&aacute;s a bezplatn&aacute; registr&aacute;cia<\/strong><\/p>\n\n\n    <script>\n        localStorage.setItem('fxbot_ab_testing', '{\"login\":[],\"registration\":[],\"contactus\":[]}');\n    <\/script>\n    <style>\n        .reCAPTCHAContent {\n            display: none;\n            visibility: hidden;\n        }\n    <\/style>\n\n\n<script>\n    localStorage.setItem('fxbot_api_parameters', '[{\"key\":\"emailmarketing\",\"value\":\"1\",\"override\":true},{\"key\":\"funnel\",\"value\":\"Coin Edex\",\"override\":true}]');\n    localStorage.setItem('fxbot_alias_url', 'wp-content\/plugins\/fxbot-registration-form\/api.php');\n    localStorage.setItem('fxbot_email_marketing', '1');\n    localStorage.setItem('fxbot_email_marketing_debounce', 'true');\n    localStorage.setItem('fxbot_email_marketing_debounce_time', '1000');\n    localStorage.setItem('fxbot_recaptcha_enabled', 'false');\n    localStorage.setItem('fxbot_recaptcha_site_key', 'EMPTY');\n    localStorage.setItem('fxbot_alt_reg_popup_query_selector', '');\n    localStorage.setItem('fxbot_redirectVariant', '0');\n<\/script>\n<div class=\"form-widget\" id=\"optInFormWrapper\">\n    <form action=\"\" class=\"flex flex-column\" data-form=\"optInForm\" data-urlsearchparams=\"\" data-widget=\"registration_2_step\" id=\"opt-form\" method=\"post\" name=\"optInForm\">\n        <div class=\"elementor-field-type-text elementor-field-group elementor-column elementor-field-group-name elementor-col-100 form-group\">\n            <label for=\"form-first_name\" class=\"elementor-field-label elementor-screen-only\">Krstn\u00e9 meno<\/label>\n            <input class=\"elementor-field elementor-size-sm  elementor-field-textual regFormFirstName\" placeholder=\"Krstn\u00e9 meno\" data-input=\"firstname\" data-valid=\"false\" id=\"form-first_name\" name=\"firstname\" size=\"1\" type=\"text\">\n            <p class=\"error-message\"><\/p>\n        <\/div>\n\n        <div class=\"elementor-field-type-text elementor-field-group elementor-column elementor-field-group-name elementor-col-100 form-group\">\n            <label for=\"form-last_name\" class=\"elementor-field-label elementor-screen-only\">Priezvisko<\/label>\n            <input class=\"elementor-field elementor-size-sm elementor-field-textual regFormLastNname\" placeholder=\"Priezvisko\" data-input=\"lastname\" data-valid=\"false\" id=\"form-last_name\" name=\"lastname\" size=\"1\" type=\"text\">\n            <p class=\"error-message\"><\/p>\n        <\/div>\n\n        <div class=\"form-group elementor-field-type-text elementor-field-group elementor-column elementor-field-group-name elementor-col-100\">\n            <label class=\"elementor-field-label elementor-screen-only\" for=\"form-email\">Email<\/label>\n            <input class=\"regFormEmail elementor-field elementor-size-sm elementor-field-textual\" placeholder=\"Email\" data-input=\"email\" data-valid=\"false\" id=\"form-email\" name=\"email\" type=\"email\">\n            <p class=\"error-message\"><\/p>\n            <div class=\"form-group__emailValid-info\">\n                <span class=\"form-group__emailValid-message\"><span>Mysleli ste<\/span> <b><\/b>?<\/span> <span class=\"form-group__emailValid-btn\">Vyme\u0148te<\/span>            <\/div>\n        <\/div>\n\n        <p class=\"reCAPTCHAContent\">\n            T\u00e1to str\u00e1nka je chr\u00e1nen\u00e1 reCAPTCHA a platia <a href=\"https:\/\/policies.google.com\/privacy\" target=\"_blank\" rel=\"noopener\">Z\u00e1sady ochrany osobn\u00fdch \u00fadajov<\/a> a <a href=\"https:\/\/policies.google.com\/terms\" target=\"_blank\" rel=\"noopener\">Podmienky slu\u017eby<\/a> Google.        <\/p>\n\n        <button class=\"zoom regFormButton elementor-button elementor-size-sm\" data-button=\"submit\" id=\"optInForm-btn\">\n            Submit        <\/button>\n    <\/form>\n<\/div>\n<div class=\"form-widget\" id=\"regFormWrapper\" style=\"visibility: hidden; width: 0; height:0\">\n    <form action=\"\" class=\"flex flex-column\" data-form=\"registrationForm\" data-urlsearchparams=\"\" data-widget=\"registration_2_step\" id=\"reg-form\" method=\"post\" name=\"registrationForm\">\n        <div class=\"elementor-field-type-text elementor-field-group elementor-column elementor-field-group-name elementor-col-100 form-group\">\n            <label for=\"form-first_name\" class=\"elementor-field-label elementor-screen-only\">Krstn\u00e9 meno<\/label>\n            <input class=\"elementor-field elementor-size-sm  elementor-field-textual regFormFirstName\" placeholder=\"Krstn\u00e9 meno\" data-input=\"firstname\" data-valid=\"false\" id=\"form-first_name\" name=\"firstname\" size=\"1\" type=\"text\">\n            <p class=\"error-message\"><\/p>\n        <\/div>\n\n        <div class=\"elementor-field-type-text elementor-field-group elementor-column elementor-field-group-name elementor-col-100 form-group\">\n            <label for=\"form-last_name\" class=\"elementor-field-label elementor-screen-only\">Priezvisko<\/label>\n            <input class=\"elementor-field elementor-size-sm elementor-field-textual regFormLastNname\" placeholder=\"Priezvisko\" data-input=\"lastname\" data-valid=\"false\" id=\"form-last_name\" name=\"lastname\" size=\"1\" type=\"text\">\n            <p class=\"error-message\"><\/p>\n        <\/div>\n\n        <div class=\"elementor-field-type-text elementor-field-group elementor-column elementor-field-group-name elementor-col-100 form-group form-group__emailValid\">\n            <label class=\"elementor-field-label elementor-screen-only\" for=\"form-email\">Email<\/label>\n            <input class=\"elementor-field elementor-size-sm elementor-field-textual regFormEmail\" placeholder=\"Email\" data-input=\"email\" data-valid=\"false\" id=\"form-email\" name=\"email\" type=\"email\">\n            <p class=\"error-message\"><\/p>\n            <p class=\"form-group__emailValid-info\">\n                <span class=\"form-group__emailValid-message\"><span>Mysleli ste<\/span> <b><\/b>?<\/span> <span class=\"form-group__emailValid-btn\">Vyme\u0148te<\/span>            <\/p>\n        <\/div>\n\n        <div class=\"elementor-field-type-tel elementor-field-group elementor-column elementor-field-group-field_fad38fc elementor-col-100 form-group reg-phone\">\n            <label class=\"elementor-field-label elementor-screen-only\" for=\"form-phone_number\">Telef\u00f3nne \u010d\u00edslo<\/label>\n            <input class=\"elementor-field elementor-size-sm elementor-field-textual regFormPhoneNumber\" placeholder=\"Telef\u00f3nne \u010d\u00edslo\" autocompvare=\"off\" data-input=\"phone_number\" data-valid=\"false\" id=\"form-phone_number\" name=\"phone_number\" size=\"1\" type=\"text\">\n            <p class=\"error-message\"><\/p>\n        <\/div>\n\n        <p class=\"reCAPTCHAContent\">\n            T\u00e1to str\u00e1nka je chr\u00e1nen\u00e1 reCAPTCHA a platia <a href=\"https:\/\/policies.google.com\/privacy\" target=\"_blank\" rel=\"noopener\">Z\u00e1sady ochrany osobn\u00fdch \u00fadajov<\/a> a <a href=\"https:\/\/policies.google.com\/terms\" target=\"_blank\" rel=\"noopener\">Podmienky slu\u017eby<\/a> Google.        <\/p>\n\n        <button class=\"elementor-button zoom regFormButton\" data-button=\"submit\" id=\"form-btn\" type=\"button\">\n            Submit        <\/button>\n\n        <div class=\"wrapper__rar-no\" data-modal=\"success\" style=\"display: none\">\n            <div class=\"success\">\n                <img decoding=\"async\" src=\"\/wp-content\/plugins\/fxbot-registration-form\/assets\/images\/regSuccess.png\" alt=\"\u010eakujeme za registr\u00e1ciu\">\n                <p>\u010eakujeme za registr\u00e1ciu.<br\/>N\u00e1\u0161 agent v\u00e1s bude \u010doskoro kontaktova\u0165.<br\/>Uistite sa, \u017ee ste pou\u017eili skuto\u010dn\u00e9 telef\u00f3nne \u010d\u00edslo.<br\/>Na zdravie.<\/p>\n            <\/div>\n        <\/div>\n\n        <div class=\"wrapper__rar-no\" data-modal=\"alternative_success\" style=\"display: none\">\n            <div class=\"success\">\n                <p class=\"reg_title\">\n                    <b>\u00daspe\u0161ne ste sa pripojili.<\/b>\n                <\/p>\n                <p>Zamestnanec spolo\u010dnosti v\u00e1s \u010doskoro skontaktuje. Uistite sa, \u017ee ste k dispoz\u00edcii telefonicky, aby ste nezme\u0161kali hovor.<\/p>\n            <\/div>\n        <\/div>\n\n        <div class=\"wrapper__error\" data-modal=\"error\" style=\"display: none\"><\/div>\n    <\/form>\n<\/div>\n\n<div class=\"submit-overlay\" style=\"display: none;\">\n    <div class=\"lds-spinner\">\n        <div><\/div>\n        <div><\/div>\n        <div><\/div>\n        <div><\/div>\n        <div><\/div>\n        <div><\/div>\n        <div><\/div>\n        <div><\/div>\n    <\/div>\n    <p class=\"overlay-text\">Spoj\u00edme v\u00e1s s najlep\u0161\u00edm makl\u00e9rom vo va\u0161ej oblasti<\/p>\n<\/div>\n\n\n<\/div><\/div>\n<\/div>\n<\/div><div class=\"gb-container gb-container-12372299\">\n<div class=\"gb-container gb-container-efc8bf99\">\n<div class=\"gb-grid-wrapper gb-grid-wrapper-5a3bd3a6\">\n<div class=\"gb-grid-column gb-grid-column-776fee10\"><div class=\"gb-container gb-container-776fee10\">\n\n<figure class=\"gb-block-image gb-block-image-9c14dcbf\"><img loading=\"lazy\" decoding=\"async\" width=\"2144\" height=\"1707\" class=\"gb-image gb-image-9c14dcbf\" src=\"https:\/\/coinedexai.com\/wp-content\/uploads\/2023\/07\/Coin-Edex-Ai-10-scaled-e1689834532155.jpg\" alt=\"Coin Edex Ai Kontakt\" title=\"Coin Edex Ai Kontakt\" srcset=\"https:\/\/coinedexai.com\/wp-content\/uploads\/2023\/07\/Coin-Edex-Ai-10-scaled-e1689834532155.jpg 2144w, https:\/\/coinedexai.com\/wp-content\/uploads\/2023\/07\/Coin-Edex-Ai-10-scaled-e1689834532155-300x239.jpg 300w, https:\/\/coinedexai.com\/wp-content\/uploads\/2023\/07\/Coin-Edex-Ai-10-scaled-e1689834532155-1024x815.jpg 1024w, https:\/\/coinedexai.com\/wp-content\/uploads\/2023\/07\/Coin-Edex-Ai-10-scaled-e1689834532155-768x611.jpg 768w, https:\/\/coinedexai.com\/wp-content\/uploads\/2023\/07\/Coin-Edex-Ai-10-scaled-e1689834532155-1536x1223.jpg 1536w, https:\/\/coinedexai.com\/wp-content\/uploads\/2023\/07\/Coin-Edex-Ai-10-scaled-e1689834532155-2048x1631.jpg 2048w\" sizes=\"auto, (max-width: 2144px) 100vw, 2144px\"><\/figure>\n\n<\/div><\/div>\n\n<div class=\"gb-grid-column gb-grid-column-5d979b36\"><div class=\"gb-container gb-container-5d979b36\">\n\n<p class=\"has-base-3-color has-text-color\">Nev&aacute;hajte a obr&aacute;&#357;te sa na Coin Edex Ai &ndash; v&#382;dy k dispoz&iacute;cii, v&#382;dy sa zlep&scaron;ujeme<br><br>V spolo&#269;nosti Coin Edex Ai v&iacute;tame va&scaron;e ot&aacute;zky a v&aacute;&#382;ime si va&scaron;e pr&iacute;spevky, a to nepretr&#382;ite. Upozor&#328;ujeme v&scaron;ak, &#382;e n&aacute;&scaron; &scaron;pecializovan&yacute; t&iacute;m ich sprac&uacute;va po&#269;as be&#382;nej pracovnej doby, ktor&aacute; je od pondelka do piatku od 9:00 do 18:00, UTC+8.<br><br>Ke&#271;&#382;e sa dynamick&eacute; prostredie obchodovania s kryptomenami vyv&iacute;ja, my v Coin Edex Ai sa sna&#382;&iacute;me neust&aacute;le zlep&scaron;ova&#357; va&scaron;e obchodn&eacute; sk&uacute;senosti. Va&scaron;a sp&auml;tn&aacute; v&auml;zba je pre n&aacute;s mimoriadne d&ocirc;le&#382;it&aacute; a s rados&#357;ou o&#269;ak&aacute;vame, &#382;e sa n&aacute;m ozvete. Nev&aacute;hajte n&aacute;s kontaktova&#357; &ndash; sme tu, aby sme v&aacute;s vypo&#269;uli, podporili a zlep&scaron;ili va&scaron;u cestu vo svete obchodovania s kryptomenami.<\/p>\n\n\n\n<p class=\"has-base-3-color has-text-color\"><strong>E-mail:<\/strong> info@coinedexai.com<\/p>\n\n\n\n<p class=\"has-base-3-color has-text-color\"><strong>Adresa:<\/strong> WeWork Bengaluru VR Bengaluru: Devasandra Industrial Estate, Mahadevapura, Bengaluru, India<\/p>\n\n<\/div><\/div>\n<\/div>\n<\/div>\n<\/div>\n","protected":false},"excerpt":{"rendered":"<p>Kontakt<\/p>\n","protected":false},"author":3,"featured_media":0,"parent":0,"menu_order":0,"comment_status":"closed","ping_status":"closed","template":"","meta":{"footnotes":""},"class_list":["post-9517","page","type-page","status-publish"],"_links":{"self":[{"href":"https:\/\/coinedexai.com\/sk\/wp-json\/wp\/v2\/pages\/9517","targetHints":{"allow":["GET"]}}],"collection":[{"href":"https:\/\/coinedexai.com\/sk\/wp-json\/wp\/v2\/pages"}],"about":[{"href":"https:\/\/coinedexai.com\/sk\/wp-json\/wp\/v2\/types\/page"}],"author":[{"embeddable":true,"href":"https:\/\/coinedexai.com\/sk\/wp-json\/wp\/v2\/users\/3"}],"replies":[{"embeddable":true,"href":"https:\/\/coinedexai.com\/sk\/wp-json\/wp\/v2\/comments?post=9517"}],"version-history":[{"count":3,"href":"https:\/\/coinedexai.com\/sk\/wp-json\/wp\/v2\/pages\/9517\/revisions"}],"predecessor-version":[{"id":10888,"href":"https:\/\/coinedexai.com\/sk\/wp-json\/wp\/v2\/pages\/9517\/revisions\/10888"}],"wp:attachment":[{"href":"https:\/\/coinedexai.com\/sk\/wp-json\/wp\/v2\/media?parent=9517"}],"curies":[{"name":"wp","href":"https:\/\/api.w.org\/{rel}","templated":true}]}}