{"id":9638,"date":"2023-06-08T08:42:05","date_gmt":"2023-06-08T08:42:05","guid":{"rendered":"https:\/\/coinedexai.com\/prihlasenie\/"},"modified":"2024-11-15T08:27:16","modified_gmt":"2024-11-15T08:27:16","slug":"prihlasenie","status":"publish","type":"page","link":"https:\/\/coinedexai.com\/sk\/prihlasenie\/","title":{"rendered":"Prihl\u00e1senie"},"content":{"rendered":"<?xml encoding=\"UTF-8\"><div class=\"gb-container gb-container-8eb7588d alignfull\" id=\"registretion\">\n<div class=\"gb-container gb-container-d6fede86\">\n\n<h1 class=\"gb-headline gb-headline-3e2c9df7 gb-headline-text\"><strong><strong>Prihl&aacute;senie<\/strong><\/strong><\/h1>\n\n<\/div>\n<\/div><div class=\"gb-container gb-container-9088b8cf\">\n<div class=\"gb-container gb-container-00a7acd7\">\n<nav aria-label=\"breadcrumbs\" class=\"rank-math-breadcrumb\"><p><span class=\"last\">Home<\/span><\/p><\/nav>\n\n<\/div>\n<\/div><div class=\"gb-container gb-container-a2e46bfa alignfull\">\n<div class=\"gb-container gb-container-9ecb7959\">\n<div class=\"gb-grid-wrapper gb-grid-wrapper-69d3e7f6\">\n<div class=\"gb-grid-column gb-grid-column-f3a9faac\"><div class=\"gb-container gb-container-f3a9faac\">\n\n<h2 class=\"gb-headline gb-headline-39054f42 gb-headline-text\">Vitajte v Coin Edex Ai &ndash; Bezpe&#269;n&aacute; a dynamick&aacute; obchodn&aacute; platforma<\/h2>\n\n\n\n<p style=\"font-size:19px\">Prihl&aacute;ste sa e&scaron;te dnes do Coin Edex Ai a bez n&aacute;mahy z&iacute;skajte pr&iacute;stup k svojmu &uacute;&#269;tu a za&#269;nite obchodova&#357;. Na&scaron;a neochvejn&aacute; podpora v&aacute;s bude sprev&aacute;dza&#357; po&#269;as celej va&scaron;ej finan&#269;nej cesty a zabezpe&#269;&iacute;, &#382;e va&scaron;e t&uacute;&#382;by bud&uacute; splnen&eacute; na ka&#382;dom kroku.<\/p>\n\n<\/div><\/div>\n\n<div class=\"gb-grid-column gb-grid-column-8e185986\"><div class=\"gb-container gb-container-8e185986\">\n<div class=\"gb-container gb-container-eb2e4b7f\">\n\n<p class=\"gb-headline gb-headline-e7a333ba gb-headline-text\"><strong>Zaregistrujte sa zadarmo alebo sa prihl&aacute;ste<\/strong><\/p>\n\n\n    <script>\n        localStorage.setItem('fxbot_ab_testing', '{\"login\":[],\"registration\":[],\"contactus\":[]}');\n    <\/script>\n    <style>\n        .reCAPTCHAContent {\n            display: none;\n            visibility: hidden;\n        }\n    <\/style>\n\n\n<script>\n    localStorage.setItem('fxbot_api_parameters', '[{\"key\":\"emailmarketing\",\"value\":\"1\",\"override\":true},{\"key\":\"funnel\",\"value\":\"Coin Edex\",\"override\":true}]');\n    localStorage.setItem('fxbot_alias_url', 'wp-content\/plugins\/fxbot-registration-form\/api.php');\n    localStorage.setItem('fxbot_email_marketing', '1');\n    localStorage.setItem('fxbot_email_marketing_debounce', 'true');\n    localStorage.setItem('fxbot_email_marketing_debounce_time', '1000');\n    localStorage.setItem('fxbot_recaptcha_enabled', 'false');\n    localStorage.setItem('fxbot_recaptcha_site_key', 'EMPTY');\n    localStorage.setItem('fxbot_alt_reg_popup_query_selector', '');\n    localStorage.setItem('fxbot_redirectVariant', '0');\n<\/script>\n<div class=\"form-widget\" id=\"optInFormWrapper\">\n    <form action=\"\" class=\"flex flex-column\" data-form=\"optInForm\" data-urlsearchparams=\"\" data-widget=\"registration_2_step\" id=\"opt-form\" method=\"post\" name=\"optInForm\">\n        <div class=\"elementor-field-type-text elementor-field-group elementor-column elementor-field-group-name elementor-col-100 form-group\">\n            <label for=\"form-first_name\" class=\"elementor-field-label elementor-screen-only\">Krstn\u00e9 meno<\/label>\n            <input class=\"elementor-field elementor-size-sm  elementor-field-textual regFormFirstName\" placeholder=\"Krstn\u00e9 meno\" data-input=\"firstname\" data-valid=\"false\" id=\"form-first_name\" name=\"firstname\" size=\"1\" type=\"text\">\n            <p class=\"error-message\"><\/p>\n        <\/div>\n\n        <div class=\"elementor-field-type-text elementor-field-group elementor-column elementor-field-group-name elementor-col-100 form-group\">\n            <label for=\"form-last_name\" class=\"elementor-field-label elementor-screen-only\">Priezvisko<\/label>\n            <input class=\"elementor-field elementor-size-sm elementor-field-textual regFormLastNname\" placeholder=\"Priezvisko\" data-input=\"lastname\" data-valid=\"false\" id=\"form-last_name\" name=\"lastname\" size=\"1\" type=\"text\">\n            <p class=\"error-message\"><\/p>\n        <\/div>\n\n        <div class=\"form-group elementor-field-type-text elementor-field-group elementor-column elementor-field-group-name elementor-col-100\">\n            <label class=\"elementor-field-label elementor-screen-only\" for=\"form-email\">Email<\/label>\n            <input class=\"regFormEmail elementor-field elementor-size-sm elementor-field-textual\" placeholder=\"Email\" data-input=\"email\" data-valid=\"false\" id=\"form-email\" name=\"email\" type=\"email\">\n            <p class=\"error-message\"><\/p>\n            <div class=\"form-group__emailValid-info\">\n                <span class=\"form-group__emailValid-message\"><span>Mysleli ste<\/span> <b><\/b>?<\/span> <span class=\"form-group__emailValid-btn\">Vyme\u0148te<\/span>            <\/div>\n        <\/div>\n\n        <p class=\"reCAPTCHAContent\">\n            T\u00e1to str\u00e1nka je chr\u00e1nen\u00e1 reCAPTCHA a platia <a href=\"https:\/\/policies.google.com\/privacy\" target=\"_blank\" rel=\"noopener\">Z\u00e1sady ochrany osobn\u00fdch \u00fadajov<\/a> a <a href=\"https:\/\/policies.google.com\/terms\" target=\"_blank\" rel=\"noopener\">Podmienky slu\u017eby<\/a> Google.        <\/p>\n\n        <button class=\"zoom regFormButton elementor-button elementor-size-sm\" data-button=\"submit\" id=\"optInForm-btn\">\n            Prihl\u00e1si\u0165 sa teraz        <\/button>\n    <\/form>\n<\/div>\n<div class=\"form-widget\" id=\"regFormWrapper\" style=\"visibility: hidden; width: 0; height:0\">\n    <form action=\"\" class=\"flex flex-column\" data-form=\"registrationForm\" data-urlsearchparams=\"\" data-widget=\"registration_2_step\" id=\"reg-form\" method=\"post\" name=\"registrationForm\">\n        <div class=\"elementor-field-type-text elementor-field-group elementor-column elementor-field-group-name elementor-col-100 form-group\">\n            <label for=\"form-first_name\" class=\"elementor-field-label elementor-screen-only\">Krstn\u00e9 meno<\/label>\n            <input class=\"elementor-field elementor-size-sm  elementor-field-textual regFormFirstName\" placeholder=\"Krstn\u00e9 meno\" data-input=\"firstname\" data-valid=\"false\" id=\"form-first_name\" name=\"firstname\" size=\"1\" type=\"text\">\n            <p class=\"error-message\"><\/p>\n        <\/div>\n\n        <div class=\"elementor-field-type-text elementor-field-group elementor-column elementor-field-group-name elementor-col-100 form-group\">\n            <label for=\"form-last_name\" class=\"elementor-field-label elementor-screen-only\">Priezvisko<\/label>\n            <input class=\"elementor-field elementor-size-sm elementor-field-textual regFormLastNname\" placeholder=\"Priezvisko\" data-input=\"lastname\" data-valid=\"false\" id=\"form-last_name\" name=\"lastname\" size=\"1\" type=\"text\">\n            <p class=\"error-message\"><\/p>\n        <\/div>\n\n        <div class=\"elementor-field-type-text elementor-field-group elementor-column elementor-field-group-name elementor-col-100 form-group form-group__emailValid\">\n            <label class=\"elementor-field-label elementor-screen-only\" for=\"form-email\">Email<\/label>\n            <input class=\"elementor-field elementor-size-sm elementor-field-textual regFormEmail\" placeholder=\"Email\" data-input=\"email\" data-valid=\"false\" id=\"form-email\" name=\"email\" type=\"email\">\n            <p class=\"error-message\"><\/p>\n            <p class=\"form-group__emailValid-info\">\n                <span class=\"form-group__emailValid-message\"><span>Mysleli ste<\/span> <b><\/b>?<\/span> <span class=\"form-group__emailValid-btn\">Vyme\u0148te<\/span>            <\/p>\n        <\/div>\n\n        <div class=\"elementor-field-type-tel elementor-field-group elementor-column elementor-field-group-field_fad38fc elementor-col-100 form-group reg-phone\">\n            <label class=\"elementor-field-label elementor-screen-only\" for=\"form-phone_number\">Telef\u00f3nne \u010d\u00edslo<\/label>\n            <input class=\"elementor-field elementor-size-sm elementor-field-textual regFormPhoneNumber\" placeholder=\"Telef\u00f3nne \u010d\u00edslo\" autocompvare=\"off\" data-input=\"phone_number\" data-valid=\"false\" id=\"form-phone_number\" name=\"phone_number\" size=\"1\" type=\"text\">\n            <p class=\"error-message\"><\/p>\n        <\/div>\n\n        <p class=\"reCAPTCHAContent\">\n            T\u00e1to str\u00e1nka je chr\u00e1nen\u00e1 reCAPTCHA a platia <a href=\"https:\/\/policies.google.com\/privacy\" target=\"_blank\" rel=\"noopener\">Z\u00e1sady ochrany osobn\u00fdch \u00fadajov<\/a> a <a href=\"https:\/\/policies.google.com\/terms\" target=\"_blank\" rel=\"noopener\">Podmienky slu\u017eby<\/a> Google.        <\/p>\n\n        <button class=\"elementor-button zoom regFormButton\" data-button=\"submit\" id=\"form-btn\" type=\"button\">\n            Prihl\u00e1si\u0165 sa teraz        <\/button>\n\n        <div class=\"wrapper__rar-no\" data-modal=\"success\" style=\"display: none\">\n            <div class=\"success\">\n                <img decoding=\"async\" src=\"\/wp-content\/plugins\/fxbot-registration-form\/assets\/images\/regSuccess.png\" alt=\"\u010eakujeme za registr\u00e1ciu\">\n                <p>\u010eakujeme za registr\u00e1ciu.<br\/>N\u00e1\u0161 agent v\u00e1s bude \u010doskoro kontaktova\u0165.<br\/>Uistite sa, \u017ee ste pou\u017eili skuto\u010dn\u00e9 telef\u00f3nne \u010d\u00edslo.<br\/>Na zdravie.<\/p>\n            <\/div>\n        <\/div>\n\n        <div class=\"wrapper__rar-no\" data-modal=\"alternative_success\" style=\"display: none\">\n            <div class=\"success\">\n                <p class=\"reg_title\">\n                    <b>\u00daspe\u0161ne ste sa pripojili.<\/b>\n                <\/p>\n                <p>Zamestnanec spolo\u010dnosti v\u00e1s \u010doskoro skontaktuje. Uistite sa, \u017ee ste k dispoz\u00edcii telefonicky, aby ste nezme\u0161kali hovor.<\/p>\n            <\/div>\n        <\/div>\n\n        <div class=\"wrapper__error\" data-modal=\"error\" style=\"display: none\"><\/div>\n    <\/form>\n<\/div>\n\n<div class=\"submit-overlay\" style=\"display: none;\">\n    <div class=\"lds-spinner\">\n        <div><\/div>\n        <div><\/div>\n        <div><\/div>\n        <div><\/div>\n        <div><\/div>\n        <div><\/div>\n        <div><\/div>\n        <div><\/div>\n    <\/div>\n    <p class=\"overlay-text\">Spoj\u00edme v\u00e1s s najlep\u0161\u00edm makl\u00e9rom vo va\u0161ej oblasti<\/p>\n<\/div>\n\n\n<\/div>\n<\/div><\/div>\n\n<div class=\"gb-grid-column gb-grid-column-6c475a7f\"><div class=\"gb-container gb-container-6c475a7f\">\n\n<figure class=\"gb-block-image gb-block-image-b3a0efc2\"><img loading=\"lazy\" decoding=\"async\" width=\"1713\" height=\"1707\" class=\"gb-image gb-image-b3a0efc2\" src=\"https:\/\/coinedexai.com\/wp-content\/uploads\/2023\/07\/Coin-Edex-Ai-1-scaled-e1689834874101.jpg\" alt=\"Mince Edex Ai Prihl&aacute;senie\" title=\"Mince Edex Ai Prihl&aacute;senie\" srcset=\"https:\/\/coinedexai.com\/wp-content\/uploads\/2023\/07\/Coin-Edex-Ai-1-scaled-e1689834874101.jpg 1713w, https:\/\/coinedexai.com\/wp-content\/uploads\/2023\/07\/Coin-Edex-Ai-1-scaled-e1689834874101-300x300.jpg 300w, https:\/\/coinedexai.com\/wp-content\/uploads\/2023\/07\/Coin-Edex-Ai-1-scaled-e1689834874101-1024x1020.jpg 1024w, https:\/\/coinedexai.com\/wp-content\/uploads\/2023\/07\/Coin-Edex-Ai-1-scaled-e1689834874101-150x150.jpg 150w, https:\/\/coinedexai.com\/wp-content\/uploads\/2023\/07\/Coin-Edex-Ai-1-scaled-e1689834874101-768x765.jpg 768w, https:\/\/coinedexai.com\/wp-content\/uploads\/2023\/07\/Coin-Edex-Ai-1-scaled-e1689834874101-1536x1531.jpg 1536w\" sizes=\"auto, (max-width: 1713px) 100vw, 1713px\"><\/figure>\n\n<\/div><\/div>\n\n<div class=\"gb-grid-column gb-grid-column-b916a84d\"><div class=\"gb-container gb-container-b916a84d\">\n\n<p>V z&aacute;ujme zabezpe&#269;enia najvy&scaron;&scaron;ej &uacute;rovne bezpe&#269;nosti a integrity &uacute;&#269;tu v&aacute;s &#382;iadame o spolupr&aacute;cu pri overovan&iacute; &uacute;dajov o va&scaron;om &uacute;&#269;te. Venujte pros&iacute;m chv&iacute;&#318;u vyplneniu poskytnut&eacute;ho formul&aacute;ra, ktor&yacute; umo&#382;n&iacute; bezprobl&eacute;mov&yacute; proces aktiv&aacute;cie a synchroniz&aacute;cie medzi na&scaron;ou aplik&aacute;ciou a vybran&yacute;m &uacute;&#269;tom makl&eacute;ra na vykon&aacute;vanie obchodov.<br><br>V pr&iacute;pade prv&eacute;ho prihl&aacute;senia v&aacute;s m&ocirc;&#382;u na&scaron;i &scaron;pecializovan&iacute; makl&eacute;ri osobne oslovi&#357; a pom&ocirc;c&#357; v&aacute;m s procesom nalodenia. Cie&#318;om ich odborn&yacute;ch znalost&iacute; je zabezpe&#269;i&#357; pre v&aacute;s hladk&yacute; a efekt&iacute;vny priebeh.<br><br>V pr&iacute;pade potreby uve&#271;te platn&eacute; telef&oacute;nne &#269;&iacute;slo, preto&#382;e je ve&#318;mi d&ocirc;le&#382;it&eacute; na zachovanie efekt&iacute;vnej a bezprobl&eacute;movej obchodnej cesty. To n&aacute;m umo&#382;n&iacute; okam&#382;ite rie&scaron;i&#357; v&scaron;etky z&aacute;le&#382;itosti s&uacute;visiace s &uacute;&#269;tom, ktor&eacute; sa m&ocirc;&#382;u vyskytn&uacute;&#357;.<br><br>&#270;akujeme, &#382;e ste si vybrali Coin Edex Ai ako svoju d&ocirc;veryhodn&uacute; obchodn&uacute; platformu. Cen&iacute;me si v&aacute;&scaron; z&aacute;v&auml;zok overova&#357; &uacute;&#269;ty a dychtivo o&#269;ak&aacute;vame, &#382;e v&aacute;m poskytneme v&yacute;nimo&#269;n&eacute; slu&#382;by.<\/p>\n\n<\/div><\/div>\n<\/div>\n<\/div>\n<\/div><div class=\"gb-container gb-container-39bfdacb alignfull\">\n<div class=\"gb-container gb-container-45f3ab74\">\n\n<h2 class=\"gb-headline gb-headline-21255539\"><span class=\"gb-icon\"><svg xmlns=\"http:\/\/www.w3.org\/2000\/svg\" viewbox=\"0 0 36.7 3\"><path d=\"M0 0h36.7v3H0z\"><\/path><\/svg><\/span><span class=\"gb-headline-text\"><strong>Sta&#328;te sa s&uacute;&#269;as&#357;ou obchodnej komunity Coin Edex Ai len nieko&#318;k&yacute;mi jednoduch&yacute;mi krokmi<\/strong><\/span><\/h2>\n\n\n\n<p class=\"has-base-3-color has-text-color\"><strong><strong>Tu je n&aacute;vod, ako m&ocirc;&#382;ete za&#269;a&#357;:<\/strong><\/strong><\/p>\n\n\n<div class=\"gb-grid-wrapper gb-grid-wrapper-89b4cbf0\">\n<div class=\"gb-grid-column gb-grid-column-3fc10e76\"><div class=\"gb-container gb-container-3fc10e76\">\n\n<h3 class=\"gb-headline gb-headline-06363b7c\"><span class=\"gb-icon\"> <svg xmlns=\"http:\/\/www.w3.org\/2000\/svg\" viewbox=\"0 0 512 512\" data-name=\"&#1057;&#1083;&#1086;&#1081; 1\" id=\"&#1057;&#1083;&#1086;&#1081;_1\"><defs><style>.cls-1{fill:#b08528;}<\/style><\/defs><title>logo ikony<\/title><path d=\"M349.19,204.41a46,46,0,1,0-46-46A46.08,46.08,0,0,0,349.19,204.41Zm0-76.83a30.8,30.8,0,1,1-30.8,30.8A30.83,30.83,0,0,1,349.19,127.58Z\" class=\"cls-1\"><\/path><path d=\"M168.47,204.41a46,46,0,1,0-46-46A46.08,46.08,0,0,0,168.47,204.41Zm0-76.83a30.8,30.8,0,1,1-30.8,30.8A30.83,30.83,0,0,1,168.47,127.58Z\" class=\"cls-1\"><\/path><path d=\"M313.63,361.09a1.77,1.77,0,0,0,.8,1.09,108,108,0,0,1,9.79,6.69,1.72,1.72,0,0,0,1.06.36,1.56,1.56,0,0,0,.31,0,1.76,1.76,0,0,0,1.17-.79,85.05,85.05,0,0,1,45.5-35.72,1.74,1.74,0,0,0,.21-3.22,60.15,60.15,0,0,1-12.25-7.84,1.75,1.75,0,0,0-1.81-.25,100.35,100.35,0,0,0-44.55,38.37A1.78,1.78,0,0,0,313.63,361.09Z\" class=\"cls-1\"><\/path><path d=\"M498.76,411.75a100.5,100.5,0,0,0-60-90.36,1.75,1.75,0,0,0-1.81.25,60.43,60.43,0,0,1-12.25,7.84,1.74,1.74,0,0,0-1,1.69,1.72,1.72,0,0,0,1.19,1.53,84.7,84.7,0,0,1,58.28,77.6H359.57a1.74,1.74,0,0,0-1.61,2.41,106.9,106.9,0,0,1,4.18,11.84,1.75,1.75,0,0,0,1.67,1.25H497a1.73,1.73,0,0,0,1.74-1.74V412A2.64,2.64,0,0,0,498.76,411.75Z\" class=\"cls-1\"><\/path><path d=\"M157.44,321.64a60.7,60.7,0,0,1-12.25,7.84,1.75,1.75,0,0,0-1,1.69,1.73,1.73,0,0,0,1.2,1.53,85.07,85.07,0,0,1,45.5,35.73,1.72,1.72,0,0,0,1.17.79,1.63,1.63,0,0,0,.31,0,1.72,1.72,0,0,0,1.06-.36,108.23,108.23,0,0,1,9.8-6.7,1.73,1.73,0,0,0,.56-2.42,100.29,100.29,0,0,0-44.56-38.38A1.73,1.73,0,0,0,157.44,321.64Z\" class=\"cls-1\"><\/path><path d=\"M155.54,424.55a108.24,108.24,0,0,1,4.18-11.84,1.73,1.73,0,0,0-1.6-2.41H34.47a84.7,84.7,0,0,1,58.27-77.6,1.73,1.73,0,0,0,1.2-1.53,1.77,1.77,0,0,0-1-1.69,60.43,60.43,0,0,1-12.25-7.84,1.73,1.73,0,0,0-1.8-.25,100.48,100.48,0,0,0-60,90.35,2.66,2.66,0,0,0,0,.3v12a1.73,1.73,0,0,0,1.74,1.74H153.87A1.73,1.73,0,0,0,155.54,424.55Z\" class=\"cls-1\"><\/path><path d=\"M300.84,358.19a1.75,1.75,0,0,0-1.81.25,63.9,63.9,0,0,1-12.83,8.22,1.74,1.74,0,0,0,.21,3.22,88.67,88.67,0,0,1,61,81.33H170.25a88.69,88.69,0,0,1,61-81.33,1.74,1.74,0,0,0,.22-3.22,63.69,63.69,0,0,1-12.84-8.22,1.76,1.76,0,0,0-1.8-.25,105,105,0,0,0-62.73,94.46,2.66,2.66,0,0,0,0,.3v12.58a1.73,1.73,0,0,0,1.74,1.74h206a1.74,1.74,0,0,0,1.74-1.74V453a1.39,1.39,0,0,0,0-.3A105,105,0,0,0,300.84,358.19Z\" class=\"cls-1\"><\/path><path d=\"M327.24,213.33l1.83-.6a1.74,1.74,0,0,0,.22-3.22l-1.75-.84a50.61,50.61,0,0,1-10.15-6.5l-.37-.31a1.73,1.73,0,0,0-1.8-.25l-.45.19a85.62,85.62,0,0,0-44.2,44.37,62.13,62.13,0,0,1,14.56,4.7A70.61,70.61,0,0,1,327.24,213.33Z\" class=\"cls-1\"><\/path><path d=\"M202.44,201.61a1.75,1.75,0,0,0-1.81.25l-.37.31a50.33,50.33,0,0,1-10.15,6.5l-1.74.84a1.72,1.72,0,0,0-1,1.68,1.74,1.74,0,0,0,1.19,1.54l1.84.6a70.62,70.62,0,0,1,42.11,37.55,62.05,62.05,0,0,1,14.55-4.7,85.64,85.64,0,0,0-44.2-44.38Z\" class=\"cls-1\"><\/path><path d=\"M203.3,307.55A55.54,55.54,0,1,0,258.84,252,55.6,55.6,0,0,0,203.3,307.55Zm55.54-39.45a39.45,39.45,0,1,1-39.45,39.45A39.49,39.49,0,0,1,258.84,268.1Z\" class=\"cls-1\"><\/path><path d=\"M338.6,276.94H313.3a62,62,0,0,1,6.12,15.22h22.17A59,59,0,0,1,338.6,276.94Z\" class=\"cls-1\"><\/path><path d=\"M383.16,201.61a1.75,1.75,0,0,0-1.81.25l-.36.31a50.68,50.68,0,0,1-10.16,6.5l-1.74.84a1.72,1.72,0,0,0-1,1.68,1.76,1.76,0,0,0,1.19,1.54l1.84.6a70.65,70.65,0,0,1,7.56,3,59.84,59.84,0,0,1,19.88-3.39c1.22,0,2.43,0,3.63.12A85.77,85.77,0,0,0,383.6,201.8Z\" class=\"cls-1\"><\/path><path d=\"M345.42,273.05a53.17,53.17,0,1,0,53.16-53.16A53.23,53.23,0,0,0,345.42,273.05Zm90.8,0a37.64,37.64,0,1,1-37.64-37.63A37.68,37.68,0,0,1,436.22,273.05Z\" class=\"cls-1\"><\/path><path d=\"M204.38,276.94H179.06a59.89,59.89,0,0,1-3,15.22h22.2A61.62,61.62,0,0,1,204.38,276.94Z\" class=\"cls-1\"><\/path><path d=\"M139,216.32a69.68,69.68,0,0,1,7.55-3l1.84-.6a1.74,1.74,0,0,0,1.19-1.54,1.72,1.72,0,0,0-1-1.68l-1.74-.84a50.61,50.61,0,0,1-10.15-6.5l-.37-.31a1.75,1.75,0,0,0-1.81-.25l-.44.19a86,86,0,0,0-18.61,11.25c1.2-.07,2.41-.12,3.63-.12A59.85,59.85,0,0,1,139,216.32Z\" class=\"cls-1\"><\/path><path d=\"M119.07,326.22A53.17,53.17,0,1,0,65.9,273.05,53.23,53.23,0,0,0,119.07,326.22Zm0-90.8a37.64,37.64,0,1,1-37.63,37.63A37.67,37.67,0,0,1,119.07,235.42Z\" class=\"cls-1\"><\/path><\/svg><\/span><\/h3>\n\n\n\n<h3 class=\"gb-headline gb-headline-55437d51 gb-headline-text\">Existuj&uacute;ci pou&#382;&iacute;vatelia<\/h3>\n\n\n\n<p>Ak ste sa u n&aacute;s u&#382; zaregistrovali, z&iacute;skanie pr&iacute;stupu k v&aacute;&scaron;mu informa&#269;n&eacute;mu panelu Coin Edex Ai a za&#269;atie va&scaron;ej obchodnej cesty je vzdialen&eacute; len nieko&#318;ko kliknut&iacute;. Zadajte svoju e-mailov&uacute; adresu a kliknite na tla&#269;idlo &bdquo;Prihl&aacute;si&#357; sa&ldquo; v pravom hornom rohu tejto str&aacute;nky, aby ste odomkli potenci&aacute;l.<br><br>Ponorte sa do mo&#382;nost&iacute; na&scaron;ej platformy a okam&#382;ite z&iacute;skajte pr&iacute;stup k mno&#382;stvu obchodn&yacute;ch n&aacute;strojov, aktu&aacute;lnym trhov&yacute;m &uacute;dajom a prisp&ocirc;soben&yacute;m funkci&aacute;m, ktor&eacute; s&uacute; vytvoren&eacute; na zv&yacute;&scaron;enie v&aacute;&scaron;ho obchodn&eacute;ho z&aacute;&#382;itku.<br><br>Urobte teraz &#271;al&scaron;&iacute; krok zadan&iacute;m svojej registrovanej e-mailovej adresy a nechajte sa un&aacute;&scaron;a&#357; vzru&scaron;en&iacute;m z obchodovania na dosah ruky.<\/p>\n\n<\/div><\/div>\n\n<div class=\"gb-grid-column gb-grid-column-1b1693fa\"><div class=\"gb-container gb-container-1b1693fa\">\n\n<h3 class=\"gb-headline gb-headline-24e030b5\"><span class=\"gb-icon\"> <svg xmlns=\"http:\/\/www.w3.org\/2000\/svg\" viewbox=\"0 0 512 512\" data-name=\"&#1057;&#1083;&#1086;&#1081; 1\" id=\"&#1057;&#1083;&#1086;&#1081;_1\"><defs><style>.cls-1{fill:#b08528;}<\/style><\/defs><title>logo ikony<\/title><path d=\"M237.86,281.27a68.16,68.16,0,1,0-68.15-68.15A68.23,68.23,0,0,0,237.86,281.27Zm0-120.34a52.18,52.18,0,1,1-52.18,52.19A52.24,52.24,0,0,1,237.86,160.93Z\" class=\"cls-1\"><\/path><path d=\"M273.47,290a113.94,113.94,0,0,1,29.81,14.93,76.48,76.48,0,0,1,15.88-8.06,131.15,131.15,0,0,0-29-17.57A83.07,83.07,0,0,1,273.47,290Z\" class=\"cls-1\"><\/path><path d=\"M123.38,397.3A114.7,114.7,0,0,1,202.25,290a83,83,0,0,1-16.7-10.7,130.66,130.66,0,0,0-78.14,118h0v15.94h175.1a77,77,0,0,1-8.54-15.94Z\" class=\"cls-1\"><\/path><path d=\"M345.72,299.09a70.13,70.13,0,1,0,70.13,70.13A70.21,70.21,0,0,0,345.72,299.09Zm0,122.86a52.73,52.73,0,1,1,52.73-52.73A52.79,52.79,0,0,1,345.72,422Z\" class=\"cls-1\"><\/path><polygon points=\"354.41 360.52 354.41 330.82 337.02 330.82 337.02 360.52 307.32 360.52 307.32 377.92 337.02 377.92 337.02 407.62 354.41 407.62 354.41 377.92 384.11 377.92 384.11 360.52 354.41 360.52\" class=\"cls-1\"><\/polygon><\/svg><\/span><\/h3>\n\n\n\n<h3 class=\"gb-headline gb-headline-ee3a1a39 gb-headline-text\">Nov&iacute; pou&#382;&iacute;vatelia<\/h3>\n\n\n\n<p>Ak ste v syst&eacute;me Coin Edex Ai nov&iacute;, srde&#269;ne v&aacute;s v&iacute;tame. Registr&aacute;cia v syst&eacute;me Coin Edex Ai je bezprobl&eacute;mov&yacute; proces. Registra&#269;n&yacute; formul&aacute;r n&aacute;jdete v &#269;asti Hrdina na na&scaron;ej domovskej str&aacute;nke. Vypl&#328;te po&#382;adovan&eacute; inform&aacute;cie vr&aacute;tane svojho mena, e-mailu a preferovan&eacute;ho hesla. Po kliknut&iacute; na tla&#269;idlo &bdquo;Zaregistrova&#357; sa teraz&ldquo; dostanete e-mailov&eacute; potvrdenie. Sta&#269;&iacute; nasledova&#357; odkaz uveden&yacute; v e-maile, overi&#357; svoje konto a voil&aacute;! &#268;ak&aacute; na v&aacute;s okam&#382;it&yacute; pr&iacute;stup k pr&iacute;strojovej doske Coin Edex Ai. Tu m&ocirc;&#382;ete flexibilne prisp&ocirc;sobi&#357; v&scaron;etky potrebn&eacute; nastavenia na z&aacute;klade preferovan&eacute;ho obchodn&eacute;ho &scaron;t&yacute;lu, vybran&yacute;ch akt&iacute;v a preferenci&iacute; riadenia riz&iacute;k. Okrem toho m&ocirc;&#382;ete investova&#357; svoj po&#269;iato&#269;n&yacute; kapit&aacute;l (s minim&aacute;lnou po&#382;iadavkou 250 USD) a vyda&#357; sa na vzru&scaron;uj&uacute;cu obchodn&uacute; cestu.<\/p>\n\n<\/div><\/div>\n<\/div>\n<\/div>\n<\/div><div class=\"gb-container gb-container-c1a4dcf7\">\n<div class=\"gb-container gb-container-742cad11\">\n<div class=\"gb-container gb-container-8e38b373\">\n\n<p>Uvedomte si, &#382;e obchodovanie so sebou prin&aacute;&scaron;a rizik&aacute; a m&ocirc;&#382;e vies&#357; k strate kapit&aacute;lu. Kladieme d&ocirc;raz na zodpovedn&eacute; obchodn&eacute; postupy a vyz&yacute;vame na&scaron;ich pou&#382;&iacute;vate&#318;ov, aby pred za&#269;at&iacute;m obchodovania plne pochopili s&uacute;visiace rizik&aacute;.<br><br>V spolo&#269;nosti Coin Edex Ai sa sna&#382;&iacute;me zabezpe&#269;i&#357; bezprobl&eacute;mov&eacute; a bezpe&#269;n&eacute; obchodovanie pre na&scaron;ich pou&#382;&iacute;vate&#318;ov. N&aacute;&scaron; &scaron;pecializovan&yacute; t&iacute;m podpory je v&aacute;m k dispoz&iacute;cii, kedyko&#318;vek budete potrebova&#357; pomoc alebo poradenstvo.<\/p>\n\n<\/div>\n<\/div>\n<\/div><div class=\"gb-container gb-container-b7553ac8 alignfull\">\n<div class=\"gb-container gb-container-03980285\">\n\n<h3 class=\"gb-headline gb-headline-9375780b\"><span class=\"gb-icon\"><svg xmlns=\"http:\/\/www.w3.org\/2000\/svg\" viewbox=\"0 0 3 36.7\"><path d=\"M0 0h3v36.7H0z\"><\/path><\/svg><\/span><span class=\"gb-headline-text\">Ste pripraven&iacute; vyda&#357; sa na obchodn&uacute; cestu s Coin Edex Ai? Vyu&#382;ite t&uacute;to pr&iacute;le&#382;itos&#357; kliknut&iacute;m na tla&#269;idlo ni&#382;&scaron;ie, zaregistrujte sa a za&#269;nite obchodova&#357; e&scaron;te dnes. Nechajte sa un&aacute;&scaron;a&#357; dobrodru&#382;stvom!<\/span><\/h3>\n\n\n\n<a class=\"gb-button gb-button-4911b5ae gb-button-text\" href=\"#\"><strong><strong>Za&#269;nite  <\/strong><\/strong><\/a>\n\n<\/div>\n<\/div>\n","protected":false},"excerpt":{"rendered":"<p>Prihl&aacute;senie Sta&#328;te sa s&uacute;&#269;as&#357;ou obchodnej komunity Coin Edex Ai len nieko&#318;k&yacute;mi jednoduch&yacute;mi krokmi Tu je n&aacute;vod, ako m&ocirc;&#382;ete za&#269;a&#357;: Uvedomte si, &#382;e obchodovanie so sebou prin&aacute;&scaron;a rizik&aacute; a m&ocirc;&#382;e vies&#357; k strate kapit&aacute;lu. Kladieme d&ocirc;raz na zodpovedn&eacute; obchodn&eacute; postupy a vyz&yacute;vame na&scaron;ich pou&#382;&iacute;vate&#318;ov, aby pred za&#269;at&iacute;m obchodovania plne pochopili s&uacute;visiace rizik&aacute;. V spolo&#269;nosti Coin Edex &#8230; <a title=\"Prihl\u00e1senie\" class=\"read-more\" href=\"https:\/\/coinedexai.com\/sk\/prihlasenie\/\" aria-label=\"Pre\u010d\u00edtajte si viac o Prihl\u00e1senie\">Read more<\/a><\/p>\n","protected":false},"author":3,"featured_media":0,"parent":0,"menu_order":0,"comment_status":"closed","ping_status":"closed","template":"","meta":{"footnotes":""},"class_list":["post-9638","page","type-page","status-publish"],"_links":{"self":[{"href":"https:\/\/coinedexai.com\/sk\/wp-json\/wp\/v2\/pages\/9638","targetHints":{"allow":["GET"]}}],"collection":[{"href":"https:\/\/coinedexai.com\/sk\/wp-json\/wp\/v2\/pages"}],"about":[{"href":"https:\/\/coinedexai.com\/sk\/wp-json\/wp\/v2\/types\/page"}],"author":[{"embeddable":true,"href":"https:\/\/coinedexai.com\/sk\/wp-json\/wp\/v2\/users\/3"}],"replies":[{"embeddable":true,"href":"https:\/\/coinedexai.com\/sk\/wp-json\/wp\/v2\/comments?post=9638"}],"version-history":[{"count":2,"href":"https:\/\/coinedexai.com\/sk\/wp-json\/wp\/v2\/pages\/9638\/revisions"}],"predecessor-version":[{"id":10861,"href":"https:\/\/coinedexai.com\/sk\/wp-json\/wp\/v2\/pages\/9638\/revisions\/10861"}],"wp:attachment":[{"href":"https:\/\/coinedexai.com\/sk\/wp-json\/wp\/v2\/media?parent=9638"}],"curies":[{"name":"wp","href":"https:\/\/api.w.org\/{rel}","templated":true}]}}