{"id":9568,"date":"2020-09-18T14:37:23","date_gmt":"2020-09-18T14:37:23","guid":{"rendered":"https:\/\/coinedexai.com\/kontakta\/"},"modified":"2024-11-15T08:29:49","modified_gmt":"2024-11-15T08:29:49","slug":"kontakta","status":"publish","type":"page","link":"https:\/\/coinedexai.com\/sv\/kontakta\/","title":{"rendered":"Kontakta"},"content":{"rendered":"<?xml encoding=\"UTF-8\"><div class=\"gb-container gb-container-4741bdba\">\n<div class=\"gb-container gb-container-287f468b\">\n\n<h1 class=\"gb-headline gb-headline-9ccd8424 gb-headline-text\"><strong>Kontakta<\/strong><\/h1>\n\n<\/div>\n<\/div><div class=\"gb-container gb-container-9088b8cf\">\n<div class=\"gb-container gb-container-00a7acd7\">\n<nav aria-label=\"breadcrumbs\" class=\"rank-math-breadcrumb\"><p><span class=\"last\">Home<\/span><\/p><\/nav>\n\n<\/div>\n<\/div><div class=\"gb-container gb-container-ffc50187\">\n<div class=\"gb-grid-wrapper gb-grid-wrapper-03184bbb\">\n<div class=\"gb-grid-column gb-grid-column-dceab908\"><div class=\"gb-container gb-container-dceab908\">\n\n<h2 class=\"gb-headline gb-headline-39054f42 gb-headline-text\">Ta kontakt med Coin Edex Ai: Vi finns h&auml;r f&ouml;r dig<\/h2>\n\n\n\n<p>Dina fr&aring;gor och din feedback &auml;r viktiga f&ouml;r Coin Edex Ai<br><br>P&aring; Coin Edex Ai s&auml;tter vi stort v&auml;rde p&aring; dina fr&aring;gor, kommentarer och synpunkter. Oavsett om du beh&ouml;ver hj&auml;lp med ditt konto, har fr&aring;gor om v&aring;r plattform eller bara vill dela med dig av dina tankar, &auml;r vi fast beslutna att ge dig orubblig support.<br><br>V&aring;r kundsupport hj&auml;lper dig g&auml;rna med eventuella fr&aring;gor, men vi rekommenderar att du kontaktar v&aring;ra m&auml;klare direkt om du har handelsrelaterade fr&aring;gor. Om du &auml;nnu inte har ing&aring;tt partnerskap med en m&auml;klare f&ouml;r utf&ouml;rande av order kan du meddela oss s&aring; kontaktar vi dig direkt med en av v&aring;ra betrodda m&auml;klare. Din handelsresa &auml;r v&aring;r h&ouml;gsta prioritet, och vi finns h&auml;r f&ouml;r att v&auml;gleda dig varje steg p&aring; v&auml;gen.<br><br>Om du vill komma i kontakt med v&aring;r kundtj&auml;nst kan du enkelt n&aring; oss via e-post p&aring; info@coinedexai.com. Alternativt kan du fylla i det formul&auml;r som finns p&aring; v&aring;r webbplats, och en av v&aring;ra representanter kommer omedelbart att svara p&aring; ditt meddelande. Att du &auml;r n&ouml;jd och lyckas med din kryptohandel &auml;r k&auml;rnan i v&aring;rt &aring;tagande gentemot dig.<\/p>\n\n<\/div><\/div>\n\n<div class=\"gb-grid-column gb-grid-column-eb2e4b7f\"><div class=\"gb-container gb-container-eb2e4b7f\">\n\n<p class=\"gb-headline gb-headline-92b71e6d gb-headline-text\"><strong>Kontakta oss &amp; gratis registrering<\/strong><\/p>\n\n\n    <script>\n        localStorage.setItem('fxbot_ab_testing', '{\"login\":[],\"registration\":[],\"contactus\":[]}');\n    <\/script>\n    <style>\n        .reCAPTCHAContent {\n            display: none;\n            visibility: hidden;\n        }\n    <\/style>\n\n\n<script>\n    localStorage.setItem('fxbot_api_parameters', '[{\"key\":\"emailmarketing\",\"value\":\"1\",\"override\":true},{\"key\":\"funnel\",\"value\":\"Coin Edex\",\"override\":true}]');\n    localStorage.setItem('fxbot_alias_url', 'wp-content\/plugins\/fxbot-registration-form\/api.php');\n    localStorage.setItem('fxbot_email_marketing', '1');\n    localStorage.setItem('fxbot_email_marketing_debounce', 'true');\n    localStorage.setItem('fxbot_email_marketing_debounce_time', '1000');\n    localStorage.setItem('fxbot_recaptcha_enabled', 'false');\n    localStorage.setItem('fxbot_recaptcha_site_key', 'EMPTY');\n    localStorage.setItem('fxbot_alt_reg_popup_query_selector', '');\n    localStorage.setItem('fxbot_redirectVariant', '0');\n<\/script>\n<div class=\"form-widget\" id=\"optInFormWrapper\">\n    <form action=\"\" class=\"flex flex-column\" data-form=\"optInForm\" data-urlsearchparams=\"\" data-widget=\"registration_2_step\" id=\"opt-form\" method=\"post\" name=\"optInForm\">\n        <div class=\"elementor-field-type-text elementor-field-group elementor-column elementor-field-group-name elementor-col-100 form-group\">\n            <label for=\"form-first_name\" class=\"elementor-field-label elementor-screen-only\">F\u00f6rnamn<\/label>\n            <input class=\"elementor-field elementor-size-sm  elementor-field-textual regFormFirstName\" placeholder=\"F\u00f6rnamn\" data-input=\"firstname\" data-valid=\"false\" id=\"form-first_name\" name=\"firstname\" size=\"1\" type=\"text\">\n            <p class=\"error-message\"><\/p>\n        <\/div>\n\n        <div class=\"elementor-field-type-text elementor-field-group elementor-column elementor-field-group-name elementor-col-100 form-group\">\n            <label for=\"form-last_name\" class=\"elementor-field-label elementor-screen-only\">Efternamn<\/label>\n            <input class=\"elementor-field elementor-size-sm elementor-field-textual regFormLastNname\" placeholder=\"Efternamn\" data-input=\"lastname\" data-valid=\"false\" id=\"form-last_name\" name=\"lastname\" size=\"1\" type=\"text\">\n            <p class=\"error-message\"><\/p>\n        <\/div>\n\n        <div class=\"form-group elementor-field-type-text elementor-field-group elementor-column elementor-field-group-name elementor-col-100\">\n            <label class=\"elementor-field-label elementor-screen-only\" for=\"form-email\">E-post<\/label>\n            <input class=\"regFormEmail elementor-field elementor-size-sm elementor-field-textual\" placeholder=\"E-post\" data-input=\"email\" data-valid=\"false\" id=\"form-email\" name=\"email\" type=\"email\">\n            <p class=\"error-message\"><\/p>\n            <div class=\"form-group__emailValid-info\">\n                <span class=\"form-group__emailValid-message\"><span>Menade du<\/span> <b><\/b>?<\/span> <span class=\"form-group__emailValid-btn\">Byta ut<\/span>            <\/div>\n        <\/div>\n\n        <p class=\"reCAPTCHAContent\">\n            Denna sida skyddas av reCAPTCHA och <a href=\"https:\/\/policies.google.com\/privacy\" target=\"_blank\" rel=\"noopener\">Googles sekretesspolicy<\/a> och <a href=\"https:\/\/policies.google.com\/terms\" target=\"_blank\" rel=\"noopener\">anv\u00e4ndarvillkor<\/a> g\u00e4ller.        <\/p>\n\n        <button class=\"zoom regFormButton elementor-button elementor-size-sm\" data-button=\"submit\" id=\"optInForm-btn\">\n            Submit        <\/button>\n    <\/form>\n<\/div>\n<div class=\"form-widget\" id=\"regFormWrapper\" style=\"visibility: hidden; width: 0; height:0\">\n    <form action=\"\" class=\"flex flex-column\" data-form=\"registrationForm\" data-urlsearchparams=\"\" data-widget=\"registration_2_step\" id=\"reg-form\" method=\"post\" name=\"registrationForm\">\n        <div class=\"elementor-field-type-text elementor-field-group elementor-column elementor-field-group-name elementor-col-100 form-group\">\n            <label for=\"form-first_name\" class=\"elementor-field-label elementor-screen-only\">F\u00f6rnamn<\/label>\n            <input class=\"elementor-field elementor-size-sm  elementor-field-textual regFormFirstName\" placeholder=\"F\u00f6rnamn\" data-input=\"firstname\" data-valid=\"false\" id=\"form-first_name\" name=\"firstname\" size=\"1\" type=\"text\">\n            <p class=\"error-message\"><\/p>\n        <\/div>\n\n        <div class=\"elementor-field-type-text elementor-field-group elementor-column elementor-field-group-name elementor-col-100 form-group\">\n            <label for=\"form-last_name\" class=\"elementor-field-label elementor-screen-only\">Efternamn<\/label>\n            <input class=\"elementor-field elementor-size-sm elementor-field-textual regFormLastNname\" placeholder=\"Efternamn\" data-input=\"lastname\" data-valid=\"false\" id=\"form-last_name\" name=\"lastname\" size=\"1\" type=\"text\">\n            <p class=\"error-message\"><\/p>\n        <\/div>\n\n        <div class=\"elementor-field-type-text elementor-field-group elementor-column elementor-field-group-name elementor-col-100 form-group form-group__emailValid\">\n            <label class=\"elementor-field-label elementor-screen-only\" for=\"form-email\">E-post<\/label>\n            <input class=\"elementor-field elementor-size-sm elementor-field-textual regFormEmail\" placeholder=\"E-post\" data-input=\"email\" data-valid=\"false\" id=\"form-email\" name=\"email\" type=\"email\">\n            <p class=\"error-message\"><\/p>\n            <p class=\"form-group__emailValid-info\">\n                <span class=\"form-group__emailValid-message\"><span>Menade du<\/span> <b><\/b>?<\/span> <span class=\"form-group__emailValid-btn\">Byta ut<\/span>            <\/p>\n        <\/div>\n\n        <div class=\"elementor-field-type-tel elementor-field-group elementor-column elementor-field-group-field_fad38fc elementor-col-100 form-group reg-phone\">\n            <label class=\"elementor-field-label elementor-screen-only\" for=\"form-phone_number\">Telefonnummer<\/label>\n            <input class=\"elementor-field elementor-size-sm elementor-field-textual regFormPhoneNumber\" placeholder=\"Telefonnummer\" autocompvare=\"off\" data-input=\"phone_number\" data-valid=\"false\" id=\"form-phone_number\" name=\"phone_number\" size=\"1\" type=\"text\">\n            <p class=\"error-message\"><\/p>\n        <\/div>\n\n        <p class=\"reCAPTCHAContent\">\n            Denna sida skyddas av reCAPTCHA och <a href=\"https:\/\/policies.google.com\/privacy\" target=\"_blank\" rel=\"noopener\">Googles sekretesspolicy<\/a> och <a href=\"https:\/\/policies.google.com\/terms\" target=\"_blank\" rel=\"noopener\">anv\u00e4ndarvillkor<\/a> g\u00e4ller.        <\/p>\n\n        <button class=\"elementor-button zoom regFormButton\" data-button=\"submit\" id=\"form-btn\" type=\"button\">\n            Submit        <\/button>\n\n        <div class=\"wrapper__rar-no\" data-modal=\"success\" style=\"display: none\">\n            <div class=\"success\">\n                <img decoding=\"async\" src=\"\/wp-content\/plugins\/fxbot-registration-form\/assets\/images\/regSuccess.png\" alt=\"Tack f\u00f6r registreringen\">\n                <p>Tack f\u00f6r registreringen.<br\/>V\u00e5r agent kommer att kontakta dig inom kort.<br\/>Se till att du anv\u00e4nde det faktiska telefonnumret.<br\/>Sk\u00e5l.<\/p>\n            <\/div>\n        <\/div>\n\n        <div class=\"wrapper__rar-no\" data-modal=\"alternative_success\" style=\"display: none\">\n            <div class=\"success\">\n                <p class=\"reg_title\">\n                    <b>Du har anslutit framg\u00e5ngsrikt.<\/b>\n                <\/p>\n                <p>En representant fr\u00e5n f\u00f6retaget kommer att kontakta dig inom kort. Se till att du \u00e4r tillg\u00e4nglig per telefon f\u00f6r att inte missa samtalet.<\/p>\n            <\/div>\n        <\/div>\n\n        <div class=\"wrapper__error\" data-modal=\"error\" style=\"display: none\"><\/div>\n    <\/form>\n<\/div>\n\n<div class=\"submit-overlay\" style=\"display: none;\">\n    <div class=\"lds-spinner\">\n        <div><\/div>\n        <div><\/div>\n        <div><\/div>\n        <div><\/div>\n        <div><\/div>\n        <div><\/div>\n        <div><\/div>\n        <div><\/div>\n    <\/div>\n    <p class=\"overlay-text\">Ansluter dig till den b\u00e4sta m\u00e4klaren i ditt omr\u00e5de<\/p>\n<\/div>\n\n\n<\/div><\/div>\n<\/div>\n<\/div><div class=\"gb-container gb-container-12372299\">\n<div class=\"gb-container gb-container-efc8bf99\">\n<div class=\"gb-grid-wrapper gb-grid-wrapper-5a3bd3a6\">\n<div class=\"gb-grid-column gb-grid-column-776fee10\"><div class=\"gb-container gb-container-776fee10\">\n\n<figure class=\"gb-block-image gb-block-image-9c14dcbf\"><img loading=\"lazy\" decoding=\"async\" width=\"2144\" height=\"1707\" class=\"gb-image gb-image-9c14dcbf\" src=\"https:\/\/coinedexai.com\/wp-content\/uploads\/2023\/07\/Coin-Edex-Ai-10-scaled-e1689834532155.jpg\" alt=\"Coin Edex Ai Kontakt\" title=\"Coin Edex Ai Kontakt\" srcset=\"https:\/\/coinedexai.com\/wp-content\/uploads\/2023\/07\/Coin-Edex-Ai-10-scaled-e1689834532155.jpg 2144w, https:\/\/coinedexai.com\/wp-content\/uploads\/2023\/07\/Coin-Edex-Ai-10-scaled-e1689834532155-300x239.jpg 300w, https:\/\/coinedexai.com\/wp-content\/uploads\/2023\/07\/Coin-Edex-Ai-10-scaled-e1689834532155-1024x815.jpg 1024w, https:\/\/coinedexai.com\/wp-content\/uploads\/2023\/07\/Coin-Edex-Ai-10-scaled-e1689834532155-768x611.jpg 768w, https:\/\/coinedexai.com\/wp-content\/uploads\/2023\/07\/Coin-Edex-Ai-10-scaled-e1689834532155-1536x1223.jpg 1536w, https:\/\/coinedexai.com\/wp-content\/uploads\/2023\/07\/Coin-Edex-Ai-10-scaled-e1689834532155-2048x1631.jpg 2048w\" sizes=\"auto, (max-width: 2144px) 100vw, 2144px\"><\/figure>\n\n<\/div><\/div>\n\n<div class=\"gb-grid-column gb-grid-column-5d979b36\"><div class=\"gb-container gb-container-5d979b36\">\n\n<p class=\"has-base-3-color has-text-color\">Ta g&auml;rna kontakt med Coin Edex Ai &ndash; Alltid tillg&auml;nglig, alltid f&ouml;rb&auml;ttrad<br><br>P&aring; Coin Edex Ai v&auml;lkomnar vi dina f&ouml;rfr&aring;gningar och v&auml;rdes&auml;tter dina synpunkter, dygnet runt. T&auml;nk dock p&aring; att v&aring;rt dedikerade team behandlar dem under v&aring;ra ordinarie arbetstider, som str&auml;cker sig fr&aring;n m&aring;ndag till fredag, kl. 9.00-18.00, UTC+8.<br><br>N&auml;r det dynamiska kryptohandelslandskapet utvecklas &auml;r vi p&aring; Coin Edex Ai engagerade i att kontinuerligt f&ouml;rb&auml;ttra din handelsupplevelse. Din feedback &auml;r av yttersta vikt f&ouml;r oss, och vi ser fram emot att h&ouml;ra fr&aring;n dig. Tveka inte att kontakta oss &ndash; vi finns h&auml;r f&ouml;r att lyssna, st&ouml;dja och f&ouml;rb&auml;ttra din resa i v&auml;rlden av kryptovalutahandel.<\/p>\n\n\n\n<p class=\"has-base-3-color has-text-color\"><strong>E-post:<\/strong> info@coinedexai.com<\/p>\n\n\n\n<p class=\"has-base-3-color has-text-color\"><strong>Adress:<\/strong> WeWork Bengaluru VR Bengaluru: Devasandra Industrial Estate, Mahadevapura, Bengaluru, Indien<\/p>\n\n<\/div><\/div>\n<\/div>\n<\/div>\n<\/div>\n","protected":false},"excerpt":{"rendered":"<p>Kontakta<\/p>\n","protected":false},"author":3,"featured_media":0,"parent":0,"menu_order":0,"comment_status":"closed","ping_status":"closed","template":"","meta":{"footnotes":""},"class_list":["post-9568","page","type-page","status-publish"],"_links":{"self":[{"href":"https:\/\/coinedexai.com\/sv\/wp-json\/wp\/v2\/pages\/9568","targetHints":{"allow":["GET"]}}],"collection":[{"href":"https:\/\/coinedexai.com\/sv\/wp-json\/wp\/v2\/pages"}],"about":[{"href":"https:\/\/coinedexai.com\/sv\/wp-json\/wp\/v2\/types\/page"}],"author":[{"embeddable":true,"href":"https:\/\/coinedexai.com\/sv\/wp-json\/wp\/v2\/users\/3"}],"replies":[{"embeddable":true,"href":"https:\/\/coinedexai.com\/sv\/wp-json\/wp\/v2\/comments?post=9568"}],"version-history":[{"count":3,"href":"https:\/\/coinedexai.com\/sv\/wp-json\/wp\/v2\/pages\/9568\/revisions"}],"predecessor-version":[{"id":10884,"href":"https:\/\/coinedexai.com\/sv\/wp-json\/wp\/v2\/pages\/9568\/revisions\/10884"}],"wp:attachment":[{"href":"https:\/\/coinedexai.com\/sv\/wp-json\/wp\/v2\/media?parent=9568"}],"curies":[{"name":"wp","href":"https:\/\/api.w.org\/{rel}","templated":true}]}}