{"id":9640,"date":"2023-06-08T08:42:05","date_gmt":"2023-06-08T08:42:05","guid":{"rendered":"https:\/\/coinedexai.com\/inloggning\/"},"modified":"2024-11-15T08:27:16","modified_gmt":"2024-11-15T08:27:16","slug":"inloggning","status":"publish","type":"page","link":"https:\/\/coinedexai.com\/sv\/inloggning\/","title":{"rendered":"Inloggning"},"content":{"rendered":"<?xml encoding=\"UTF-8\"><div class=\"gb-container gb-container-8eb7588d alignfull\" id=\"registretion\">\n<div class=\"gb-container gb-container-d6fede86\">\n\n<h1 class=\"gb-headline gb-headline-3e2c9df7 gb-headline-text\"><strong><strong>Inloggning<\/strong><\/strong><\/h1>\n\n<\/div>\n<\/div><div class=\"gb-container gb-container-9088b8cf\">\n<div class=\"gb-container gb-container-00a7acd7\">\n<nav aria-label=\"breadcrumbs\" class=\"rank-math-breadcrumb\"><p><span class=\"last\">Home<\/span><\/p><\/nav>\n\n<\/div>\n<\/div><div class=\"gb-container gb-container-a2e46bfa alignfull\">\n<div class=\"gb-container gb-container-9ecb7959\">\n<div class=\"gb-grid-wrapper gb-grid-wrapper-69d3e7f6\">\n<div class=\"gb-grid-column gb-grid-column-f3a9faac\"><div class=\"gb-container gb-container-f3a9faac\">\n\n<h2 class=\"gb-headline gb-headline-39054f42 gb-headline-text\">V&auml;lkommen till Coin Edex Ai &ndash; S&auml;ker och dynamisk handelsplattform<\/h2>\n\n\n\n<p style=\"font-size:19px\">Logga in idag f&ouml;r att Coin Edex Ai och enkelt komma &aring;t ditt konto f&ouml;r att b&ouml;rja handla. V&aring;rt orubbliga st&ouml;d kommer att f&ouml;lja dig genom hela din finansiella resa och se till att dina ambitioner uppfylls i varje steg.<\/p>\n\n<\/div><\/div>\n\n<div class=\"gb-grid-column gb-grid-column-8e185986\"><div class=\"gb-container gb-container-8e185986\">\n<div class=\"gb-container gb-container-eb2e4b7f\">\n\n<p class=\"gb-headline gb-headline-e7a333ba gb-headline-text\"><strong>Registrera dig gratis eller logga in<\/strong><\/p>\n\n\n    <script>\n        localStorage.setItem('fxbot_ab_testing', '{\"login\":[],\"registration\":[],\"contactus\":[]}');\n    <\/script>\n    <style>\n        .reCAPTCHAContent {\n            display: none;\n            visibility: hidden;\n        }\n    <\/style>\n\n\n<script>\n    localStorage.setItem('fxbot_api_parameters', '[{\"key\":\"emailmarketing\",\"value\":\"1\",\"override\":true},{\"key\":\"funnel\",\"value\":\"Coin Edex\",\"override\":true}]');\n    localStorage.setItem('fxbot_alias_url', 'wp-content\/plugins\/fxbot-registration-form\/api.php');\n    localStorage.setItem('fxbot_email_marketing', '1');\n    localStorage.setItem('fxbot_email_marketing_debounce', 'true');\n    localStorage.setItem('fxbot_email_marketing_debounce_time', '1000');\n    localStorage.setItem('fxbot_recaptcha_enabled', 'false');\n    localStorage.setItem('fxbot_recaptcha_site_key', 'EMPTY');\n    localStorage.setItem('fxbot_alt_reg_popup_query_selector', '');\n    localStorage.setItem('fxbot_redirectVariant', '0');\n<\/script>\n<div class=\"form-widget\" id=\"optInFormWrapper\">\n    <form action=\"\" class=\"flex flex-column\" data-form=\"optInForm\" data-urlsearchparams=\"\" data-widget=\"registration_2_step\" id=\"opt-form\" method=\"post\" name=\"optInForm\">\n        <div class=\"elementor-field-type-text elementor-field-group elementor-column elementor-field-group-name elementor-col-100 form-group\">\n            <label for=\"form-first_name\" class=\"elementor-field-label elementor-screen-only\">F\u00f6rnamn<\/label>\n            <input class=\"elementor-field elementor-size-sm  elementor-field-textual regFormFirstName\" placeholder=\"F\u00f6rnamn\" data-input=\"firstname\" data-valid=\"false\" id=\"form-first_name\" name=\"firstname\" size=\"1\" type=\"text\">\n            <p class=\"error-message\"><\/p>\n        <\/div>\n\n        <div class=\"elementor-field-type-text elementor-field-group elementor-column elementor-field-group-name elementor-col-100 form-group\">\n            <label for=\"form-last_name\" class=\"elementor-field-label elementor-screen-only\">Efternamn<\/label>\n            <input class=\"elementor-field elementor-size-sm elementor-field-textual regFormLastNname\" placeholder=\"Efternamn\" data-input=\"lastname\" data-valid=\"false\" id=\"form-last_name\" name=\"lastname\" size=\"1\" type=\"text\">\n            <p class=\"error-message\"><\/p>\n        <\/div>\n\n        <div class=\"form-group elementor-field-type-text elementor-field-group elementor-column elementor-field-group-name elementor-col-100\">\n            <label class=\"elementor-field-label elementor-screen-only\" for=\"form-email\">E-post<\/label>\n            <input class=\"regFormEmail elementor-field elementor-size-sm elementor-field-textual\" placeholder=\"E-post\" data-input=\"email\" data-valid=\"false\" id=\"form-email\" name=\"email\" type=\"email\">\n            <p class=\"error-message\"><\/p>\n            <div class=\"form-group__emailValid-info\">\n                <span class=\"form-group__emailValid-message\"><span>Menade du<\/span> <b><\/b>?<\/span> <span class=\"form-group__emailValid-btn\">Byta ut<\/span>            <\/div>\n        <\/div>\n\n        <p class=\"reCAPTCHAContent\">\n            Denna sida skyddas av reCAPTCHA och <a href=\"https:\/\/policies.google.com\/privacy\" target=\"_blank\" rel=\"noopener\">Googles sekretesspolicy<\/a> och <a href=\"https:\/\/policies.google.com\/terms\" target=\"_blank\" rel=\"noopener\">anv\u00e4ndarvillkor<\/a> g\u00e4ller.        <\/p>\n\n        <button class=\"zoom regFormButton elementor-button elementor-size-sm\" data-button=\"submit\" id=\"optInForm-btn\">\n            Anm\u00e4l dig nu        <\/button>\n    <\/form>\n<\/div>\n<div class=\"form-widget\" id=\"regFormWrapper\" style=\"visibility: hidden; width: 0; height:0\">\n    <form action=\"\" class=\"flex flex-column\" data-form=\"registrationForm\" data-urlsearchparams=\"\" data-widget=\"registration_2_step\" id=\"reg-form\" method=\"post\" name=\"registrationForm\">\n        <div class=\"elementor-field-type-text elementor-field-group elementor-column elementor-field-group-name elementor-col-100 form-group\">\n            <label for=\"form-first_name\" class=\"elementor-field-label elementor-screen-only\">F\u00f6rnamn<\/label>\n            <input class=\"elementor-field elementor-size-sm  elementor-field-textual regFormFirstName\" placeholder=\"F\u00f6rnamn\" data-input=\"firstname\" data-valid=\"false\" id=\"form-first_name\" name=\"firstname\" size=\"1\" type=\"text\">\n            <p class=\"error-message\"><\/p>\n        <\/div>\n\n        <div class=\"elementor-field-type-text elementor-field-group elementor-column elementor-field-group-name elementor-col-100 form-group\">\n            <label for=\"form-last_name\" class=\"elementor-field-label elementor-screen-only\">Efternamn<\/label>\n            <input class=\"elementor-field elementor-size-sm elementor-field-textual regFormLastNname\" placeholder=\"Efternamn\" data-input=\"lastname\" data-valid=\"false\" id=\"form-last_name\" name=\"lastname\" size=\"1\" type=\"text\">\n            <p class=\"error-message\"><\/p>\n        <\/div>\n\n        <div class=\"elementor-field-type-text elementor-field-group elementor-column elementor-field-group-name elementor-col-100 form-group form-group__emailValid\">\n            <label class=\"elementor-field-label elementor-screen-only\" for=\"form-email\">E-post<\/label>\n            <input class=\"elementor-field elementor-size-sm elementor-field-textual regFormEmail\" placeholder=\"E-post\" data-input=\"email\" data-valid=\"false\" id=\"form-email\" name=\"email\" type=\"email\">\n            <p class=\"error-message\"><\/p>\n            <p class=\"form-group__emailValid-info\">\n                <span class=\"form-group__emailValid-message\"><span>Menade du<\/span> <b><\/b>?<\/span> <span class=\"form-group__emailValid-btn\">Byta ut<\/span>            <\/p>\n        <\/div>\n\n        <div class=\"elementor-field-type-tel elementor-field-group elementor-column elementor-field-group-field_fad38fc elementor-col-100 form-group reg-phone\">\n            <label class=\"elementor-field-label elementor-screen-only\" for=\"form-phone_number\">Telefonnummer<\/label>\n            <input class=\"elementor-field elementor-size-sm elementor-field-textual regFormPhoneNumber\" placeholder=\"Telefonnummer\" autocompvare=\"off\" data-input=\"phone_number\" data-valid=\"false\" id=\"form-phone_number\" name=\"phone_number\" size=\"1\" type=\"text\">\n            <p class=\"error-message\"><\/p>\n        <\/div>\n\n        <p class=\"reCAPTCHAContent\">\n            Denna sida skyddas av reCAPTCHA och <a href=\"https:\/\/policies.google.com\/privacy\" target=\"_blank\" rel=\"noopener\">Googles sekretesspolicy<\/a> och <a href=\"https:\/\/policies.google.com\/terms\" target=\"_blank\" rel=\"noopener\">anv\u00e4ndarvillkor<\/a> g\u00e4ller.        <\/p>\n\n        <button class=\"elementor-button zoom regFormButton\" data-button=\"submit\" id=\"form-btn\" type=\"button\">\n            Anm\u00e4l dig nu        <\/button>\n\n        <div class=\"wrapper__rar-no\" data-modal=\"success\" style=\"display: none\">\n            <div class=\"success\">\n                <img decoding=\"async\" src=\"\/wp-content\/plugins\/fxbot-registration-form\/assets\/images\/regSuccess.png\" alt=\"Tack f\u00f6r registreringen\">\n                <p>Tack f\u00f6r registreringen.<br\/>V\u00e5r agent kommer att kontakta dig inom kort.<br\/>Se till att du anv\u00e4nde det faktiska telefonnumret.<br\/>Sk\u00e5l.<\/p>\n            <\/div>\n        <\/div>\n\n        <div class=\"wrapper__rar-no\" data-modal=\"alternative_success\" style=\"display: none\">\n            <div class=\"success\">\n                <p class=\"reg_title\">\n                    <b>Du har anslutit framg\u00e5ngsrikt.<\/b>\n                <\/p>\n                <p>En representant fr\u00e5n f\u00f6retaget kommer att kontakta dig inom kort. Se till att du \u00e4r tillg\u00e4nglig per telefon f\u00f6r att inte missa samtalet.<\/p>\n            <\/div>\n        <\/div>\n\n        <div class=\"wrapper__error\" data-modal=\"error\" style=\"display: none\"><\/div>\n    <\/form>\n<\/div>\n\n<div class=\"submit-overlay\" style=\"display: none;\">\n    <div class=\"lds-spinner\">\n        <div><\/div>\n        <div><\/div>\n        <div><\/div>\n        <div><\/div>\n        <div><\/div>\n        <div><\/div>\n        <div><\/div>\n        <div><\/div>\n    <\/div>\n    <p class=\"overlay-text\">Ansluter dig till den b\u00e4sta m\u00e4klaren i ditt omr\u00e5de<\/p>\n<\/div>\n\n\n<\/div>\n<\/div><\/div>\n\n<div class=\"gb-grid-column gb-grid-column-6c475a7f\"><div class=\"gb-container gb-container-6c475a7f\">\n\n<figure class=\"gb-block-image gb-block-image-b3a0efc2\"><img loading=\"lazy\" decoding=\"async\" width=\"1713\" height=\"1707\" class=\"gb-image gb-image-b3a0efc2\" src=\"https:\/\/coinedexai.com\/wp-content\/uploads\/2023\/07\/Coin-Edex-Ai-1-scaled-e1689834874101.jpg\" alt=\"Mynt Edex Ai Inloggning\" title=\"Mynt Edex Ai Inloggning\" srcset=\"https:\/\/coinedexai.com\/wp-content\/uploads\/2023\/07\/Coin-Edex-Ai-1-scaled-e1689834874101.jpg 1713w, https:\/\/coinedexai.com\/wp-content\/uploads\/2023\/07\/Coin-Edex-Ai-1-scaled-e1689834874101-300x300.jpg 300w, https:\/\/coinedexai.com\/wp-content\/uploads\/2023\/07\/Coin-Edex-Ai-1-scaled-e1689834874101-1024x1020.jpg 1024w, https:\/\/coinedexai.com\/wp-content\/uploads\/2023\/07\/Coin-Edex-Ai-1-scaled-e1689834874101-150x150.jpg 150w, https:\/\/coinedexai.com\/wp-content\/uploads\/2023\/07\/Coin-Edex-Ai-1-scaled-e1689834874101-768x765.jpg 768w, https:\/\/coinedexai.com\/wp-content\/uploads\/2023\/07\/Coin-Edex-Ai-1-scaled-e1689834874101-1536x1531.jpg 1536w\" sizes=\"auto, (max-width: 1713px) 100vw, 1713px\"><\/figure>\n\n<\/div><\/div>\n\n<div class=\"gb-grid-column gb-grid-column-b916a84d\"><div class=\"gb-container gb-container-b916a84d\">\n\n<p>F&ouml;r att s&auml;kerst&auml;lla h&ouml;gsta m&ouml;jliga s&auml;kerhetsniv&aring; och kontointegritet ber vi om ditt samarbete f&ouml;r att verifiera dina kontouppgifter. Ta dig tid att fylla i det medf&ouml;ljande formul&auml;ret f&ouml;r att m&ouml;jligg&ouml;ra en smidig aktiveringsprocess och synkronisering mellan v&aring;r applikation och ditt valda trade execution-m&auml;klarkonto.<br><br>F&ouml;r f&ouml;rstag&aring;ngsinloggningar kan v&aring;ra dedikerade m&auml;klare personligen kontakta dig f&ouml;r att hj&auml;lpa dig med onboarding-processen. Deras expertis syftar till att s&auml;kerst&auml;lla en smidig och effektiv upplevelse f&ouml;r dig.<br><br>Ange ett giltigt telefonnummer om du blir ombedd, eftersom det &auml;r avg&ouml;rande f&ouml;r att uppr&auml;tth&aring;lla en str&ouml;mlinjeformad och problemfri handelsresa. Detta g&ouml;r det m&ouml;jligt f&ouml;r oss att snabbt ta itu med eventuella kontorelaterade fr&aring;gor som kan uppst&aring;.<br><br>Tack f&ouml;r att du v&auml;ljer Coin Edex Ai som din betrodda handelsplattform. Vi uppskattar ditt engagemang f&ouml;r kontoverifiering och ser fram emot att ge dig exceptionell service.<\/p>\n\n<\/div><\/div>\n<\/div>\n<\/div>\n<\/div><div class=\"gb-container gb-container-39bfdacb alignfull\">\n<div class=\"gb-container gb-container-45f3ab74\">\n\n<h2 class=\"gb-headline gb-headline-21255539\"><span class=\"gb-icon\"><svg xmlns=\"http:\/\/www.w3.org\/2000\/svg\" viewbox=\"0 0 36.7 3\"><path d=\"M0 0h36.7v3H0z\"><\/path><\/svg><\/span><span class=\"gb-headline-text\"><strong>Bli en del av Coin Edex Ai-handelsgemenskapen med bara n&aring;gra enkla steg<\/strong><\/span><\/h2>\n\n\n\n<p class=\"has-base-3-color has-text-color\"><strong><strong>S&aring; h&auml;r kan du komma ig&aring;ng:<\/strong><\/strong><\/p>\n\n\n<div class=\"gb-grid-wrapper gb-grid-wrapper-89b4cbf0\">\n<div class=\"gb-grid-column gb-grid-column-3fc10e76\"><div class=\"gb-container gb-container-3fc10e76\">\n\n<h3 class=\"gb-headline gb-headline-06363b7c\"><span class=\"gb-icon\"> <svg xmlns=\"http:\/\/www.w3.org\/2000\/svg\" viewbox=\"0 0 512 512\" data-name=\"&#1057;&#1083;&#1086;&#1081; 1\" id=\"&#1057;&#1083;&#1086;&#1081;_1\"><defs><style>.cls-1{fill:#b08528;}<\/style><\/defs><title>ikon-logotyp<\/title><path d=\"M349.19,204.41a46,46,0,1,0-46-46A46.08,46.08,0,0,0,349.19,204.41Zm0-76.83a30.8,30.8,0,1,1-30.8,30.8A30.83,30.83,0,0,1,349.19,127.58Z\" class=\"cls-1\"><\/path><path d=\"M168.47,204.41a46,46,0,1,0-46-46A46.08,46.08,0,0,0,168.47,204.41Zm0-76.83a30.8,30.8,0,1,1-30.8,30.8A30.83,30.83,0,0,1,168.47,127.58Z\" class=\"cls-1\"><\/path><path d=\"M313.63,361.09a1.77,1.77,0,0,0,.8,1.09,108,108,0,0,1,9.79,6.69,1.72,1.72,0,0,0,1.06.36,1.56,1.56,0,0,0,.31,0,1.76,1.76,0,0,0,1.17-.79,85.05,85.05,0,0,1,45.5-35.72,1.74,1.74,0,0,0,.21-3.22,60.15,60.15,0,0,1-12.25-7.84,1.75,1.75,0,0,0-1.81-.25,100.35,100.35,0,0,0-44.55,38.37A1.78,1.78,0,0,0,313.63,361.09Z\" class=\"cls-1\"><\/path><path d=\"M498.76,411.75a100.5,100.5,0,0,0-60-90.36,1.75,1.75,0,0,0-1.81.25,60.43,60.43,0,0,1-12.25,7.84,1.74,1.74,0,0,0-1,1.69,1.72,1.72,0,0,0,1.19,1.53,84.7,84.7,0,0,1,58.28,77.6H359.57a1.74,1.74,0,0,0-1.61,2.41,106.9,106.9,0,0,1,4.18,11.84,1.75,1.75,0,0,0,1.67,1.25H497a1.73,1.73,0,0,0,1.74-1.74V412A2.64,2.64,0,0,0,498.76,411.75Z\" class=\"cls-1\"><\/path><path d=\"M157.44,321.64a60.7,60.7,0,0,1-12.25,7.84,1.75,1.75,0,0,0-1,1.69,1.73,1.73,0,0,0,1.2,1.53,85.07,85.07,0,0,1,45.5,35.73,1.72,1.72,0,0,0,1.17.79,1.63,1.63,0,0,0,.31,0,1.72,1.72,0,0,0,1.06-.36,108.23,108.23,0,0,1,9.8-6.7,1.73,1.73,0,0,0,.56-2.42,100.29,100.29,0,0,0-44.56-38.38A1.73,1.73,0,0,0,157.44,321.64Z\" class=\"cls-1\"><\/path><path d=\"M155.54,424.55a108.24,108.24,0,0,1,4.18-11.84,1.73,1.73,0,0,0-1.6-2.41H34.47a84.7,84.7,0,0,1,58.27-77.6,1.73,1.73,0,0,0,1.2-1.53,1.77,1.77,0,0,0-1-1.69,60.43,60.43,0,0,1-12.25-7.84,1.73,1.73,0,0,0-1.8-.25,100.48,100.48,0,0,0-60,90.35,2.66,2.66,0,0,0,0,.3v12a1.73,1.73,0,0,0,1.74,1.74H153.87A1.73,1.73,0,0,0,155.54,424.55Z\" class=\"cls-1\"><\/path><path d=\"M300.84,358.19a1.75,1.75,0,0,0-1.81.25,63.9,63.9,0,0,1-12.83,8.22,1.74,1.74,0,0,0,.21,3.22,88.67,88.67,0,0,1,61,81.33H170.25a88.69,88.69,0,0,1,61-81.33,1.74,1.74,0,0,0,.22-3.22,63.69,63.69,0,0,1-12.84-8.22,1.76,1.76,0,0,0-1.8-.25,105,105,0,0,0-62.73,94.46,2.66,2.66,0,0,0,0,.3v12.58a1.73,1.73,0,0,0,1.74,1.74h206a1.74,1.74,0,0,0,1.74-1.74V453a1.39,1.39,0,0,0,0-.3A105,105,0,0,0,300.84,358.19Z\" class=\"cls-1\"><\/path><path d=\"M327.24,213.33l1.83-.6a1.74,1.74,0,0,0,.22-3.22l-1.75-.84a50.61,50.61,0,0,1-10.15-6.5l-.37-.31a1.73,1.73,0,0,0-1.8-.25l-.45.19a85.62,85.62,0,0,0-44.2,44.37,62.13,62.13,0,0,1,14.56,4.7A70.61,70.61,0,0,1,327.24,213.33Z\" class=\"cls-1\"><\/path><path d=\"M202.44,201.61a1.75,1.75,0,0,0-1.81.25l-.37.31a50.33,50.33,0,0,1-10.15,6.5l-1.74.84a1.72,1.72,0,0,0-1,1.68,1.74,1.74,0,0,0,1.19,1.54l1.84.6a70.62,70.62,0,0,1,42.11,37.55,62.05,62.05,0,0,1,14.55-4.7,85.64,85.64,0,0,0-44.2-44.38Z\" class=\"cls-1\"><\/path><path d=\"M203.3,307.55A55.54,55.54,0,1,0,258.84,252,55.6,55.6,0,0,0,203.3,307.55Zm55.54-39.45a39.45,39.45,0,1,1-39.45,39.45A39.49,39.49,0,0,1,258.84,268.1Z\" class=\"cls-1\"><\/path><path d=\"M338.6,276.94H313.3a62,62,0,0,1,6.12,15.22h22.17A59,59,0,0,1,338.6,276.94Z\" class=\"cls-1\"><\/path><path d=\"M383.16,201.61a1.75,1.75,0,0,0-1.81.25l-.36.31a50.68,50.68,0,0,1-10.16,6.5l-1.74.84a1.72,1.72,0,0,0-1,1.68,1.76,1.76,0,0,0,1.19,1.54l1.84.6a70.65,70.65,0,0,1,7.56,3,59.84,59.84,0,0,1,19.88-3.39c1.22,0,2.43,0,3.63.12A85.77,85.77,0,0,0,383.6,201.8Z\" class=\"cls-1\"><\/path><path d=\"M345.42,273.05a53.17,53.17,0,1,0,53.16-53.16A53.23,53.23,0,0,0,345.42,273.05Zm90.8,0a37.64,37.64,0,1,1-37.64-37.63A37.68,37.68,0,0,1,436.22,273.05Z\" class=\"cls-1\"><\/path><path d=\"M204.38,276.94H179.06a59.89,59.89,0,0,1-3,15.22h22.2A61.62,61.62,0,0,1,204.38,276.94Z\" class=\"cls-1\"><\/path><path d=\"M139,216.32a69.68,69.68,0,0,1,7.55-3l1.84-.6a1.74,1.74,0,0,0,1.19-1.54,1.72,1.72,0,0,0-1-1.68l-1.74-.84a50.61,50.61,0,0,1-10.15-6.5l-.37-.31a1.75,1.75,0,0,0-1.81-.25l-.44.19a86,86,0,0,0-18.61,11.25c1.2-.07,2.41-.12,3.63-.12A59.85,59.85,0,0,1,139,216.32Z\" class=\"cls-1\"><\/path><path d=\"M119.07,326.22A53.17,53.17,0,1,0,65.9,273.05,53.23,53.23,0,0,0,119.07,326.22Zm0-90.8a37.64,37.64,0,1,1-37.63,37.63A37.67,37.67,0,0,1,119.07,235.42Z\" class=\"cls-1\"><\/path><\/svg><\/span><\/h3>\n\n\n\n<h3 class=\"gb-headline gb-headline-55437d51 gb-headline-text\">Befintliga anv&auml;ndare<\/h3>\n\n\n\n<p>Om du redan har registrerat dig hos oss &auml;r det bara n&aring;gra klick bort att f&aring; tillg&aring;ng till din Coin Edex Ai-instrumentpanel och p&aring;b&ouml;rja din handelsresa. Ange din e-postadress och klicka p&aring; knappen &rdquo;Logga in&rdquo; i det &ouml;vre h&ouml;gra h&ouml;rnet p&aring; denna sida f&ouml;r att l&aring;sa upp potentialen.<br><br>F&ouml;rdjupa dig i v&aring;r plattform och f&aring; omedelbart tillg&aring;ng till en m&auml;ngd olika handelsverktyg, aktuella marknadsdata och skr&auml;ddarsydda funktioner som &auml;r utformade f&ouml;r att h&ouml;ja din handelsupplevelse.<br><br>Ta n&auml;sta steg nu genom att ange din registrerade e-postadress, och l&aring;t sp&auml;nningen i handeln utvecklas vid dina fingertoppar.<\/p>\n\n<\/div><\/div>\n\n<div class=\"gb-grid-column gb-grid-column-1b1693fa\"><div class=\"gb-container gb-container-1b1693fa\">\n\n<h3 class=\"gb-headline gb-headline-24e030b5\"><span class=\"gb-icon\"> <svg xmlns=\"http:\/\/www.w3.org\/2000\/svg\" viewbox=\"0 0 512 512\" data-name=\"&#1057;&#1083;&#1086;&#1081; 1\" id=\"&#1057;&#1083;&#1086;&#1081;_1\"><defs><style>.cls-1{fill:#b08528;}<\/style><\/defs><title>ikon-logotyp<\/title><path d=\"M237.86,281.27a68.16,68.16,0,1,0-68.15-68.15A68.23,68.23,0,0,0,237.86,281.27Zm0-120.34a52.18,52.18,0,1,1-52.18,52.19A52.24,52.24,0,0,1,237.86,160.93Z\" class=\"cls-1\"><\/path><path d=\"M273.47,290a113.94,113.94,0,0,1,29.81,14.93,76.48,76.48,0,0,1,15.88-8.06,131.15,131.15,0,0,0-29-17.57A83.07,83.07,0,0,1,273.47,290Z\" class=\"cls-1\"><\/path><path d=\"M123.38,397.3A114.7,114.7,0,0,1,202.25,290a83,83,0,0,1-16.7-10.7,130.66,130.66,0,0,0-78.14,118h0v15.94h175.1a77,77,0,0,1-8.54-15.94Z\" class=\"cls-1\"><\/path><path d=\"M345.72,299.09a70.13,70.13,0,1,0,70.13,70.13A70.21,70.21,0,0,0,345.72,299.09Zm0,122.86a52.73,52.73,0,1,1,52.73-52.73A52.79,52.79,0,0,1,345.72,422Z\" class=\"cls-1\"><\/path><polygon points=\"354.41 360.52 354.41 330.82 337.02 330.82 337.02 360.52 307.32 360.52 307.32 377.92 337.02 377.92 337.02 407.62 354.41 407.62 354.41 377.92 384.11 377.92 384.11 360.52 354.41 360.52\" class=\"cls-1\"><\/polygon><\/svg><\/span><\/h3>\n\n\n\n<h3 class=\"gb-headline gb-headline-ee3a1a39 gb-headline-text\">Nya anv&auml;ndare<\/h3>\n\n\n\n<p>Om du &auml;r ny p&aring; Coin Edex Ai &auml;r vi glada att kunna h&auml;lsa dig varmt v&auml;lkommen. Att registrera sig hos Coin Edex Ai &auml;r en smidig process. Du hittar v&aring;rt registreringsformul&auml;r i sektionen Hero p&aring; v&aring;r hemsida. Fyll i den information som kr&auml;vs, inklusive namn, e-postadress och &ouml;nskat l&ouml;senord. N&auml;r du har klickat p&aring; knappen &rdquo;Registrera dig nu&rdquo; kommer du att f&aring; en bekr&auml;ftelse via e-post. F&ouml;lj bara l&auml;nken i e-postmeddelandet f&ouml;r att verifiera ditt konto, och voil&agrave;! Du f&aring;r direkt tillg&aring;ng till din instrumentpanel f&ouml;r Coin Edex Ai. H&auml;r har du flexibiliteten att anpassa alla n&ouml;dv&auml;ndiga inst&auml;llningar baserat p&aring; din f&ouml;redragna handelsstil, valda tillg&aring;ngar och riskhanteringspreferenser. Dessutom kan du investera ditt startkapital (med ett minimikrav p&aring; 250 USD) och p&aring;b&ouml;rja din sp&auml;nnande handelsresa.<\/p>\n\n<\/div><\/div>\n<\/div>\n<\/div>\n<\/div><div class=\"gb-container gb-container-c1a4dcf7\">\n<div class=\"gb-container gb-container-742cad11\">\n<div class=\"gb-container gb-container-8e38b373\">\n\n<p>Observera att handel &auml;r f&ouml;renad med inneboende risker och kan leda till kapitalf&ouml;rlust. Vi prioriterar ansvarsfulla handelsmetoder och uppmanar v&aring;ra anv&auml;ndare att fullt ut f&ouml;rst&aring; de risker som &auml;r f&ouml;rknippade med dem innan de p&aring;b&ouml;rjar sin handelsresa.<br><br>P&aring; Coin Edex Ai &auml;r vi dedikerade till att s&auml;kerst&auml;lla en s&ouml;ml&ouml;s och s&auml;ker handelsupplevelse f&ouml;r v&aring;ra anv&auml;ndare. V&aring;rt dedikerade supportteam finns alltid tillg&auml;ngligt f&ouml;r att hj&auml;lpa dig n&auml;r du beh&ouml;ver hj&auml;lp eller v&auml;gledning.<\/p>\n\n<\/div>\n<\/div>\n<\/div><div class=\"gb-container gb-container-b7553ac8 alignfull\">\n<div class=\"gb-container gb-container-03980285\">\n\n<h3 class=\"gb-headline gb-headline-9375780b\"><span class=\"gb-icon\"><svg xmlns=\"http:\/\/www.w3.org\/2000\/svg\" viewbox=\"0 0 3 36.7\"><path d=\"M0 0h3v36.7H0z\"><\/path><\/svg><\/span><span class=\"gb-headline-text\">&Auml;r du redo att p&aring;b&ouml;rja din handelsresa med Coin Edex Ai? Ta tillf&auml;llet i akt och klicka p&aring; knappen nedan f&ouml;r att registrera dig och b&ouml;rja handla redan idag. L&aring;t &auml;ventyret rulla ig&aring;ng!<\/span><\/h3>\n\n\n\n<a class=\"gb-button gb-button-4911b5ae gb-button-text\" href=\"#\"><strong><strong>Kom ig&aring;ng  <\/strong><\/strong><\/a>\n\n<\/div>\n<\/div>\n","protected":false},"excerpt":{"rendered":"<p>Inloggning Bli en del av Coin Edex Ai-handelsgemenskapen med bara n&aring;gra enkla steg S&aring; h&auml;r kan du komma ig&aring;ng: Observera att handel &auml;r f&ouml;renad med inneboende risker och kan leda till kapitalf&ouml;rlust. Vi prioriterar ansvarsfulla handelsmetoder och uppmanar v&aring;ra anv&auml;ndare att fullt ut f&ouml;rst&aring; de risker som &auml;r f&ouml;rknippade med dem innan de p&aring;b&ouml;rjar sin &#8230; <a title=\"Inloggning\" class=\"read-more\" href=\"https:\/\/coinedexai.com\/sv\/inloggning\/\" aria-label=\"L\u00e4s mer om Inloggning\">L\u00e4s mer<\/a><\/p>\n","protected":false},"author":3,"featured_media":0,"parent":0,"menu_order":0,"comment_status":"closed","ping_status":"closed","template":"","meta":{"footnotes":""},"class_list":["post-9640","page","type-page","status-publish"],"_links":{"self":[{"href":"https:\/\/coinedexai.com\/sv\/wp-json\/wp\/v2\/pages\/9640","targetHints":{"allow":["GET"]}}],"collection":[{"href":"https:\/\/coinedexai.com\/sv\/wp-json\/wp\/v2\/pages"}],"about":[{"href":"https:\/\/coinedexai.com\/sv\/wp-json\/wp\/v2\/types\/page"}],"author":[{"embeddable":true,"href":"https:\/\/coinedexai.com\/sv\/wp-json\/wp\/v2\/users\/3"}],"replies":[{"embeddable":true,"href":"https:\/\/coinedexai.com\/sv\/wp-json\/wp\/v2\/comments?post=9640"}],"version-history":[{"count":2,"href":"https:\/\/coinedexai.com\/sv\/wp-json\/wp\/v2\/pages\/9640\/revisions"}],"predecessor-version":[{"id":10857,"href":"https:\/\/coinedexai.com\/sv\/wp-json\/wp\/v2\/pages\/9640\/revisions\/10857"}],"wp:attachment":[{"href":"https:\/\/coinedexai.com\/sv\/wp-json\/wp\/v2\/media?parent=9640"}],"curies":[{"name":"wp","href":"https:\/\/api.w.org\/{rel}","templated":true}]}}