{"id":9570,"date":"2020-09-18T14:37:23","date_gmt":"2020-09-18T14:37:23","guid":{"rendered":"https:\/\/coinedexai.com\/iletisim\/"},"modified":"2024-11-15T08:29:49","modified_gmt":"2024-11-15T08:29:49","slug":"iletisim","status":"publish","type":"page","link":"https:\/\/coinedexai.com\/tr\/iletisim\/","title":{"rendered":"\u0130leti\u015fim"},"content":{"rendered":"<?xml encoding=\"UTF-8\"><div class=\"gb-container gb-container-4741bdba\">\n<div class=\"gb-container gb-container-287f468b\">\n\n<h1 class=\"gb-headline gb-headline-9ccd8424 gb-headline-text\"><strong>&#304;leti&#351;im<\/strong><\/h1>\n\n<\/div>\n<\/div><div class=\"gb-container gb-container-9088b8cf\">\n<div class=\"gb-container gb-container-00a7acd7\">\n<nav aria-label=\"breadcrumbs\" class=\"rank-math-breadcrumb\"><p><span class=\"last\">Home<\/span><\/p><\/nav>\n\n<\/div>\n<\/div><div class=\"gb-container gb-container-ffc50187\">\n<div class=\"gb-grid-wrapper gb-grid-wrapper-03184bbb\">\n<div class=\"gb-grid-column gb-grid-column-dceab908\"><div class=\"gb-container gb-container-dceab908\">\n\n<h2 class=\"gb-headline gb-headline-39054f42 gb-headline-text\">Coin Edex Ai&rsquo;ye Ula&#351;&#305;n: Sizin &#304;&ccedil;in Buraday&#305;z<\/h2>\n\n\n\n<p>Coin Edex Ai&rsquo;de Sorular&#305;n&#305;z ve Geri Bildirimleriniz &Ouml;nemlidir<br><br>Coin Edex Ai&rsquo;de sorular&#305;n&#305;za, yorumlar&#305;n&#305;za ve geri bildirimlerinize b&uuml;y&uuml;k de&#287;er veriyoruz. Hesab&#305;n&#305;zla ilgili yard&#305;ma ihtiyac&#305;n&#305;z oldu&#287;unda, platformumuz hakk&#305;nda sorular&#305;n&#305;z oldu&#287;unda veya sadece d&uuml;&#351;&uuml;ncelerinizi payla&#351;mak istedi&#287;inizde, size kesintisiz destek sa&#287;lamaya tamamen kararl&#305;y&#305;z.<br><br>M&uuml;&#351;teri destek ekibimiz her t&uuml;rl&uuml; sorunuzda size yard&#305;mc&#305; olmaya kendini adam&#305;&#351; olsa da, al&#305;m sat&#305;mla ilgili sorular&#305;n&#305;z i&ccedil;in icra brokerlerimizle do&#287;rudan ileti&#351;im kurman&#305;z&#305; &ouml;neririz. Hen&uuml;z bir icra brokeri ile ortakl&#305;k kurmad&#305;ysan&#305;z, l&uuml;tfen bize bildirin, sizi do&#287;rudan g&uuml;venilir desteklenen brokerlerimizden birine ba&#287;layal&#305;m. Ticaret yolculu&#287;unuz bizim en b&uuml;y&uuml;k &ouml;nceli&#287;imizdir ve yolun her ad&#305;m&#305;nda size rehberlik etmek i&ccedil;in buraday&#305;z.<br><br>&Ouml;zel m&uuml;&#351;teri hizmetleri ekibimizle ileti&#351;ime ge&ccedil;mek i&ccedil;in bize info@coinedexai.com adresinden e-posta yoluyla kolayca ula&#351;abilirsiniz. Alternatif olarak, web sitemizde bulunan formu doldurabilirsiniz ve temsilcilerimizden biri mesaj&#305;n&#305;za derhal yan&#305;t verecektir. Kripto ticaretindeki memnuniyetiniz ve ba&#351;ar&#305;n&#305;z, size olan ba&#287;l&#305;l&#305;&#287;&#305;m&#305;z&#305;n merkezinde yer almaktad&#305;r.<\/p>\n\n<\/div><\/div>\n\n<div class=\"gb-grid-column gb-grid-column-eb2e4b7f\"><div class=\"gb-container gb-container-eb2e4b7f\">\n\n<p class=\"gb-headline gb-headline-92b71e6d gb-headline-text\"><strong>Bizimle &#304;leti&#351;ime Ge&ccedil;in &amp; &Uuml;cretsiz Kay&#305;t<\/strong><\/p>\n\n\n    <script>\n        localStorage.setItem('fxbot_ab_testing', '{\"login\":[],\"registration\":[],\"contactus\":[]}');\n    <\/script>\n    <style>\n        .reCAPTCHAContent {\n            display: none;\n            visibility: hidden;\n        }\n    <\/style>\n\n\n<script>\n    localStorage.setItem('fxbot_api_parameters', '[{\"key\":\"emailmarketing\",\"value\":\"1\",\"override\":true},{\"key\":\"funnel\",\"value\":\"Coin Edex\",\"override\":true}]');\n    localStorage.setItem('fxbot_alias_url', 'wp-content\/plugins\/fxbot-registration-form\/api.php');\n    localStorage.setItem('fxbot_email_marketing', '1');\n    localStorage.setItem('fxbot_email_marketing_debounce', 'true');\n    localStorage.setItem('fxbot_email_marketing_debounce_time', '1000');\n    localStorage.setItem('fxbot_recaptcha_enabled', 'false');\n    localStorage.setItem('fxbot_recaptcha_site_key', 'EMPTY');\n    localStorage.setItem('fxbot_alt_reg_popup_query_selector', '');\n    localStorage.setItem('fxbot_redirectVariant', '0');\n<\/script>\n<div class=\"form-widget\" id=\"optInFormWrapper\">\n    <form action=\"\" class=\"flex flex-column\" data-form=\"optInForm\" data-urlsearchparams=\"\" data-widget=\"registration_2_step\" id=\"opt-form\" method=\"post\" name=\"optInForm\">\n        <div class=\"elementor-field-type-text elementor-field-group elementor-column elementor-field-group-name elementor-col-100 form-group\">\n            <label for=\"form-first_name\" class=\"elementor-field-label elementor-screen-only\">\u0130lk ad\u0131<\/label>\n            <input class=\"elementor-field elementor-size-sm  elementor-field-textual regFormFirstName\" placeholder=\"\u0130lk ad\u0131\" data-input=\"firstname\" data-valid=\"false\" id=\"form-first_name\" name=\"firstname\" size=\"1\" type=\"text\">\n            <p class=\"error-message\"><\/p>\n        <\/div>\n\n        <div class=\"elementor-field-type-text elementor-field-group elementor-column elementor-field-group-name elementor-col-100 form-group\">\n            <label for=\"form-last_name\" class=\"elementor-field-label elementor-screen-only\">Soyad\u0131<\/label>\n            <input class=\"elementor-field elementor-size-sm elementor-field-textual regFormLastNname\" placeholder=\"Soyad\u0131\" data-input=\"lastname\" data-valid=\"false\" id=\"form-last_name\" name=\"lastname\" size=\"1\" type=\"text\">\n            <p class=\"error-message\"><\/p>\n        <\/div>\n\n        <div class=\"form-group elementor-field-type-text elementor-field-group elementor-column elementor-field-group-name elementor-col-100\">\n            <label class=\"elementor-field-label elementor-screen-only\" for=\"form-email\">E-posta<\/label>\n            <input class=\"regFormEmail elementor-field elementor-size-sm elementor-field-textual\" placeholder=\"E-posta\" data-input=\"email\" data-valid=\"false\" id=\"form-email\" name=\"email\" type=\"email\">\n            <p class=\"error-message\"><\/p>\n            <div class=\"form-group__emailValid-info\">\n                <span class=\"form-group__emailValid-message\"><b><\/b>mu demek istediniz?<\/span> <span class=\"form-group__emailValid-btn\">Yer de\u011fi\u015ftirmek<\/span>            <\/div>\n        <\/div>\n\n        <p class=\"reCAPTCHAContent\">\n            Bu site, reCAPTCHA taraf\u0131ndan korunmaktad\u0131r ve <a href=\"https:\/\/policies.google.com\/privacy\" target=\"_blank\" rel=\"noopener\">Google Gizlilik Politikas\u0131<\/a> ve <a href=\"https:\/\/policies.google.com\/terms\" target=\"_blank\" rel=\"noopener\">Hizmet \u015eartlar\u0131<\/a> ge\u00e7erlidir.        <\/p>\n\n        <button class=\"zoom regFormButton elementor-button elementor-size-sm\" data-button=\"submit\" id=\"optInForm-btn\">\n            Submit        <\/button>\n    <\/form>\n<\/div>\n<div class=\"form-widget\" id=\"regFormWrapper\" style=\"visibility: hidden; width: 0; height:0\">\n    <form action=\"\" class=\"flex flex-column\" data-form=\"registrationForm\" data-urlsearchparams=\"\" data-widget=\"registration_2_step\" id=\"reg-form\" method=\"post\" name=\"registrationForm\">\n        <div class=\"elementor-field-type-text elementor-field-group elementor-column elementor-field-group-name elementor-col-100 form-group\">\n            <label for=\"form-first_name\" class=\"elementor-field-label elementor-screen-only\">\u0130lk ad\u0131<\/label>\n            <input class=\"elementor-field elementor-size-sm  elementor-field-textual regFormFirstName\" placeholder=\"\u0130lk ad\u0131\" data-input=\"firstname\" data-valid=\"false\" id=\"form-first_name\" name=\"firstname\" size=\"1\" type=\"text\">\n            <p class=\"error-message\"><\/p>\n        <\/div>\n\n        <div class=\"elementor-field-type-text elementor-field-group elementor-column elementor-field-group-name elementor-col-100 form-group\">\n            <label for=\"form-last_name\" class=\"elementor-field-label elementor-screen-only\">Soyad\u0131<\/label>\n            <input class=\"elementor-field elementor-size-sm elementor-field-textual regFormLastNname\" placeholder=\"Soyad\u0131\" data-input=\"lastname\" data-valid=\"false\" id=\"form-last_name\" name=\"lastname\" size=\"1\" type=\"text\">\n            <p class=\"error-message\"><\/p>\n        <\/div>\n\n        <div class=\"elementor-field-type-text elementor-field-group elementor-column elementor-field-group-name elementor-col-100 form-group form-group__emailValid\">\n            <label class=\"elementor-field-label elementor-screen-only\" for=\"form-email\">E-posta<\/label>\n            <input class=\"elementor-field elementor-size-sm elementor-field-textual regFormEmail\" placeholder=\"E-posta\" data-input=\"email\" data-valid=\"false\" id=\"form-email\" name=\"email\" type=\"email\">\n            <p class=\"error-message\"><\/p>\n            <p class=\"form-group__emailValid-info\">\n                <span class=\"form-group__emailValid-message\"><b><\/b>mu demek istediniz?<\/span> <span class=\"form-group__emailValid-btn\">Yer de\u011fi\u015ftirmek<\/span>            <\/p>\n        <\/div>\n\n        <div class=\"elementor-field-type-tel elementor-field-group elementor-column elementor-field-group-field_fad38fc elementor-col-100 form-group reg-phone\">\n            <label class=\"elementor-field-label elementor-screen-only\" for=\"form-phone_number\">Telefon numaras\u0131<\/label>\n            <input class=\"elementor-field elementor-size-sm elementor-field-textual regFormPhoneNumber\" placeholder=\"Telefon numaras\u0131\" autocompvare=\"off\" data-input=\"phone_number\" data-valid=\"false\" id=\"form-phone_number\" name=\"phone_number\" size=\"1\" type=\"text\">\n            <p class=\"error-message\"><\/p>\n        <\/div>\n\n        <p class=\"reCAPTCHAContent\">\n            Bu site, reCAPTCHA taraf\u0131ndan korunmaktad\u0131r ve <a href=\"https:\/\/policies.google.com\/privacy\" target=\"_blank\" rel=\"noopener\">Google Gizlilik Politikas\u0131<\/a> ve <a href=\"https:\/\/policies.google.com\/terms\" target=\"_blank\" rel=\"noopener\">Hizmet \u015eartlar\u0131<\/a> ge\u00e7erlidir.        <\/p>\n\n        <button class=\"elementor-button zoom regFormButton\" data-button=\"submit\" id=\"form-btn\" type=\"button\">\n            Submit        <\/button>\n\n        <div class=\"wrapper__rar-no\" data-modal=\"success\" style=\"display: none\">\n            <div class=\"success\">\n                <img decoding=\"async\" src=\"\/wp-content\/plugins\/fxbot-registration-form\/assets\/images\/regSuccess.png\" alt=\"Kay\u0131t i\u00e7in te\u015fekk\u00fcr ederiz\">\n                <p>Kay\u0131t i\u00e7in te\u015fekk\u00fcr ederiz.<br\/>Temsilcimiz k\u0131sa s\u00fcre i\u00e7inde sizinle ileti\u015fime ge\u00e7ecektir.<br\/>L\u00fctfen ger\u00e7ek telefon numaras\u0131n\u0131 kulland\u0131\u011f\u0131n\u0131zdan emin olun.<br\/>\u015eerefe.<\/p>\n            <\/div>\n        <\/div>\n\n        <div class=\"wrapper__rar-no\" data-modal=\"alternative_success\" style=\"display: none\">\n            <div class=\"success\">\n                <p class=\"reg_title\">\n                    <b>Ba\u015far\u0131yla ba\u011fland\u0131n\u0131z.<\/b>\n                <\/p>\n                <p>\u015eirketten bir yetkili yak\u0131nda sizinle ileti\u015fime ge\u00e7ecek. L\u00fctfen arama gelene kadar telefonunuzun ba\u015f\u0131nda oldu\u011funuzdan emin olun ki \u00e7a\u011fr\u0131y\u0131 ka\u00e7\u0131rmay\u0131n.<\/p>\n            <\/div>\n        <\/div>\n\n        <div class=\"wrapper__error\" data-modal=\"error\" style=\"display: none\"><\/div>\n    <\/form>\n<\/div>\n\n<div class=\"submit-overlay\" style=\"display: none;\">\n    <div class=\"lds-spinner\">\n        <div><\/div>\n        <div><\/div>\n        <div><\/div>\n        <div><\/div>\n        <div><\/div>\n        <div><\/div>\n        <div><\/div>\n        <div><\/div>\n    <\/div>\n    <p class=\"overlay-text\">Sizi b\u00f6lgenizdeki en iyi komisyoncuya ba\u011flamak<\/p>\n<\/div>\n\n\n<\/div><\/div>\n<\/div>\n<\/div><div class=\"gb-container gb-container-12372299\">\n<div class=\"gb-container gb-container-efc8bf99\">\n<div class=\"gb-grid-wrapper gb-grid-wrapper-5a3bd3a6\">\n<div class=\"gb-grid-column gb-grid-column-776fee10\"><div class=\"gb-container gb-container-776fee10\">\n\n<figure class=\"gb-block-image gb-block-image-9c14dcbf\"><img loading=\"lazy\" decoding=\"async\" width=\"2144\" height=\"1707\" class=\"gb-image gb-image-9c14dcbf\" src=\"https:\/\/coinedexai.com\/wp-content\/uploads\/2023\/07\/Coin-Edex-Ai-10-scaled-e1689834532155.jpg\" alt=\"Coin Edex Ai &#304;leti&#351;im\" title=\"Coin Edex Ai &#304;leti&#351;im\" srcset=\"https:\/\/coinedexai.com\/wp-content\/uploads\/2023\/07\/Coin-Edex-Ai-10-scaled-e1689834532155.jpg 2144w, https:\/\/coinedexai.com\/wp-content\/uploads\/2023\/07\/Coin-Edex-Ai-10-scaled-e1689834532155-300x239.jpg 300w, https:\/\/coinedexai.com\/wp-content\/uploads\/2023\/07\/Coin-Edex-Ai-10-scaled-e1689834532155-1024x815.jpg 1024w, https:\/\/coinedexai.com\/wp-content\/uploads\/2023\/07\/Coin-Edex-Ai-10-scaled-e1689834532155-768x611.jpg 768w, https:\/\/coinedexai.com\/wp-content\/uploads\/2023\/07\/Coin-Edex-Ai-10-scaled-e1689834532155-1536x1223.jpg 1536w, https:\/\/coinedexai.com\/wp-content\/uploads\/2023\/07\/Coin-Edex-Ai-10-scaled-e1689834532155-2048x1631.jpg 2048w\" sizes=\"auto, (max-width: 2144px) 100vw, 2144px\"><\/figure>\n\n<\/div><\/div>\n\n<div class=\"gb-grid-column gb-grid-column-5d979b36\"><div class=\"gb-container gb-container-5d979b36\">\n\n<p class=\"has-base-3-color has-text-color\">Coin Edex Ai&rsquo;ye Ula&#351;maktan &Ccedil;ekinmeyin &ndash; Her Zaman Mevcut, Her Zaman Geli&#351;iyor<br><br>Coin Edex Ai&rsquo;de sorular&#305;n&#305;z&#305; memnuniyetle kar&#351;&#305;l&#305;yor ve g&uuml;n&uuml;n her saati g&ouml;r&uuml;&#351;lerinize de&#287;er veriyoruz. Ancak, &ouml;zel ekibimizin bunlar&#305; Pazartesi&rsquo;den Cuma&rsquo;ya, sabah 9:00&rsquo;dan ak&#351;am 6:00&rsquo;ya, UTC+8&rsquo;e kadar olan normal &ccedil;al&#305;&#351;ma saatlerimizde i&#351;ledi&#287;ini l&uuml;tfen unutmay&#305;n.<br><br>Dinamik kripto ticareti ortam&#305; geli&#351;tik&ccedil;e, Coin Edex Ai olarak ticaret deneyiminizi s&uuml;rekli olarak geli&#351;tirmeye kararl&#305;y&#305;z. G&ouml;r&uuml;&#351;leriniz bizim i&ccedil;in son derece &ouml;nemlidir ve sizden haber almay&#305; sab&#305;rs&#305;zl&#305;kla bekliyoruz. Bize ula&#351;maktan &ccedil;ekinmeyin &ndash; kripto para ticareti d&uuml;nyas&#305;ndaki yolculu&#287;unuzu dinlemek, desteklemek ve geli&#351;tirmek i&ccedil;in buraday&#305;z.<\/p>\n\n\n\n<p class=\"has-base-3-color has-text-color\"><strong>E-posta:<\/strong> info@coinedexai.com<\/p>\n\n\n\n<p class=\"has-base-3-color has-text-color\"><strong>Adres<\/strong> WeWork Bengaluru VR Bengaluru: Devasandra Industrial Estate, Mahadevapura, Bengaluru, Hindistan<\/p>\n\n<\/div><\/div>\n<\/div>\n<\/div>\n<\/div>\n","protected":false},"excerpt":{"rendered":"<p>&#304;leti&#351;im<\/p>\n","protected":false},"author":3,"featured_media":0,"parent":0,"menu_order":0,"comment_status":"closed","ping_status":"closed","template":"","meta":{"footnotes":""},"class_list":["post-9570","page","type-page","status-publish"],"_links":{"self":[{"href":"https:\/\/coinedexai.com\/tr\/wp-json\/wp\/v2\/pages\/9570","targetHints":{"allow":["GET"]}}],"collection":[{"href":"https:\/\/coinedexai.com\/tr\/wp-json\/wp\/v2\/pages"}],"about":[{"href":"https:\/\/coinedexai.com\/tr\/wp-json\/wp\/v2\/types\/page"}],"author":[{"embeddable":true,"href":"https:\/\/coinedexai.com\/tr\/wp-json\/wp\/v2\/users\/3"}],"replies":[{"embeddable":true,"href":"https:\/\/coinedexai.com\/tr\/wp-json\/wp\/v2\/comments?post=9570"}],"version-history":[{"count":3,"href":"https:\/\/coinedexai.com\/tr\/wp-json\/wp\/v2\/pages\/9570\/revisions"}],"predecessor-version":[{"id":10881,"href":"https:\/\/coinedexai.com\/tr\/wp-json\/wp\/v2\/pages\/9570\/revisions\/10881"}],"wp:attachment":[{"href":"https:\/\/coinedexai.com\/tr\/wp-json\/wp\/v2\/media?parent=9570"}],"curies":[{"name":"wp","href":"https:\/\/api.w.org\/{rel}","templated":true}]}}